{"id":5815,"date":"2022-03-25T13:12:20","date_gmt":"2022-03-25T12:12:20","guid":{"rendered":"https:\/\/agora.xtec.cat\/ceiphortavella\/?page_id=5815"},"modified":"2023-01-13T13:27:24","modified_gmt":"2023-01-13T12:27:24","slug":"portals-i-xarxes-socials","status":"publish","type":"page","link":"https:\/\/agora.xtec.cat\/ceiphortavella\/estrategia-digital-de-centre\/cultura-digital\/portals-i-xarxes-socials\/","title":{"rendered":"PORTALS I XARXES SOCIALS"},"content":{"rendered":"<p>&nbsp;<\/p>\n<p>&nbsp;<\/p>\n<table style=\"width: 80.6623%; height: 456px;\">\n<tbody>\n<tr style=\"height: 185px;\">\n<td style=\"width: 21.6509%; height: 185px;\"><a href=\"https:\/\/agora.xtec.cat\/ceiphortavella\/wp-content\/uploads\/usu918\/2022\/03\/classdojo.jpg\"><img loading=\"lazy\" decoding=\"async\" class=\" wp-image-5830 aligncenter\" src=\"https:\/\/agora.xtec.cat\/ceiphortavella\/wp-content\/uploads\/usu918\/2022\/03\/classdojo.jpg\" alt=\"\" width=\"253\" height=\"152\" \/><\/a><\/td>\n<td style=\"width: 35.1729%; text-align: center; height: 185px;\">\n<h2><a href=\"https:\/\/www.classdojo.com\/ca-es\/?redirect=true\"><strong>Classdojo<\/strong><\/a><\/h2>\n<\/td>\n<\/tr>\n<tr style=\"height: 33px;\">\n<td style=\"width: 21.6509%; height: 33px;\"><a href=\"https:\/\/agora.xtec.cat\/ceiphortavella\/wp-content\/uploads\/usu918\/2022\/03\/546px-Logo_Sitio_Web.png\"><img loading=\"lazy\" decoding=\"async\" class=\"wp-image-5834 aligncenter\" src=\"https:\/\/agora.xtec.cat\/ceiphortavella\/wp-content\/uploads\/usu918\/2022\/03\/546px-Logo_Sitio_Web-300x264.png\" alt=\"\" width=\"129\" height=\"114\" srcset=\"https:\/\/agora.xtec.cat\/ceiphortavella\/wp-content\/uploads\/usu918\/2022\/03\/546px-Logo_Sitio_Web-300x264.png 300w, https:\/\/agora.xtec.cat\/ceiphortavella\/wp-content\/uploads\/usu918\/2022\/03\/546px-Logo_Sitio_Web.png 546w\" sizes=\"auto, (max-width: 129px) 100vw, 129px\" \/><\/a><\/td>\n<td style=\"width: 35.1729%; text-align: center; height: 33px;\">\n<h2><a href=\"https:\/\/agora.xtec.cat\/ceiphortavella\/\"><strong>P\u00e0gina web<\/strong><\/a><\/h2>\n<\/td>\n<\/tr>\n<tr style=\"height: 116px;\">\n<td style=\"width: 21.6509%; height: 116px;\"><a href=\"https:\/\/agora.xtec.cat\/ceiphortavella\/wp-content\/uploads\/usu918\/2022\/03\/1200px-Facebook_icon.svg_.png\"><img loading=\"lazy\" decoding=\"async\" class=\"wp-image-5832 aligncenter\" src=\"https:\/\/agora.xtec.cat\/ceiphortavella\/wp-content\/uploads\/usu918\/2022\/03\/1200px-Facebook_icon.svg_-300x300.png\" alt=\"\" width=\"99\" height=\"100\" srcset=\"https:\/\/agora.xtec.cat\/ceiphortavella\/wp-content\/uploads\/usu918\/2022\/03\/1200px-Facebook_icon.svg_-300x300.png 300w, https:\/\/agora.xtec.cat\/ceiphortavella\/wp-content\/uploads\/usu918\/2022\/03\/1200px-Facebook_icon.svg_-1024x1024.png 1024w, https:\/\/agora.xtec.cat\/ceiphortavella\/wp-content\/uploads\/usu918\/2022\/03\/1200px-Facebook_icon.svg_-150x150.png 150w, https:\/\/agora.xtec.cat\/ceiphortavella\/wp-content\/uploads\/usu918\/2022\/03\/1200px-Facebook_icon.svg_-768x768.png 768w, https:\/\/agora.xtec.cat\/ceiphortavella\/wp-content\/uploads\/usu918\/2022\/03\/1200px-Facebook_icon.svg_.png 1200w\" sizes=\"auto, (max-width: 99px) 100vw, 99px\" \/><\/a><\/td>\n<td style=\"width: 35.1729%; text-align: center; height: 116px;\">\n<h2><a href=\"https:\/\/www.facebook.com\/profile.php?id=100077291547246\"><strong>Facebook<\/strong><\/a><\/h2>\n<\/td>\n<\/tr>\n<tr style=\"height: 122px;\">\n<td style=\"width: 21.6509%; height: 122px;\"><a href=\"https:\/\/agora.xtec.cat\/ceiphortavella\/wp-content\/uploads\/usu918\/2022\/03\/iinstagram.jpg\"><img loading=\"lazy\" decoding=\"async\" class=\"wp-image-5833 aligncenter\" src=\"https:\/\/agora.xtec.cat\/ceiphortavella\/wp-content\/uploads\/usu918\/2022\/03\/iinstagram.jpg\" alt=\"\" width=\"89\" height=\"90\" srcset=\"https:\/\/agora.xtec.cat\/ceiphortavella\/wp-content\/uploads\/usu918\/2022\/03\/iinstagram.jpg 225w, https:\/\/agora.xtec.cat\/ceiphortavella\/wp-content\/uploads\/usu918\/2022\/03\/iinstagram-150x150.jpg 150w\" sizes=\"auto, (max-width: 89px) 100vw, 89px\" \/><\/a><\/td>\n<td style=\"width: 35.1729%; text-align: center; height: 122px;\">\n<h2><a href=\"https:\/\/www.instagram.com\/escolahortavella\/\"><strong>Instagram<\/strong><\/a><\/h2>\n<\/td>\n<\/tr>\n<\/tbody>\n<\/table>\n<p style=\"text-align: justify;\"><strong>El Classdojo<\/strong> \u00e9s una aplicaci\u00f3 que ens permetr\u00e0 millorar la comunicaci\u00f3 amb les fam\u00edlies. Connecta mestres amb alumnes i fam\u00edlies per construir una gran comunitat.<\/p>\n<p style=\"text-align: justify;\">Els comunicats d\u2019aula i escola es faran a trav\u00e9s de l\u2019aplicaci\u00f3. Quan el\/la mestre\/a o escola envia un comunicat li arribar\u00e0 una notificaci\u00f3 a les fam\u00edlies i podran estar informats m\u00e9s r\u00e0pidament<\/p>\n<h4 style=\"text-align: justify;\"><strong>INSTAL\u00b7LACI\u00d3<\/strong><\/h4>\n<p style=\"text-align: justify;\">1. Primer de tot, el\/la mestre\/a donar\u00e0 un codi a totes les fam\u00edlies de la classe. Es baixar\u00e0 l\u2019aplicaci\u00f3 ClassDojo a Play Store o Apple Store.<\/p>\n<p style=\"text-align: justify;\"><a href=\"https:\/\/play.google.com\/store\/apps\/details?id=com.classdojo.android&amp;hl=ca\" target=\"_blank\" rel=\"noopener noreferrer\"><img loading=\"lazy\" decoding=\"async\" class=\"alignnone wp-image-4217\" src=\"https:\/\/agora.xtec.cat\/ceiphortavella\/wp-content\/uploads\/usu918\/2020\/08\/Screenshot_2020-08-21-Descarga-la-aplicaci\u00f3n-gratuita-de-ClassDojo-ClassDojo1.png\" alt=\"\" width=\"224\" height=\"77\" srcset=\"https:\/\/agora.xtec.cat\/ceiphortavella\/wp-content\/uploads\/usu918\/2020\/08\/Screenshot_2020-08-21-Descarga-la-aplicaci\u00f3n-gratuita-de-ClassDojo-ClassDojo1.png 361w, https:\/\/agora.xtec.cat\/ceiphortavella\/wp-content\/uploads\/usu918\/2020\/08\/Screenshot_2020-08-21-Descarga-la-aplicaci\u00f3n-gratuita-de-ClassDojo-ClassDojo1-300x103.png 300w\" sizes=\"auto, (max-width: 224px) 100vw, 224px\" \/><\/a><a href=\"https:\/\/apps.apple.com\/app\/classdojo\/id552602056\" target=\"_blank\" rel=\"noopener noreferrer\"> \u00a0 \u00a0\u00a0 <img loading=\"lazy\" decoding=\"async\" class=\"alignnone wp-image-4219\" src=\"https:\/\/agora.xtec.cat\/ceiphortavella\/wp-content\/uploads\/usu918\/2020\/08\/Screenshot_2020-08-21-Descarga-la-aplicaci\u00f3n-gratuita-de-ClassDojo-ClassDojo.png\" alt=\"\" width=\"216\" height=\"77\" srcset=\"https:\/\/agora.xtec.cat\/ceiphortavella\/wp-content\/uploads\/usu918\/2020\/08\/Screenshot_2020-08-21-Descarga-la-aplicaci\u00f3n-gratuita-de-ClassDojo-ClassDojo.png 366w, https:\/\/agora.xtec.cat\/ceiphortavella\/wp-content\/uploads\/usu918\/2020\/08\/Screenshot_2020-08-21-Descarga-la-aplicaci\u00f3n-gratuita-de-ClassDojo-ClassDojo-300x107.png 300w\" sizes=\"auto, (max-width: 216px) 100vw, 216px\" \/><\/a><\/p>\n<p style=\"text-align: justify;\">2. Un cop estigui instal\u00b7lada, s\u2019obre i es tria la casella de \u201d S\u00d3C UN PARE\/MARE\u201d. Despr\u00e9s s\u2019ha de clicar on diu \u201cCREAR COMPTE PARES\u201d. Seguidament posarem un email i una contrasenya i finalment el codi del full que ens ha donat el mestre al principi.<\/p>\n<p style=\"text-align: justify;\">3. Un cop h\u00e0gim ficat el codi, ja entrarem a la nostra zona d\u2019usuari. El primer que es veu es la HIST\u00d2RIA DE CLASSE (comunicats de classe) o HIST\u00d2RIA D\u2019ESCOLA ( comunicats d\u2019escola ). Com podeu veure a la presentaci\u00f3 teniu l\u2019opci\u00f3 de convidar un altre familiar.<\/p>\n<p style=\"text-align: justify;\">4. A sota si cliquem al costat de HIST\u00d2RIA, ens sortir\u00e0 el nom del nen. Si tenim m\u00e9s d\u2019un fill a l\u2019escola podem introduir-los des d\u2019aqu\u00ed gr\u00e0cies al codi que donar\u00e0 el mestre.<\/p>\n<p style=\"text-align: justify;\">5. L&#8217;apartat missatges\u00a0 permet a les fam\u00edlies poder comunicar-se amb el mestre\/a per coses urgents o importants (per exemple quan el\/ la xiquet\/a est\u00e0 malalt\/a, demanar entrevista,&#8230;).<\/p>\n<p><iframe loading=\"lazy\" title=\"ClassDojo - Tutorial para padres versi\u00f3n m\u00f3vil\/tablet\" width=\"500\" height=\"281\" src=\"https:\/\/www.youtube.com\/embed\/RBK9hP-drnU?feature=oembed\" frameborder=\"0\" allow=\"accelerometer; autoplay; clipboard-write; encrypted-media; gyroscope; picture-in-picture; web-share\" referrerpolicy=\"strict-origin-when-cross-origin\" allowfullscreen><\/iframe><\/p>\n<p><iframe loading=\"lazy\" title=\"Com funciona Google Classroom per a alumnes - Tutorial - Alumnat i fam\u00edlies [Catal\u00e0 2020]\" width=\"500\" height=\"281\" src=\"https:\/\/www.youtube.com\/embed\/QQskoBN5tPY?feature=oembed\" frameborder=\"0\" allow=\"accelerometer; autoplay; clipboard-write; encrypted-media; gyroscope; picture-in-picture; web-share\" referrerpolicy=\"strict-origin-when-cross-origin\" allowfullscreen><\/iframe><\/p>\n<p>&nbsp;<\/p>\n<p>&nbsp;<\/p>\n","protected":false},"excerpt":{"rendered":"<p>&nbsp;<br \/>\n&nbsp;<\/p>\n<p><a href=\"https:\/\/agora.xtec.cat\/ceiphortavella\/wp-content\/uploads\/usu918\/2022\/03\/classdojo.jpg\"><\/a><\/p>\n<p><a href=\"https:\/\/www.classdojo.com\/ca-es\/?redirect=true\">Classdojo<\/a><\/p>\n<p><a href=\"https:\/\/agora.xtec.cat\/ceiphortavella\/wp-content\/uploads\/usu918\/2022\/03\/546px-Logo_Sitio_Web.png\"><\/a><\/p>\n<p><a href=\"https:\/\/agora.xtec.cat\/ceiphortavella\/\">P\u00e0gina web<\/a><\/p>\n<p><a href=\"https:\/\/agora.xtec.cat\/ceiphortavella\/wp-content\/uploads\/usu918\/2022\/03\/1200px-Facebook_icon.svg_.png\"><\/a><\/p>\n<p><a href=\"https:\/\/www.facebook.com\/profile.php?id=100077291547246\">Facebook<\/a><\/p>\n<p><a href=\"https:\/\/agora.xtec.cat\/ceiphortavella\/wp-content\/uploads\/usu918\/2022\/03\/iinstagram.jpg\"><\/a><\/p>\n<p><a href=\"https:\/\/www.instagram.com\/escolahortavella\/\">Instagram<\/a><\/p>\n<p>El Classdojo \u00e9s una aplicaci\u00f3 que ens permetr\u00e0 millorar la comunicaci\u00f3 amb les fam\u00edlies. Connecta mestres amb alumnes i fam\u00edlies per construir una gran comunitat.<br \/>\nEls comunicats d\u2019aula i escola es faran a trav\u00e9s de l\u2019aplicaci\u00f3. Quan&hellip;  <a href=\"https:\/\/agora.xtec.cat\/ceiphortavella\/estrategia-digital-de-centre\/cultura-digital\/portals-i-xarxes-socials\/\" title=\"Read PORTALS I XARXES SOCIALS\">Llegeix m\u00e9s\u00bb<\/a><\/p>\n","protected":false},"author":1,"featured_media":0,"parent":5809,"menu_order":0,"comment_status":"closed","ping_status":"closed","template":"page-templates\/side-menu.php","meta":{"_bbp_topic_count":0,"_bbp_reply_count":0,"_bbp_total_topic_count":0,"_bbp_total_reply_count":0,"_bbp_voice_count":0,"_bbp_anonymous_reply_count":0,"_bbp_topic_count_hidden":0,"_bbp_reply_count_hidden":0,"_bbp_forum_subforum_count":0,"footnotes":""},"class_list":["post-5815","page","type-page","status-publish","hentry"],"post_mailing_queue_ids":[],"_links":{"self":[{"href":"https:\/\/agora.xtec.cat\/ceiphortavella\/wp-json\/wp\/v2\/pages\/5815","targetHints":{"allow":["GET"]}}],"collection":[{"href":"https:\/\/agora.xtec.cat\/ceiphortavella\/wp-json\/wp\/v2\/pages"}],"about":[{"href":"https:\/\/agora.xtec.cat\/ceiphortavella\/wp-json\/wp\/v2\/types\/page"}],"author":[{"embeddable":true,"href":"https:\/\/agora.xtec.cat\/ceiphortavella\/wp-json\/wp\/v2\/users\/1"}],"replies":[{"embeddable":true,"href":"https:\/\/agora.xtec.cat\/ceiphortavella\/wp-json\/wp\/v2\/comments?post=5815"}],"version-history":[{"count":4,"href":"https:\/\/agora.xtec.cat\/ceiphortavella\/wp-json\/wp\/v2\/pages\/5815\/revisions"}],"predecessor-version":[{"id":6183,"href":"https:\/\/agora.xtec.cat\/ceiphortavella\/wp-json\/wp\/v2\/pages\/5815\/revisions\/6183"}],"up":[{"embeddable":true,"href":"https:\/\/agora.xtec.cat\/ceiphortavella\/wp-json\/wp\/v2\/pages\/5809"}],"wp:attachment":[{"href":"https:\/\/agora.xtec.cat\/ceiphortavella\/wp-json\/wp\/v2\/media?parent=5815"}],"curies":[{"name":"wp","href":"https:\/\/api.w.org\/{rel}","templated":true}]}}