{"id":5800,"date":"2022-03-25T13:11:20","date_gmt":"2022-03-25T12:11:20","guid":{"rendered":"https:\/\/agora.xtec.cat\/ceiphortavella\/?page_id=5800"},"modified":"2023-04-28T12:31:45","modified_gmt":"2023-04-28T10:31:45","slug":"objectius","status":"publish","type":"page","link":"https:\/\/agora.xtec.cat\/ceiphortavella\/estrategia-digital-de-centre\/objectius\/","title":{"rendered":"OBJECTIUS"},"content":{"rendered":"<p>&nbsp;<\/p>\n<p><a href=\"https:\/\/agora.xtec.cat\/ceiphortavella\/wp-content\/uploads\/usu918\/2022\/04\/darts-155726_960_720.png\"><img loading=\"lazy\" decoding=\"async\" class=\"aligncenter wp-image-5979 size-thumbnail\" src=\"https:\/\/agora.xtec.cat\/ceiphortavella\/wp-content\/uploads\/usu918\/2022\/04\/darts-155726_960_720-150x150.png\" alt=\"\" width=\"150\" height=\"150\" \/><\/a><\/p>\n<h5><span style=\"color: #ff0000;\"><b>OBJECTIU 1<\/b><\/span><\/h5>\n<h5><span style=\"font-weight: 400;\">Actualitzar les unitats de programaci\u00f3 de tots els \u00e0mbits de prim\u00e0ria incloent-hi l\u2019\u00e0mbit digital<\/span><\/h5>\n<h5><span style=\"color: #ff0000;\"><b>OBJECTIU 2<\/b><\/span><\/h5>\n<h5><span style=\"font-weight: 400;\">Dissenyar les r\u00fabriques i les metodologies d\u2019avaluaci\u00f3 de la compet\u00e8ncia digital per cicles\u00a0<\/span><\/h5>\n<h5><span style=\"color: #ff0000;\"><b>OBJECTIU 3<\/b><\/span><\/h5>\n<h5><span style=\"font-weight: 400;\">Promoure una xarxa interna entre el professorat del centre per compartir i valorar pr\u00e0ctiques educatives digitals<\/span><\/h5>\n<h5><span style=\"color: #ff0000;\"><b>OBJECTIU 4<\/b><\/span><\/h5>\n<h5><span style=\"font-weight: 400;\">Promoure la formaci\u00f3 de la compet\u00e8ncia digital del professorat del centre (FIC)<\/span><\/h5>\n<p>&nbsp;<\/p>\n<p style=\"text-align: center;\"><strong>CRONOGRAMA DELS OBJECTIUS I ACTIVITATS A DESENVOLUPAR<\/strong><\/p>\n<p><iframe src=\"https:\/\/docs.google.com\/spreadsheets\/d\/e\/2PACX-1vQniRk6UBnQpuDEKoCT2372tY7iJiLoECGPykQmIeTymRof-XR_BEaRHZJyBmvE1Jsz7nPeaZIWFLxh\/pubhtml?widget=true&amp;headers=false\"><\/iframe><\/p>\n<style>iframe{width:100%; height:600px}<\/style>\n","protected":false},"excerpt":{"rendered":"<p>&nbsp;<br \/>\n<a href=\"https:\/\/agora.xtec.cat\/ceiphortavella\/wp-content\/uploads\/usu918\/2022\/04\/darts-155726_960_720.png\"><\/a><br \/>\nOBJECTIU 1<br \/>\nActualitzar les unitats de programaci\u00f3 de tots els \u00e0mbits de prim\u00e0ria incloent-hi l\u2019\u00e0mbit digital<br \/>\nOBJECTIU 2<br \/>\nDissenyar les r\u00fabriques i les metodologies d\u2019avaluaci\u00f3 de la compet\u00e8ncia digital per cicles\u00a0<br \/>\nOBJECTIU 3<br \/>\nPromoure una xarxa interna entre el professorat del centre per compartir i valorar pr\u00e0ctiques educatives digitals<br \/>\nOBJECTIU&hellip;  <a href=\"https:\/\/agora.xtec.cat\/ceiphortavella\/estrategia-digital-de-centre\/objectius\/\" title=\"Read OBJECTIUS\">Llegeix m\u00e9s\u00bb<\/a><\/p>\n","protected":false},"author":1,"featured_media":0,"parent":5794,"menu_order":0,"comment_status":"closed","ping_status":"closed","template":"page-templates\/side-menu.php","meta":{"_bbp_topic_count":0,"_bbp_reply_count":0,"_bbp_total_topic_count":0,"_bbp_total_reply_count":0,"_bbp_voice_count":0,"_bbp_anonymous_reply_count":0,"_bbp_topic_count_hidden":0,"_bbp_reply_count_hidden":0,"_bbp_forum_subforum_count":0,"footnotes":""},"class_list":["post-5800","page","type-page","status-publish","hentry"],"post_mailing_queue_ids":[],"_links":{"self":[{"href":"https:\/\/agora.xtec.cat\/ceiphortavella\/wp-json\/wp\/v2\/pages\/5800","targetHints":{"allow":["GET"]}}],"collection":[{"href":"https:\/\/agora.xtec.cat\/ceiphortavella\/wp-json\/wp\/v2\/pages"}],"about":[{"href":"https:\/\/agora.xtec.cat\/ceiphortavella\/wp-json\/wp\/v2\/types\/page"}],"author":[{"embeddable":true,"href":"https:\/\/agora.xtec.cat\/ceiphortavella\/wp-json\/wp\/v2\/users\/1"}],"replies":[{"embeddable":true,"href":"https:\/\/agora.xtec.cat\/ceiphortavella\/wp-json\/wp\/v2\/comments?post=5800"}],"version-history":[{"count":3,"href":"https:\/\/agora.xtec.cat\/ceiphortavella\/wp-json\/wp\/v2\/pages\/5800\/revisions"}],"predecessor-version":[{"id":6946,"href":"https:\/\/agora.xtec.cat\/ceiphortavella\/wp-json\/wp\/v2\/pages\/5800\/revisions\/6946"}],"up":[{"embeddable":true,"href":"https:\/\/agora.xtec.cat\/ceiphortavella\/wp-json\/wp\/v2\/pages\/5794"}],"wp:attachment":[{"href":"https:\/\/agora.xtec.cat\/ceiphortavella\/wp-json\/wp\/v2\/media?parent=5800"}],"curies":[{"name":"wp","href":"https:\/\/api.w.org\/{rel}","templated":true}]}}