{"id":36,"date":"2025-07-02T14:54:11","date_gmt":"2025-07-02T12:54:11","guid":{"rendered":"http:\/\/agora.xtec.cat\/ceiphortavella\/?page_id=36"},"modified":"2025-07-09T12:57:20","modified_gmt":"2025-07-09T10:57:20","slug":"material-escolar","status":"publish","type":"page","link":"https:\/\/agora.xtec.cat\/ceiphortavella\/material-escolar\/","title":{"rendered":"Llibres i  material escolar curs  2025-26"},"content":{"rendered":"<p data-start=\"71\" data-end=\"126\">\ud83d\udccc\u00a0<strong data-start=\"74\" data-end=\"126\">Informaci\u00f3 sobre el material d\u2019Educaci\u00f3 Infantil<\/strong><\/p>\n<p data-start=\"128\" data-end=\"289\">El llistat de material d\u2019Educaci\u00f3 Infantil no inclou el material fungible i did\u00e0ctic que es fa servir al llarg del curs (com ara folis, fotoc\u00f2pies, papers, pintures, ceres, jocs i tot tipus de material did\u00e0ctic,..).<\/p>\n<p data-start=\"291\" data-end=\"399\">Per a la compra d\u2019aquest material, ser\u00e0 necessari fer una\u00a0<strong data-start=\"349\" data-end=\"372\">aportaci\u00f3 econ\u00f2mica<\/strong>\u00a0a trav\u00e9s de\u00a0<strong data-start=\"385\" data-end=\"397\">La Caixa<\/strong>.<\/p>\n<p data-start=\"291\" data-end=\"399\">Aquesta aportaci\u00f3 tamb\u00e9 inclou la\u00a0<strong>sortida al \u00a0teatre<\/strong>, que es realitzar\u00e0 al llarg del curs escolar.<\/p>\n<p data-start=\"401\" data-end=\"727\">\ud83d\uddd3\ufe0f A la reuni\u00f3 del mes de\u00a0<strong data-start=\"428\" data-end=\"440\">setembre<\/strong>, el\/la tutor\/a del vostre fill\/a us lliurar\u00e0 una\u00a0<strong data-start=\"490\" data-end=\"514\">circular informativa<\/strong>\u00a0amb tots els detalls.<br data-start=\"536\" data-end=\"539\" \/>\ud83d\udc49 En aquesta circular hi trobareu el\u00a0<strong data-start=\"577\" data-end=\"615\">codi de barres o el codi d\u2019entitat<\/strong>\u00a0necessari per fer el pagament.<br data-start=\"646\" data-end=\"649\" \/>\ud83d\udc49 Ser\u00e0\u00a0<strong data-start=\"657\" data-end=\"694\">l\u2019escola qui gestionar\u00e0 la compra<\/strong>\u00a0del material de manera conjunta.<\/p>\n<p><a href=\"https:\/\/agora.xtec.cat\/ceiphortavella\/wp-content\/uploads\/usu918\/2025\/07\/0.-LLISTA-MATERIAL-I3-25-26.docx.pdf\">LLISTA MATERIAL I3 2025-26<\/a><\/p>\n<p><a href=\"https:\/\/agora.xtec.cat\/ceiphortavella\/wp-content\/uploads\/usu918\/2025\/07\/0.-LLISTA-MATERIAL-I4-25-26.docx.pdf\">LLISTA MATERIAL I4 2025-26<\/a><\/p>\n<p><a href=\"https:\/\/agora.xtec.cat\/ceiphortavella\/wp-content\/uploads\/usu918\/2025\/07\/0.-LLISTA-MATERIAL-I5.docx.pdf\">\u00a0LLISTA MATERIAL I5 2025-26<\/a><\/p>\n<div>\n<p data-start=\"144\" data-end=\"199\">\ud83d\udccc\u00a0<strong data-start=\"147\" data-end=\"199\">Informaci\u00f3 sobre el material d\u2019Educaci\u00f3 Prim\u00e0ria<\/strong><\/p>\n<p data-start=\"201\" data-end=\"424\">El llistat de material d\u2019Educaci\u00f3 Prim\u00e0ria\u00a0<strong data-start=\"244\" data-end=\"298\">inclou una part del material necessari per al curs<\/strong>, per\u00f2\u00a0<strong data-start=\"305\" data-end=\"336\">no tot el material fungible<\/strong>\u00a0que es fa servir habitualment a l\u2019aula (com ara\u00a0<strong data-start=\"385\" data-end=\"422\">pintures, fulls, fotoc\u00f2pies, etc.<\/strong>).<\/p>\n<p data-start=\"426\" data-end=\"549\">Per tant, per a la compra d\u2019aquest material complementari, caldr\u00e0 fer una\u00a0<strong data-start=\"500\" data-end=\"523\">aportaci\u00f3 econ\u00f2mica<\/strong>\u00a0a trav\u00e9s de\u00a0<strong data-start=\"536\" data-end=\"548\">La Caixa<\/strong>.<\/p>\n<p data-start=\"551\" data-end=\"690\">Aquesta aportaci\u00f3 tamb\u00e9 inclou\u00a0<strong data-start=\"582\" data-end=\"643\">algunes sortides a la poblaci\u00f3 i activitats com el teatre<\/strong>, que es realitzaran al llarg del curs escolar.<\/p>\n<p data-start=\"692\" data-end=\"1031\">\ud83d\uddd3\ufe0f A la reuni\u00f3 del mes de\u00a0<strong data-start=\"719\" data-end=\"731\">setembre<\/strong>, el\/la tutor\/a del vostre fill\/a us lliurar\u00e0 una\u00a0<strong data-start=\"781\" data-end=\"805\">circular informativa<\/strong>\u00a0amb tots els detalls.<br data-start=\"827\" data-end=\"830\" \/>\ud83d\udc49 En aquesta circular hi trobareu el\u00a0<strong data-start=\"868\" data-end=\"906\">codi de barres o el codi d\u2019entitat<\/strong>\u00a0necessari per fer el pagament.<br data-start=\"937\" data-end=\"940\" \/>\ud83d\udc49 Ser\u00e0\u00a0<strong data-start=\"948\" data-end=\"985\">l\u2019escola qui gestionar\u00e0 la compra<\/strong>\u00a0del material i activitats de manera conjunta.<\/p>\n<p><a href=\"https:\/\/agora.xtec.cat\/ceiphortavella\/wp-content\/uploads\/usu918\/2025\/07\/1.-MATERIAL-1r-2025-26.docx-5.pdf\">LLISTA MATERIAL 1r 2025-26<\/a><\/p>\n<p><a href=\"https:\/\/agora.xtec.cat\/ceiphortavella\/wp-content\/uploads\/usu918\/2025\/07\/2.-MATERIAL-2n-2025-2026.pdf\">LLISTA MATERIAL 2n 2025-26<\/a><\/p>\n<p><a href=\"https:\/\/agora.xtec.cat\/ceiphortavella\/wp-content\/uploads\/usu918\/2025\/07\/3.-MATERIAL-3r-2025-2026.docx.pdf\">LLISTA MATERIAL 3r 2025-26<\/a><\/p>\n<p><a href=\"https:\/\/agora.xtec.cat\/ceiphortavella\/wp-content\/uploads\/usu918\/2025\/07\/4.-MATERIAL-4t-25-26.docx.pdf\">LLISTA MATERIAL 4t 2025-26<\/a><\/p>\n<p><a href=\"https:\/\/agora.xtec.cat\/ceiphortavella\/wp-content\/uploads\/usu918\/2025\/07\/5.-MATERIAL-5t-curs-24-25.docx.pdf\">LLISTA MATERIAL 5t 2025-26<\/a><\/p>\n<p><a href=\"https:\/\/agora.xtec.cat\/ceiphortavella\/wp-content\/uploads\/usu918\/2025\/07\/6.-MATERIAL-6t-25-26.docx.pdf\">LLISTA\u00a0 MATERIAL 6t 2025-26<\/a><\/p>\n<p>Moltes gr\u00e0cies per la vostra col\u00b7laboraci\u00f3!<\/p>\n<\/div>\n","protected":false},"excerpt":{"rendered":"<p>\ud83d\udccc\u00a0Informaci\u00f3 sobre el material d\u2019Educaci\u00f3 Infantil<br \/>\nEl llistat de material d\u2019Educaci\u00f3 Infantil no inclou el material fungible i did\u00e0ctic que es fa servir al llarg del curs (com ara folis, fotoc\u00f2pies, papers, pintures, ceres, jocs i tot tipus de material did\u00e0ctic,..).<br \/>\nPer a la compra d\u2019aquest material,&hellip;  <a href=\"https:\/\/agora.xtec.cat\/ceiphortavella\/material-escolar\/\" title=\"Read Llibres i  material escolar curs  2025-26\">Llegeix m\u00e9s\u00bb<\/a><\/p>\n","protected":false},"author":1,"featured_media":0,"parent":0,"menu_order":70,"comment_status":"closed","ping_status":"closed","template":"page-templates\/side-menu.php","meta":{"_bbp_topic_count":0,"_bbp_reply_count":0,"_bbp_total_topic_count":0,"_bbp_total_reply_count":0,"_bbp_voice_count":0,"_bbp_anonymous_reply_count":0,"_bbp_topic_count_hidden":0,"_bbp_reply_count_hidden":0,"_bbp_forum_subforum_count":0,"footnotes":""},"class_list":["post-36","page","type-page","status-publish","hentry"],"post_mailing_queue_ids":[],"_links":{"self":[{"href":"https:\/\/agora.xtec.cat\/ceiphortavella\/wp-json\/wp\/v2\/pages\/36","targetHints":{"allow":["GET"]}}],"collection":[{"href":"https:\/\/agora.xtec.cat\/ceiphortavella\/wp-json\/wp\/v2\/pages"}],"about":[{"href":"https:\/\/agora.xtec.cat\/ceiphortavella\/wp-json\/wp\/v2\/types\/page"}],"author":[{"embeddable":true,"href":"https:\/\/agora.xtec.cat\/ceiphortavella\/wp-json\/wp\/v2\/users\/1"}],"replies":[{"embeddable":true,"href":"https:\/\/agora.xtec.cat\/ceiphortavella\/wp-json\/wp\/v2\/comments?post=36"}],"version-history":[{"count":7,"href":"https:\/\/agora.xtec.cat\/ceiphortavella\/wp-json\/wp\/v2\/pages\/36\/revisions"}],"predecessor-version":[{"id":8755,"href":"https:\/\/agora.xtec.cat\/ceiphortavella\/wp-json\/wp\/v2\/pages\/36\/revisions\/8755"}],"wp:attachment":[{"href":"https:\/\/agora.xtec.cat\/ceiphortavella\/wp-json\/wp\/v2\/media?parent=36"}],"curies":[{"name":"wp","href":"https:\/\/api.w.org\/{rel}","templated":true}]}}