{"id":32,"date":"2025-07-10T12:31:33","date_gmt":"2025-07-10T10:31:33","guid":{"rendered":"http:\/\/agora.xtec.cat\/ceiphortavella\/?page_id=32"},"modified":"2025-08-21T16:22:43","modified_gmt":"2025-08-21T14:22:43","slug":"calendari-del-curs","status":"publish","type":"page","link":"https:\/\/agora.xtec.cat\/ceiphortavella\/calendari-del-curs\/","title":{"rendered":"Horari i calendari"},"content":{"rendered":"<h2 style=\"text-align: left;\">Per descarregar el calendari clica al damunt de: <a style=\"font-family: inherit; font-size: 1em; font-weight: normal;\" href=\"https:\/\/agora.xtec.cat\/ceiphortavella\/wp-content\/uploads\/usu918\/2025\/08\/Calendari-2025-2026.xlsx-Calendario-academico-2025-26.pdf\">Calendari 2025-2026<\/a><\/h2>\n<p>&nbsp;<\/p>\n<p><strong>Inici de curs:<\/strong><br \/>\n9 de setembre de 2025<\/p>\n<p>&nbsp;<\/p>\n<p><strong>Vacances escolars:<\/strong><br \/>\nDel 20 de desembre de 2025 al 7 de gener de 2026 (ambd\u00f3s inclosos)<\/p>\n<p>Del 28 de mar\u00e7 al 6 d&#8217;abril de 2026 (ambd\u00f3s inclosos)<\/p>\n<p>A partir del 20 de juny de 2026<\/p>\n<p>&nbsp;<\/p>\n<p><strong>Dies festius i\/o de lliure disposici\u00f3:<\/strong><\/p>\n<p>8 de setembre de 2025<\/p>\n<p>11 de setembre de 2025<\/p>\n<p>13 d\u2019octubre de 2025<\/p>\n<p>3 de novembre de 2025<\/p>\n<p>8 de desembre de 2025<\/p>\n<p>13 de febrer de 2026<\/p>\n<p>13 de mar\u00e7 de 2026<\/p>\n<p>30 d&#8217;abril de 2026<\/p>\n<p>1 de maig de 2026<\/p>\n<p>&nbsp;<\/p>\n<p><strong>Jornada compactada:<\/strong><\/p>\n<p>2O de desembre de 2025 i del 8 al 19 de juny de \u00a02026 (ambd\u00f3s inclosos)<\/p>\n<p>L\u2019horari lectiu del centre \u00e9s de 9 a 12:30 h i de 15:00 h a 16:30 h per a tot l\u2019alumnat.<\/p>\n<p>El dia 19 de desembre\u00a0 i a partir del 8 de juny de 2026 es realitza horari compactat de 9 a 13h. (Els\/les alumnes que utilitzen el servei de menjador surten a les 15:00h).<\/p>\n<p>Per als\/les alumnes que inicien l\u2019escolaritzaci\u00f3 a I3 s\u2019organitza un breu per\u00edode d\u2019adaptaci\u00f3 que suposa una certa modificaci\u00f3 dels horaris dels primers dies de classe, i que es fa saber a les fam\u00edlies en les reunions pr\u00e8vies corresponents<\/p>\n","protected":false},"excerpt":{"rendered":"<p>Per descarregar el calendari clica al damunt de: <a style=\"font-family: inherit; font-size: 1em; font-weight: normal;\" href=\"https:\/\/agora.xtec.cat\/ceiphortavella\/wp-content\/uploads\/usu918\/2025\/08\/Calendari-2025-2026.xlsx-Calendario-academico-2025-26.pdf\">Calendari 2025-2026<\/a><br \/>\n&nbsp;<br \/>\nInici de curs:<br \/>\n9 de setembre de 2025<br \/>\n&nbsp;<br \/>\nVacances escolars:<br \/>\nDel 20 de desembre de 2025 al 7 de gener de 2026 (ambd\u00f3s inclosos)<br \/>\nDel 28 de mar\u00e7 al 6 d&#8217;abril de 2026&hellip;  <a href=\"https:\/\/agora.xtec.cat\/ceiphortavella\/calendari-del-curs\/\" title=\"Read Horari i calendari\">Llegeix m\u00e9s\u00bb<\/a><\/p>\n","protected":false},"author":1,"featured_media":0,"parent":0,"menu_order":1,"comment_status":"closed","ping_status":"closed","template":"page-templates\/side-menu.php","meta":{"_bbp_topic_count":0,"_bbp_reply_count":0,"_bbp_total_topic_count":0,"_bbp_total_reply_count":0,"_bbp_voice_count":0,"_bbp_anonymous_reply_count":0,"_bbp_topic_count_hidden":0,"_bbp_reply_count_hidden":0,"_bbp_forum_subforum_count":0,"footnotes":""},"class_list":["post-32","page","type-page","status-publish","hentry"],"post_mailing_queue_ids":[],"_links":{"self":[{"href":"https:\/\/agora.xtec.cat\/ceiphortavella\/wp-json\/wp\/v2\/pages\/32","targetHints":{"allow":["GET"]}}],"collection":[{"href":"https:\/\/agora.xtec.cat\/ceiphortavella\/wp-json\/wp\/v2\/pages"}],"about":[{"href":"https:\/\/agora.xtec.cat\/ceiphortavella\/wp-json\/wp\/v2\/types\/page"}],"author":[{"embeddable":true,"href":"https:\/\/agora.xtec.cat\/ceiphortavella\/wp-json\/wp\/v2\/users\/1"}],"replies":[{"embeddable":true,"href":"https:\/\/agora.xtec.cat\/ceiphortavella\/wp-json\/wp\/v2\/comments?post=32"}],"version-history":[{"count":6,"href":"https:\/\/agora.xtec.cat\/ceiphortavella\/wp-json\/wp\/v2\/pages\/32\/revisions"}],"predecessor-version":[{"id":8796,"href":"https:\/\/agora.xtec.cat\/ceiphortavella\/wp-json\/wp\/v2\/pages\/32\/revisions\/8796"}],"wp:attachment":[{"href":"https:\/\/agora.xtec.cat\/ceiphortavella\/wp-json\/wp\/v2\/media?parent=32"}],"curies":[{"name":"wp","href":"https:\/\/api.w.org\/{rel}","templated":true}]}}