{"id":30,"date":"2014-09-18T12:30:23","date_gmt":"2014-09-18T11:30:23","guid":{"rendered":"http:\/\/agora.xtec.cat\/ceiphortavella\/?page_id=30"},"modified":"2022-02-04T09:23:10","modified_gmt":"2022-02-04T08:23:10","slug":"instal%c2%b7lacions","status":"publish","type":"page","link":"https:\/\/agora.xtec.cat\/ceiphortavella\/instal%c2%b7lacions\/","title":{"rendered":"Instal\u00b7lacions"},"content":{"rendered":"<p>El centre ocupa una parcel\u00b7la de 10.350m\u00b2. Edifici de planta gaireb\u00e9 rectangular, format per dos estructures adossades.<\/p>\n<p>La primera planta cont\u00e9\u00a0 les depend\u00e8ncies seg\u00fcents: 8 aules de prim\u00e0ria, 6 d\u2019infantil, despatxos, cuina-menjador, biblioteca, aula de psicomotricitat, gimn\u00e0s, sala de reprografia, aules d\u2019EE, tutories, sala de mestres, sala de l\u2019AMPA, aula d\u2019usos m\u00faltiples i els lavabos.<\/p>\n<p>La segona planta cont\u00e9 4 aules, una aula d\u2019inform\u00e0tica, l\u2019aula d\u2019idiomes i\u00a0 lavabos. Hi ha un ascensor per accedir al 1r pis.<\/p>\n<p><a href=\"https:\/\/photos.app.goo.gl\/oFpySBdnAqoL79bx5\" target=\"_blank\" rel=\"noopener\">FOTOS ESCOLA HORTA VELLA<\/a><\/p>\n<div data-url=\"https:\/\/issuu.com\/escolahv\/docs\/fotos_escola_b4f0e6ce5089e9\" style=\"width: 500px; height: 177px;\" class=\"issuuembed\"><\/div>\n<p><script type=\"text\/javascript\" src=\"\/\/e.issuu.com\/embed.js\" async=\"true\"><\/script><\/p>\n","protected":false},"excerpt":{"rendered":"<p>El centre ocupa una parcel\u00b7la de 10.350m\u00b2. Edifici de planta gaireb\u00e9 rectangular, format per dos estructures adossades.<br \/>\nLa primera planta cont\u00e9\u00a0 les depend\u00e8ncies seg\u00fcents: 8 aules de prim\u00e0ria, 6 d\u2019infantil, despatxos, cuina-menjador, biblioteca, aula de psicomotricitat, gimn\u00e0s, sala de reprografia, aules d\u2019EE, tutories, sala de mestres,&hellip;  <a href=\"https:\/\/agora.xtec.cat\/ceiphortavella\/instal%c2%b7lacions\/\" title=\"Read Instal\u00b7lacions\">Llegeix m\u00e9s\u00bb<\/a><\/p>\n","protected":false},"author":1,"featured_media":0,"parent":0,"menu_order":40,"comment_status":"closed","ping_status":"closed","template":"page-templates\/side-menu.php","meta":{"_bbp_topic_count":0,"_bbp_reply_count":0,"_bbp_total_topic_count":0,"_bbp_total_reply_count":0,"_bbp_voice_count":0,"_bbp_anonymous_reply_count":0,"_bbp_topic_count_hidden":0,"_bbp_reply_count_hidden":0,"_bbp_forum_subforum_count":0,"footnotes":""},"class_list":["post-30","page","type-page","status-publish","hentry"],"post_mailing_queue_ids":[],"_links":{"self":[{"href":"https:\/\/agora.xtec.cat\/ceiphortavella\/wp-json\/wp\/v2\/pages\/30","targetHints":{"allow":["GET"]}}],"collection":[{"href":"https:\/\/agora.xtec.cat\/ceiphortavella\/wp-json\/wp\/v2\/pages"}],"about":[{"href":"https:\/\/agora.xtec.cat\/ceiphortavella\/wp-json\/wp\/v2\/types\/page"}],"author":[{"embeddable":true,"href":"https:\/\/agora.xtec.cat\/ceiphortavella\/wp-json\/wp\/v2\/users\/1"}],"replies":[{"embeddable":true,"href":"https:\/\/agora.xtec.cat\/ceiphortavella\/wp-json\/wp\/v2\/comments?post=30"}],"version-history":[{"count":4,"href":"https:\/\/agora.xtec.cat\/ceiphortavella\/wp-json\/wp\/v2\/pages\/30\/revisions"}],"predecessor-version":[{"id":5414,"href":"https:\/\/agora.xtec.cat\/ceiphortavella\/wp-json\/wp\/v2\/pages\/30\/revisions\/5414"}],"wp:attachment":[{"href":"https:\/\/agora.xtec.cat\/ceiphortavella\/wp-json\/wp\/v2\/media?parent=30"}],"curies":[{"name":"wp","href":"https:\/\/api.w.org\/{rel}","templated":true}]}}