{"id":26,"date":"2014-09-18T12:24:32","date_gmt":"2014-09-18T11:24:32","guid":{"rendered":"http:\/\/agora.xtec.cat\/ceiphortavella\/?page_id=26"},"modified":"2021-09-20T23:06:53","modified_gmt":"2021-09-20T21:06:53","slug":"historia","status":"publish","type":"page","link":"https:\/\/agora.xtec.cat\/ceiphortavella\/historia\/","title":{"rendered":"Hist\u00f2ria"},"content":{"rendered":"<p>La nostra escola neix l\u2019any 1985 degut a la massificaci\u00f3 d\u2019alumnes (1253) que hi havia a la \u00fanica escola p\u00fablica de la R\u00e0pita durant l\u2019inici de la d\u00e8cada dels vuitanta.<\/p>\n<p>Es tracta d\u2019una escola familiar i acollidora que est\u00e0 ubicada en el terme municipal de Sant Carles de la R\u00e0pita, a l\u2019extrem nord de la poblaci\u00f3, prop del port pesquer.<\/p>\n<p>L\u2019Escola Horta Vella \u00e9s un centre d\u2019Educaci\u00f3 Infantil i Prim\u00e0ria p\u00fablic que dep\u00e8n de la Generalitat de Catalunya.\u00a0Acull alumnes de 3 a 12 anys, des de P3 fins a 6t .<\/p>\n<p>L\u2019any 2006\/2007 es va fer una ampliaci\u00f3 de l\u2019escola motivada pel creixement demogr\u00e0fic del municipi a causa de la immigraci\u00f3, convertint-se en una escola de dues l\u00ednies.<\/p>\n<p>Si b\u00e9 \u00e9s veritat que el centre fou dissenyat per a dues l\u00ednies, algunes vegades hem mantingut nivells amb 3 l\u00ednies. La baixa natalitat i el fet que moltes fam\u00edlies nouvingudes, a causa del nivell d\u2019atur, tornen al seu lloc d\u2019origen, ens aboca a 2 l\u00ednies, per a les quals estava concebut.<\/p>\n<p>El centre ocupa una parcel\u00b7la de 10.350m\u00b2. Edifici de planta gaireb\u00e9 rectangular, format per dos estructures adossades.<\/p>\n<p>La primera planta cont\u00e9\u00a0 les depend\u00e8ncies seg\u00fcents: 8 aules de prim\u00e0ria, 6 d\u2019infantil, despatxos, cuina-menjador, biblioteca, aula de psicomotricitat, gimn\u00e0s, sala de reprografia, aules d\u2019EE, tutories, sala de mestres, sala de l\u2019AMPA, aula d\u2019usos m\u00faltiples i els lavabos.<\/p>\n<p>La segona planta cont\u00e9 4 aules, una aula d\u2019inform\u00e0tica, l\u2019aula d\u2019idiomes i\u00a0 lavabos. Hi ha un ascensor per accedir al 1r pis.<\/p>\n<p><strong>A l\u2019escola Horta Vella treballem di\u00e0riament amb el \u00a0prop\u00f2sit de ser una escola de qualitat, innovadora, emocionalment intel\u00b7ligent, inclusiva i sobretot acollidora amb tots els membres de la comunitat educativa.<\/strong><\/p>\n<p>&nbsp;<\/p>\n<p>&nbsp;<\/p>\n","protected":false},"excerpt":{"rendered":"<p>La nostra escola neix l\u2019any 1985 degut a la massificaci\u00f3 d\u2019alumnes (1253) que hi havia a la \u00fanica escola p\u00fablica de la R\u00e0pita durant l\u2019inici de la d\u00e8cada dels vuitanta.<br \/>\nEs tracta d\u2019una escola familiar i acollidora que est\u00e0 ubicada en el terme municipal de Sant&hellip;  <a href=\"https:\/\/agora.xtec.cat\/ceiphortavella\/historia\/\" title=\"Read Hist\u00f2ria\">Llegeix m\u00e9s\u00bb<\/a><\/p>\n","protected":false},"author":1,"featured_media":0,"parent":0,"menu_order":20,"comment_status":"closed","ping_status":"closed","template":"page-templates\/side-menu.php","meta":{"_bbp_topic_count":0,"_bbp_reply_count":0,"_bbp_total_topic_count":0,"_bbp_total_reply_count":0,"_bbp_voice_count":0,"_bbp_anonymous_reply_count":0,"_bbp_topic_count_hidden":0,"_bbp_reply_count_hidden":0,"_bbp_forum_subforum_count":0,"footnotes":""},"class_list":["post-26","page","type-page","status-publish","hentry"],"post_mailing_queue_ids":[],"_links":{"self":[{"href":"https:\/\/agora.xtec.cat\/ceiphortavella\/wp-json\/wp\/v2\/pages\/26","targetHints":{"allow":["GET"]}}],"collection":[{"href":"https:\/\/agora.xtec.cat\/ceiphortavella\/wp-json\/wp\/v2\/pages"}],"about":[{"href":"https:\/\/agora.xtec.cat\/ceiphortavella\/wp-json\/wp\/v2\/types\/page"}],"author":[{"embeddable":true,"href":"https:\/\/agora.xtec.cat\/ceiphortavella\/wp-json\/wp\/v2\/users\/1"}],"replies":[{"embeddable":true,"href":"https:\/\/agora.xtec.cat\/ceiphortavella\/wp-json\/wp\/v2\/comments?post=26"}],"version-history":[{"count":3,"href":"https:\/\/agora.xtec.cat\/ceiphortavella\/wp-json\/wp\/v2\/pages\/26\/revisions"}],"predecessor-version":[{"id":4571,"href":"https:\/\/agora.xtec.cat\/ceiphortavella\/wp-json\/wp\/v2\/pages\/26\/revisions\/4571"}],"wp:attachment":[{"href":"https:\/\/agora.xtec.cat\/ceiphortavella\/wp-json\/wp\/v2\/media?parent=26"}],"curies":[{"name":"wp","href":"https:\/\/api.w.org\/{rel}","templated":true}]}}