{"id":24,"date":"2014-09-18T12:23:15","date_gmt":"2014-09-18T11:23:15","guid":{"rendered":"http:\/\/agora.xtec.cat\/ceiphortavella\/?page_id=24"},"modified":"2021-09-20T23:05:43","modified_gmt":"2021-09-20T21:05:43","slug":"on-som","status":"publish","type":"page","link":"https:\/\/agora.xtec.cat\/ceiphortavella\/on-som\/","title":{"rendered":"On som"},"content":{"rendered":"<p style=\"color: #666666;\"><strong>Escola Horta Vella<\/strong><br \/>\nC\/ M\u00e9ndez N\u00fa\u00f1ez, s\/n<br \/>\n43540 Sant Carles de la R\u00e0pita<\/p>\n<p>Tel. 977 741 771<br \/>\ne3006551@xtec.cat<\/p>\n<p><a href=\"https:\/\/www.google.es\/maps\/place\/Sant+Carles+de+la+R%C3%A0pita,+Tarragona\/@40.6161392,0.5848501,15z\/data=!4m5!3m4!1s0x12a055451d19a4e5:0x3b56c4982150497!8m2!3d40.6204924!4d0.5896357\" target=\"_blank\" rel=\"noopener\">MAPA<\/a><\/p>\n<p>&nbsp;<\/p>\n<p>&nbsp;<\/p>\n","protected":false},"excerpt":{"rendered":"<p>Escola Horta Vella<br \/>\nC\/ M\u00e9ndez N\u00fa\u00f1ez, s\/n<br \/>\n43540 Sant Carles de la R\u00e0pita<br \/>\nTel. 977 741 771<br \/>\ne3006551@xtec.cat<br \/>\n<a href=\"https:\/\/www.google.es\/maps\/place\/Sant+Carles+de+la+R%C3%A0pita,+Tarragona\/@40.6161392,0.5848501,15z\/data=!4m5!3m4!1s0x12a055451d19a4e5:0x3b56c4982150497!8m2!3d40.6204924!4d0.5896357\" target=\"_blank\" rel=\"noopener\">MAPA<\/a><br \/>\n&nbsp;<br \/>\n&nbsp;<\/p>\n","protected":false},"author":1,"featured_media":0,"parent":0,"menu_order":10,"comment_status":"closed","ping_status":"closed","template":"page-templates\/side-menu.php","meta":{"_bbp_topic_count":0,"_bbp_reply_count":0,"_bbp_total_topic_count":0,"_bbp_total_reply_count":0,"_bbp_voice_count":0,"_bbp_anonymous_reply_count":0,"_bbp_topic_count_hidden":0,"_bbp_reply_count_hidden":0,"_bbp_forum_subforum_count":0,"footnotes":""},"class_list":["post-24","page","type-page","status-publish","hentry"],"post_mailing_queue_ids":[],"_links":{"self":[{"href":"https:\/\/agora.xtec.cat\/ceiphortavella\/wp-json\/wp\/v2\/pages\/24","targetHints":{"allow":["GET"]}}],"collection":[{"href":"https:\/\/agora.xtec.cat\/ceiphortavella\/wp-json\/wp\/v2\/pages"}],"about":[{"href":"https:\/\/agora.xtec.cat\/ceiphortavella\/wp-json\/wp\/v2\/types\/page"}],"author":[{"embeddable":true,"href":"https:\/\/agora.xtec.cat\/ceiphortavella\/wp-json\/wp\/v2\/users\/1"}],"replies":[{"embeddable":true,"href":"https:\/\/agora.xtec.cat\/ceiphortavella\/wp-json\/wp\/v2\/comments?post=24"}],"version-history":[{"count":3,"href":"https:\/\/agora.xtec.cat\/ceiphortavella\/wp-json\/wp\/v2\/pages\/24\/revisions"}],"predecessor-version":[{"id":392,"href":"https:\/\/agora.xtec.cat\/ceiphortavella\/wp-json\/wp\/v2\/pages\/24\/revisions\/392"}],"wp:attachment":[{"href":"https:\/\/agora.xtec.cat\/ceiphortavella\/wp-json\/wp\/v2\/media?parent=24"}],"curies":[{"name":"wp","href":"https:\/\/api.w.org\/{rel}","templated":true}]}}