{"id":9,"date":"2014-09-17T15:08:18","date_gmt":"2014-09-17T15:08:18","guid":{"rendered":"http:\/\/agora.xtec.cat\/ceipheroisdelbruc\/?page_id=9"},"modified":"2017-03-22T16:18:13","modified_gmt":"2017-03-22T15:18:13","slug":"pagina-dinici-buida","status":"publish","type":"page","link":"https:\/\/agora.xtec.cat\/ceipheroisdelbruc\/lescola\/pagines-dinici\/pagina-dinici-buida\/","title":{"rendered":"Pagina d&#8217;inici buida"},"content":{"rendered":"<h2 id=\"contenido\"><span style=\"color: #339966;\">Preinscripci\u00f3 i matr\u00edcula 2017- 2018<\/span><\/h2>\n<table id=\"rg7556\" style=\"height: 143px;\" border=\"0\" summary=\"\" width=\"735\" cellspacing=\"0\" cellpadding=\"0\">\n<tbody>\n<tr style=\"height: 211px;\" align=\"LEFT\">\n<td style=\"width: 733px; height: 211px;\" valign=\"top\">\n<h5><img decoding=\"async\" title=\"Preinscripci\u00f3\" src=\"http:\/\/educacio.gencat.cat\/documents\/img\/preinscripcio.jpg\" alt=\"Preinscripci\u00f3\" align=\"left\" hspace=\"5\" \/><\/h5>\n<h5>Els terminis de presentaci\u00f3 de sol\u00b7licituds previstos s\u00f3n els seg\u00fcents:<\/h5>\n<h2><strong>Del 23 de mar\u00e7 al 4 d&#8217;abril per al segon cicle d&#8217;educaci\u00f3 infantil, educaci\u00f3 prim\u00e0ria, centres integrats i educaci\u00f3 secund\u00e0ria obligat\u00f2ria.<\/strong><\/h2>\n<h4 class=\"intro\"><a href=\"http:\/\/educacio.gencat.cat\/documents\/FormularisModels\/CentresGestioAdministrativa\/A42.pdf\"><strong><span style=\"color: #339966;\">Si voleu accedir al full de preinscripci\u00f3 feu clic aqu\u00ed<\/span><\/strong><\/a><\/h4>\n<\/td>\n<\/tr>\n<\/tbody>\n<\/table>\n<h3><a href=\"https:\/\/agora.xtec.cat\/ceipheroisdelbruc\/projecte-educatiu\/?preview_id=64&amp;preview_nonce=f50f67d6d8&amp;preview=true\"><span style=\"color: #008080;\">SI VOLEU CON\u00c8IXER M\u00c9S SOBRE EL NOSTRE PROJECTE EDUCATIU FEU CLIC<\/span><\/a><\/h3>\n<p class=\"Texto_ContenidoSec\">\u00c9s un centre que acull nens d&#8217;educaci\u00f3 Infantil i Prim\u00e0ria:<\/p>\n<p class=\"Texto_ContenidoSec\">A la nova construcci\u00f3, en funcionament des de novembre de 2007, trobem el Parvulari que consta de nou aules, tres de cada nivell: P3, P4, P5. El pati est\u00e0 delimitat nom\u00e9s per als nens d&#8217;infantil, i dotat de jocs, amb estructures per a qu\u00e8 els m\u00e9s petits de l&#8217;escola s&#8217;ho passin molt b\u00e9.<\/p>\n<p class=\"Texto_ContenidoSec\">Aquesta part de l&#8217;edifici, tamb\u00e9 t\u00e9 ubicades les aules de 4t, 5\u00e8 i 6\u00e8, consergeria, aules de refor\u00e7, diverses tutories, biblioteca, dos aules d&#8217;inform\u00e0tica, un aula d&#8217;audiovisuals, un aula de m\u00fasica, aula de psicomotricitat, menjador P3, 2 sales de professors, sala de reunions, biblioteca.<\/p>\n<p class=\"Texto_ContenidoSec\">A l&#8217;antic edifici, remodelat en el 2008, trobem el menjador, la cuina, sala de mestres, despatxos d&#8217;Administraci\u00f3, Direcci\u00f3 i Cap d&#8217;Estudis, aules de 1r, 2n i 3r i l&#8217;aula de pl\u00e0stica.<\/p>\n<p>https:\/\/youtu.be\/7GJJGJsBb50<\/p>\n","protected":false},"excerpt":{"rendered":"<p>Preinscripci\u00f3 i matr\u00edcula 2017- 2018 Els terminis de presentaci\u00f3 de sol\u00b7licituds previstos s\u00f3n els seg\u00fcents: Del 23 de mar\u00e7 al 4 d&#8217;abril per al segon cicle d&#8217;educaci\u00f3 infantil, educaci\u00f3 prim\u00e0ria, centres integrats i educaci\u00f3 secund\u00e0ria obligat\u00f2ria. Si voleu accedir al full de preinscripci\u00f3 feu clic aqu\u00ed SI VOLEU CON\u00c8IXER M\u00c9S SOBRE EL NOSTRE PROJECTE EDUCATIU [&hellip;]<\/p>\n","protected":false},"author":2,"featured_media":0,"parent":7,"menu_order":0,"comment_status":"closed","ping_status":"closed","template":"page-templates\/front-page.php","meta":{"_bbp_topic_count":0,"_bbp_reply_count":0,"_bbp_total_topic_count":0,"_bbp_total_reply_count":0,"_bbp_voice_count":0,"_bbp_anonymous_reply_count":0,"_bbp_topic_count_hidden":0,"_bbp_reply_count_hidden":0,"_bbp_forum_subforum_count":0,"site-sidebar-layout":"default","site-content-layout":"","ast-site-content-layout":"","site-content-style":"default","site-sidebar-style":"default","ast-global-header-display":"","ast-banner-title-visibility":"","ast-main-header-display":"","ast-hfb-above-header-display":"","ast-hfb-below-header-display":"","ast-hfb-mobile-header-display":"","site-post-title":"","ast-breadcrumbs-content":"","ast-featured-img":"","footer-sml-layout":"","theme-transparent-header-meta":"","adv-header-id-meta":"","stick-header-meta":"","header-above-stick-meta":"","header-main-stick-meta":"","header-below-stick-meta":"","astra-migrate-meta-layouts":"default","ast-page-background-enabled":"default","ast-page-background-meta":{"desktop":{"background-color":"var(--ast-global-color-4)","background-image":"","background-repeat":"repeat","background-position":"center center","background-size":"auto","background-attachment":"scroll","background-type":"","background-media":"","overlay-type":"","overlay-color":"","overlay-opacity":"","overlay-gradient":""},"tablet":{"background-color":"","background-image":"","background-repeat":"repeat","background-position":"center center","background-size":"auto","background-attachment":"scroll","background-type":"","background-media":"","overlay-type":"","overlay-color":"","overlay-opacity":"","overlay-gradient":""},"mobile":{"background-color":"","background-image":"","background-repeat":"repeat","background-position":"center center","background-size":"auto","background-attachment":"scroll","background-type":"","background-media":"","overlay-type":"","overlay-color":"","overlay-opacity":"","overlay-gradient":""}},"ast-content-background-meta":{"desktop":{"background-color":"var(--ast-global-color-5)","background-image":"","background-repeat":"repeat","background-position":"center center","background-size":"auto","background-attachment":"scroll","background-type":"","background-media":"","overlay-type":"","overlay-color":"","overlay-opacity":"","overlay-gradient":""},"tablet":{"background-color":"var(--ast-global-color-5)","background-image":"","background-repeat":"repeat","background-position":"center center","background-size":"auto","background-attachment":"scroll","background-type":"","background-media":"","overlay-type":"","overlay-color":"","overlay-opacity":"","overlay-gradient":""},"mobile":{"background-color":"var(--ast-global-color-5)","background-image":"","background-repeat":"repeat","background-position":"center center","background-size":"auto","background-attachment":"scroll","background-type":"","background-media":"","overlay-type":"","overlay-color":"","overlay-opacity":"","overlay-gradient":""}},"footnotes":""},"class_list":["post-9","page","type-page","status-publish","hentry"],"post_mailing_queue_ids":[],"_links":{"self":[{"href":"https:\/\/agora.xtec.cat\/ceipheroisdelbruc\/wp-json\/wp\/v2\/pages\/9","targetHints":{"allow":["GET"]}}],"collection":[{"href":"https:\/\/agora.xtec.cat\/ceipheroisdelbruc\/wp-json\/wp\/v2\/pages"}],"about":[{"href":"https:\/\/agora.xtec.cat\/ceipheroisdelbruc\/wp-json\/wp\/v2\/types\/page"}],"author":[{"embeddable":true,"href":"https:\/\/agora.xtec.cat\/ceipheroisdelbruc\/wp-json\/wp\/v2\/users\/2"}],"replies":[{"embeddable":true,"href":"https:\/\/agora.xtec.cat\/ceipheroisdelbruc\/wp-json\/wp\/v2\/comments?post=9"}],"version-history":[{"count":4,"href":"https:\/\/agora.xtec.cat\/ceipheroisdelbruc\/wp-json\/wp\/v2\/pages\/9\/revisions"}],"predecessor-version":[{"id":178,"href":"https:\/\/agora.xtec.cat\/ceipheroisdelbruc\/wp-json\/wp\/v2\/pages\/9\/revisions\/178"}],"up":[{"embeddable":true,"href":"https:\/\/agora.xtec.cat\/ceipheroisdelbruc\/wp-json\/wp\/v2\/pages\/7"}],"wp:attachment":[{"href":"https:\/\/agora.xtec.cat\/ceipheroisdelbruc\/wp-json\/wp\/v2\/media?parent=9"}],"curies":[{"name":"wp","href":"https:\/\/api.w.org\/{rel}","templated":true}]}}