{"id":73,"date":"2014-09-18T14:01:51","date_gmt":"2014-09-18T14:01:51","guid":{"rendered":"http:\/\/agora.xtec.cat\/ceipheroisdelbruc\/?page_id=73"},"modified":"2025-05-06T10:54:23","modified_gmt":"2025-05-06T08:54:23","slug":"menjador-escolar","status":"publish","type":"page","link":"https:\/\/agora.xtec.cat\/ceipheroisdelbruc\/serveis\/menjador-escolar\/","title":{"rendered":"Menjador escolar"},"content":{"rendered":"<p style=\"text-align: justify;\"><span class=\"Texto_ContenidoSec Estilo2\" style=\"color: #339966;\">El nostre menjador escolar est\u00e0 dotat de cuina pr\u00f2pia, amb uns men\u00fas equilibrats i sans pels nostres alumnes.<\/span><\/p>\n<p style=\"text-align: justify;\"><span class=\"Texto_ContenidoSec Estilo2\" style=\"color: #339966;\"><br \/>\nL&#8217;empresa que fa la gesti\u00f3 \u00e9s ALIMENTART. podreu tenir m\u00e9s informaci\u00f3 a la seva p\u00e0gina web \u00a0<a href=\"https:\/\/alimentart.com\/ca\/\">https:\/\/alimentart.com\/ca\/<\/a> \u00a0on <span class=\"Texto_ContenidoSec Estilo2\">podreu consultar molts consells \u00fatils per la alimentaci\u00f3 de la mainada.<\/span><br \/>\n<\/span><\/p>\n<h5 class=\"TituloGrupo\"><span style=\"color: #339966;\">PREU\u00a0 ALUMNES FIXES&#8230;&#8230;&#8230;&#8230;&#8230;&#8230;&#8230;&#8230;&#8230;&#8230;&#8230;&#8230;..\u00a0 \u00a05,83 \u20ac <\/span><\/h5>\n<h5 class=\"TituloGrupo\"><span style=\"color: #339966;\">PREU ALUMNES ESPOR\u00c0DICS&#8230;&#8230;&#8230;&#8230;&#8230;&#8230;&#8230;&#8230;&#8230;. 6,41 \u20ac<br \/>\n<\/span><\/h5>\n<p>&nbsp;<\/p>\n<h3 class=\"TituloGrupo\" style=\"text-align: justify;\"><strong><span style=\"color: #339966;\">\u00a0 Si voleu con\u00e8ixer la <a href=\"https:\/\/agora.xtec.cat\/ceipheroisdelbruc\/wp-content\/uploads\/usu565\/2023\/02\/NORMATIVA-HEROIS-DEL-BRUC-22-23.pdf\">NORMATIVA DE MENJADOR <\/a><\/span><\/strong><strong><span style=\"color: #339966;\">feu clic <\/span><\/strong><a href=\"https:\/\/agora.xtec.cat\/ceipheroisdelbruc\/wp-content\/uploads\/usu565\/2023\/02\/NORMATIVA-HEROIS-DEL-BRUC-22-23.pdf\"><strong><span style=\"color: #339966;\">aqu\u00ed<\/span><\/strong><\/a><\/h3>\n<p>&nbsp;<\/p>\n<ul>\n<li>\n<h4><a href=\"https:\/\/agora.xtec.cat\/ceipheroisdelbruc\/wp-content\/uploads\/usu565\/2025\/05\/20250417-Piera-Escola-Herois-del-Bruc-SEG.pdf\">Informe de seguiment del PREME (<strong>Programa de revisi\u00f3 de menjador escolar<\/strong>) elaborat per l&#8217;Ag\u00e8ncia de Salut P\u00fablica de Catalunya.<\/a><\/h4>\n<\/li>\n<\/ul>\n<p>&nbsp;<\/p>\n","protected":false},"excerpt":{"rendered":"<p>El nostre menjador escolar est\u00e0 dotat de cuina pr\u00f2pia, amb uns men\u00fas equilibrats i sans pels nostres alumnes. L&#8217;empresa que fa la gesti\u00f3 \u00e9s ALIMENTART. podreu tenir m\u00e9s informaci\u00f3 a la seva p\u00e0gina web \u00a0https:\/\/alimentart.com\/ca\/ \u00a0on podreu consultar molts consells \u00fatils per la alimentaci\u00f3 de la mainada. PREU\u00a0 ALUMNES FIXES&#8230;&#8230;&#8230;&#8230;&#8230;&#8230;&#8230;&#8230;&#8230;&#8230;&#8230;&#8230;..\u00a0 \u00a05,83 \u20ac PREU ALUMNES ESPOR\u00c0DICS&#8230;&#8230;&#8230;&#8230;&#8230;&#8230;&#8230;&#8230;&#8230;. [&hellip;]<\/p>\n","protected":false},"author":2,"featured_media":0,"parent":66,"menu_order":30,"comment_status":"closed","ping_status":"closed","template":"page-templates\/side-menu.php","meta":{"_bbp_topic_count":0,"_bbp_reply_count":0,"_bbp_total_topic_count":0,"_bbp_total_reply_count":0,"_bbp_voice_count":0,"_bbp_anonymous_reply_count":0,"_bbp_topic_count_hidden":0,"_bbp_reply_count_hidden":0,"_bbp_forum_subforum_count":0,"site-sidebar-layout":"default","site-content-layout":"","ast-site-content-layout":"","site-content-style":"default","site-sidebar-style":"default","ast-global-header-display":"","ast-banner-title-visibility":"","ast-main-header-display":"","ast-hfb-above-header-display":"","ast-hfb-below-header-display":"","ast-hfb-mobile-header-display":"","site-post-title":"","ast-breadcrumbs-content":"","ast-featured-img":"","footer-sml-layout":"","theme-transparent-header-meta":"","adv-header-id-meta":"","stick-header-meta":"","header-above-stick-meta":"","header-main-stick-meta":"","header-below-stick-meta":"","astra-migrate-meta-layouts":"default","ast-page-background-enabled":"default","ast-page-background-meta":{"desktop":{"background-color":"var(--ast-global-color-4)","background-image":"","background-repeat":"repeat","background-position":"center center","background-size":"auto","background-attachment":"scroll","background-type":"","background-media":"","overlay-type":"","overlay-color":"","overlay-opacity":"","overlay-gradient":""},"tablet":{"background-color":"","background-image":"","background-repeat":"repeat","background-position":"center center","background-size":"auto","background-attachment":"scroll","background-type":"","background-media":"","overlay-type":"","overlay-color":"","overlay-opacity":"","overlay-gradient":""},"mobile":{"background-color":"","background-image":"","background-repeat":"repeat","background-position":"center center","background-size":"auto","background-attachment":"scroll","background-type":"","background-media":"","overlay-type":"","overlay-color":"","overlay-opacity":"","overlay-gradient":""}},"ast-content-background-meta":{"desktop":{"background-color":"var(--ast-global-color-5)","background-image":"","background-repeat":"repeat","background-position":"center center","background-size":"auto","background-attachment":"scroll","background-type":"","background-media":"","overlay-type":"","overlay-color":"","overlay-opacity":"","overlay-gradient":""},"tablet":{"background-color":"var(--ast-global-color-5)","background-image":"","background-repeat":"repeat","background-position":"center center","background-size":"auto","background-attachment":"scroll","background-type":"","background-media":"","overlay-type":"","overlay-color":"","overlay-opacity":"","overlay-gradient":""},"mobile":{"background-color":"var(--ast-global-color-5)","background-image":"","background-repeat":"repeat","background-position":"center center","background-size":"auto","background-attachment":"scroll","background-type":"","background-media":"","overlay-type":"","overlay-color":"","overlay-opacity":"","overlay-gradient":""}},"footnotes":""},"class_list":["post-73","page","type-page","status-publish","hentry"],"post_mailing_queue_ids":[],"_links":{"self":[{"href":"https:\/\/agora.xtec.cat\/ceipheroisdelbruc\/wp-json\/wp\/v2\/pages\/73","targetHints":{"allow":["GET"]}}],"collection":[{"href":"https:\/\/agora.xtec.cat\/ceipheroisdelbruc\/wp-json\/wp\/v2\/pages"}],"about":[{"href":"https:\/\/agora.xtec.cat\/ceipheroisdelbruc\/wp-json\/wp\/v2\/types\/page"}],"author":[{"embeddable":true,"href":"https:\/\/agora.xtec.cat\/ceipheroisdelbruc\/wp-json\/wp\/v2\/users\/2"}],"replies":[{"embeddable":true,"href":"https:\/\/agora.xtec.cat\/ceipheroisdelbruc\/wp-json\/wp\/v2\/comments?post=73"}],"version-history":[{"count":6,"href":"https:\/\/agora.xtec.cat\/ceipheroisdelbruc\/wp-json\/wp\/v2\/pages\/73\/revisions"}],"predecessor-version":[{"id":14208,"href":"https:\/\/agora.xtec.cat\/ceipheroisdelbruc\/wp-json\/wp\/v2\/pages\/73\/revisions\/14208"}],"up":[{"embeddable":true,"href":"https:\/\/agora.xtec.cat\/ceipheroisdelbruc\/wp-json\/wp\/v2\/pages\/66"}],"wp:attachment":[{"href":"https:\/\/agora.xtec.cat\/ceipheroisdelbruc\/wp-json\/wp\/v2\/media?parent=73"}],"curies":[{"name":"wp","href":"https:\/\/api.w.org\/{rel}","templated":true}]}}