{"id":28,"date":"2014-09-18T12:29:35","date_gmt":"2014-09-18T12:29:35","guid":{"rendered":"http:\/\/agora.xtec.cat\/ceipheroisdelbruc\/?page_id=28"},"modified":"2018-12-05T15:29:01","modified_gmt":"2018-12-05T14:29:01","slug":"consell-escolar","status":"publish","type":"page","link":"https:\/\/agora.xtec.cat\/ceipheroisdelbruc\/lescola\/consell-escolar\/","title":{"rendered":"Consell escolar"},"content":{"rendered":"<h2>CONSTITUCI\u00d3 DEL CONSELL ESCOLAR 2016-2018<\/h2>\n<p>&nbsp;<\/p>\n<p><strong><u>Equip Directiu<\/u><\/strong><strong>:<\/strong><\/p>\n<p>Mar Medina Cabeza<\/p>\n<p>Montserrat Pascual Cort\u00e9s<\/p>\n<p>Rosa Ana Haro Gonz\u00e1lez<\/p>\n<p><strong><u>Sector Mestres:<\/u><\/strong><\/p>\n<p>Esther Gim\u00e9nez Rodr\u00edguez<\/p>\n<p>Fernando Martin Abad<\/p>\n<p>Laura Moline Miras<\/p>\n<p>Jessica Ros Marquez<\/p>\n<p>Antonio Samos Berloso<\/p>\n<p>Marga Zambrano S\u00e1nchez<\/p>\n<p><strong><u>Sector Pares<\/u><\/strong><strong>:<\/strong><\/p>\n<p>Nat\u00e0lia Alt\u00e9s Ciurana<\/p>\n<p>Araceli Ballesteros L\u00f3pez<\/p>\n<p>Ra\u00fal Gallardo Solsona<\/p>\n<p>Encarnaci\u00f3 Mayenco Jurado<\/p>\n<p>Maria Picart Jeremias<\/p>\n<p><strong><u>Representant AMPA:<\/u><\/strong><\/p>\n<p><strong>\u00a0<\/strong>Mireia Lacasa Cazcarra<\/p>\n<p><strong><u>Representant Ajuntament:<\/u><\/strong><\/p>\n<p>Josep Maria Rossell<\/p>\n<p><strong><u>Representant del Personal d\u2019Atenci\u00f3 Educativa<\/u><\/strong><strong>:<\/strong><\/p>\n<p>Anna Sol\u00e9 Berg\u00e9<\/p>\n<p><strong><u>Pers. Adm. i Serveis<\/u><\/strong><strong>: <\/strong><\/p>\n<p>Desire Granados Franco<\/p>\n<p>&nbsp;<\/p>\n<p><strong>COMISSI\u00d3 PERMANENT<\/strong> (Decret 198\/96, article 37 i Decret 199\/96, article 38)<\/p>\n<p>Sra. M. del Mar Medina Cabeza\u00a0 \u00a0 \u00a0 \u00a0 \u00a0 \u00a0 \u00a0 \u00a0 \u00a0 \u00a0 \u00a0 \u00a0 \u00a0<strong>Presidenta del Consell Escolar<\/strong><\/p>\n<p>Sra. Montserrat Pascual Cort\u00e9s\u00a0 \u00a0 \u00a0 \u00a0 \u00a0 \u00a0 \u00a0 \u00a0 \u00a0 \u00a0 \u00a0 \u00a0 \u00a0 \u00a0 \u00a0 \u00a0 \u00a0<strong>Cap d\u2019estudis<\/strong><\/p>\n<p>Sra. Marga Zambrano S\u00e1nchez\u00a0\u00a0\u00a0\u00a0\u00a0\u00a0\u00a0\u00a0\u00a0\u00a0\u00a0\u00a0\u00a0\u00a0\u00a0\u00a0\u00a0\u00a0\u00a0\u00a0\u00a0\u00a0\u00a0\u00a0 <strong>Representant de professors<\/strong><\/p>\n<p><strong>Representant de pares<\/strong><\/p>\n<p>Sra. Mireia Lacasa Cazcarra\u00a0\u00a0\u00a0\u00a0\u00a0 \u00a0\u00a0\u00a0\u00a0\u00a0\u00a0\u00a0\u00a0\u00a0\u00a0\u00a0\u00a0\u00a0\u00a0\u00a0\u00a0\u00a0\u00a0\u00a0\u00a0\u00a0\u00a0\u00a0 <strong>Representant de pares<\/strong><\/p>\n<p>Sra Rosa Ana Haro Gonz\u00e1lez\u00a0\u00a0\u00a0\u00a0\u00a0\u00a0\u00a0\u00a0\u00a0\u00a0\u00a0\u00a0\u00a0\u00a0\u00a0\u00a0\u00a0\u00a0\u00a0\u00a0\u00a0\u00a0\u00a0\u00a0\u00a0\u00a0\u00a0 <strong>Secret\u00e0ria (Secret\u00e0ria del centre)<\/strong><\/p>\n<p>&nbsp;<\/p>\n<p><strong>COMISSI\u00d3 ECON\u00d2MICA\u00a0<\/strong> (Decret 198\/96, article 37 i Decret 199\/96, article 38)<\/p>\n<p>Sra. M. del Mar Medina Cabeza\u00a0 \u00a0 \u00a0 \u00a0 \u00a0 \u00a0 \u00a0 \u00a0 \u00a0 \u00a0 \u00a0 \u00a0 \u00a0<strong>Presidenta del Consell Escolar<\/strong><\/p>\n<p>Sra. Montserrat Pascual Cort\u00e9s\u00a0 \u00a0 \u00a0 \u00a0 \u00a0 \u00a0 \u00a0 \u00a0 \u00a0 \u00a0 \u00a0 \u00a0 \u00a0\u00a0<strong>Cap d\u2019estudis<\/strong><\/p>\n<p>Sr.\u00a0\u00a0 Fernando Martin Abad\u00a0\u00a0\u00a0\u00a0\u00a0\u00a0\u00a0\u00a0\u00a0\u00a0\u00a0\u00a0\u00a0\u00a0\u00a0\u00a0\u00a0\u00a0\u00a0\u00a0\u00a0\u00a0\u00a0\u00a0\u00a0\u00a0\u00a0\u00a0\u00a0 <strong>Representant de professors<\/strong><\/p>\n<p>Sra. Maria Picart Jeremias\u00a0\u00a0\u00a0\u00a0\u00a0\u00a0\u00a0 \u00a0\u00a0\u00a0\u00a0\u00a0\u00a0\u00a0\u00a0\u00a0\u00a0\u00a0 \u00a0\u00a0\u00a0\u00a0\u00a0\u00a0\u00a0\u00a0\u00a0\u00a0\u00a0 <strong>Representant de pares<\/strong><\/p>\n<p>Sr. Josep Maria Rossell\u00a0\u00a0\u00a0\u00a0\u00a0\u00a0\u00a0\u00a0\u00a0\u00a0\u00a0\u00a0\u00a0\u00a0\u00a0\u00a0\u00a0\u00a0\u00a0\u00a0\u00a0\u00a0 \u00a0\u00a0\u00a0\u00a0\u00a0\u00a0\u00a0\u00a0\u00a0\u00a0\u00a0\u00a0\u00a0\u00a0\u00a0\u00a0\u00a0\u00a0\u00a0\u00a0\u00a0\u00a0\u00a0 <strong>Representant de l\u2019ajuntament<\/strong><\/p>\n<p>Sra. Rosa Ana Haro Gonz\u00e1lez\u00a0\u00a0\u00a0\u00a0\u00a0\u00a0\u00a0\u00a0\u00a0\u00a0\u00a0\u00a0\u00a0\u00a0\u00a0\u00a0\u00a0\u00a0\u00a0\u00a0\u00a0\u00a0\u00a0\u00a0\u00a0\u00a0 <strong>Secret\u00e0ria (Secret\u00e0ria del centre)<\/strong><\/p>\n<p><strong>\u00a0<\/strong><\/p>\n<p><strong>COMISSI\u00d3 DE CONVIV\u00c8NCIA<\/strong> (Decret 266\/1997, de 17 d\u2019octubre,, article 25.4)<\/p>\n<p>Sra. M. del Mar Medina Cabeza\u00a0\u00a0\u00a0\u00a0\u00a0\u00a0\u00a0\u00a0\u00a0\u00a0\u00a0\u00a0\u00a0\u00a0\u00a0\u00a0 \u00a0 \u00a0 \u00a0 <strong>Presidenta del Consell Escolar<\/strong><\/p>\n<p>Sra. Montserrat Pascual Cort\u00e9s\u00a0\u00a0\u00a0\u00a0\u00a0\u00a0\u00a0\u00a0\u00a0\u00a0\u00a0\u00a0\u00a0\u00a0\u00a0\u00a0\u00a0\u00a0\u00a0\u00a0\u00a0\u00a0\u00a0 <strong>Cap d\u2019estudis<\/strong><\/p>\n<p>Sr. Toni Samos Berloso\u00a0\u00a0\u00a0\u00a0\u00a0\u00a0\u00a0\u00a0\u00a0\u00a0\u00a0 \u00a0\u00a0\u00a0\u00a0\u00a0\u00a0\u00a0\u00a0\u00a0\u00a0\u00a0\u00a0\u00a0\u00a0\u00a0\u00a0\u00a0\u00a0\u00a0\u00a0\u00a0\u00a0\u00a0\u00a0 <strong>Representant de professors<\/strong><\/p>\n<p>Sra.\u00a0Adela Maria Conill Torra \u00a0\u00a0\u00a0\u00a0\u00a0\u00a0\u00a0\u00a0\u00a0\u00a0\u00a0\u00a0\u00a0\u00a0\u00a0\u00a0\u00a0\u00a0\u00a0\u00a0\u00a0\u00a0\u00a0\u00a0\u00a0\u00a0 <strong>Representant de professors<\/strong><\/p>\n<p>Sra. Natalia Alt\u00e9s Ciurana\u00a0\u00a0\u00a0\u00a0\u00a0\u00a0\u00a0\u00a0\u00a0 \u00a0\u00a0\u00a0\u00a0\u00a0\u00a0\u00a0\u00a0\u00a0\u00a0\u00a0\u00a0\u00a0\u00a0\u00a0\u00a0\u00a0\u00a0\u00a0\u00a0\u00a0\u00a0\u00a0 <strong>Representant de pares<\/strong><\/p>\n<p>Sr. Encarnaci\u00f3 Mayenco Jurado\u00a0\u00a0\u00a0\u00a0\u00a0\u00a0\u00a0\u00a0\u00a0\u00a0 \u00a0\u00a0 <strong>\u00a0\u00a0\u00a0\u00a0\u00a0\u00a0\u00a0\u00a0 Representant de pares<\/strong><\/p>\n<p>Sra Rosa Ana Haro Gonz\u00e1lez\u00a0\u00a0\u00a0\u00a0\u00a0\u00a0\u00a0\u00a0\u00a0\u00a0\u00a0\u00a0\u00a0\u00a0\u00a0\u00a0\u00a0\u00a0\u00a0\u00a0\u00a0\u00a0\u00a0\u00a0\u00a0 <strong>Secret\u00e0ria (Secret\u00e0ria del centre)<\/strong><\/p>\n<p>&nbsp;<\/p>\n<p>&nbsp;<\/p>\n","protected":false},"excerpt":{"rendered":"<p>CONSTITUCI\u00d3 DEL CONSELL ESCOLAR 2016-2018 &nbsp; Equip Directiu: Mar Medina Cabeza Montserrat Pascual Cort\u00e9s Rosa Ana Haro Gonz\u00e1lez Sector Mestres: Esther Gim\u00e9nez Rodr\u00edguez Fernando Martin Abad Laura Moline Miras Jessica Ros Marquez Antonio Samos Berloso Marga Zambrano S\u00e1nchez Sector Pares: Nat\u00e0lia Alt\u00e9s Ciurana Araceli Ballesteros L\u00f3pez Ra\u00fal Gallardo Solsona Encarnaci\u00f3 Mayenco Jurado Maria Picart Jeremias [&hellip;]<\/p>\n","protected":false},"author":2,"featured_media":0,"parent":22,"menu_order":30,"comment_status":"closed","ping_status":"closed","template":"page-templates\/side-menu.php","meta":{"_bbp_topic_count":0,"_bbp_reply_count":0,"_bbp_total_topic_count":0,"_bbp_total_reply_count":0,"_bbp_voice_count":0,"_bbp_anonymous_reply_count":0,"_bbp_topic_count_hidden":0,"_bbp_reply_count_hidden":0,"_bbp_forum_subforum_count":0,"site-sidebar-layout":"default","site-content-layout":"","ast-site-content-layout":"","site-content-style":"default","site-sidebar-style":"default","ast-global-header-display":"","ast-banner-title-visibility":"","ast-main-header-display":"","ast-hfb-above-header-display":"","ast-hfb-below-header-display":"","ast-hfb-mobile-header-display":"","site-post-title":"","ast-breadcrumbs-content":"","ast-featured-img":"","footer-sml-layout":"","theme-transparent-header-meta":"","adv-header-id-meta":"","stick-header-meta":"","header-above-stick-meta":"","header-main-stick-meta":"","header-below-stick-meta":"","astra-migrate-meta-layouts":"default","ast-page-background-enabled":"default","ast-page-background-meta":{"desktop":{"background-color":"var(--ast-global-color-4)","background-image":"","background-repeat":"repeat","background-position":"center center","background-size":"auto","background-attachment":"scroll","background-type":"","background-media":"","overlay-type":"","overlay-color":"","overlay-opacity":"","overlay-gradient":""},"tablet":{"background-color":"","background-image":"","background-repeat":"repeat","background-position":"center center","background-size":"auto","background-attachment":"scroll","background-type":"","background-media":"","overlay-type":"","overlay-color":"","overlay-opacity":"","overlay-gradient":""},"mobile":{"background-color":"","background-image":"","background-repeat":"repeat","background-position":"center center","background-size":"auto","background-attachment":"scroll","background-type":"","background-media":"","overlay-type":"","overlay-color":"","overlay-opacity":"","overlay-gradient":""}},"ast-content-background-meta":{"desktop":{"background-color":"var(--ast-global-color-5)","background-image":"","background-repeat":"repeat","background-position":"center center","background-size":"auto","background-attachment":"scroll","background-type":"","background-media":"","overlay-type":"","overlay-color":"","overlay-opacity":"","overlay-gradient":""},"tablet":{"background-color":"var(--ast-global-color-5)","background-image":"","background-repeat":"repeat","background-position":"center center","background-size":"auto","background-attachment":"scroll","background-type":"","background-media":"","overlay-type":"","overlay-color":"","overlay-opacity":"","overlay-gradient":""},"mobile":{"background-color":"var(--ast-global-color-5)","background-image":"","background-repeat":"repeat","background-position":"center center","background-size":"auto","background-attachment":"scroll","background-type":"","background-media":"","overlay-type":"","overlay-color":"","overlay-opacity":"","overlay-gradient":""}},"footnotes":""},"class_list":["post-28","page","type-page","status-publish","hentry"],"post_mailing_queue_ids":[],"_links":{"self":[{"href":"https:\/\/agora.xtec.cat\/ceipheroisdelbruc\/wp-json\/wp\/v2\/pages\/28","targetHints":{"allow":["GET"]}}],"collection":[{"href":"https:\/\/agora.xtec.cat\/ceipheroisdelbruc\/wp-json\/wp\/v2\/pages"}],"about":[{"href":"https:\/\/agora.xtec.cat\/ceipheroisdelbruc\/wp-json\/wp\/v2\/types\/page"}],"author":[{"embeddable":true,"href":"https:\/\/agora.xtec.cat\/ceipheroisdelbruc\/wp-json\/wp\/v2\/users\/2"}],"replies":[{"embeddable":true,"href":"https:\/\/agora.xtec.cat\/ceipheroisdelbruc\/wp-json\/wp\/v2\/comments?post=28"}],"version-history":[{"count":2,"href":"https:\/\/agora.xtec.cat\/ceipheroisdelbruc\/wp-json\/wp\/v2\/pages\/28\/revisions"}],"predecessor-version":[{"id":11613,"href":"https:\/\/agora.xtec.cat\/ceipheroisdelbruc\/wp-json\/wp\/v2\/pages\/28\/revisions\/11613"}],"up":[{"embeddable":true,"href":"https:\/\/agora.xtec.cat\/ceipheroisdelbruc\/wp-json\/wp\/v2\/pages\/22"}],"wp:attachment":[{"href":"https:\/\/agora.xtec.cat\/ceipheroisdelbruc\/wp-json\/wp\/v2\/media?parent=28"}],"curies":[{"name":"wp","href":"https:\/\/api.w.org\/{rel}","templated":true}]}}