{"id":26,"date":"2014-09-18T12:24:32","date_gmt":"2014-09-18T12:24:32","guid":{"rendered":"http:\/\/agora.xtec.cat\/ceipheroisdelbruc\/?page_id=26"},"modified":"2024-02-19T11:11:15","modified_gmt":"2024-02-19T10:11:15","slug":"historia","status":"publish","type":"page","link":"https:\/\/agora.xtec.cat\/ceipheroisdelbruc\/lescola\/historia\/","title":{"rendered":"Hist\u00f2ria"},"content":{"rendered":"<p>L&#8217;Escola Herois del Bruc va n\u00e9ixer a Piera el curs 1970-71 en un edifici al centre del poble, al costat de l\u2019edifici de l\u2019escola concertada Api\u00e0ria. El curs 72-73 amb el tancament de les escoles del Bedorc i St. Jaume Sesoliveres es consagra com a escola comarcal.<\/p>\n<p>Poc a poc l\u2019edifici va quedar petit per acollir tant alumnat i l\u2019any 1977 es va inaugurar l\u2019aulari de La Plana on van anar l&#8217;alumnat m\u00e9s grans, en aquell moment cicle superior, 6\u00e8, 7\u00e8 i 8\u00e8. L\u2019any 1982 es va inaugurar el segon edifici de La Plana, que va acollir l&#8217;alumnat de cicle mitj\u00e0, des d\u2019aquell moment l\u2019edifici del poble acollia l&#8217;alumnat d\u2019infantil i cicle inicial i el de La Plana, els cicles mitj\u00e0 i superior.<\/p>\n<p>L\u2019augment d\u2019alumnat era tal que el curs 96-97 es va crear un nou centre d\u2019educaci\u00f3 infantil i prim\u00e0ria al poble, l\u2019edifici del centre del poble es va convertir en el CEIP Les Flandes, com a escola d\u2019una l\u00ednia, i els edificis de La Plana van conservar el nom d\u2019Herois del Bruc, escola de doble l\u00ednia.<\/p>\n<p>A partir del curs 96-97 Herois del Bruc, amb dos edificis, un per infantil i un altre per prim\u00e0ria, funciona exclusivament al barri de La Plana i acull l&#8217;alumnat d\u2019una part del poble, de la banda dreta de la carretera d\u2019Igualada, i l&#8217;alumnat de 17 de les urbanitzacions del voltant de Piera, Can Canals es van quedar a Les Flandes.<\/p>\n<p>El curs 2001-02 l&#8217;alumnat de Can Canals, que amb el repartiment d\u2019alumnes anaven a Les Flandes, per problemes de transport (els autocars no podien entrar al poble) van venir a Herois del Bruc, per\u00f2 aquesta situaci\u00f3 va ser temporal, ja que el curs 2002-03 es va inaugurar una escola al barri de Can Canals, i 68 persones del nostre alumnat que vivien en aquell barri van poder gaudir d\u2019una escola al costat de casa seva.<\/p>\n<p>El curs 2006-07, comencen les obres de remodelaci\u00f3 i ampliaci\u00f3 a tres l\u00ednies, com a resposta a les necessitats derivades de l&#8217;augment de matricula i poblaci\u00f3 que ha viscut el municipi de Piera en els \u00faltims anys.<\/p>\n<p>Les obres de rehabilitaci\u00f3 suposen per l&#8217;escola l&#8217; adequaci\u00f3 dels espais i la millora de les instal.lac ions, aix\u00ed com la creaci\u00f3 de nous espais com el gimn\u00e0s, la biblioteca, etc. dels que fins l&#8217; ampliaci\u00f3 no es disposaven.<\/p>\n<h2><a href=\"https:\/\/drive.google.com\/open?id=0B7MIbFMLuaLWWmVSZVgyRXpvX2c\" target=\"_blank\" rel=\"noopener\"> Si voleu veure com era la nostra escola, feu clic AQU\u00cd<\/a><\/h2>\n","protected":false},"excerpt":{"rendered":"<p>L&#8217;Escola Herois del Bruc va n\u00e9ixer a Piera el curs 1970-71 en un edifici al centre del poble, al costat de l\u2019edifici de l\u2019escola concertada Api\u00e0ria. El curs 72-73 amb el tancament de les escoles del Bedorc i St. Jaume Sesoliveres es consagra com a escola comarcal. Poc a poc l\u2019edifici va quedar petit per [&hellip;]<\/p>\n","protected":false},"author":2,"featured_media":0,"parent":22,"menu_order":20,"comment_status":"closed","ping_status":"closed","template":"page-templates\/side-menu.php","meta":{"_bbp_topic_count":0,"_bbp_reply_count":0,"_bbp_total_topic_count":0,"_bbp_total_reply_count":0,"_bbp_voice_count":0,"_bbp_anonymous_reply_count":0,"_bbp_topic_count_hidden":0,"_bbp_reply_count_hidden":0,"_bbp_forum_subforum_count":0,"site-sidebar-layout":"default","site-content-layout":"","ast-site-content-layout":"","site-content-style":"default","site-sidebar-style":"default","ast-global-header-display":"","ast-banner-title-visibility":"","ast-main-header-display":"","ast-hfb-above-header-display":"","ast-hfb-below-header-display":"","ast-hfb-mobile-header-display":"","site-post-title":"","ast-breadcrumbs-content":"","ast-featured-img":"","footer-sml-layout":"","theme-transparent-header-meta":"","adv-header-id-meta":"","stick-header-meta":"","header-above-stick-meta":"","header-main-stick-meta":"","header-below-stick-meta":"","astra-migrate-meta-layouts":"default","ast-page-background-enabled":"default","ast-page-background-meta":{"desktop":{"background-color":"var(--ast-global-color-4)","background-image":"","background-repeat":"repeat","background-position":"center center","background-size":"auto","background-attachment":"scroll","background-type":"","background-media":"","overlay-type":"","overlay-color":"","overlay-opacity":"","overlay-gradient":""},"tablet":{"background-color":"","background-image":"","background-repeat":"repeat","background-position":"center center","background-size":"auto","background-attachment":"scroll","background-type":"","background-media":"","overlay-type":"","overlay-color":"","overlay-opacity":"","overlay-gradient":""},"mobile":{"background-color":"","background-image":"","background-repeat":"repeat","background-position":"center center","background-size":"auto","background-attachment":"scroll","background-type":"","background-media":"","overlay-type":"","overlay-color":"","overlay-opacity":"","overlay-gradient":""}},"ast-content-background-meta":{"desktop":{"background-color":"var(--ast-global-color-5)","background-image":"","background-repeat":"repeat","background-position":"center center","background-size":"auto","background-attachment":"scroll","background-type":"","background-media":"","overlay-type":"","overlay-color":"","overlay-opacity":"","overlay-gradient":""},"tablet":{"background-color":"var(--ast-global-color-5)","background-image":"","background-repeat":"repeat","background-position":"center center","background-size":"auto","background-attachment":"scroll","background-type":"","background-media":"","overlay-type":"","overlay-color":"","overlay-opacity":"","overlay-gradient":""},"mobile":{"background-color":"var(--ast-global-color-5)","background-image":"","background-repeat":"repeat","background-position":"center center","background-size":"auto","background-attachment":"scroll","background-type":"","background-media":"","overlay-type":"","overlay-color":"","overlay-opacity":"","overlay-gradient":""}},"footnotes":""},"class_list":["post-26","page","type-page","status-publish","hentry"],"post_mailing_queue_ids":[],"_links":{"self":[{"href":"https:\/\/agora.xtec.cat\/ceipheroisdelbruc\/wp-json\/wp\/v2\/pages\/26","targetHints":{"allow":["GET"]}}],"collection":[{"href":"https:\/\/agora.xtec.cat\/ceipheroisdelbruc\/wp-json\/wp\/v2\/pages"}],"about":[{"href":"https:\/\/agora.xtec.cat\/ceipheroisdelbruc\/wp-json\/wp\/v2\/types\/page"}],"author":[{"embeddable":true,"href":"https:\/\/agora.xtec.cat\/ceipheroisdelbruc\/wp-json\/wp\/v2\/users\/2"}],"replies":[{"embeddable":true,"href":"https:\/\/agora.xtec.cat\/ceipheroisdelbruc\/wp-json\/wp\/v2\/comments?post=26"}],"version-history":[{"count":4,"href":"https:\/\/agora.xtec.cat\/ceipheroisdelbruc\/wp-json\/wp\/v2\/pages\/26\/revisions"}],"predecessor-version":[{"id":13929,"href":"https:\/\/agora.xtec.cat\/ceipheroisdelbruc\/wp-json\/wp\/v2\/pages\/26\/revisions\/13929"}],"up":[{"embeddable":true,"href":"https:\/\/agora.xtec.cat\/ceipheroisdelbruc\/wp-json\/wp\/v2\/pages\/22"}],"wp:attachment":[{"href":"https:\/\/agora.xtec.cat\/ceipheroisdelbruc\/wp-json\/wp\/v2\/media?parent=26"}],"curies":[{"name":"wp","href":"https:\/\/api.w.org\/{rel}","templated":true}]}}