{"id":24,"date":"2014-09-18T12:23:15","date_gmt":"2014-09-18T12:23:15","guid":{"rendered":"http:\/\/agora.xtec.cat\/ceipheroisdelbruc\/?page_id=24"},"modified":"2024-02-19T11:04:54","modified_gmt":"2024-02-19T10:04:54","slug":"on-som","status":"publish","type":"page","link":"https:\/\/agora.xtec.cat\/ceipheroisdelbruc\/lescola\/on-som\/","title":{"rendered":"On som"},"content":{"rendered":"<p>La nostra escola est\u00e0 situada al terme municipal de Piera.<\/p>\n<p>Piera forma part de la comarca de l\u2019Anoia i \u00e9s el terme municipal m\u00e9s extens. Limita al nord amb Castellol\u00ed i el Bruc, al sud amb Sant Sadurn\u00ed d\u2019Anoia, a l\u2019est amb Masquefa, a l\u2019oest limita amb Cabrera d\u2019Igualada, al nord-est amb els Hostalets de Pierola, al nord-oest amb els termes de la Pobla de Claramunt i Vallbona d\u2019Anoia, el sud-est amb Sant Lloren\u00e7 d\u2019Hortons i al sud-oest amb Torrelavit.<\/p>\n<p>T\u00e9 una superf\u00edcie de 57\u20193 km2 i una altitud mitjana de 324\u20197 metres. Piera compta amb m\u00e9s de 14.000 habitants. Aquesta poblaci\u00f3 augmenta considerablement a l\u2019estiu, a conseq\u00fc\u00e8ncia de les segones resid\u00e8ncies.<\/p>\n<p>La seva situaci\u00f3 al sud-est de la comarca de l\u2019Anoia el fa lim\u00edtrof amb l\u2019Alt Pened\u00e8s, les terres del sud del terme tenen les mateixes caracter\u00edstiques que les penedessenques. Juntament amb el nucli urb\u00e0, Piera el formen, segons l\u2019inventari de 1981, 74 caserius i 18 barris, assumits per l\u2019Ajuntament.<\/p>\n<p>El municipi es comunica amb altres poblacions a trav\u00e9s dels FGC, la Hispano Igualadina, la Hispano Llacunense i amb vehicle propi s&#8217;hi pot arribar per 5 carreteres.<\/p>\n<p>A Piera, a m\u00e9s a m\u00e9s de la nostra escola hi ha tres escoles m\u00e9s, dos de les quals s\u00f3n p\u00fabliques com la nostra (l&#8217;Escola Les Flandes &#8211; al centre del poble -, l&#8217;Escola Creix\u00e0 &#8211; al barri de Can Canals) i una escola privada concertada (&#8220;Api\u00e0ria&#8221;) , una escola bressol municipal (El Gall Mullat), escoles bressols privades (&#8220;La tortuga&#8221; , &#8220;La Baldufa&#8221;) i un Institut de Secund\u00e0ria (IES Guinovarda).<\/p>\n<p>&nbsp;<\/p>\n<p>Acc\u00e8s al centre:<\/p>\n<p><a href=\"https:\/\/www.google.com\/maps\/d\/viewer?ll=41.531786%2C1.752889&amp;spn=0%2C0&amp;hl=es&amp;f=q&amp;num=10&amp;geocode&amp;msa=0&amp;source=embed&amp;ie=UTF8&amp;mid=z3Bugdde990Q.kp65no3jVvbU\" target=\"_blank\" rel=\"noopener\">localitzaci\u00f3 de l&#8217;escola<\/a><\/p>\n<p>&nbsp;<\/p>\n<p>&nbsp;<\/p>\n<p>&nbsp;<\/p>\n<p>&nbsp;<\/p>\n","protected":false},"excerpt":{"rendered":"<p>La nostra escola est\u00e0 situada al terme municipal de Piera. Piera forma part de la comarca de l\u2019Anoia i \u00e9s el terme municipal m\u00e9s extens. Limita al nord amb Castellol\u00ed i el Bruc, al sud amb Sant Sadurn\u00ed d\u2019Anoia, a l\u2019est amb Masquefa, a l\u2019oest limita amb Cabrera d\u2019Igualada, al nord-est amb els Hostalets de [&hellip;]<\/p>\n","protected":false},"author":2,"featured_media":0,"parent":22,"menu_order":10,"comment_status":"closed","ping_status":"closed","template":"page-templates\/side-menu.php","meta":{"_bbp_topic_count":0,"_bbp_reply_count":0,"_bbp_total_topic_count":0,"_bbp_total_reply_count":0,"_bbp_voice_count":0,"_bbp_anonymous_reply_count":0,"_bbp_topic_count_hidden":0,"_bbp_reply_count_hidden":0,"_bbp_forum_subforum_count":0,"site-sidebar-layout":"default","site-content-layout":"","ast-site-content-layout":"","site-content-style":"default","site-sidebar-style":"default","ast-global-header-display":"","ast-banner-title-visibility":"","ast-main-header-display":"","ast-hfb-above-header-display":"","ast-hfb-below-header-display":"","ast-hfb-mobile-header-display":"","site-post-title":"","ast-breadcrumbs-content":"","ast-featured-img":"","footer-sml-layout":"","theme-transparent-header-meta":"","adv-header-id-meta":"","stick-header-meta":"","header-above-stick-meta":"","header-main-stick-meta":"","header-below-stick-meta":"","astra-migrate-meta-layouts":"default","ast-page-background-enabled":"default","ast-page-background-meta":{"desktop":{"background-color":"var(--ast-global-color-4)","background-image":"","background-repeat":"repeat","background-position":"center center","background-size":"auto","background-attachment":"scroll","background-type":"","background-media":"","overlay-type":"","overlay-color":"","overlay-opacity":"","overlay-gradient":""},"tablet":{"background-color":"","background-image":"","background-repeat":"repeat","background-position":"center center","background-size":"auto","background-attachment":"scroll","background-type":"","background-media":"","overlay-type":"","overlay-color":"","overlay-opacity":"","overlay-gradient":""},"mobile":{"background-color":"","background-image":"","background-repeat":"repeat","background-position":"center center","background-size":"auto","background-attachment":"scroll","background-type":"","background-media":"","overlay-type":"","overlay-color":"","overlay-opacity":"","overlay-gradient":""}},"ast-content-background-meta":{"desktop":{"background-color":"var(--ast-global-color-5)","background-image":"","background-repeat":"repeat","background-position":"center center","background-size":"auto","background-attachment":"scroll","background-type":"","background-media":"","overlay-type":"","overlay-color":"","overlay-opacity":"","overlay-gradient":""},"tablet":{"background-color":"var(--ast-global-color-5)","background-image":"","background-repeat":"repeat","background-position":"center center","background-size":"auto","background-attachment":"scroll","background-type":"","background-media":"","overlay-type":"","overlay-color":"","overlay-opacity":"","overlay-gradient":""},"mobile":{"background-color":"var(--ast-global-color-5)","background-image":"","background-repeat":"repeat","background-position":"center center","background-size":"auto","background-attachment":"scroll","background-type":"","background-media":"","overlay-type":"","overlay-color":"","overlay-opacity":"","overlay-gradient":""}},"footnotes":""},"class_list":["post-24","page","type-page","status-publish","hentry"],"post_mailing_queue_ids":[],"_links":{"self":[{"href":"https:\/\/agora.xtec.cat\/ceipheroisdelbruc\/wp-json\/wp\/v2\/pages\/24","targetHints":{"allow":["GET"]}}],"collection":[{"href":"https:\/\/agora.xtec.cat\/ceipheroisdelbruc\/wp-json\/wp\/v2\/pages"}],"about":[{"href":"https:\/\/agora.xtec.cat\/ceipheroisdelbruc\/wp-json\/wp\/v2\/types\/page"}],"author":[{"embeddable":true,"href":"https:\/\/agora.xtec.cat\/ceipheroisdelbruc\/wp-json\/wp\/v2\/users\/2"}],"replies":[{"embeddable":true,"href":"https:\/\/agora.xtec.cat\/ceipheroisdelbruc\/wp-json\/wp\/v2\/comments?post=24"}],"version-history":[{"count":4,"href":"https:\/\/agora.xtec.cat\/ceipheroisdelbruc\/wp-json\/wp\/v2\/pages\/24\/revisions"}],"predecessor-version":[{"id":13928,"href":"https:\/\/agora.xtec.cat\/ceipheroisdelbruc\/wp-json\/wp\/v2\/pages\/24\/revisions\/13928"}],"up":[{"embeddable":true,"href":"https:\/\/agora.xtec.cat\/ceipheroisdelbruc\/wp-json\/wp\/v2\/pages\/22"}],"wp:attachment":[{"href":"https:\/\/agora.xtec.cat\/ceipheroisdelbruc\/wp-json\/wp\/v2\/media?parent=24"}],"curies":[{"name":"wp","href":"https:\/\/api.w.org\/{rel}","templated":true}]}}