{"id":13499,"date":"2023-02-08T17:09:54","date_gmt":"2023-02-08T16:09:54","guid":{"rendered":"https:\/\/agora.xtec.cat\/ceipheroisdelbruc\/?page_id=13499"},"modified":"2023-03-07T11:47:42","modified_gmt":"2023-03-07T10:47:42","slug":"escola-verda","status":"publish","type":"page","link":"https:\/\/agora.xtec.cat\/ceipheroisdelbruc\/escola-verda\/","title":{"rendered":"Escola Verda"},"content":{"rendered":"<p style=\"text-align: left;\">L&#8217;escola forma part de la xarxa d&#8217;escoles verdes per a la sostenibilitat de Catalunya.<\/p>\n<p>Des de 1998, tant la Generalitat de Catalunya \u2013a trav\u00e9s del Programa escoles verdes\u2013 com diferents ajuntaments \u2013a trav\u00e9s d\u2019Agendes 21 escolars o Programes d\u2019educaci\u00f3 ambiental\u2013 impulsen programes d\u2019educaci\u00f3 per a la sostenibilitat adre\u00e7ats als centres educatius, tot promovent la participaci\u00f3 i implicaci\u00f3 de tota la comunitat educativa.<\/p>\n<p>Des de l&#8217;escola p<span style=\"font-weight: 400;\">roposem un pla d\u2019acci\u00f3 en funci\u00f3 del Pla d\u2019Educaci\u00f3 per a la Sostenibilitat, agafant tot all\u00f2 que ja tenim assolit en tots els contexts i volem mantenir, i tots aquells aspectes, accions que volem millorar i ampliar pels cursos vinents que siguin progressius i possibilistes amb la nostra realitat, donant temps perqu\u00e8 es consolidin, es normalitzin en el centre i passin a formar part de la nostra identitat com a escola.\u00a0<\/span><\/p>\n<p><img loading=\"lazy\" decoding=\"async\" class=\"aligncenter size-full wp-image-13709\" src=\"https:\/\/agora.xtec.cat\/ceipheroisdelbruc\/wp-content\/uploads\/usu565\/2023\/03\/diploma.png\" alt=\"\" width=\"1008\" height=\"756\" srcset=\"https:\/\/agora.xtec.cat\/ceipheroisdelbruc\/wp-content\/uploads\/usu565\/2023\/03\/diploma.png 1008w, https:\/\/agora.xtec.cat\/ceipheroisdelbruc\/wp-content\/uploads\/usu565\/2023\/03\/diploma-300x225.png 300w, https:\/\/agora.xtec.cat\/ceipheroisdelbruc\/wp-content\/uploads\/usu565\/2023\/03\/diploma-768x576.png 768w, https:\/\/agora.xtec.cat\/ceipheroisdelbruc\/wp-content\/uploads\/usu565\/2023\/03\/diploma-200x150.png 200w\" sizes=\"auto, (max-width: 1008px) 100vw, 1008px\" \/><\/p>\n","protected":false},"excerpt":{"rendered":"<p>L&#8217;escola forma part de la xarxa d&#8217;escoles verdes per a la sostenibilitat de Catalunya. Des de 1998, tant la Generalitat de Catalunya \u2013a trav\u00e9s del Programa escoles verdes\u2013 com diferents ajuntaments \u2013a trav\u00e9s d\u2019Agendes 21 escolars o Programes d\u2019educaci\u00f3 ambiental\u2013 impulsen programes d\u2019educaci\u00f3 per a la sostenibilitat adre\u00e7ats als centres educatius, tot promovent la participaci\u00f3 [&hellip;]<\/p>\n","protected":false},"author":1,"featured_media":0,"parent":0,"menu_order":0,"comment_status":"closed","ping_status":"closed","template":"","meta":{"_bbp_topic_count":0,"_bbp_reply_count":0,"_bbp_total_topic_count":0,"_bbp_total_reply_count":0,"_bbp_voice_count":0,"_bbp_anonymous_reply_count":0,"_bbp_topic_count_hidden":0,"_bbp_reply_count_hidden":0,"_bbp_forum_subforum_count":0,"site-sidebar-layout":"default","site-content-layout":"","ast-site-content-layout":"","site-content-style":"default","site-sidebar-style":"default","ast-global-header-display":"","ast-banner-title-visibility":"","ast-main-header-display":"","ast-hfb-above-header-display":"","ast-hfb-below-header-display":"","ast-hfb-mobile-header-display":"","site-post-title":"","ast-breadcrumbs-content":"","ast-featured-img":"","footer-sml-layout":"","theme-transparent-header-meta":"","adv-header-id-meta":"","stick-header-meta":"","header-above-stick-meta":"","header-main-stick-meta":"","header-below-stick-meta":"","astra-migrate-meta-layouts":"default","ast-page-background-enabled":"default","ast-page-background-meta":{"desktop":{"background-color":"var(--ast-global-color-4)","background-image":"","background-repeat":"repeat","background-position":"center center","background-size":"auto","background-attachment":"scroll","background-type":"","background-media":"","overlay-type":"","overlay-color":"","overlay-opacity":"","overlay-gradient":""},"tablet":{"background-color":"","background-image":"","background-repeat":"repeat","background-position":"center center","background-size":"auto","background-attachment":"scroll","background-type":"","background-media":"","overlay-type":"","overlay-color":"","overlay-opacity":"","overlay-gradient":""},"mobile":{"background-color":"","background-image":"","background-repeat":"repeat","background-position":"center center","background-size":"auto","background-attachment":"scroll","background-type":"","background-media":"","overlay-type":"","overlay-color":"","overlay-opacity":"","overlay-gradient":""}},"ast-content-background-meta":{"desktop":{"background-color":"var(--ast-global-color-5)","background-image":"","background-repeat":"repeat","background-position":"center center","background-size":"auto","background-attachment":"scroll","background-type":"","background-media":"","overlay-type":"","overlay-color":"","overlay-opacity":"","overlay-gradient":""},"tablet":{"background-color":"var(--ast-global-color-5)","background-image":"","background-repeat":"repeat","background-position":"center center","background-size":"auto","background-attachment":"scroll","background-type":"","background-media":"","overlay-type":"","overlay-color":"","overlay-opacity":"","overlay-gradient":""},"mobile":{"background-color":"var(--ast-global-color-5)","background-image":"","background-repeat":"repeat","background-position":"center center","background-size":"auto","background-attachment":"scroll","background-type":"","background-media":"","overlay-type":"","overlay-color":"","overlay-opacity":"","overlay-gradient":""}},"footnotes":""},"class_list":["post-13499","page","type-page","status-publish","hentry"],"post_mailing_queue_ids":[],"_links":{"self":[{"href":"https:\/\/agora.xtec.cat\/ceipheroisdelbruc\/wp-json\/wp\/v2\/pages\/13499","targetHints":{"allow":["GET"]}}],"collection":[{"href":"https:\/\/agora.xtec.cat\/ceipheroisdelbruc\/wp-json\/wp\/v2\/pages"}],"about":[{"href":"https:\/\/agora.xtec.cat\/ceipheroisdelbruc\/wp-json\/wp\/v2\/types\/page"}],"author":[{"embeddable":true,"href":"https:\/\/agora.xtec.cat\/ceipheroisdelbruc\/wp-json\/wp\/v2\/users\/1"}],"replies":[{"embeddable":true,"href":"https:\/\/agora.xtec.cat\/ceipheroisdelbruc\/wp-json\/wp\/v2\/comments?post=13499"}],"version-history":[{"count":3,"href":"https:\/\/agora.xtec.cat\/ceipheroisdelbruc\/wp-json\/wp\/v2\/pages\/13499\/revisions"}],"predecessor-version":[{"id":13712,"href":"https:\/\/agora.xtec.cat\/ceipheroisdelbruc\/wp-json\/wp\/v2\/pages\/13499\/revisions\/13712"}],"wp:attachment":[{"href":"https:\/\/agora.xtec.cat\/ceipheroisdelbruc\/wp-json\/wp\/v2\/media?parent=13499"}],"curies":[{"name":"wp","href":"https:\/\/api.w.org\/{rel}","templated":true}]}}