{"id":13483,"date":"2023-02-08T17:09:53","date_gmt":"2023-02-08T16:09:53","guid":{"rendered":"https:\/\/agora.xtec.cat\/ceipheroisdelbruc\/?page_id=13483"},"modified":"2025-07-08T12:12:57","modified_gmt":"2025-07-08T10:12:57","slug":"pagaments-i-material-22-23","status":"publish","type":"page","link":"https:\/\/agora.xtec.cat\/ceipheroisdelbruc\/pagaments-i-material-22-23\/","title":{"rendered":"Pagaments i material 25-26"},"content":{"rendered":"<h2><strong>QUOTES CURS 25\/26 &#8211; ESCOLA HEROIS DEL BRUC<\/strong><\/h2>\n<p>Quota anual de <strong><u>material escolar:<\/u><\/strong><\/p>\n<ul>\n<li>Educaci\u00f3 Infantil: 100 euros<\/li>\n<li>Ed. Prim\u00e0ria: 80 euros<\/li>\n<\/ul>\n<p>Quota anual de <strong><u>reutilitzaci\u00f3<\/u><\/strong> (des de 3r a 6\u00e8): 20\u20ac<\/p>\n<p><strong><u>Llibres <\/u><\/strong><\/p>\n<p>Grafilletres (I4 i I5)\u00a0 Editorial Cru\u00eflla.<\/p>\n<p>Cal\u00b7ligrafia 1r\u00a0 Editorial Baula.<\/p>\n<p>Cal\u00b7ligrafia 2n Editorial Baula.<\/p>\n<p>Matem\u00e0tiques Innovamat (1r i 2n)<\/p>\n<p>Matem\u00e0tiques quadernet Baula (3r i 4t)<\/p>\n<p>Llic\u00e8ncia de Medi ScienceBits (5\u00e8 i 6\u00e8)<\/p>\n<p>Quota anual<strong> d\u2019<u>AFA<\/u><\/strong> (Associaci\u00f3 de Fam\u00edlies d\u2019Alumnes) : 18\u20ac<\/p>\n<p><strong><u>Menjador escolar<\/u><\/strong><\/p>\n<p>L\u2019empresa Alimentart ofereix el servei de menjador escolar, gestionat pel Consell Comarcal.<\/p>\n<p>Preu dels usuaris fixes: 5.83\u20ac (si es queden un m\u00ednim de 3 dies setmanals)<\/p>\n<p>Preu dels usuaris espor\u00e0dics: 6.41\u20ac<\/p>\n<p><strong><u>Transport escolar<\/u><\/strong><\/p>\n<p>El Consell Comarcal gestiona el transport escolar.<\/p>\n<p>El cost del servei ser\u00e0:<\/p>\n<p>1r germ\u00e0\/na : 1,36 \u20ac\/dia + 10 % IVA<\/p>\n<p>2n germ\u00e0\/na : 0,91 \u20ac\/dia + 10 % IVA<\/p>\n<p>3r germ\u00e0\/na o m\u00e9s: 0,45 \u20ac\/dia + 10 % IVA<\/p>\n<p>El preu ser\u00e0 el mateix pels alumnes que utilitzin el servei un sol viatge o no l\u2019agafi algun dia espor\u00e0dicament<\/p>\n<p>El cobrament es portar\u00e0 a terme mitjan\u00e7ant l\u2019Organisme de Gesti\u00f3 Tribut\u00e0ria de la Diputaci\u00f3 de Barcelona trimestralment.<\/p>\n<p>&nbsp;<\/p>\n","protected":false},"excerpt":{"rendered":"<p>QUOTES CURS 25\/26 &#8211; ESCOLA HEROIS DEL BRUC Quota anual de material escolar: Educaci\u00f3 Infantil: 100 euros Ed. Prim\u00e0ria: 80 euros Quota anual de reutilitzaci\u00f3 (des de 3r a 6\u00e8): 20\u20ac Llibres Grafilletres (I4 i I5)\u00a0 Editorial Cru\u00eflla. Cal\u00b7ligrafia 1r\u00a0 Editorial Baula. Cal\u00b7ligrafia 2n Editorial Baula. Matem\u00e0tiques Innovamat (1r i 2n) Matem\u00e0tiques quadernet Baula (3r [&hellip;]<\/p>\n","protected":false},"author":1,"featured_media":0,"parent":0,"menu_order":0,"comment_status":"closed","ping_status":"closed","template":"","meta":{"_bbp_topic_count":0,"_bbp_reply_count":0,"_bbp_total_topic_count":0,"_bbp_total_reply_count":0,"_bbp_voice_count":0,"_bbp_anonymous_reply_count":0,"_bbp_topic_count_hidden":0,"_bbp_reply_count_hidden":0,"_bbp_forum_subforum_count":0,"site-sidebar-layout":"default","site-content-layout":"","ast-site-content-layout":"","site-content-style":"default","site-sidebar-style":"default","ast-global-header-display":"","ast-banner-title-visibility":"","ast-main-header-display":"","ast-hfb-above-header-display":"","ast-hfb-below-header-display":"","ast-hfb-mobile-header-display":"","site-post-title":"","ast-breadcrumbs-content":"","ast-featured-img":"","footer-sml-layout":"","theme-transparent-header-meta":"","adv-header-id-meta":"","stick-header-meta":"","header-above-stick-meta":"","header-main-stick-meta":"","header-below-stick-meta":"","astra-migrate-meta-layouts":"default","ast-page-background-enabled":"default","ast-page-background-meta":{"desktop":{"background-color":"var(--ast-global-color-4)","background-image":"","background-repeat":"repeat","background-position":"center center","background-size":"auto","background-attachment":"scroll","background-type":"","background-media":"","overlay-type":"","overlay-color":"","overlay-opacity":"","overlay-gradient":""},"tablet":{"background-color":"","background-image":"","background-repeat":"repeat","background-position":"center center","background-size":"auto","background-attachment":"scroll","background-type":"","background-media":"","overlay-type":"","overlay-color":"","overlay-opacity":"","overlay-gradient":""},"mobile":{"background-color":"","background-image":"","background-repeat":"repeat","background-position":"center center","background-size":"auto","background-attachment":"scroll","background-type":"","background-media":"","overlay-type":"","overlay-color":"","overlay-opacity":"","overlay-gradient":""}},"ast-content-background-meta":{"desktop":{"background-color":"var(--ast-global-color-5)","background-image":"","background-repeat":"repeat","background-position":"center center","background-size":"auto","background-attachment":"scroll","background-type":"","background-media":"","overlay-type":"","overlay-color":"","overlay-opacity":"","overlay-gradient":""},"tablet":{"background-color":"var(--ast-global-color-5)","background-image":"","background-repeat":"repeat","background-position":"center center","background-size":"auto","background-attachment":"scroll","background-type":"","background-media":"","overlay-type":"","overlay-color":"","overlay-opacity":"","overlay-gradient":""},"mobile":{"background-color":"var(--ast-global-color-5)","background-image":"","background-repeat":"repeat","background-position":"center center","background-size":"auto","background-attachment":"scroll","background-type":"","background-media":"","overlay-type":"","overlay-color":"","overlay-opacity":"","overlay-gradient":""}},"footnotes":""},"class_list":["post-13483","page","type-page","status-publish","hentry"],"post_mailing_queue_ids":[],"_links":{"self":[{"href":"https:\/\/agora.xtec.cat\/ceipheroisdelbruc\/wp-json\/wp\/v2\/pages\/13483","targetHints":{"allow":["GET"]}}],"collection":[{"href":"https:\/\/agora.xtec.cat\/ceipheroisdelbruc\/wp-json\/wp\/v2\/pages"}],"about":[{"href":"https:\/\/agora.xtec.cat\/ceipheroisdelbruc\/wp-json\/wp\/v2\/types\/page"}],"author":[{"embeddable":true,"href":"https:\/\/agora.xtec.cat\/ceipheroisdelbruc\/wp-json\/wp\/v2\/users\/1"}],"replies":[{"embeddable":true,"href":"https:\/\/agora.xtec.cat\/ceipheroisdelbruc\/wp-json\/wp\/v2\/comments?post=13483"}],"version-history":[{"count":6,"href":"https:\/\/agora.xtec.cat\/ceipheroisdelbruc\/wp-json\/wp\/v2\/pages\/13483\/revisions"}],"predecessor-version":[{"id":14249,"href":"https:\/\/agora.xtec.cat\/ceipheroisdelbruc\/wp-json\/wp\/v2\/pages\/13483\/revisions\/14249"}],"wp:attachment":[{"href":"https:\/\/agora.xtec.cat\/ceipheroisdelbruc\/wp-json\/wp\/v2\/media?parent=13483"}],"curies":[{"name":"wp","href":"https:\/\/api.w.org\/{rel}","templated":true}]}}