{"id":8396,"date":"2025-10-08T15:26:18","date_gmt":"2025-10-08T13:26:18","guid":{"rendered":"https:\/\/agora.xtec.cat\/ceipguilleries\/?page_id=8396"},"modified":"2025-10-08T15:34:06","modified_gmt":"2025-10-08T13:34:06","slug":"llibres-del-curs","status":"publish","type":"page","link":"https:\/\/agora.xtec.cat\/ceipguilleries\/llibres-del-curs\/","title":{"rendered":"LLIBRES CURS 2025-26"},"content":{"rendered":"\n<p><strong>Educaci\u00f3 Infantil<\/strong><\/p>\n<ul>\n<li>Grafismes 4 anys &#8211; Espiral. ProDigi<\/li>\n<li>Grafismes 5 anys &#8211; Espiral. ProDigi<\/li>\n<\/ul>\n\n\n\n\n\n<ul class=\"wp-block-list\">\n<li><\/li>\n<\/ul>\n\n\n\n<p><strong>Prim\u00e0ria<\/strong><\/p>\n<ul>\n<li><strong>Matem\u00e0tiques: Tuhattaituri<\/strong> &#8211; Vicens Vives (1r &#8211; 6\u00e8 curs)<\/li>\n<li><strong>Llengua catalana: Programa Comunica<\/strong> &#8211; Barcanova Innova (cicle inicial)<\/li>\n<li><strong>Llengua catalana: Programa Xarxa<\/strong> &#8211; Barcanova Innova (cicle mitj\u00e0 i superior)<\/li>\n<li><strong>Lengua castellana: Programa Argumenta<\/strong> &#8211; Barcanova Innova (cicle inicial)<\/li>\n<li><strong>Lengua castellana: Programa Reto<\/strong> &#8211; Barcanova Innova (cicle mitj\u00e0 i superior)<\/li>\n<li><strong>English: All about us now<\/strong> &#8211; Oxford (1r &#8211; 6\u00e8 curs)<\/li>\n<\/ul>\n","protected":false},"excerpt":{"rendered":"<p>Educaci\u00f3 Infantil Grafismes 4 anys &#8211; Espiral. ProDigi Grafismes 5 anys &#8211; Espiral. ProDigi Prim\u00e0ria Matem\u00e0tiques: Tuhattaituri &#8211; Vicens Vives (1r &#8211; 6\u00e8 curs) Llengua catalana: Programa Comunica &#8211; Barcanova Innova (cicle inicial) Llengua catalana: Programa Xarxa &#8211; Barcanova Innova (cicle mitj\u00e0 i superior) Lengua castellana: Programa Argumenta &#8211; Barcanova Innova (cicle inicial) Lengua castellana: [&hellip;]<\/p>\n","protected":false},"author":1,"featured_media":0,"parent":0,"menu_order":0,"comment_status":"closed","ping_status":"close","template":"","meta":{"_bbp_topic_count":0,"_bbp_reply_count":0,"_bbp_total_topic_count":0,"_bbp_total_reply_count":0,"_bbp_voice_count":0,"_bbp_anonymous_reply_count":0,"_bbp_topic_count_hidden":0,"_bbp_reply_count_hidden":0,"_bbp_forum_subforum_count":0,"site-sidebar-layout":"default","site-content-layout":"","ast-site-content-layout":"default","site-content-style":"default","site-sidebar-style":"default","ast-global-header-display":"","ast-banner-title-visibility":"","ast-main-header-display":"","ast-hfb-above-header-display":"","ast-hfb-below-header-display":"","ast-hfb-mobile-header-display":"","site-post-title":"","ast-breadcrumbs-content":"","ast-featured-img":"","footer-sml-layout":"","theme-transparent-header-meta":"","adv-header-id-meta":"","stick-header-meta":"","header-above-stick-meta":"","header-main-stick-meta":"","header-below-stick-meta":"","astra-migrate-meta-layouts":"set","ast-page-background-enabled":"default","ast-page-background-meta":{"desktop":{"background-color":"var(--ast-global-color-4)","background-image":"","background-repeat":"repeat","background-position":"center center","background-size":"auto","background-attachment":"scroll","background-type":"","background-media":"","overlay-type":"","overlay-color":"","overlay-opacity":"","overlay-gradient":""},"tablet":{"background-color":"","background-image":"","background-repeat":"repeat","background-position":"center center","background-size":"auto","background-attachment":"scroll","background-type":"","background-media":"","overlay-type":"","overlay-color":"","overlay-opacity":"","overlay-gradient":""},"mobile":{"background-color":"","background-image":"","background-repeat":"repeat","background-position":"center center","background-size":"auto","background-attachment":"scroll","background-type":"","background-media":"","overlay-type":"","overlay-color":"","overlay-opacity":"","overlay-gradient":""}},"ast-content-background-meta":{"desktop":{"background-color":"var(--ast-global-color-5)","background-image":"","background-repeat":"repeat","background-position":"center center","background-size":"auto","background-attachment":"scroll","background-type":"","background-media":"","overlay-type":"","overlay-color":"","overlay-opacity":"","overlay-gradient":""},"tablet":{"background-color":"var(--ast-global-color-5)","background-image":"","background-repeat":"repeat","background-position":"center center","background-size":"auto","background-attachment":"scroll","background-type":"","background-media":"","overlay-type":"","overlay-color":"","overlay-opacity":"","overlay-gradient":""},"mobile":{"background-color":"var(--ast-global-color-5)","background-image":"","background-repeat":"repeat","background-position":"center center","background-size":"auto","background-attachment":"scroll","background-type":"","background-media":"","overlay-type":"","overlay-color":"","overlay-opacity":"","overlay-gradient":""}},"footnotes":""},"class_list":["post-8396","page","type-page","status-publish","hentry"],"post_mailing_queue_ids":[],"_links":{"self":[{"href":"https:\/\/agora.xtec.cat\/ceipguilleries\/wp-json\/wp\/v2\/pages\/8396","targetHints":{"allow":["GET"]}}],"collection":[{"href":"https:\/\/agora.xtec.cat\/ceipguilleries\/wp-json\/wp\/v2\/pages"}],"about":[{"href":"https:\/\/agora.xtec.cat\/ceipguilleries\/wp-json\/wp\/v2\/types\/page"}],"author":[{"embeddable":true,"href":"https:\/\/agora.xtec.cat\/ceipguilleries\/wp-json\/wp\/v2\/users\/1"}],"replies":[{"embeddable":true,"href":"https:\/\/agora.xtec.cat\/ceipguilleries\/wp-json\/wp\/v2\/comments?post=8396"}],"version-history":[{"count":2,"href":"https:\/\/agora.xtec.cat\/ceipguilleries\/wp-json\/wp\/v2\/pages\/8396\/revisions"}],"predecessor-version":[{"id":8400,"href":"https:\/\/agora.xtec.cat\/ceipguilleries\/wp-json\/wp\/v2\/pages\/8396\/revisions\/8400"}],"wp:attachment":[{"href":"https:\/\/agora.xtec.cat\/ceipguilleries\/wp-json\/wp\/v2\/media?parent=8396"}],"curies":[{"name":"wp","href":"https:\/\/api.w.org\/{rel}","templated":true}]}}