{"id":8279,"date":"2025-09-13T20:25:25","date_gmt":"2025-09-13T18:25:25","guid":{"rendered":"https:\/\/agora.xtec.cat\/ceipguilleries\/?page_id=8279"},"modified":"2025-09-13T20:25:26","modified_gmt":"2025-09-13T18:25:26","slug":"superat-un-ideari-amb-arrels-i-futur","status":"publish","type":"page","link":"https:\/\/agora.xtec.cat\/ceipguilleries\/superat-un-ideari-amb-arrels-i-futur\/","title":{"rendered":"SUPERA&#8217;T: un ideari amb arrels i futur"},"content":{"rendered":"\n<p style=\"text-align: justify;\"><b>SUPERA\u2019T<\/b><span style=\"font-weight: 400;\"> recull l\u2019ess\u00e8ncia de l\u2019Escola Guilleries i \u00e9s el reflex dels <\/span><b>valors<\/b><span style=\"font-weight: 400;\"> que defineixen el nostre projecte educatiu i que volem transmetre a l\u2019alumnat i a tota la comunitat.\u00a0<\/span><\/p>\n<p style=\"text-align: justify;\"><span style=\"font-weight: 400;\">SUPERA\u2019T no \u00e9s l\u2019adaptaci\u00f3 d\u2019una metodologia revolucion\u00e0ria importada ni el resultat d\u2019un model patentat en prestigioses universitats. \u00c9s un <\/span><b>projecte propi<\/b><span style=\"font-weight: 400;\">, nascut a l\u2019Escola Guilleries, que s\u2019ha anat configurant al llarg de la hist\u00f2ria del centre.\u00a0 \u00c9s el <\/span><b>llegat dels professionals<\/b><span style=\"font-weight: 400;\"> que han deixat la seva empremta en aquestes aules, de <\/span><b>les fam\u00edlies<\/b><span style=\"font-weight: 400;\"> i de tota la comunitat, d\u2019abans i d\u2019avui, que han contribu\u00eft a construir i enriquir el nostre projecte educatiu.\u00a0<\/span><\/p>\n<p style=\"text-align: justify;\"><span style=\"font-weight: 400;\">SUPERA\u2019T \u00e9s, en definitiva, un <\/span><b>viatge continu<\/b><span style=\"font-weight: 400;\">: un cam\u00ed d\u2019aprenentatge, superaci\u00f3 i creixement que ens impulsa a <\/span><b>millorar cada dia<\/b><span style=\"font-weight: 400;\">, a <\/span><b>valorar les nostres arrels<\/b><span style=\"font-weight: 400;\"> i a transformar el nostre entorn. \u00c9s la prova que l\u2019educaci\u00f3 real \u00e9s la que neix de la comunitat, de les seves necessitats, del respecte per la hist\u00f2ria i de la voluntat de crear un futur millor, ple de sentit, oportunitats i possibilitats.<\/span><\/p>\n<p style=\"text-align: justify;\"><span style=\"font-weight: 400;\">Tots els infants tenen el potencial per cr\u00e9ixer, aprendre i ser feli\u00e7os. El nostre paper \u00e9s acompanyar-los i donar-los eines, amb la complicitat de les fam\u00edlies, perqu\u00e8 puguin assolir els seus propis objectius i, alhora, contribuir a un m\u00f3n millor.<\/span><\/p>\n<p style=\"text-align: justify;\"><span style=\"font-weight: 400;\">El mot t\u00e9 doble sentit: \u201cSupera\u2019t\u201d \u00e9s tant un <\/span><b>comprom\u00eds individual<\/b><span style=\"font-weight: 400;\"> com una <\/span><b>crida col\u00b7lectiva<\/b><span style=\"font-weight: 400;\">. Superar-se a si mateix, cr\u00e9ixer personalment per treure la millor versi\u00f3 de cadasc\u00fa i supera\u2019t com a invitaci\u00f3, com a missatge directe als infants, a les fam\u00edlies i a tota la comunitat educativa per recordar-nos que sempre podem anar m\u00e9s enll\u00e0.<\/span><\/p>\n\n\n\n\n\n<figure class=\"wp-block-image size-large is-resized\"><a href=\"https:\/\/agora.xtec.cat\/ceipguilleries\/wp-content\/uploads\/usu1226\/2025\/09\/Blue-Pastel-Minimalist-Graphic-Designer-CV-Resume.jpg\"><img loading=\"lazy\" decoding=\"async\" width=\"724\" height=\"1024\" src=\"https:\/\/agora.xtec.cat\/ceipguilleries\/wp-content\/uploads\/usu1226\/2025\/09\/Blue-Pastel-Minimalist-Graphic-Designer-CV-Resume-724x1024.jpg\" alt=\"\" class=\"wp-image-8280\" style=\"width:948px;height:auto\" srcset=\"https:\/\/agora.xtec.cat\/ceipguilleries\/wp-content\/uploads\/usu1226\/2025\/09\/Blue-Pastel-Minimalist-Graphic-Designer-CV-Resume-724x1024.jpg 724w, https:\/\/agora.xtec.cat\/ceipguilleries\/wp-content\/uploads\/usu1226\/2025\/09\/Blue-Pastel-Minimalist-Graphic-Designer-CV-Resume-212x300.jpg 212w, https:\/\/agora.xtec.cat\/ceipguilleries\/wp-content\/uploads\/usu1226\/2025\/09\/Blue-Pastel-Minimalist-Graphic-Designer-CV-Resume-768x1086.jpg 768w, https:\/\/agora.xtec.cat\/ceipguilleries\/wp-content\/uploads\/usu1226\/2025\/09\/Blue-Pastel-Minimalist-Graphic-Designer-CV-Resume-1086x1536.jpg 1086w, https:\/\/agora.xtec.cat\/ceipguilleries\/wp-content\/uploads\/usu1226\/2025\/09\/Blue-Pastel-Minimalist-Graphic-Designer-CV-Resume.jpg 1414w\" sizes=\"auto, (max-width: 724px) 100vw, 724px\" \/><\/a><\/figure>\n\n\n","protected":false},"excerpt":{"rendered":"<p>SUPERA\u2019T recull l\u2019ess\u00e8ncia de l\u2019Escola Guilleries i \u00e9s el reflex dels valors que defineixen el nostre projecte educatiu i que volem transmetre a l\u2019alumnat i a tota la comunitat.\u00a0 SUPERA\u2019T no \u00e9s l\u2019adaptaci\u00f3 d\u2019una metodologia revolucion\u00e0ria importada ni el resultat d\u2019un model patentat en prestigioses universitats. \u00c9s un projecte propi, nascut a l\u2019Escola Guilleries, que [&hellip;]<\/p>\n","protected":false},"author":1,"featured_media":0,"parent":0,"menu_order":0,"comment_status":"closed","ping_status":"close","template":"","meta":{"_bbp_topic_count":0,"_bbp_reply_count":0,"_bbp_total_topic_count":0,"_bbp_total_reply_count":0,"_bbp_voice_count":0,"_bbp_anonymous_reply_count":0,"_bbp_topic_count_hidden":0,"_bbp_reply_count_hidden":0,"_bbp_forum_subforum_count":0,"site-sidebar-layout":"default","site-content-layout":"","ast-site-content-layout":"default","site-content-style":"default","site-sidebar-style":"default","ast-global-header-display":"","ast-banner-title-visibility":"","ast-main-header-display":"","ast-hfb-above-header-display":"","ast-hfb-below-header-display":"","ast-hfb-mobile-header-display":"","site-post-title":"","ast-breadcrumbs-content":"","ast-featured-img":"","footer-sml-layout":"","theme-transparent-header-meta":"","adv-header-id-meta":"","stick-header-meta":"","header-above-stick-meta":"","header-main-stick-meta":"","header-below-stick-meta":"","astra-migrate-meta-layouts":"set","ast-page-background-enabled":"default","ast-page-background-meta":{"desktop":{"background-color":"var(--ast-global-color-4)","background-image":"","background-repeat":"repeat","background-position":"center center","background-size":"auto","background-attachment":"scroll","background-type":"","background-media":"","overlay-type":"","overlay-color":"","overlay-opacity":"","overlay-gradient":""},"tablet":{"background-color":"","background-image":"","background-repeat":"repeat","background-position":"center center","background-size":"auto","background-attachment":"scroll","background-type":"","background-media":"","overlay-type":"","overlay-color":"","overlay-opacity":"","overlay-gradient":""},"mobile":{"background-color":"","background-image":"","background-repeat":"repeat","background-position":"center center","background-size":"auto","background-attachment":"scroll","background-type":"","background-media":"","overlay-type":"","overlay-color":"","overlay-opacity":"","overlay-gradient":""}},"ast-content-background-meta":{"desktop":{"background-color":"var(--ast-global-color-5)","background-image":"","background-repeat":"repeat","background-position":"center center","background-size":"auto","background-attachment":"scroll","background-type":"","background-media":"","overlay-type":"","overlay-color":"","overlay-opacity":"","overlay-gradient":""},"tablet":{"background-color":"var(--ast-global-color-5)","background-image":"","background-repeat":"repeat","background-position":"center center","background-size":"auto","background-attachment":"scroll","background-type":"","background-media":"","overlay-type":"","overlay-color":"","overlay-opacity":"","overlay-gradient":""},"mobile":{"background-color":"var(--ast-global-color-5)","background-image":"","background-repeat":"repeat","background-position":"center center","background-size":"auto","background-attachment":"scroll","background-type":"","background-media":"","overlay-type":"","overlay-color":"","overlay-opacity":"","overlay-gradient":""}},"footnotes":""},"class_list":["post-8279","page","type-page","status-publish","hentry"],"post_mailing_queue_ids":[],"_links":{"self":[{"href":"https:\/\/agora.xtec.cat\/ceipguilleries\/wp-json\/wp\/v2\/pages\/8279","targetHints":{"allow":["GET"]}}],"collection":[{"href":"https:\/\/agora.xtec.cat\/ceipguilleries\/wp-json\/wp\/v2\/pages"}],"about":[{"href":"https:\/\/agora.xtec.cat\/ceipguilleries\/wp-json\/wp\/v2\/types\/page"}],"author":[{"embeddable":true,"href":"https:\/\/agora.xtec.cat\/ceipguilleries\/wp-json\/wp\/v2\/users\/1"}],"replies":[{"embeddable":true,"href":"https:\/\/agora.xtec.cat\/ceipguilleries\/wp-json\/wp\/v2\/comments?post=8279"}],"version-history":[{"count":1,"href":"https:\/\/agora.xtec.cat\/ceipguilleries\/wp-json\/wp\/v2\/pages\/8279\/revisions"}],"predecessor-version":[{"id":8281,"href":"https:\/\/agora.xtec.cat\/ceipguilleries\/wp-json\/wp\/v2\/pages\/8279\/revisions\/8281"}],"wp:attachment":[{"href":"https:\/\/agora.xtec.cat\/ceipguilleries\/wp-json\/wp\/v2\/media?parent=8279"}],"curies":[{"name":"wp","href":"https:\/\/api.w.org\/{rel}","templated":true}]}}