{"id":8216,"date":"2025-09-01T23:39:55","date_gmt":"2025-09-01T21:39:55","guid":{"rendered":"https:\/\/agora.xtec.cat\/ceipguilleries\/?page_id=8216"},"modified":"2025-09-14T16:56:54","modified_gmt":"2025-09-14T14:56:54","slug":"calendari-2025-26","status":"publish","type":"page","link":"https:\/\/agora.xtec.cat\/ceipguilleries\/escola-2\/calendari-2025-26\/","title":{"rendered":"Calendari 2025-26"},"content":{"rendered":"\n<h4 class=\"wp-block-heading\"><strong>Inici de curs:<\/strong><\/h4>\n\n\n\n<p>8 de setembre de 2025.<\/p>\n\n\n\n\n\n<h4 class=\"wp-block-heading\"><strong>Vacances:<\/strong><\/h4>\n\n\n\n<p>Del 20 de desembre de 2025 al 7 de gener de 2026&nbsp; (ambd\u00f3s inclosos).<\/p>\n\n\n\n<p>Del 28 de mar\u00e7&nbsp; al 6 d\u2019abril de 2026 (ambd\u00f3s inclosos).<\/p>\n\n\n\n<p>A partir del 20 de juny de 2026.<\/p>\n\n\n\n\n\n<h4 class=\"wp-block-heading\"><strong>Dies festius i de lliure disposici\u00f3:<\/strong><\/h4>\n\n\n\n<p>11 de setembre<\/p>\n\n\n\n<p>13 i 31 d\u2019octubre de 2025.<\/p>\n\n\n\n<p>8 de desembre de 2025.<\/p>\n\n\n\n<p>13 i 16 de febrer de 2026.<\/p>\n\n\n\n<p>1, 25 i 26 de maig de 2026.<\/p>\n\n\n\n\n\n<h4 class=\"wp-block-heading\"><strong>Jornada continuada:<\/strong><\/h4>\n\n\n\n<p>19 de desembre de 2025 i del 8 al 19 de juny de 2026.<\/p>\n\n\n\n\n\n<p><strong>L\u2019horari lectiu<\/strong>&nbsp;en jornada continuada \u00e9s de <strong>9 a 13h <\/strong>per a tots els alumnes del centre.<\/p>\n\n\n\n<p>L\u2019<strong>horari lectiu<\/strong>\u00a0del centre en jornada partida \u00e9s de <strong>9 a 12,30 h <\/strong>i de <strong>14,30 a 16,00 h <\/strong>per a tots els alumnes del centre.<\/p>\n\n\n\n<p><em>Per als alumnes que inicien l\u2019escolaritzaci\u00f3 a i3 s\u2019organitza un breu per\u00edode d\u2019adaptaci\u00f3 que suposa una certa modificaci\u00f3 dels horaris dels primers dies de classe, i que es fa saber a les fam\u00edlies en les reunions pr\u00e8vies corresponents.<\/em><\/p>\n\n\n\n<p><strong>Per descarregar-vos el calendari del curs en PDF<\/strong>:&nbsp; <a href=\"https:\/\/drive.google.com\/file\/d\/1gdKpo95piXaUW7oO404xT-LBWSbpo1Dy\/view\">horari Escola Guilleries curs 2025-26<\/a><\/p>\n\n\n","protected":false},"excerpt":{"rendered":"<p>Inici de curs: 8 de setembre de 2025. Vacances: Del 20 de desembre de 2025 al 7 de gener de 2026&nbsp; (ambd\u00f3s inclosos). Del 28 de mar\u00e7&nbsp; al 6 d\u2019abril de 2026 (ambd\u00f3s inclosos). A partir del 20 de juny de 2026. Dies festius i de lliure disposici\u00f3: 11 de setembre 13 i 31 d\u2019octubre [&hellip;]<\/p>\n","protected":false},"author":1,"featured_media":0,"parent":8136,"menu_order":0,"comment_status":"closed","ping_status":"close","template":"","meta":{"_bbp_topic_count":0,"_bbp_reply_count":0,"_bbp_total_topic_count":0,"_bbp_total_reply_count":0,"_bbp_voice_count":0,"_bbp_anonymous_reply_count":0,"_bbp_topic_count_hidden":0,"_bbp_reply_count_hidden":0,"_bbp_forum_subforum_count":0,"site-sidebar-layout":"default","site-content-layout":"","ast-site-content-layout":"default","site-content-style":"default","site-sidebar-style":"default","ast-global-header-display":"","ast-banner-title-visibility":"","ast-main-header-display":"","ast-hfb-above-header-display":"","ast-hfb-below-header-display":"","ast-hfb-mobile-header-display":"","site-post-title":"","ast-breadcrumbs-content":"","ast-featured-img":"","footer-sml-layout":"","theme-transparent-header-meta":"","adv-header-id-meta":"","stick-header-meta":"","header-above-stick-meta":"","header-main-stick-meta":"","header-below-stick-meta":"","astra-migrate-meta-layouts":"set","ast-page-background-enabled":"default","ast-page-background-meta":{"desktop":{"background-color":"var(--ast-global-color-4)","background-image":"","background-repeat":"repeat","background-position":"center center","background-size":"auto","background-attachment":"scroll","background-type":"","background-media":"","overlay-type":"","overlay-color":"","overlay-opacity":"","overlay-gradient":""},"tablet":{"background-color":"","background-image":"","background-repeat":"repeat","background-position":"center center","background-size":"auto","background-attachment":"scroll","background-type":"","background-media":"","overlay-type":"","overlay-color":"","overlay-opacity":"","overlay-gradient":""},"mobile":{"background-color":"","background-image":"","background-repeat":"repeat","background-position":"center center","background-size":"auto","background-attachment":"scroll","background-type":"","background-media":"","overlay-type":"","overlay-color":"","overlay-opacity":"","overlay-gradient":""}},"ast-content-background-meta":{"desktop":{"background-color":"var(--ast-global-color-5)","background-image":"","background-repeat":"repeat","background-position":"center center","background-size":"auto","background-attachment":"scroll","background-type":"","background-media":"","overlay-type":"","overlay-color":"","overlay-opacity":"","overlay-gradient":""},"tablet":{"background-color":"var(--ast-global-color-5)","background-image":"","background-repeat":"repeat","background-position":"center center","background-size":"auto","background-attachment":"scroll","background-type":"","background-media":"","overlay-type":"","overlay-color":"","overlay-opacity":"","overlay-gradient":""},"mobile":{"background-color":"var(--ast-global-color-5)","background-image":"","background-repeat":"repeat","background-position":"center center","background-size":"auto","background-attachment":"scroll","background-type":"","background-media":"","overlay-type":"","overlay-color":"","overlay-opacity":"","overlay-gradient":""}},"footnotes":""},"class_list":["post-8216","page","type-page","status-publish","hentry"],"post_mailing_queue_ids":[],"_links":{"self":[{"href":"https:\/\/agora.xtec.cat\/ceipguilleries\/wp-json\/wp\/v2\/pages\/8216","targetHints":{"allow":["GET"]}}],"collection":[{"href":"https:\/\/agora.xtec.cat\/ceipguilleries\/wp-json\/wp\/v2\/pages"}],"about":[{"href":"https:\/\/agora.xtec.cat\/ceipguilleries\/wp-json\/wp\/v2\/types\/page"}],"author":[{"embeddable":true,"href":"https:\/\/agora.xtec.cat\/ceipguilleries\/wp-json\/wp\/v2\/users\/1"}],"replies":[{"embeddable":true,"href":"https:\/\/agora.xtec.cat\/ceipguilleries\/wp-json\/wp\/v2\/comments?post=8216"}],"version-history":[{"count":2,"href":"https:\/\/agora.xtec.cat\/ceipguilleries\/wp-json\/wp\/v2\/pages\/8216\/revisions"}],"predecessor-version":[{"id":8334,"href":"https:\/\/agora.xtec.cat\/ceipguilleries\/wp-json\/wp\/v2\/pages\/8216\/revisions\/8334"}],"up":[{"embeddable":true,"href":"https:\/\/agora.xtec.cat\/ceipguilleries\/wp-json\/wp\/v2\/pages\/8136"}],"wp:attachment":[{"href":"https:\/\/agora.xtec.cat\/ceipguilleries\/wp-json\/wp\/v2\/media?parent=8216"}],"curies":[{"name":"wp","href":"https:\/\/api.w.org\/{rel}","templated":true}]}}