{"id":8208,"date":"2025-09-01T20:03:57","date_gmt":"2025-09-01T18:03:57","guid":{"rendered":"https:\/\/agora.xtec.cat\/ceipguilleries\/?page_id=8208"},"modified":"2026-03-03T23:47:44","modified_gmt":"2026-03-03T22:47:44","slug":"equip-2025-26","status":"publish","type":"page","link":"https:\/\/agora.xtec.cat\/ceipguilleries\/escola-2\/equip-2025-26\/","title":{"rendered":"Equip 2025-26"},"content":{"rendered":"\n<figure class=\"wp-block-image size-large\"><a href=\"https:\/\/agora.xtec.cat\/ceipguilleries\/wp-content\/uploads\/usu1226\/2025\/09\/IMG_20250901_195635-1.jpg\"><img loading=\"lazy\" decoding=\"async\" width=\"1024\" height=\"712\" src=\"https:\/\/agora.xtec.cat\/ceipguilleries\/wp-content\/uploads\/usu1226\/2025\/09\/IMG_20250901_195635-1-1024x712.jpg\" alt=\"\" class=\"wp-image-8209\" srcset=\"https:\/\/agora.xtec.cat\/ceipguilleries\/wp-content\/uploads\/usu1226\/2025\/09\/IMG_20250901_195635-1-1024x712.jpg 1024w, https:\/\/agora.xtec.cat\/ceipguilleries\/wp-content\/uploads\/usu1226\/2025\/09\/IMG_20250901_195635-1-300x209.jpg 300w, https:\/\/agora.xtec.cat\/ceipguilleries\/wp-content\/uploads\/usu1226\/2025\/09\/IMG_20250901_195635-1-768x534.jpg 768w, https:\/\/agora.xtec.cat\/ceipguilleries\/wp-content\/uploads\/usu1226\/2025\/09\/IMG_20250901_195635-1-1536x1068.jpg 1536w, https:\/\/agora.xtec.cat\/ceipguilleries\/wp-content\/uploads\/usu1226\/2025\/09\/IMG_20250901_195635-1.jpg 1728w\" sizes=\"auto, (max-width: 1024px) 100vw, 1024px\" \/><\/a><\/figure>\n\n\n\n<div class=\"wp-block-getwid-accordion has-icon-left\" data-active-element=\"none\">\n<div class=\"wp-block-getwid-accordion__header-wrapper\"><span class=\"wp-block-getwid-accordion__header\"><a href=\"#\"><span class=\"wp-block-getwid-accordion__header-title\"><strong>Equip directiu<\/strong><\/span><span class=\"wp-block-getwid-accordion__icon is-active\"><i class=\"fas fa-plus\"><\/i><\/span><span class=\"wp-block-getwid-accordion__icon is-passive\"><i class=\"fas fa-minus\"><\/i><\/span><\/a><\/span><\/div><div class=\"wp-block-getwid-accordion__content-wrapper\"><div class=\"wp-block-getwid-accordion__content\">\n<ul class=\"wp-block-list\">\n<li><strong>Directora:<\/strong> Marta Vil\u00e0 Vilamala<\/li>\n\n\n\n<li><strong>Cap d&#8217;estudis:<\/strong> \u00c8rika Contreras Arteaga<\/li>\n\n\n\n<li><strong>Secretaria:<\/strong> Gl\u00f2ria Xifr\u00e9 Casades\u00fas<\/li>\n<\/ul>\n\n\n\n\n<\/div><\/div>\n\n\n\n<div class=\"wp-block-getwid-accordion__header-wrapper\"><span class=\"wp-block-getwid-accordion__header\"><a href=\"#\"><span class=\"wp-block-getwid-accordion__header-title\"><strong>Equip Educaci\u00f3 Infantil<\/strong><\/span><span class=\"wp-block-getwid-accordion__icon is-active\"><i class=\"fas fa-plus\"><\/i><\/span><span class=\"wp-block-getwid-accordion__icon is-passive\"><i class=\"fas fa-minus\"><\/i><\/span><\/a><\/span><\/div><div class=\"wp-block-getwid-accordion__content-wrapper\"><div class=\"wp-block-getwid-accordion__content\">\n<ul>\n<li><strong>Ei3A:<\/strong>\u00a0 \u00a0M\u00edriam Berm\u00fadez Hern\u00e1ndez\u00a0 \u00a0<\/li>\n<li><strong>Ei3B:\u00a0<\/strong> \u00a0Montse L\u00f3pez Calvo\u00a0 \u00a0 \u00a0<\/li>\n<li><strong>TEI: <\/strong>\u00a0 Marta Rabert Monta\u00f1\u00e9s\u00a0 \u00a0\u00a0<\/li>\n<li><strong>Ei4A:<\/strong>\u00a0 \u00a0Laura Novel Alonso\u00a0 \u00a0\u00a0<\/li>\n<li><strong>Ei4B:<\/strong>\u00a0 \u00a0 Pepi Carbonell Vicens\u00a0 \u00a0\u00a0<\/li>\n<li><strong>Ei5A:<\/strong>\u00a0 \u00a0S\u00edlvia Vilamala Soler\u00a0 \u00a0\u00a0<\/li>\n<li><strong>Ei5B:<\/strong>\u00a0 \u00a0M\u00aa\u00c0ngels Rabionet Sancho\u00a0 \u00a0\u00a0<\/li>\n<li><strong>Psico\/suport:<\/strong>\u00a0 \u00a0Montse Mas\u00f3 Palomera\u00a0 \u00a0\u00a0<\/li>\n<\/ul>\n\n\n\n\n<\/div><\/div>\n\n\n\n<div class=\"wp-block-getwid-accordion__header-wrapper\"><span class=\"wp-block-getwid-accordion__header\"><a href=\"#\"><span class=\"wp-block-getwid-accordion__header-title\"><strong>Equip Educaci\u00f3 Prim\u00e0ria<\/strong><\/span><span class=\"wp-block-getwid-accordion__icon is-active\"><i class=\"fas fa-plus\"><\/i><\/span><span class=\"wp-block-getwid-accordion__icon is-passive\"><i class=\"fas fa-minus\"><\/i><\/span><\/a><\/span><\/div><div class=\"wp-block-getwid-accordion__content-wrapper\"><div class=\"wp-block-getwid-accordion__content\">\n<ul>\n<li><strong>1rA:\u00a0 \u00a0<\/strong>Jordi Serrano Triad\u00fa<\/li>\n<li><strong>1rB:\u00a0 \u00a0<\/strong>Nat\u00e0lia Pladevall\u00a0<\/li>\n<li><strong>2nA:\u00a0 \u00a0<\/strong>S\u00edlvia Rico Perez<\/li>\n<li><strong>2nB:\u00a0 \u00a0<\/strong>Clara Ribera Dalmases<\/li>\n<li><strong>3rA:\u00a0 \u00a0<\/strong>J\u00falia Tur\u00f3n Gelma<\/li>\n<li><strong>3rB:\u00a0 \u00a0<\/strong>Marta Rovira Coll<\/li>\n<li><strong>4tA:\u00a0 \u00a0<\/strong>Irene Vidal Sanchez<\/li>\n<li><strong>4tB:<\/strong>\u00a0 \u00a0Marta Mas\u00f3 Palomera<\/li>\n<li><strong>5\u00e8A:\u00a0 \u00a0<\/strong>M\u00f2nica Cobo Baena<\/li>\n<li><strong>5\u00e8B:\u00a0 \u00a0<\/strong>Neus Gal\u00ed Brugada<\/li>\n<li><strong>6\u00e8A:\u00a0 \u00a0<\/strong>Emilia Jurado Vidal<\/li>\n<li><strong>6\u00e8B:\u00a0 \u00a0<\/strong>Sergi Prat Bagudach<\/li>\n<li><strong>Suport:<\/strong> Dolors Pallarols Canaleta<\/li>\n<\/ul>\n<\/div><\/div>\n\n\n\n<div class=\"wp-block-getwid-accordion__header-wrapper\"><span class=\"wp-block-getwid-accordion__header\"><a href=\"#\"><span class=\"wp-block-getwid-accordion__header-title\"><strong>Equip d&#8217;especialistes<\/strong><\/span><span class=\"wp-block-getwid-accordion__icon is-active\"><i class=\"fas fa-plus\"><\/i><\/span><span class=\"wp-block-getwid-accordion__icon is-passive\"><i class=\"fas fa-minus\"><\/i><\/span><\/a><\/span><\/div><div class=\"wp-block-getwid-accordion__content-wrapper\"><div class=\"wp-block-getwid-accordion__content\">\n<ul>\n<li><strong>Educaci\u00f3 F\u00edsica:\u00a0<\/strong> \u00a0Dani Negre Cornet<\/li>\n<li><strong>Llengua anglesa 1:\u00a0<\/strong> \u00a0David Tordera Soler<\/li>\n<li><strong>Llengua anglesa 2:\u00a0<\/strong> \u00a0Sussi Palomeras Rodr\u00edguez<\/li>\n<li><strong>M\u00fasica:\u00a0<\/strong> \u00a0Eva Codinach Alabro<\/li>\n<\/ul>\n<\/div><\/div>\n\n\n\n<div class=\"wp-block-getwid-accordion__header-wrapper\"><span class=\"wp-block-getwid-accordion__header\"><a href=\"#\"><span class=\"wp-block-getwid-accordion__header-title\"><strong>Equip diversitat<\/strong><\/span><span class=\"wp-block-getwid-accordion__icon is-active\"><i class=\"fas fa-plus\"><\/i><\/span><span class=\"wp-block-getwid-accordion__icon is-passive\"><i class=\"fas fa-minus\"><\/i><\/span><\/a><\/span><\/div><div class=\"wp-block-getwid-accordion__content-wrapper\"><div class=\"wp-block-getwid-accordion__content\">\n<ul>\n<li><strong>Educaci\u00f3 Especial 1:\u00a0<\/strong> \u00a0Alba Pareja Parcet (Anna G\u00f3mez)<\/li>\n<li><strong>Educaci\u00f3 Especial 2:<\/strong>\u00a0 \u00a0Irma Pigrau Puig<\/li>\n<li><strong>SIEI 1:\u00a0<\/strong>\u00a0 Neus Pe\u00f1arroya Marsal (Aina Massaguer Faixedas)<\/li>\n<li><strong>SIEI 2:\u00a0<\/strong> \u00a0Laia Noguer Ti\u00f3<\/li>\n<li><strong>SIEI 3:<\/strong>\u00a0 \u00a0Gl\u00f2ria Xifr\u00e9 Casades\u00fas<\/li>\n<li><strong>Educadora SIEI:\u00a0<\/strong> \u00a0Aida Tirado Tresserras<\/li>\n<li><strong>Vetlladora:\u00a0<\/strong> \u00a0Sandra Moragues<\/li>\n<\/ul>\n<\/div><\/div>\n\n\n\n<div class=\"wp-block-getwid-accordion__header-wrapper\"><span class=\"wp-block-getwid-accordion__header\"><a href=\"#\"><span class=\"wp-block-getwid-accordion__header-title\"><strong>Equip PAS<\/strong><\/span><span class=\"wp-block-getwid-accordion__icon is-active\"><i class=\"fas fa-plus\"><\/i><\/span><span class=\"wp-block-getwid-accordion__icon is-passive\"><i class=\"fas fa-minus\"><\/i><\/span><\/a><\/span><\/div><div class=\"wp-block-getwid-accordion__content-wrapper\"><div class=\"wp-block-getwid-accordion__content\">\n<ul>\n<li><strong>Administrativa:<\/strong>\u00a0 \u00a0D\u00fania Hern\u00e1ndez Figueras<\/li>\n<li><strong>Conserge:\u00a0<\/strong> \u00a0Pep Farr\u00e0s<\/li>\n<\/ul>\n<\/div><\/div>\n\n\n\n<div class=\"wp-block-getwid-accordion__header-wrapper\"><span class=\"wp-block-getwid-accordion__header\"><a href=\"#\"><span class=\"wp-block-getwid-accordion__header-title\"><strong>Equip menjador<\/strong><\/span><span class=\"wp-block-getwid-accordion__icon is-active\"><i class=\"fas fa-plus\"><\/i><\/span><span class=\"wp-block-getwid-accordion__icon is-passive\"><i class=\"fas fa-minus\"><\/i><\/span><\/a><\/span><\/div><div class=\"wp-block-getwid-accordion__content-wrapper\"><div class=\"wp-block-getwid-accordion__content\">\n<ul>\n<li><strong>Coordinadora:<\/strong>&nbsp; &nbsp;Olga Andreu<\/li>\n<li><strong>Monitora:<\/strong>&nbsp; &nbsp;Dolors Fradera<\/li>\n<li><strong>Monitora:<\/strong>&nbsp; &nbsp;Sheila Ferreira<\/li>\n<li><strong>Monitora:<\/strong>&nbsp; &nbsp;Chaymae<\/li>\n<li><strong>Monitora:<\/strong>&nbsp; &nbsp;Cristina L\u00f3pez<\/li>\n<\/ul>\n<\/div><\/div>\n<\/div>\n\n\n","protected":false},"excerpt":{"rendered":"","protected":false},"author":1,"featured_media":0,"parent":8136,"menu_order":0,"comment_status":"closed","ping_status":"close","template":"","meta":{"_bbp_topic_count":0,"_bbp_reply_count":0,"_bbp_total_topic_count":0,"_bbp_total_reply_count":0,"_bbp_voice_count":0,"_bbp_anonymous_reply_count":0,"_bbp_topic_count_hidden":0,"_bbp_reply_count_hidden":0,"_bbp_forum_subforum_count":0,"site-sidebar-layout":"left-sidebar","site-content-layout":"","ast-site-content-layout":"default","site-content-style":"default","site-sidebar-style":"default","ast-global-header-display":"","ast-banner-title-visibility":"","ast-main-header-display":"","ast-hfb-above-header-display":"","ast-hfb-below-header-display":"","ast-hfb-mobile-header-display":"","site-post-title":"","ast-breadcrumbs-content":"","ast-featured-img":"","footer-sml-layout":"","theme-transparent-header-meta":"","adv-header-id-meta":"","stick-header-meta":"","header-above-stick-meta":"","header-main-stick-meta":"","header-below-stick-meta":"","astra-migrate-meta-layouts":"set","ast-page-background-enabled":"default","ast-page-background-meta":{"desktop":{"background-color":"var(--ast-global-color-4)","background-image":"","background-repeat":"repeat","background-position":"center center","background-size":"auto","background-attachment":"scroll","background-type":"","background-media":"","overlay-type":"","overlay-color":"","overlay-opacity":"","overlay-gradient":""},"tablet":{"background-color":"","background-image":"","background-repeat":"repeat","background-position":"center center","background-size":"auto","background-attachment":"scroll","background-type":"","background-media":"","overlay-type":"","overlay-color":"","overlay-opacity":"","overlay-gradient":""},"mobile":{"background-color":"","background-image":"","background-repeat":"repeat","background-position":"center center","background-size":"auto","background-attachment":"scroll","background-type":"","background-media":"","overlay-type":"","overlay-color":"","overlay-opacity":"","overlay-gradient":""}},"ast-content-background-meta":{"desktop":{"background-color":"var(--ast-global-color-5)","background-image":"","background-repeat":"repeat","background-position":"center center","background-size":"auto","background-attachment":"scroll","background-type":"","background-media":"","overlay-type":"","overlay-color":"","overlay-opacity":"","overlay-gradient":""},"tablet":{"background-color":"var(--ast-global-color-5)","background-image":"","background-repeat":"repeat","background-position":"center center","background-size":"auto","background-attachment":"scroll","background-type":"","background-media":"","overlay-type":"","overlay-color":"","overlay-opacity":"","overlay-gradient":""},"mobile":{"background-color":"var(--ast-global-color-5)","background-image":"","background-repeat":"repeat","background-position":"center center","background-size":"auto","background-attachment":"scroll","background-type":"","background-media":"","overlay-type":"","overlay-color":"","overlay-opacity":"","overlay-gradient":""}},"footnotes":""},"class_list":["post-8208","page","type-page","status-publish","hentry"],"post_mailing_queue_ids":[],"_links":{"self":[{"href":"https:\/\/agora.xtec.cat\/ceipguilleries\/wp-json\/wp\/v2\/pages\/8208","targetHints":{"allow":["GET"]}}],"collection":[{"href":"https:\/\/agora.xtec.cat\/ceipguilleries\/wp-json\/wp\/v2\/pages"}],"about":[{"href":"https:\/\/agora.xtec.cat\/ceipguilleries\/wp-json\/wp\/v2\/types\/page"}],"author":[{"embeddable":true,"href":"https:\/\/agora.xtec.cat\/ceipguilleries\/wp-json\/wp\/v2\/users\/1"}],"replies":[{"embeddable":true,"href":"https:\/\/agora.xtec.cat\/ceipguilleries\/wp-json\/wp\/v2\/comments?post=8208"}],"version-history":[{"count":6,"href":"https:\/\/agora.xtec.cat\/ceipguilleries\/wp-json\/wp\/v2\/pages\/8208\/revisions"}],"predecessor-version":[{"id":8591,"href":"https:\/\/agora.xtec.cat\/ceipguilleries\/wp-json\/wp\/v2\/pages\/8208\/revisions\/8591"}],"up":[{"embeddable":true,"href":"https:\/\/agora.xtec.cat\/ceipguilleries\/wp-json\/wp\/v2\/pages\/8136"}],"wp:attachment":[{"href":"https:\/\/agora.xtec.cat\/ceipguilleries\/wp-json\/wp\/v2\/media?parent=8208"}],"curies":[{"name":"wp","href":"https:\/\/api.w.org\/{rel}","templated":true}]}}