{"id":8176,"date":"2025-09-01T19:00:25","date_gmt":"2025-09-01T17:00:25","guid":{"rendered":"https:\/\/agora.xtec.cat\/ceipguilleries\/?page_id=8176"},"modified":"2025-09-01T19:08:50","modified_gmt":"2025-09-01T17:08:50","slug":"una-escola-amb-historia","status":"publish","type":"page","link":"https:\/\/agora.xtec.cat\/ceipguilleries\/escola-2\/una-escola-amb-historia\/","title":{"rendered":"Una escola amb hist\u00f2ria"},"content":{"rendered":"\n<p><img loading=\"lazy\" decoding=\"async\" class=\"wp-image-8194 alignnone\" src=\"https:\/\/agora.xtec.cat\/ceipguilleries\/wp-content\/uploads\/usu1226\/2025\/09\/IMG_20250901_175428-1-1024x689.jpg\" alt=\"\" width=\"520\" height=\"350\" srcset=\"https:\/\/agora.xtec.cat\/ceipguilleries\/wp-content\/uploads\/usu1226\/2025\/09\/IMG_20250901_175428-1-1024x689.jpg 1024w, https:\/\/agora.xtec.cat\/ceipguilleries\/wp-content\/uploads\/usu1226\/2025\/09\/IMG_20250901_175428-1-300x202.jpg 300w, https:\/\/agora.xtec.cat\/ceipguilleries\/wp-content\/uploads\/usu1226\/2025\/09\/IMG_20250901_175428-1-768x517.jpg 768w, https:\/\/agora.xtec.cat\/ceipguilleries\/wp-content\/uploads\/usu1226\/2025\/09\/IMG_20250901_175428-1-1536x1034.jpg 1536w, https:\/\/agora.xtec.cat\/ceipguilleries\/wp-content\/uploads\/usu1226\/2025\/09\/IMG_20250901_175428-1.jpg 2000w\" sizes=\"auto, (max-width: 520px) 100vw, 520px\" \/><\/p>\n\n\n\n<p style=\"text-align: right;\"><strong><em>Per saber on anem, ens cal comprendre d&#8217;on venim<\/em><\/strong><\/p>\n\n\n\n<p>\u00a0<\/p>\n<p style=\"text-align: justify;\" data-start=\"234\" data-end=\"525\">Sant Hilari Sacalm, capital de les Guilleries, \u00e9s un poble situat a gaireb\u00e9 800 metres d\u2019altitud, en un entorn muntany\u00f3s i de gran riquesa natural. Aquesta posici\u00f3 geogr\u00e0fica explica el seu clima fresc i pluj\u00f3s, que ha marcat al llarg dels segles la vida i l\u2019activitat dels seus habitants.<\/p>\n<p style=\"text-align: justify;\" data-start=\"527\" data-end=\"866\">A principis del segle XX, la vila vivia principalment del bosc, de l\u2019agricultura \u2014amb la patata com a cultiu estrella\u2014 i del turisme que generaven les fonts mineromedicinals i el seu paisatge. Tot i aix\u00f2, l\u2019a\u00efllament respecte a les grans vies de comunicaci\u00f3 i la poca implantaci\u00f3 industrial van frenar el seu creixement fins als anys seixanta.<\/p>\n<h4 data-start=\"527\" data-end=\"866\">\u00a0<\/h4>\n<h4 data-start=\"527\" data-end=\"866\"><strong>Els inicis de l&#8217;ensenyament p\u00fablic<\/strong><\/h4>\n<p style=\"text-align: justify;\" data-start=\"913\" data-end=\"1151\">Tot i que no hi ha dades exactes, sabem que l\u2019any 1900 ja existia una Junta Local d\u2019Ensenyament, vinculada a les juntes provincial i nacional. Aix\u00f2 demostra que a Sant Hilari ja hi havia una estructura educativa p\u00fablica en funcionament.<\/p>\n<p style=\"text-align: justify;\" data-start=\"1153\" data-end=\"1351\">En aquells temps, l\u2019educaci\u00f3 era segregada per sexes i irregular, ja que moltes fam\u00edlies necessitaven els infants per treballar al camp. Els nens i nenes podien estudiar en tres centres diferents:<\/p>\n<ul style=\"text-align: justify;\" data-start=\"1352\" data-end=\"1519\">\n<li data-start=\"1352\" data-end=\"1408\">\n<p data-start=\"1354\" data-end=\"1408\">El col\u00b7legi de les Germanes Carmelites de la Caritat<\/p>\n<\/li>\n<li data-start=\"1409\" data-end=\"1467\">\n<p data-start=\"1411\" data-end=\"1467\">Els semi-soterranis de l\u2019Ajuntament (educaci\u00f3 p\u00fablica)<\/p>\n<\/li>\n<li data-start=\"1468\" data-end=\"1519\">\n<p data-start=\"1470\" data-end=\"1519\">L\u2019escola parroquial, vinculada al bisbat de Vic<\/p>\n<\/li>\n<\/ul>\n<p style=\"text-align: justify;\" data-start=\"1521\" data-end=\"1777\">Com arreu del pa\u00eds, l\u2019ensenyament va patir els canvis pol\u00edtics de l\u2019\u00e8poca: durant la monarquia d\u2019Alfons XIII es feia en castell\u00e0; a la Rep\u00fablica es van retirar els s\u00edmbols religiosos; i amb el franquisme, l\u2019escola va quedar al servei de l\u2019ideari del r\u00e8gim.<\/p>\n<h4 data-start=\"1784\" data-end=\"1827\">\u00a0<\/h4>\n<h4 data-start=\"1784\" data-end=\"1827\">La construcci\u00f3 del nou edifici escolar<\/h4>\n<p style=\"text-align: justify;\" data-start=\"1828\" data-end=\"2175\">A principis del segle XX, la precarietat de les aules va fer evident la necessitat de construir un nou edifici. L\u2019any 1917, gr\u00e0cies a la cessi\u00f3 de terrenys del doctor Morales i a una subvenci\u00f3 estatal, es van iniciar les gestions. El projecte, obra de l\u2019arquitecte senyor Girals, fou adjudicat a l\u2019empresa de Joan Compa\u00f1\u00f3 Car\u00f3s, de Santa Coloma de Farners.<\/p>\n<p style=\"text-align: justify;\" data-start=\"2177\" data-end=\"2660\"><img loading=\"lazy\" decoding=\"async\" class=\"wp-image-8196 aligncenter\" src=\"https:\/\/agora.xtec.cat\/ceipguilleries\/wp-content\/uploads\/usu1226\/2025\/09\/IMG_20250901_175338-1024x679.jpg\" alt=\"\" width=\"458\" height=\"304\" srcset=\"https:\/\/agora.xtec.cat\/ceipguilleries\/wp-content\/uploads\/usu1226\/2025\/09\/IMG_20250901_175338-1024x679.jpg 1024w, https:\/\/agora.xtec.cat\/ceipguilleries\/wp-content\/uploads\/usu1226\/2025\/09\/IMG_20250901_175338-300x199.jpg 300w, https:\/\/agora.xtec.cat\/ceipguilleries\/wp-content\/uploads\/usu1226\/2025\/09\/IMG_20250901_175338-768x509.jpg 768w, https:\/\/agora.xtec.cat\/ceipguilleries\/wp-content\/uploads\/usu1226\/2025\/09\/IMG_20250901_175338-1536x1018.jpg 1536w, https:\/\/agora.xtec.cat\/ceipguilleries\/wp-content\/uploads\/usu1226\/2025\/09\/IMG_20250901_175338.jpg 2000w\" sizes=\"auto, (max-width: 458px) 100vw, 458px\" \/><\/p>\n<p style=\"text-align: justify;\" data-start=\"2177\" data-end=\"2660\">Les obres es van posar en marxa el 20 d\u2019octubre de 1934 i van finalitzar a la primavera del 1937. El nou edifici era modern i funcional: parvulari, vuit aules grans i lluminoses, espais per a treballs manuals amb material de laboratori franc\u00e8s, calefacci\u00f3 central i un ampli pati d\u2019esbarjo. E<span style=\"font-weight: 400;\">ra un &#8220;edifici mod\u00e8lic&#8221;, deia el Sr Reixach, exdirector que va exercir m\u00e9s de 40 anys al centre, &#8220;no n&#8217;hi havia cap altre igual&#8221;. De fet, molts coincidien en dir que l\u2019escola estava molt ben pensada per la funci\u00f3 que havia d\u2019acomplir i pel tipus de persones que hi havia d\u2019assistir: <strong>nens i nenes.<\/strong> <\/span>El 1937 es van iniciar les classes al <strong>Grup Escolar Fonts de Sacalm<\/strong>, per\u00f2 la Guerra Civil en va interrompre l\u2019activitat i l\u2019edifici fou reconvertit en hospital per als ferits republicans.<\/p>\n<p style=\"text-align: justify;\" data-start=\"2662\" data-end=\"2946\">Acabada la guerra, l\u2019edifici va quedar malm\u00e8s i abandonat fins als anys quaranta, quan va ser rehabilitat gr\u00e0cies a l\u2019aportaci\u00f3 del Departament de Col\u00f2nies Escolars. El setembre de 1939 es va reprendre l\u2019activitat amb dues aules i sota un nou nom: <strong>Colegio Nacional Doctor Morales<\/strong>.<\/p>\n<h4 data-start=\"2953\" data-end=\"2981\">\u00a0<\/h4>\n<h4 data-start=\"2953\" data-end=\"2981\">Creixement i coeducaci\u00f3<\/h4>\n<p style=\"text-align: justify;\" data-start=\"2982\" data-end=\"3283\">Als anys seixanta, amb la industrialitzaci\u00f3 i la creaci\u00f3 de llocs de treball vinculats a la fusta, l\u2019embotellament d\u2019aigua, els embotits i les arts gr\u00e0fiques, la poblaci\u00f3 va cr\u00e9ixer de manera notable. Aquest augment d\u2019alumnat va desbordar l\u2019escola, que va haver de cr\u00e9ixer i adaptar-se constantment.<\/p>\n<p style=\"text-align: justify;\" data-start=\"3285\" data-end=\"3554\">Al curs 1962\u201363 es va implantar la coeducaci\u00f3, amb nens i nenes compartint aula. Tamb\u00e9 s\u2019impartien classes per a adults. Tot i aix\u00f2, es mantenien les dificultats per cobrir totes les places de mestres i l\u2019obligaci\u00f3 de fer les classes en castell\u00e0.<\/p>\n<p data-start=\"3285\" data-end=\"3554\"><img loading=\"lazy\" decoding=\"async\" class=\"wp-image-8195 aligncenter\" src=\"https:\/\/agora.xtec.cat\/ceipguilleries\/wp-content\/uploads\/usu1226\/2025\/09\/IMG_20250901_175404-300x205.jpg\" alt=\"\" width=\"420\" height=\"287\" srcset=\"https:\/\/agora.xtec.cat\/ceipguilleries\/wp-content\/uploads\/usu1226\/2025\/09\/IMG_20250901_175404-300x205.jpg 300w, https:\/\/agora.xtec.cat\/ceipguilleries\/wp-content\/uploads\/usu1226\/2025\/09\/IMG_20250901_175404-1024x700.jpg 1024w, https:\/\/agora.xtec.cat\/ceipguilleries\/wp-content\/uploads\/usu1226\/2025\/09\/IMG_20250901_175404-768x525.jpg 768w, https:\/\/agora.xtec.cat\/ceipguilleries\/wp-content\/uploads\/usu1226\/2025\/09\/IMG_20250901_175404-1536x1051.jpg 1536w, https:\/\/agora.xtec.cat\/ceipguilleries\/wp-content\/uploads\/usu1226\/2025\/09\/IMG_20250901_175404.jpg 2000w\" sizes=\"auto, (max-width: 420px) 100vw, 420px\" \/><\/p>\n<h4 data-start=\"3561\" data-end=\"3587\">\u00a0<\/h4>\n<h4 data-start=\"3561\" data-end=\"3587\">El debat sobre el nom<\/h4>\n<p style=\"text-align: justify;\" data-start=\"3588\" data-end=\"3981\">Durant molts anys, el nom \u201cDoctor Morales\u201d no va arrelar entre la poblaci\u00f3. El 1986 es va obrir un debat per canviar-lo. Entre les propostes hi havia \u201cCol\u00b7legi P\u00fablic de Sant Hilari Sacalm\u201d o \u201cFonts de Sacalm\u201d, per\u00f2 finalment, el 1991, es va aprovar per majoria absoluta l\u2019actual denominaci\u00f3: <strong>CEIP Guilleries<\/strong>, en homenatge a la subcomarca natural que identifica i caracteritza Sant Hilari.\u00a0<\/p>\n<p data-start=\"3588\" data-end=\"3981\"><img loading=\"lazy\" decoding=\"async\" class=\"wp-image-8198 aligncenter\" src=\"https:\/\/agora.xtec.cat\/ceipguilleries\/wp-content\/uploads\/usu1226\/2025\/09\/IMG_20250901_175415-1024x678.jpg\" alt=\"\" width=\"414\" height=\"274\" srcset=\"https:\/\/agora.xtec.cat\/ceipguilleries\/wp-content\/uploads\/usu1226\/2025\/09\/IMG_20250901_175415-1024x678.jpg 1024w, https:\/\/agora.xtec.cat\/ceipguilleries\/wp-content\/uploads\/usu1226\/2025\/09\/IMG_20250901_175415-300x199.jpg 300w, https:\/\/agora.xtec.cat\/ceipguilleries\/wp-content\/uploads\/usu1226\/2025\/09\/IMG_20250901_175415-768x508.jpg 768w, https:\/\/agora.xtec.cat\/ceipguilleries\/wp-content\/uploads\/usu1226\/2025\/09\/IMG_20250901_175415-1536x1017.jpg 1536w, https:\/\/agora.xtec.cat\/ceipguilleries\/wp-content\/uploads\/usu1226\/2025\/09\/IMG_20250901_175415.jpg 2000w\" sizes=\"auto, (max-width: 414px) 100vw, 414px\" \/><\/p>\n<h4 data-start=\"3988\" data-end=\"4035\">\u00a0<\/h4>\n<h4 data-start=\"3988\" data-end=\"4035\">Una escola arrelada i en constant evoluci\u00f3<\/h4>\n<p style=\"text-align: justify;\" data-start=\"4036\" data-end=\"4269\">Amb m\u00e9s de cent anys d\u2019hist\u00f2ria, l\u2019escola p\u00fablica de Sant Hilari ha crescut i evolucionat al ritme del poble. Ha passat de les aules prec\u00e0ries dels seus inicis a convertir-se en un centre modern, integrador i comprom\u00e8s amb el territori. En col\u00b7laboraci\u00f3 amb la comunitat, ha modelat i confeccionat la forma d&#8217;ensenyar, procurant adaptar-se a la realitat del moment.\u00a0<\/p>\n<p style=\"text-align: justify;\" data-start=\"4271\" data-end=\"4412\">Avui, l&#8217;<strong>Escola Guilleries<\/strong> \u00e9s molt m\u00e9s que una escola: \u00e9s un espai de mem\u00f2ria, identitat i futur per a totes les fam\u00edlies de Sant Hilari.<\/p>\n<p data-start=\"4271\" data-end=\"4412\"><img loading=\"lazy\" decoding=\"async\" class=\"wp-image-8197 aligncenter\" src=\"https:\/\/agora.xtec.cat\/ceipguilleries\/wp-content\/uploads\/usu1226\/2025\/09\/IMG_20250901_175309-1024x638.jpg\" alt=\"\" width=\"486\" height=\"303\" srcset=\"https:\/\/agora.xtec.cat\/ceipguilleries\/wp-content\/uploads\/usu1226\/2025\/09\/IMG_20250901_175309-1024x638.jpg 1024w, https:\/\/agora.xtec.cat\/ceipguilleries\/wp-content\/uploads\/usu1226\/2025\/09\/IMG_20250901_175309-300x187.jpg 300w, https:\/\/agora.xtec.cat\/ceipguilleries\/wp-content\/uploads\/usu1226\/2025\/09\/IMG_20250901_175309-768x479.jpg 768w, https:\/\/agora.xtec.cat\/ceipguilleries\/wp-content\/uploads\/usu1226\/2025\/09\/IMG_20250901_175309-1536x958.jpg 1536w, https:\/\/agora.xtec.cat\/ceipguilleries\/wp-content\/uploads\/usu1226\/2025\/09\/IMG_20250901_175309.jpg 2000w\" sizes=\"auto, (max-width: 486px) 100vw, 486px\" \/><\/p>\n","protected":false},"excerpt":{"rendered":"<p>Per saber on anem, ens cal comprendre d&#8217;on venim \u00a0 Sant Hilari Sacalm, capital de les Guilleries, \u00e9s un poble situat a gaireb\u00e9 800 metres d\u2019altitud, en un entorn muntany\u00f3s i de gran riquesa natural. Aquesta posici\u00f3 geogr\u00e0fica explica el seu clima fresc i pluj\u00f3s, que ha marcat al llarg dels segles la vida i [&hellip;]<\/p>\n","protected":false},"author":1,"featured_media":0,"parent":8136,"menu_order":0,"comment_status":"closed","ping_status":"close","template":"","meta":{"_bbp_topic_count":0,"_bbp_reply_count":0,"_bbp_total_topic_count":0,"_bbp_total_reply_count":0,"_bbp_voice_count":0,"_bbp_anonymous_reply_count":0,"_bbp_topic_count_hidden":0,"_bbp_reply_count_hidden":0,"_bbp_forum_subforum_count":0,"site-sidebar-layout":"left-sidebar","site-content-layout":"","ast-site-content-layout":"default","site-content-style":"default","site-sidebar-style":"default","ast-global-header-display":"","ast-banner-title-visibility":"","ast-main-header-display":"","ast-hfb-above-header-display":"","ast-hfb-below-header-display":"","ast-hfb-mobile-header-display":"","site-post-title":"","ast-breadcrumbs-content":"","ast-featured-img":"","footer-sml-layout":"","theme-transparent-header-meta":"","adv-header-id-meta":"","stick-header-meta":"","header-above-stick-meta":"","header-main-stick-meta":"","header-below-stick-meta":"","astra-migrate-meta-layouts":"set","ast-page-background-enabled":"default","ast-page-background-meta":{"desktop":{"background-color":"var(--ast-global-color-4)","background-image":"","background-repeat":"repeat","background-position":"center center","background-size":"auto","background-attachment":"scroll","background-type":"","background-media":"","overlay-type":"","overlay-color":"","overlay-opacity":"","overlay-gradient":""},"tablet":{"background-color":"","background-image":"","background-repeat":"repeat","background-position":"center center","background-size":"auto","background-attachment":"scroll","background-type":"","background-media":"","overlay-type":"","overlay-color":"","overlay-opacity":"","overlay-gradient":""},"mobile":{"background-color":"","background-image":"","background-repeat":"repeat","background-position":"center center","background-size":"auto","background-attachment":"scroll","background-type":"","background-media":"","overlay-type":"","overlay-color":"","overlay-opacity":"","overlay-gradient":""}},"ast-content-background-meta":{"desktop":{"background-color":"var(--ast-global-color-5)","background-image":"","background-repeat":"repeat","background-position":"center center","background-size":"auto","background-attachment":"scroll","background-type":"","background-media":"","overlay-type":"","overlay-color":"","overlay-opacity":"","overlay-gradient":""},"tablet":{"background-color":"var(--ast-global-color-5)","background-image":"","background-repeat":"repeat","background-position":"center center","background-size":"auto","background-attachment":"scroll","background-type":"","background-media":"","overlay-type":"","overlay-color":"","overlay-opacity":"","overlay-gradient":""},"mobile":{"background-color":"var(--ast-global-color-5)","background-image":"","background-repeat":"repeat","background-position":"center center","background-size":"auto","background-attachment":"scroll","background-type":"","background-media":"","overlay-type":"","overlay-color":"","overlay-opacity":"","overlay-gradient":""}},"footnotes":""},"class_list":["post-8176","page","type-page","status-publish","hentry"],"post_mailing_queue_ids":[],"_links":{"self":[{"href":"https:\/\/agora.xtec.cat\/ceipguilleries\/wp-json\/wp\/v2\/pages\/8176","targetHints":{"allow":["GET"]}}],"collection":[{"href":"https:\/\/agora.xtec.cat\/ceipguilleries\/wp-json\/wp\/v2\/pages"}],"about":[{"href":"https:\/\/agora.xtec.cat\/ceipguilleries\/wp-json\/wp\/v2\/types\/page"}],"author":[{"embeddable":true,"href":"https:\/\/agora.xtec.cat\/ceipguilleries\/wp-json\/wp\/v2\/users\/1"}],"replies":[{"embeddable":true,"href":"https:\/\/agora.xtec.cat\/ceipguilleries\/wp-json\/wp\/v2\/comments?post=8176"}],"version-history":[{"count":3,"href":"https:\/\/agora.xtec.cat\/ceipguilleries\/wp-json\/wp\/v2\/pages\/8176\/revisions"}],"predecessor-version":[{"id":8201,"href":"https:\/\/agora.xtec.cat\/ceipguilleries\/wp-json\/wp\/v2\/pages\/8176\/revisions\/8201"}],"up":[{"embeddable":true,"href":"https:\/\/agora.xtec.cat\/ceipguilleries\/wp-json\/wp\/v2\/pages\/8136"}],"wp:attachment":[{"href":"https:\/\/agora.xtec.cat\/ceipguilleries\/wp-json\/wp\/v2\/media?parent=8176"}],"curies":[{"name":"wp","href":"https:\/\/api.w.org\/{rel}","templated":true}]}}