{"id":7462,"date":"2023-12-15T16:12:00","date_gmt":"2023-12-15T15:12:00","guid":{"rendered":"https:\/\/agora.xtec.cat\/ceipguilleries\/?page_id=7462"},"modified":"2024-04-02T15:05:57","modified_gmt":"2024-04-02T13:05:57","slug":"infoguilleries","status":"publish","type":"page","link":"https:\/\/agora.xtec.cat\/ceipguilleries\/infoguilleries\/","title":{"rendered":"INFOGUILLERIES"},"content":{"rendered":"<p><img loading=\"lazy\" decoding=\"async\" class=\" wp-image-7461 alignleft\" src=\"https:\/\/agora.xtec.cat\/ceipguilleries\/wp-content\/uploads\/usu1226\/2023\/12\/noticies-1-300x169.jpg\" alt=\"\" width=\"169\" height=\"95\" srcset=\"https:\/\/agora.xtec.cat\/ceipguilleries\/wp-content\/uploads\/usu1226\/2023\/12\/noticies-1-300x169.jpg 300w, https:\/\/agora.xtec.cat\/ceipguilleries\/wp-content\/uploads\/usu1226\/2023\/12\/noticies-1-1024x576.jpg 1024w, https:\/\/agora.xtec.cat\/ceipguilleries\/wp-content\/uploads\/usu1226\/2023\/12\/noticies-1-768x432.jpg 768w, https:\/\/agora.xtec.cat\/ceipguilleries\/wp-content\/uploads\/usu1226\/2023\/12\/noticies-1.jpg 1280w\" sizes=\"auto, (max-width: 169px) 100vw, 169px\" \/><\/p>\n<p>&nbsp;<\/p>\n<p>&nbsp;<\/p>\n<p>&nbsp;<\/p>\n<h3><\/h3>\n<h2><span style=\"color: #ff9900;\">CURS 2023-24<\/span><\/h2>\n<p>&nbsp;<\/p>\n<h3><span style=\"color: #800080;\">Infoguilleries 2<\/span><\/h3>\n<p>Ja tenim el segon Infoguilleries del curs! El podeu escoltar al seg\u00fcent enlla\u00e7:<\/p>\n<p><a href=\"https:\/\/drive.google.com\/file\/d\/1MYEqzixK3tnpjn2eplx32BdPGuKV-mKg\/view?usp=sharing\"><span style=\"color: #993366;\"><strong>Infoguilleries 2<\/strong><\/span><\/a><\/p>\n<p>&nbsp;<\/p>\n<h3><span style=\"color: #800080;\">Infoguilleries 1<\/span><\/h3>\n<p>Hola fam\u00edlies, estrenem l&#8217;Infoguilleries de l&#8217;escola! L&#8217;alumnat de sis\u00e8 anir\u00e0 editant i transmetent les not\u00edcies m\u00e9s rellevants del nostre centre al llarg del curs. Aqu\u00ed us deixem el primer infoguilleries del curs:<\/p>\n<p><span style=\"color: #993366;\"><strong><a style=\"color: #993366;\" href=\"https:\/\/drive.google.com\/file\/d\/1LgskkCC9Vt2Ge1iO4otUlSu6sgVo1WSD\/view?usp=sharing\">Infoguilleries 1<\/a><\/strong><\/span><\/p>\n","protected":false},"excerpt":{"rendered":"<p>&nbsp; &nbsp; &nbsp; CURS 2023-24 &nbsp; Infoguilleries 2 Ja tenim el segon Infoguilleries del curs! El podeu escoltar al seg\u00fcent enlla\u00e7: Infoguilleries 2 &nbsp; Infoguilleries 1 Hola fam\u00edlies, estrenem l&#8217;Infoguilleries de l&#8217;escola! L&#8217;alumnat de sis\u00e8 anir\u00e0 editant i transmetent les not\u00edcies m\u00e9s rellevants del nostre centre al llarg del curs. Aqu\u00ed us deixem el primer [&hellip;]<\/p>\n","protected":false},"author":1,"featured_media":0,"parent":0,"menu_order":0,"comment_status":"closed","ping_status":"closed","template":"","meta":{"_bbp_topic_count":0,"_bbp_reply_count":0,"_bbp_total_topic_count":0,"_bbp_total_reply_count":0,"_bbp_voice_count":0,"_bbp_anonymous_reply_count":0,"_bbp_topic_count_hidden":0,"_bbp_reply_count_hidden":0,"_bbp_forum_subforum_count":0,"site-sidebar-layout":"default","site-content-layout":"","ast-site-content-layout":"","site-content-style":"default","site-sidebar-style":"default","ast-global-header-display":"","ast-banner-title-visibility":"","ast-main-header-display":"","ast-hfb-above-header-display":"","ast-hfb-below-header-display":"","ast-hfb-mobile-header-display":"","site-post-title":"","ast-breadcrumbs-content":"","ast-featured-img":"","footer-sml-layout":"","theme-transparent-header-meta":"","adv-header-id-meta":"","stick-header-meta":"","header-above-stick-meta":"","header-main-stick-meta":"","header-below-stick-meta":"","astra-migrate-meta-layouts":"default","ast-page-background-enabled":"default","ast-page-background-meta":{"desktop":{"background-color":"var(--ast-global-color-4)","background-image":"","background-repeat":"repeat","background-position":"center center","background-size":"auto","background-attachment":"scroll","background-type":"","background-media":"","overlay-type":"","overlay-color":"","overlay-opacity":"","overlay-gradient":""},"tablet":{"background-color":"","background-image":"","background-repeat":"repeat","background-position":"center center","background-size":"auto","background-attachment":"scroll","background-type":"","background-media":"","overlay-type":"","overlay-color":"","overlay-opacity":"","overlay-gradient":""},"mobile":{"background-color":"","background-image":"","background-repeat":"repeat","background-position":"center center","background-size":"auto","background-attachment":"scroll","background-type":"","background-media":"","overlay-type":"","overlay-color":"","overlay-opacity":"","overlay-gradient":""}},"ast-content-background-meta":{"desktop":{"background-color":"var(--ast-global-color-5)","background-image":"","background-repeat":"repeat","background-position":"center center","background-size":"auto","background-attachment":"scroll","background-type":"","background-media":"","overlay-type":"","overlay-color":"","overlay-opacity":"","overlay-gradient":""},"tablet":{"background-color":"var(--ast-global-color-5)","background-image":"","background-repeat":"repeat","background-position":"center center","background-size":"auto","background-attachment":"scroll","background-type":"","background-media":"","overlay-type":"","overlay-color":"","overlay-opacity":"","overlay-gradient":""},"mobile":{"background-color":"var(--ast-global-color-5)","background-image":"","background-repeat":"repeat","background-position":"center center","background-size":"auto","background-attachment":"scroll","background-type":"","background-media":"","overlay-type":"","overlay-color":"","overlay-opacity":"","overlay-gradient":""}},"footnotes":""},"class_list":["post-7462","page","type-page","status-publish","hentry"],"post_mailing_queue_ids":[],"_links":{"self":[{"href":"https:\/\/agora.xtec.cat\/ceipguilleries\/wp-json\/wp\/v2\/pages\/7462","targetHints":{"allow":["GET"]}}],"collection":[{"href":"https:\/\/agora.xtec.cat\/ceipguilleries\/wp-json\/wp\/v2\/pages"}],"about":[{"href":"https:\/\/agora.xtec.cat\/ceipguilleries\/wp-json\/wp\/v2\/types\/page"}],"author":[{"embeddable":true,"href":"https:\/\/agora.xtec.cat\/ceipguilleries\/wp-json\/wp\/v2\/users\/1"}],"replies":[{"embeddable":true,"href":"https:\/\/agora.xtec.cat\/ceipguilleries\/wp-json\/wp\/v2\/comments?post=7462"}],"version-history":[{"count":4,"href":"https:\/\/agora.xtec.cat\/ceipguilleries\/wp-json\/wp\/v2\/pages\/7462\/revisions"}],"predecessor-version":[{"id":7612,"href":"https:\/\/agora.xtec.cat\/ceipguilleries\/wp-json\/wp\/v2\/pages\/7462\/revisions\/7612"}],"wp:attachment":[{"href":"https:\/\/agora.xtec.cat\/ceipguilleries\/wp-json\/wp\/v2\/media?parent=7462"}],"curies":[{"name":"wp","href":"https:\/\/api.w.org\/{rel}","templated":true}]}}