{"id":7458,"date":"2023-12-15T16:11:22","date_gmt":"2023-12-15T15:11:22","guid":{"rendered":"https:\/\/agora.xtec.cat\/ceipguilleries\/?page_id=7458"},"modified":"2025-12-11T09:31:05","modified_gmt":"2025-12-11T08:31:05","slug":"radio-guilleries-2","status":"publish","type":"page","link":"https:\/\/agora.xtec.cat\/ceipguilleries\/radio-guilleries-2\/","title":{"rendered":"R\u00c0DIO GUILLERIES"},"content":{"rendered":"<h1 style=\"text-align: left;\"><strong><span style=\"color: #008000;\">R\u00e0dio Guilleries, la que et d\u00f3na m\u00e9s alegries!<\/span><\/strong><a href=\"https:\/\/agora.xtec.cat\/ceipguilleries\/wp-content\/uploads\/usu1226\/2022\/11\/Logo-bo-Radio-Guilleries.png\"><img loading=\"lazy\" decoding=\"async\" class=\"wp-image-6538 size-thumbnail alignleft\" src=\"https:\/\/agora.xtec.cat\/ceipguilleries\/wp-content\/uploads\/usu1226\/2022\/11\/Logo-bo-Radio-Guilleries-150x150.png\" alt=\"\" width=\"150\" height=\"150\" srcset=\"https:\/\/agora.xtec.cat\/ceipguilleries\/wp-content\/uploads\/usu1226\/2022\/11\/Logo-bo-Radio-Guilleries-150x150.png 150w, https:\/\/agora.xtec.cat\/ceipguilleries\/wp-content\/uploads\/usu1226\/2022\/11\/Logo-bo-Radio-Guilleries-300x300.png 300w, https:\/\/agora.xtec.cat\/ceipguilleries\/wp-content\/uploads\/usu1226\/2022\/11\/Logo-bo-Radio-Guilleries-768x768.png 768w, https:\/\/agora.xtec.cat\/ceipguilleries\/wp-content\/uploads\/usu1226\/2022\/11\/Logo-bo-Radio-Guilleries.png 1000w\" sizes=\"auto, (max-width: 150px) 100vw, 150px\" \/><\/a><b><\/b><\/h1>\n<h2><\/h2>\n<h2><\/h2>\n<h1><span style=\"color: #800080;\"><strong>CURS 2025-26<\/strong><\/span><\/h1>\n<h1><\/h1>\n<h1><strong><em><span style=\"color: #99cc00;\">P\u00f2dcast 1 &#8211; desembre 2025<\/span><\/em><\/strong><\/h1>\n<p>Hola fam\u00edlies! Els nens i nenes de tercer han fet el taller de r\u00e0dio amb la Dolors! Han apr\u00e8s a escriure not\u00edcies per ser explicades oralment i han conegut com funciona la r\u00e0dio municipal.\u00a0 Voleu escoltar el seu p\u00f2dcast? Cliqueu a l&#8217;enlla\u00e7:<\/p>\n<p><span style=\"color: #008080;\"><strong><a href=\"https:\/\/drive.google.com\/file\/d\/1JYb5AGffl7fjqi20uN3jvD3_GrIBG5kY\/view?usp=sharing\">P\u00f2dcast 1<\/a><\/strong><\/span><\/p>\n<h1><\/h1>\n<h1><span style=\"color: #800080;\"><strong>CURS 2024-25<\/strong><\/span><\/h1>\n<h1><\/h1>\n<h1><strong><em><span style=\"color: #99cc00;\">P\u00f2dcast 2 &#8211; mar\u00e7 2025<\/span><\/em><\/strong><\/h1>\n<p>Hola fam\u00edlies! Els i les alumnes de cicle mitj\u00e0 vam anar a la r\u00e0dio a gravar el segon p\u00f2dcast amb not\u00edcies de la nostra escola. Vam poder con\u00e8ixer com \u00e9s la r\u00e0dio per dins i experimentar com es senten els locutors professionals. Us deixem el p\u00f2dcast!<\/p>\n<p><a href=\"https:\/\/drive.google.com\/file\/d\/1ml9vzIcaojA-_c3duXXIrxYlv6LF9bWO\/view?usp=drive_link\"><span style=\"color: #008080;\"><strong>P\u00f2dcast 2<\/strong><\/span><\/a><\/p>\n<h1><\/h1>\n<h1><strong><em><span style=\"color: #99cc00;\">P\u00f2dcast 1 &#8211; novembre 2024<\/span><\/em><\/strong><\/h1>\n<p>Hola fam\u00edlies! L&#8217;alumnat de cicle mitj\u00e0 inicia ja la tercera temporada de R\u00e0dio Guilleries! Aquest curs tindrem com a novetat la retransmissi\u00f3 dels p\u00f2dcasts per r\u00e0dio Sant Hilari!! Us en farem saber les dates ben aviat. De moment, us deixem el primer p\u00f2dcast!<\/p>\n<p><a href=\"https:\/\/drive.google.com\/file\/d\/1ZLQOQe-K_UQsoHfuaL1FaqPvgUKKCGN8\/view?usp=sharing\"><span style=\"color: #008080;\"><strong>P\u00f2dcast 1<\/strong><\/span><\/a><\/p>\n<h1><span style=\"color: #800080;\"><strong>CURS 2023-24<\/strong><\/span><\/h1>\n<h1><\/h1>\n<h1><strong><em><span style=\"color: #99cc00;\">P\u00f2dcast 6 &#8211; juny 2024<\/span><\/em><\/strong><\/h1>\n<p>Tenim preparat el sis\u00e8 i \u00faltim p\u00f2dcast del curs! Us animem a escoltar-lo per descobrir les novetats de l&#8217;escola.<\/p>\n<p><span style=\"color: #008080;\"><strong><a href=\"https:\/\/drive.google.com\/file\/d\/16GX34BmSIztFA5i8TX6j0yW10Ra4vHTb\/view?usp=sharing\">P\u00f2dcast 6<\/a><\/strong><\/span><\/p>\n<h1><strong><em><span style=\"color: #99cc00;\">P\u00f2dcast 5 &#8211; maig 2024<\/span><\/em><\/strong><\/h1>\n<p>Ja tenim el cinqu\u00e8 p\u00f2dcast del curs! Aqu\u00ed podreu trobar tota la informaci\u00f3 de l&#8217;escola d&#8217;aquest darrer mes, embarbussaments, un poema de Sant Jordi, can\u00e7ons i acudits. Esperem que us agradi!<\/p>\n<p><a href=\"https:\/\/drive.google.com\/file\/d\/1PQwhEjb2ShrSOZQDr7Sug1zYNjihpFam\/view?usp=drive_link\"><span style=\"color: #008080;\"><strong>P\u00f2dcast 5<\/strong><\/span><\/a><\/p>\n<h1><strong><em><span style=\"color: #99cc00;\">P\u00f2dcast 4 &#8211; mar\u00e7 2024<\/span><\/em><\/strong><\/h1>\n<p>En aquest quart p\u00f2dcast us informem de les novetats de l&#8217;escola, podreu escoltar una can\u00e7\u00f3 sobre l&#8217;aigua i us presentem una secci\u00f3 nova! La voleu descobrir? Escolteu el seg\u00fcent enlla\u00e7 que segur que no us avorrir\u00e0!<\/p>\n<p><a href=\"https:\/\/drive.google.com\/file\/d\/1UEUJ5PHwUjvdtWNy08dyFDvyAVesbNhJ\/view?usp=sharing\"><span style=\"color: #008080;\"><strong>P\u00f2dcast 4<\/strong><\/span><\/a><\/p>\n<h1><strong><em><span style=\"color: #99cc00;\">P\u00f2dcast 3 &#8211; mar\u00e7 2024<\/span><\/em><\/strong><\/h1>\n<p>Ja tenim el tercer p\u00f2dcast, on Podreu con\u00e8ixer moltes de les activitats que hem dut i durem a terme aquest segon trimestre. Tamb\u00e9 hi trobareu un recull d&#8217;acudits a la secci\u00f3 liter\u00e0ria i molts aspectes interessants sobre els f\u00f2ssils a la secci\u00f3 del reportatge. Escolteu-lo al seg\u00fcent enlla\u00e7:<\/p>\n<p><a href=\"https:\/\/drive.google.com\/file\/d\/1b6ASDkQQ86tyqjMXzpVZCnn1yXfXMcsf\/view?usp=sharing\"><span style=\"color: #008080;\"><strong>P\u00f2dcast 3<\/strong><\/span><\/a><\/p>\n<h1><strong><em><span style=\"color: #99cc00;\">P\u00f2dcast 2 &#8211; desembre 2023<\/span><\/em><\/strong><\/h1>\n<p>Ja tenim el segon p\u00f2dcast del curs! En aquest p\u00f2dcast us deixem les novetats que hi ha hagut a l&#8217;escola aquest curs. A la secci\u00f3 liter\u00e0ria us deixem alguns embarbussaments. Us atrevireu a repetir-los? I a la secci\u00f3 del reportatge parlem sobre les tortugues, on compartim amb vosaltres molta informaci\u00f3 per\u00f2 amb algun dubte&#8230; Ens ajudeu a resoldre&#8217;l? Escolteu el p\u00f2dcast al seg\u00fcent enlla\u00e7:<\/p>\n<p><a href=\"https:\/\/drive.google.com\/file\/d\/1Pv39qYLEzCawzQe41eCHJrsEtzPF-N1p\/view?usp=sharing\"><span style=\"color: #008080;\"><strong>P\u00f2dcast 2<\/strong><\/span><\/a><\/p>\n<h1><strong><em><span style=\"color: #99cc00;\">P\u00f2dcast 1 &#8211; novembre 2023<\/span><\/em><\/strong><\/h1>\n<p>Iniciem la r\u00e0dio Guilleries del curs 2023-24! Aquest any tenim diverses novetats. Per una banda, al passad\u00eds de cicle mitj\u00e0 hem col\u00b7locat una b\u00fastia per tal que l&#8217;alumnat que ho desitgi pugui aportar temes que siguin del seu inter\u00e8s i que vulgui que en parlem a la r\u00e0dio. Per altra banda, properament podreu escoltar el p\u00f2dcast a trav\u00e9s dels altaveus de l&#8217;escola! Per\u00f2 pels que no vulgueu esperar, us el deixem al seg\u00fcent enlla\u00e7!<\/p>\n<p><a href=\"https:\/\/drive.google.com\/file\/d\/1miR3Uldg7WDZAmzRgOLgrVq9oewp37oH\/view?usp=sharing\"><strong>P\u00f2dcast 1<\/strong><\/a><\/p>\n<p>_____________________________________________________________________________________________________________________________________________________<\/p>\n<h1><span style=\"color: #800080;\"><strong>CURS 2022-23<\/strong><\/span><\/h1>\n<h2 style=\"text-align: left;\"><span style=\"color: #99cc00;\"><em><b>P\u00f2dcast 1 &#8211; octubre de 2022<\/b><\/em><\/span><\/h2>\n<div style=\"text-align: left;\">Atenci\u00f3! Iniciem el primer programa de R\u00e0dio Guilleries de la m\u00e0 de l\u2019alumnat de cicle mitj\u00e0! Despr\u00e9s de posar-vos al dia amb Infoescola, tenim preparat un concurs d\u2019endevinalles sobre arbres i fruits (a veure si les encerteu) i seguidament farem un rep\u00e0s del temps d\u2019aquest mes a Meteoguilleries.<\/div>\n<div style=\"text-align: left;\">Esperem que us agradi!<\/div>\n<p>Podeu participar en el concurs d&#8217;endevinalles contestant el formulari de sota. Al proper programa anunciarem les solucions! <strong style=\"font-size: 1em;\"><a href=\"https:\/\/forms.gle\/Z1aYKADoJzBfSzKL7\">Prem Aqu\u00ed<\/a><\/strong><\/p>\n<div>\n<!--[if lt IE 9]><script>document.createElement('audio');<\/script><![endif]-->\n<audio class=\"wp-audio-shortcode\" id=\"audio-7458-1\" preload=\"none\" style=\"width: 100%;\" controls=\"controls\"><source type=\"audio\/mpeg\" src=\"https:\/\/agora.xtec.cat\/ceipguilleries\/wp-content\/uploads\/usu1226\/2022\/11\/Radio-Guilleries-podcast-1-oct-22.mp3?_=1\" \/><a href=\"https:\/\/agora.xtec.cat\/ceipguilleries\/wp-content\/uploads\/usu1226\/2022\/11\/Radio-Guilleries-podcast-1-oct-22.mp3\">https:\/\/agora.xtec.cat\/ceipguilleries\/wp-content\/uploads\/usu1226\/2022\/11\/Radio-Guilleries-podcast-1-oct-22.mp3<\/a><\/audio>\n<\/div>\n<h3 style=\"text-align: center;\"><span style=\"color: #008000;\">Ja tenim aqu\u00ed les solucions de les endevinalles!!<\/span><\/h3>\n<h3 style=\"text-align: center;\"><a href=\"https:\/\/agora.xtec.cat\/ceipguilleries\/wp-content\/uploads\/usu1226\/2022\/11\/Captura.png\"><img loading=\"lazy\" decoding=\"async\" class=\"size-medium wp-image-6592 aligncenter\" src=\"https:\/\/agora.xtec.cat\/ceipguilleries\/wp-content\/uploads\/usu1226\/2022\/11\/Captura-300x231.png\" alt=\"\" width=\"300\" height=\"231\" srcset=\"https:\/\/agora.xtec.cat\/ceipguilleries\/wp-content\/uploads\/usu1226\/2022\/11\/Captura-300x231.png 300w, https:\/\/agora.xtec.cat\/ceipguilleries\/wp-content\/uploads\/usu1226\/2022\/11\/Captura-768x590.png 768w, https:\/\/agora.xtec.cat\/ceipguilleries\/wp-content\/uploads\/usu1226\/2022\/11\/Captura.png 787w\" sizes=\"auto, (max-width: 300px) 100vw, 300px\" \/><\/a><\/h3>\n<h2><span style=\"color: #99cc00;\"><em><strong>P\u00f2dcast 2 &#8211; novembre de 2022<\/strong><\/em><\/span><\/h2>\n<p dir=\"ltr\">En el p\u00f2dcast d\u2019aquest mes us explicarem dues not\u00edcies: la del v\u00eddeo que hem fet per a la resid\u00e8ncia de gent gran i que tindrem dues escoles p\u00fabliques al poble. Iniciarem una nova secci\u00f3 d\u2019Esports parlant de futbol i b\u00e0squet i, despr\u00e9s de repassar el temps, us animarem a participar en un nou concurs. Aquesta vegada ens haureu d\u2019enviar preguntes; nom\u00e9s respondrem les m\u00e9s originals! <strong><a href=\"https:\/\/forms.gle\/B6MdrKLnakj5ia9y9\">Prem Aqu\u00ed<\/a><\/strong><\/p>\n<audio class=\"wp-audio-shortcode\" id=\"audio-7458-2\" preload=\"none\" style=\"width: 100%;\" controls=\"controls\"><source type=\"audio\/mpeg\" src=\"https:\/\/agora.xtec.cat\/ceipguilleries\/wp-content\/uploads\/usu1226\/2022\/11\/Podcast-2-novembre-de-2022.mp3?_=2\" \/><a href=\"https:\/\/agora.xtec.cat\/ceipguilleries\/wp-content\/uploads\/usu1226\/2022\/11\/Podcast-2-novembre-de-2022.mp3\">https:\/\/agora.xtec.cat\/ceipguilleries\/wp-content\/uploads\/usu1226\/2022\/11\/Podcast-2-novembre-de-2022.mp3<\/a><\/audio>\n<h2><span style=\"color: #99cc00;\"><em><strong>P\u00f2dcast 3 &#8211; gener\/febrer de 2023<\/strong><\/em><\/span><\/h2>\n<p>El primer p\u00f2dcast de l\u2019any ve carregat de not\u00edcies! Tamb\u00e9 repassarem el temps que ha fet i parlarem de la nevada de finals de gener. Despr\u00e9s, enlla\u00e7arem la secci\u00f3 d\u2019Esports amb una entrevista a un mestre de l\u2019escola que practica un esport diferent i molt interessant. Ah, i finalment us proposem participar al nou concurs, que es tracta d\u2019enviar-nos una curiositat sobre Sant Hilari.<\/p>\n<p>(Infoescola: 00:42; Meteoguilleries: 03:31; Esports: 06:04; Entrevista: 07:16; Concurs: 11:42)<\/p>\n<p>Per escoltar el p\u00f2dcast <a href=\"https:\/\/drive.google.com\/file\/d\/1go-yzPNHeqL5AoYpne5zBQS0rUTezSYX\/view?usp=share_link\"><strong>Prem Aqu\u00ed<\/strong><\/a><\/p>\n<p>Per respondre el q\u00fcestionari <a href=\"https:\/\/docs.google.com\/forms\/d\/e\/1FAIpQLSdfTK3rJCWK79b7MFD6a6WTJVUDyM1iK8KhP2Tb4vCfU_JGiQ\/viewform?usp=share_link\"><strong>Prem Aqu\u00ed<\/strong><\/a><\/p>\n<h2><\/h2>\n<h2><em><span style=\"color: #99cc00;\"><strong>P\u00f2dcast 4 &#8211; febrer\/mar\u00e7 de 2023<\/strong><\/span><\/em><\/h2>\n<p>Hola de nou! Al p\u00f2dcast d\u2019aquest mes de febrer-mar\u00e7 portem molta informaci\u00f3 repartida en les quatre seccions seg\u00fcents: Infoescola, Meteoguilleires, Esports i Concurs, que aquesta vegada consisteix en trobar la soluci\u00f3 de tres enigmes\u2026 que us diem en angl\u00e8s! Esteu a punt?<\/p>\n<p>Per escoltar el p\u00f2dcast <a href=\"https:\/\/drive.google.com\/file\/d\/1SzOfhPA6UdvjTkcFbsQJjnc_SWFbLGfi\/view?usp=sharing\"><strong>Prem Aqu\u00ed<\/strong><\/a><\/p>\n<p>Per respondre el q\u00fcestionari <a href=\"https:\/\/docs.google.com\/forms\/d\/1PNT_1S67vVisCte62thn2DCTsJdp1d2hzuhrj_CaSTQ\/viewform?edit_requested=true\"><strong>Prem Aqu\u00ed<\/strong><\/a><\/p>\n<h2><\/h2>\n<h2><span style=\"color: #99cc00;\"><em><strong>P\u00f2dcast 5 &#8211; mar\u00e7\/abril de 2023<\/strong><\/em><\/span><\/h2>\n<p>Al cinqu\u00e8 p\u00f2dcast fet en aquest mes de mar\u00e7-abril comen\u00e7arem per posar-vos al dia de les novetats de l\u2019escola a Infoescola aix\u00ed com les del temps, a Meteoguilleries. Seguidament escoltareu la nova secci\u00f3 de Cuina, on us donarem alguns consells per preparar bunyols de vent o de Quaresma i, aprofitant que s\u2019acosta la diada de Sant Jordi, us proposarem un concurs de poesia. Som-hi! <a href=\"https:\/\/docs.google.com\/forms\/d\/1gLZL32BUimwA7YRs91gWmnEti-lgOqWhDuxoqmHHp2I\/viewform?edit_requested=true\"><strong>Prem aqu\u00ed<\/strong><\/a><\/p>\n<audio class=\"wp-audio-shortcode\" id=\"audio-7458-3\" preload=\"none\" style=\"width: 100%;\" controls=\"controls\"><source type=\"audio\/mpeg\" src=\"https:\/\/agora.xtec.cat\/ceipguilleries\/wp-content\/uploads\/usu1226\/2023\/04\/Podcast-5.mp3?_=3\" \/><a href=\"https:\/\/agora.xtec.cat\/ceipguilleries\/wp-content\/uploads\/usu1226\/2023\/04\/Podcast-5.mp3\">https:\/\/agora.xtec.cat\/ceipguilleries\/wp-content\/uploads\/usu1226\/2023\/04\/Podcast-5.mp3<\/a><\/audio>\n<h2><\/h2>\n<h2><em><span style=\"color: #99cc00;\"><strong>P\u00f2dcast 6 &#8211; maig\/juny de 2023<\/strong><\/span><\/em><\/h2>\n<p>Arriba el sis\u00e8 i \u00faltim p\u00f2dcast del curs. En aquest p\u00f2dcast podreu escoltar les \u00faltimes not\u00edcies de l&#8217;escola, el temps a la secci\u00f3 de Meteoguilleries i una recepta molt refrescant a la secci\u00f3 de cuina. Us ho pedreu?<\/p>\n<p>Per escoltar el p\u00f2dcast <a href=\"https:\/\/drive.google.com\/file\/d\/191kV72WlioS-paTFL3jtz4KuFYFZ6XHI\/view?usp=sharing\">Prem aqu\u00ed<\/a><\/p>\n","protected":false},"excerpt":{"rendered":"<p>R\u00e0dio Guilleries, la que et d\u00f3na m\u00e9s alegries! CURS 2025-26 P\u00f2dcast 1 &#8211; desembre 2025 Hola fam\u00edlies! Els nens i nenes de tercer han fet el taller de r\u00e0dio amb la Dolors! Han apr\u00e8s a escriure not\u00edcies per ser explicades oralment i han conegut com funciona la r\u00e0dio municipal.\u00a0 Voleu escoltar el seu p\u00f2dcast? Cliqueu [&hellip;]<\/p>\n","protected":false},"author":1,"featured_media":0,"parent":0,"menu_order":0,"comment_status":"closed","ping_status":"closed","template":"","meta":{"_bbp_topic_count":0,"_bbp_reply_count":0,"_bbp_total_topic_count":0,"_bbp_total_reply_count":0,"_bbp_voice_count":0,"_bbp_anonymous_reply_count":0,"_bbp_topic_count_hidden":0,"_bbp_reply_count_hidden":0,"_bbp_forum_subforum_count":0,"site-sidebar-layout":"default","site-content-layout":"","ast-site-content-layout":"default","site-content-style":"default","site-sidebar-style":"default","ast-global-header-display":"","ast-banner-title-visibility":"","ast-main-header-display":"","ast-hfb-above-header-display":"","ast-hfb-below-header-display":"","ast-hfb-mobile-header-display":"","site-post-title":"","ast-breadcrumbs-content":"","ast-featured-img":"","footer-sml-layout":"","theme-transparent-header-meta":"","adv-header-id-meta":"","stick-header-meta":"","header-above-stick-meta":"","header-main-stick-meta":"","header-below-stick-meta":"","astra-migrate-meta-layouts":"set","ast-page-background-enabled":"default","ast-page-background-meta":{"desktop":{"background-color":"var(--ast-global-color-4)","background-image":"","background-repeat":"repeat","background-position":"center center","background-size":"auto","background-attachment":"scroll","background-type":"","background-media":"","overlay-type":"","overlay-color":"","overlay-opacity":"","overlay-gradient":""},"tablet":{"background-color":"","background-image":"","background-repeat":"repeat","background-position":"center center","background-size":"auto","background-attachment":"scroll","background-type":"","background-media":"","overlay-type":"","overlay-color":"","overlay-opacity":"","overlay-gradient":""},"mobile":{"background-color":"","background-image":"","background-repeat":"repeat","background-position":"center center","background-size":"auto","background-attachment":"scroll","background-type":"","background-media":"","overlay-type":"","overlay-color":"","overlay-opacity":"","overlay-gradient":""}},"ast-content-background-meta":{"desktop":{"background-color":"var(--ast-global-color-5)","background-image":"","background-repeat":"repeat","background-position":"center center","background-size":"auto","background-attachment":"scroll","background-type":"","background-media":"","overlay-type":"","overlay-color":"","overlay-opacity":"","overlay-gradient":""},"tablet":{"background-color":"var(--ast-global-color-5)","background-image":"","background-repeat":"repeat","background-position":"center center","background-size":"auto","background-attachment":"scroll","background-type":"","background-media":"","overlay-type":"","overlay-color":"","overlay-opacity":"","overlay-gradient":""},"mobile":{"background-color":"var(--ast-global-color-5)","background-image":"","background-repeat":"repeat","background-position":"center center","background-size":"auto","background-attachment":"scroll","background-type":"","background-media":"","overlay-type":"","overlay-color":"","overlay-opacity":"","overlay-gradient":""}},"footnotes":""},"class_list":["post-7458","page","type-page","status-publish","hentry"],"post_mailing_queue_ids":[],"_links":{"self":[{"href":"https:\/\/agora.xtec.cat\/ceipguilleries\/wp-json\/wp\/v2\/pages\/7458","targetHints":{"allow":["GET"]}}],"collection":[{"href":"https:\/\/agora.xtec.cat\/ceipguilleries\/wp-json\/wp\/v2\/pages"}],"about":[{"href":"https:\/\/agora.xtec.cat\/ceipguilleries\/wp-json\/wp\/v2\/types\/page"}],"author":[{"embeddable":true,"href":"https:\/\/agora.xtec.cat\/ceipguilleries\/wp-json\/wp\/v2\/users\/1"}],"replies":[{"embeddable":true,"href":"https:\/\/agora.xtec.cat\/ceipguilleries\/wp-json\/wp\/v2\/comments?post=7458"}],"version-history":[{"count":5,"href":"https:\/\/agora.xtec.cat\/ceipguilleries\/wp-json\/wp\/v2\/pages\/7458\/revisions"}],"predecessor-version":[{"id":8484,"href":"https:\/\/agora.xtec.cat\/ceipguilleries\/wp-json\/wp\/v2\/pages\/7458\/revisions\/8484"}],"wp:attachment":[{"href":"https:\/\/agora.xtec.cat\/ceipguilleries\/wp-json\/wp\/v2\/media?parent=7458"}],"curies":[{"name":"wp","href":"https:\/\/api.w.org\/{rel}","templated":true}]}}