{"id":739,"date":"2019-02-13T13:21:56","date_gmt":"2019-02-13T12:21:56","guid":{"rendered":"http:\/\/agora.xtec.cat\/ceipguilleries\/?page_id=739"},"modified":"2019-04-29T10:38:37","modified_gmt":"2019-04-29T08:38:37","slug":"raco-de-lectura","status":"publish","type":"page","link":"https:\/\/agora.xtec.cat\/ceipguilleries\/projectes-i-activitats\/raco-de-lectura\/","title":{"rendered":"RAC\u00d3 DE LECTURES"},"content":{"rendered":"<p><a href=\"https:\/\/agora.xtec.cat\/ceipguilleries\/wp-content\/uploads\/usu1226\/2019\/04\/jordi2016.jpg\"><img loading=\"lazy\" decoding=\"async\" class=\"size-medium wp-image-1484 alignleft\" src=\"https:\/\/agora.xtec.cat\/ceipguilleries\/wp-content\/uploads\/usu1226\/2019\/04\/jordi2016-300x188.jpg\" alt=\"\" width=\"300\" height=\"188\" srcset=\"https:\/\/agora.xtec.cat\/ceipguilleries\/wp-content\/uploads\/usu1226\/2019\/04\/jordi2016-300x188.jpg 300w, https:\/\/agora.xtec.cat\/ceipguilleries\/wp-content\/uploads\/usu1226\/2019\/04\/jordi2016.jpg 518w\" sizes=\"auto, (max-width: 300px) 100vw, 300px\" \/><\/a>Us deixem a continuaci\u00f3 les recomanacions de Sant Jordi. Feu clic sobre el t\u00edtol:<\/p>\n<ul>\n<li><a href=\"https:\/\/drive.google.com\/open?id=1W5irLxe1DRjmuRr7Odi35KLoW8RZwNJA\">Educaci\u00f3 infantil\u00a0\u00a0<\/a><\/li>\n<li><a href=\"https:\/\/drive.google.com\/open?id=11w0hk1wps09WX7veRD5nRU8lE1BfzudU\" target=\"_blank\" rel=\"noopener\">Cicle inicial<\/a><\/li>\n<li><a href=\"https:\/\/drive.google.com\/open?id=16o8Wv9-jimRSKGvOlg9AFUJ2lBUlOjUq\" target=\"_blank\" rel=\"noopener\">Cicle mitj\u00e0<\/a><\/li>\n<li><a href=\"https:\/\/drive.google.com\/open?id=1lsGw14YoYY6fCwIZ7QOhbC3GZ-0lEF0L\" target=\"_blank\" rel=\"noopener\">Cicle superior<\/a><\/li>\n<\/ul>\n","protected":false},"excerpt":{"rendered":"<p>Us deixem a continuaci\u00f3 les recomanacions de Sant Jordi. Feu clic sobre el t\u00edtol: Educaci\u00f3 infantil\u00a0\u00a0 Cicle inicial Cicle mitj\u00e0 Cicle superior<\/p>\n","protected":false},"author":1,"featured_media":0,"parent":597,"menu_order":0,"comment_status":"closed","ping_status":"closed","template":"","meta":{"_bbp_topic_count":0,"_bbp_reply_count":0,"_bbp_total_topic_count":0,"_bbp_total_reply_count":0,"_bbp_voice_count":0,"_bbp_anonymous_reply_count":0,"_bbp_topic_count_hidden":0,"_bbp_reply_count_hidden":0,"_bbp_forum_subforum_count":0,"site-sidebar-layout":"default","site-content-layout":"","ast-site-content-layout":"","site-content-style":"default","site-sidebar-style":"default","ast-global-header-display":"","ast-banner-title-visibility":"","ast-main-header-display":"","ast-hfb-above-header-display":"","ast-hfb-below-header-display":"","ast-hfb-mobile-header-display":"","site-post-title":"","ast-breadcrumbs-content":"","ast-featured-img":"","footer-sml-layout":"","theme-transparent-header-meta":"","adv-header-id-meta":"","stick-header-meta":"","header-above-stick-meta":"","header-main-stick-meta":"","header-below-stick-meta":"","astra-migrate-meta-layouts":"default","ast-page-background-enabled":"default","ast-page-background-meta":{"desktop":{"background-color":"var(--ast-global-color-4)","background-image":"","background-repeat":"repeat","background-position":"center center","background-size":"auto","background-attachment":"scroll","background-type":"","background-media":"","overlay-type":"","overlay-color":"","overlay-opacity":"","overlay-gradient":""},"tablet":{"background-color":"","background-image":"","background-repeat":"repeat","background-position":"center center","background-size":"auto","background-attachment":"scroll","background-type":"","background-media":"","overlay-type":"","overlay-color":"","overlay-opacity":"","overlay-gradient":""},"mobile":{"background-color":"","background-image":"","background-repeat":"repeat","background-position":"center center","background-size":"auto","background-attachment":"scroll","background-type":"","background-media":"","overlay-type":"","overlay-color":"","overlay-opacity":"","overlay-gradient":""}},"ast-content-background-meta":{"desktop":{"background-color":"var(--ast-global-color-5)","background-image":"","background-repeat":"repeat","background-position":"center center","background-size":"auto","background-attachment":"scroll","background-type":"","background-media":"","overlay-type":"","overlay-color":"","overlay-opacity":"","overlay-gradient":""},"tablet":{"background-color":"var(--ast-global-color-5)","background-image":"","background-repeat":"repeat","background-position":"center center","background-size":"auto","background-attachment":"scroll","background-type":"","background-media":"","overlay-type":"","overlay-color":"","overlay-opacity":"","overlay-gradient":""},"mobile":{"background-color":"var(--ast-global-color-5)","background-image":"","background-repeat":"repeat","background-position":"center center","background-size":"auto","background-attachment":"scroll","background-type":"","background-media":"","overlay-type":"","overlay-color":"","overlay-opacity":"","overlay-gradient":""}},"footnotes":""},"class_list":["post-739","page","type-page","status-publish","hentry"],"post_mailing_queue_ids":[],"_links":{"self":[{"href":"https:\/\/agora.xtec.cat\/ceipguilleries\/wp-json\/wp\/v2\/pages\/739","targetHints":{"allow":["GET"]}}],"collection":[{"href":"https:\/\/agora.xtec.cat\/ceipguilleries\/wp-json\/wp\/v2\/pages"}],"about":[{"href":"https:\/\/agora.xtec.cat\/ceipguilleries\/wp-json\/wp\/v2\/types\/page"}],"author":[{"embeddable":true,"href":"https:\/\/agora.xtec.cat\/ceipguilleries\/wp-json\/wp\/v2\/users\/1"}],"replies":[{"embeddable":true,"href":"https:\/\/agora.xtec.cat\/ceipguilleries\/wp-json\/wp\/v2\/comments?post=739"}],"version-history":[{"count":3,"href":"https:\/\/agora.xtec.cat\/ceipguilleries\/wp-json\/wp\/v2\/pages\/739\/revisions"}],"predecessor-version":[{"id":1488,"href":"https:\/\/agora.xtec.cat\/ceipguilleries\/wp-json\/wp\/v2\/pages\/739\/revisions\/1488"}],"up":[{"embeddable":true,"href":"https:\/\/agora.xtec.cat\/ceipguilleries\/wp-json\/wp\/v2\/pages\/597"}],"wp:attachment":[{"href":"https:\/\/agora.xtec.cat\/ceipguilleries\/wp-json\/wp\/v2\/media?parent=739"}],"curies":[{"name":"wp","href":"https:\/\/api.w.org\/{rel}","templated":true}]}}