{"id":32,"date":"2014-09-18T12:31:33","date_gmt":"2014-09-18T10:31:33","guid":{"rendered":"http:\/\/agora.xtec.cat\/ceipgueraudeliost\/?page_id=32"},"modified":"2025-09-04T13:16:34","modified_gmt":"2025-09-04T11:16:34","slug":"calendari-del-curs","status":"publish","type":"page","link":"https:\/\/agora.xtec.cat\/ceipgueraudeliost\/lescola\/calendari-del-curs\/","title":{"rendered":"Calendari del curs 2025-2026"},"content":{"rendered":"<h4><\/h4>\n<table style=\"border-collapse: collapse; width: 96.3746%;\">\n<tbody>\n<tr>\n<td style=\"width: 100%;\"><a href=\"https:\/\/agora.xtec.cat\/ceipgueraudeliost\/wp-content\/uploads\/usu1436\/2021\/05\/image0.jpeg\"><img loading=\"lazy\" decoding=\"async\" class=\"wp-image-11632 aligncenter\" src=\"https:\/\/agora.xtec.cat\/ceipgueraudeliost\/wp-content\/uploads\/usu1436\/2021\/05\/image0.jpeg\" alt=\"\" width=\"203\" height=\"203\" srcset=\"https:\/\/agora.xtec.cat\/ceipgueraudeliost\/wp-content\/uploads\/usu1436\/2021\/05\/image0.jpeg 640w, https:\/\/agora.xtec.cat\/ceipgueraudeliost\/wp-content\/uploads\/usu1436\/2021\/05\/image0-150x150.jpeg 150w, https:\/\/agora.xtec.cat\/ceipgueraudeliost\/wp-content\/uploads\/usu1436\/2021\/05\/image0-300x300.jpeg 300w\" sizes=\"auto, (max-width: 203px) 100vw, 203px\" \/><\/a><\/td>\n<\/tr>\n<tr>\n<td style=\"width: 100%;\"><a href=\"https:\/\/agora.xtec.cat\/ceipgueraudeliost\/wp-content\/uploads\/usu1436\/2025\/09\/Calendari-25-26.png\"><img loading=\"lazy\" decoding=\"async\" class=\"aligncenter size-full wp-image-21603\" src=\"https:\/\/agora.xtec.cat\/ceipgueraudeliost\/wp-content\/uploads\/usu1436\/2025\/09\/Calendari-25-26.png\" alt=\"\" width=\"1273\" height=\"891\" srcset=\"https:\/\/agora.xtec.cat\/ceipgueraudeliost\/wp-content\/uploads\/usu1436\/2025\/09\/Calendari-25-26.png 1273w, https:\/\/agora.xtec.cat\/ceipgueraudeliost\/wp-content\/uploads\/usu1436\/2025\/09\/Calendari-25-26-300x210.png 300w, https:\/\/agora.xtec.cat\/ceipgueraudeliost\/wp-content\/uploads\/usu1436\/2025\/09\/Calendari-25-26-1024x717.png 1024w, https:\/\/agora.xtec.cat\/ceipgueraudeliost\/wp-content\/uploads\/usu1436\/2025\/09\/Calendari-25-26-768x538.png 768w\" sizes=\"auto, (max-width: 1273px) 100vw, 1273px\" \/><\/a><\/td>\n<\/tr>\n<\/tbody>\n<\/table>\n<table dir=\"ltr\" border=\"1\" cellspacing=\"0\" cellpadding=\"0\" data-sheets-root=\"1\" data-sheets-baot=\"1\">\n<colgroup>\n<col width=\"100\" \/>\n<col width=\"118\" \/>\n<col width=\"100\" \/>\n<col width=\"100\" \/>\n<col width=\"116\" \/>\n<col width=\"100\" \/><\/colgroup>\n<tbody>\n<tr>\n<td colspan=\"6\" rowspan=\"1\">CALENDARI LECTIU<\/td>\n<\/tr>\n<tr>\n<td>1r TRIMESTRE<\/td>\n<td colspan=\"5\" rowspan=\"1\">Del 8 de setembre fins al 19 de desembre<\/td>\n<\/tr>\n<tr>\n<td>2n TRIMESTRE<\/td>\n<td colspan=\"5\" rowspan=\"1\">Del 8 de gener fins al 27 de mar\u00e7<\/td>\n<\/tr>\n<tr>\n<td>3r TRIMESTRE<\/td>\n<td colspan=\"5\" rowspan=\"1\">Del 7 d&#8217;abril fins al 19 de juny<\/td>\n<\/tr>\n<tr>\n<td><\/td>\n<td><\/td>\n<td><\/td>\n<td><\/td>\n<td><\/td>\n<td><\/td>\n<\/tr>\n<tr>\n<td colspan=\"6\" rowspan=\"1\">PER\u00cdODES DE VACANCES<\/td>\n<\/tr>\n<tr>\n<td>NADAL<\/td>\n<td colspan=\"5\" rowspan=\"1\">Del 20 de desembre fins al 7 de gener<\/td>\n<\/tr>\n<tr>\n<td>SETMANA SANTA<\/td>\n<td colspan=\"5\" rowspan=\"1\">Del 28 de mar\u00e7 al 7 d\u2019abril<\/td>\n<\/tr>\n<tr>\n<td><\/td>\n<td><\/td>\n<td><\/td>\n<td><\/td>\n<td><\/td>\n<td><\/td>\n<\/tr>\n<tr>\n<td colspan=\"6\" rowspan=\"1\">FESTES LOCALS, NACIONALS I LLIURE DISPOSICI\u00d3<\/td>\n<\/tr>\n<tr>\n<td colspan=\"2\" rowspan=\"1\">11 de setembre (dijous)<\/td>\n<td colspan=\"4\" rowspan=\"1\">Diada Nacional de Catalunya (Nacional)<\/td>\n<\/tr>\n<tr>\n<td colspan=\"2\" rowspan=\"1\">19 de setembre (divendres)<\/td>\n<td colspan=\"4\" rowspan=\"1\">Festa Major de Corr\u00f3 d\u2019Avall (Local)<\/td>\n<\/tr>\n<tr>\n<td colspan=\"2\" rowspan=\"1\">3 de novembre (dilluns)<\/td>\n<td colspan=\"4\" rowspan=\"1\">Festa de lliure disposici\u00f3 (*)<\/td>\n<\/tr>\n<tr>\n<td colspan=\"2\" rowspan=\"1\">5 de desembre (divendres)<\/td>\n<td colspan=\"4\" rowspan=\"1\">Festa de lliure disposici\u00f3 (*)<\/td>\n<\/tr>\n<tr>\n<td colspan=\"2\" rowspan=\"1\">8 de desembre (dilluns)<\/td>\n<td colspan=\"4\" rowspan=\"1\">Dia de la Immaculada (Nacional)<\/td>\n<\/tr>\n<tr>\n<td colspan=\"2\" rowspan=\"1\">16 de febrer (dilluns)<\/td>\n<td colspan=\"4\" rowspan=\"1\">Festa de lliure disposici\u00f3 (*)<\/td>\n<\/tr>\n<tr>\n<td colspan=\"2\" rowspan=\"1\">1 de maig (divendres)<\/td>\n<td colspan=\"4\" rowspan=\"1\">Dia del treballador (Nacional)<\/td>\n<\/tr>\n<tr>\n<td colspan=\"2\" rowspan=\"1\">14 i 15 de maig (dijous i divendres)<\/td>\n<td colspan=\"4\" rowspan=\"1\">Festa de lliure disposici\u00f3 (*)<br \/>\nFesta de l&#8217;Ascensi\u00f3 (Local)<\/td>\n<\/tr>\n<\/tbody>\n<\/table>\n<p>&nbsp;<\/p>\n<p>&#8212;&#8212;&#8212;&#8212;&#8212;&#8212;&#8212;&#8212;&#8212;&#8212;&#8212;&#8212;&#8212;&#8212;&#8212;&#8212;&#8212;&#8212;&#8212;&#8212;&#8212;&#8212;<\/p>\n<p>L\u2019<b>horari lectiu<\/b> del centre \u00e9s de 9.00h a 12:30 h i de 15:00 a 16:30 h per a tots els alumnes del centre excepte els dies en que es fa jornada compactada en els que l&#8217;horari ser\u00e0 de 9:00h a 13:00h.<\/p>\n<p>Per als alumnes que inicien l\u2019escolaritzaci\u00f3 a I3 s\u2019organitza un per\u00edode d\u2019adaptaci\u00f3 que suposa una certa modificaci\u00f3 dels horaris del 8 al 10 de setembre, i que es fa saber a les fam\u00edlies en les reunions pr\u00e8vies corresponents.<\/p>\n","protected":false},"excerpt":{"rendered":"<p><a href=\"https:\/\/agora.xtec.cat\/ceipgueraudeliost\/wp-content\/uploads\/usu1436\/2021\/05\/image0.jpeg\"><\/a><\/p>\n<p><a href=\"https:\/\/agora.xtec.cat\/ceipgueraudeliost\/wp-content\/uploads\/usu1436\/2025\/09\/Calendari-25-26.png\"><\/a><\/p>\n<p>CALENDARI LECTIU<\/p>\n<p>1r TRIMESTRE<br \/>\nDel 8 de setembre fins al 19 de desembre<\/p>\n<p>2n TRIMESTRE<br \/>\nDel 8 de gener fins al 27 de mar\u00e7<\/p>\n<p>3r TRIMESTRE<br \/>\nDel 7 d&#8217;abril fins al 19 de juny<\/p>\n<p>PER\u00cdODES DE VACANCES<\/p>\n<p>NADAL<br \/>\nDel 20 de desembre fins al 7 de gener<\/p>\n<p>SETMANA SANTA<br \/>\nDel 28 de mar\u00e7 al&hellip;  <a href=\"https:\/\/agora.xtec.cat\/ceipgueraudeliost\/lescola\/calendari-del-curs\/\" title=\"Read Calendari del curs 2025-2026\">Llegeix m\u00e9s\u00bb<\/a><\/p>\n","protected":false},"author":1,"featured_media":0,"parent":22,"menu_order":50,"comment_status":"closed","ping_status":"closed","template":"page-templates\/side-menu.php","meta":{"_bbp_topic_count":0,"_bbp_reply_count":0,"_bbp_total_topic_count":0,"_bbp_total_reply_count":0,"_bbp_voice_count":0,"_bbp_anonymous_reply_count":0,"_bbp_topic_count_hidden":0,"_bbp_reply_count_hidden":0,"_bbp_forum_subforum_count":0,"footnotes":""},"class_list":["post-32","page","type-page","status-publish","hentry"],"post_mailing_queue_ids":[],"_links":{"self":[{"href":"https:\/\/agora.xtec.cat\/ceipgueraudeliost\/wp-json\/wp\/v2\/pages\/32","targetHints":{"allow":["GET"]}}],"collection":[{"href":"https:\/\/agora.xtec.cat\/ceipgueraudeliost\/wp-json\/wp\/v2\/pages"}],"about":[{"href":"https:\/\/agora.xtec.cat\/ceipgueraudeliost\/wp-json\/wp\/v2\/types\/page"}],"author":[{"embeddable":true,"href":"https:\/\/agora.xtec.cat\/ceipgueraudeliost\/wp-json\/wp\/v2\/users\/1"}],"replies":[{"embeddable":true,"href":"https:\/\/agora.xtec.cat\/ceipgueraudeliost\/wp-json\/wp\/v2\/comments?post=32"}],"version-history":[{"count":6,"href":"https:\/\/agora.xtec.cat\/ceipgueraudeliost\/wp-json\/wp\/v2\/pages\/32\/revisions"}],"predecessor-version":[{"id":462,"href":"https:\/\/agora.xtec.cat\/ceipgueraudeliost\/wp-json\/wp\/v2\/pages\/32\/revisions\/462"}],"up":[{"embeddable":true,"href":"https:\/\/agora.xtec.cat\/ceipgueraudeliost\/wp-json\/wp\/v2\/pages\/22"}],"wp:attachment":[{"href":"https:\/\/agora.xtec.cat\/ceipgueraudeliost\/wp-json\/wp\/v2\/media?parent=32"}],"curies":[{"name":"wp","href":"https:\/\/api.w.org\/{rel}","templated":true}]}}