{"id":26,"date":"2014-09-18T12:24:32","date_gmt":"2014-09-18T11:24:32","guid":{"rendered":"http:\/\/agora.xtec.cat\/ceipgueraudeliost\/?page_id=26"},"modified":"2017-07-25T09:52:02","modified_gmt":"2017-07-25T07:52:02","slug":"historia","status":"publish","type":"page","link":"https:\/\/agora.xtec.cat\/ceipgueraudeliost\/lescola\/historia\/","title":{"rendered":"Hist\u00f2ria i contextualitzaci\u00f3"},"content":{"rendered":"<p><span style=\"font-weight: 400;\">L\u2019Escola es troba situada a les Franqueses del Vall\u00e8s, a la prov\u00edncia de Barcelona. \u00c9s un dels municipis m\u00e9s extensos de la comarca del Vall\u00e8s Oriental ja que aglutina 5 nuclis de poblaci\u00f3 diferents: 4 pobles hist\u00f2rics amb identitat pr\u00f2pia (Corr\u00f3 d\u2019Amunt, Corr\u00f3 d\u2019Avall, Llerona, Marata) i el barri de Bellavista. T\u00e9 una extensi\u00f3 de 30 Km2 i llinda amb els municipis de Granollers (capital de comarca), Canovelles, C\u00e0noves i la Garriga.<\/span><\/p>\n<p><span style=\"font-weight: 400;\">La seva poblaci\u00f3 \u00e9s de gaireb\u00e9 20.000 habitants. Actualment, al municipi hi trobem 2 escoles bressol municipals, 5 escoles d\u2019educaci\u00f3 prim\u00e0ria i 2 instituts d\u2019educaci\u00f3 secund\u00e0ria. D\u2019aquestes, 4 s\u00f3n de recent construcci\u00f3, fidel reflex de l\u2019augment de poblaci\u00f3 que ha experimentat el poble.<\/span><\/p>\n<p><span style=\"font-weight: 400;\">L\u2019Escola, considerada fins ara de nova creaci\u00f3, ja fa 13 anys que funciona, concretament des del curs 2003\/2004. \u00c9s una escola de dues l\u00ednies i t\u00e9 un total de 480 alumnes. El claustre est\u00e0 format per 30 docents aproximadament.<\/span><\/p>\n<p><span style=\"font-weight: 400;\">Est\u00e0 distribu\u00efda en dos edificis (un per educaci\u00f3 infantil i l\u2019altre per educaci\u00f3 prim\u00e0ria).<\/span><\/p>\n<p><span style=\"font-weight: 400;\">El centre est\u00e0 situat en un entorn privilegiat, amb bones comunicacions, serveis i un entorn encara agr\u00edcola. Al davant t\u00e9 una riera, al costat un gran parc i un poliesportiu amb piscina. A prop hi ha la ronda de Granollers.<\/span><\/p>\n","protected":false},"excerpt":{"rendered":"<p>L\u2019Escola es troba situada a les Franqueses del Vall\u00e8s, a la prov\u00edncia de Barcelona. \u00c9s un dels municipis m\u00e9s extensos de la comarca del Vall\u00e8s Oriental ja que aglutina 5 nuclis de poblaci\u00f3 diferents: 4 pobles hist\u00f2rics amb identitat pr\u00f2pia (Corr\u00f3 d\u2019Amunt, Corr\u00f3 d\u2019Avall, Llerona,&hellip;  <a href=\"https:\/\/agora.xtec.cat\/ceipgueraudeliost\/lescola\/historia\/\" title=\"Read Hist\u00f2ria i contextualitzaci\u00f3\">Llegeix m\u00e9s\u00bb<\/a><\/p>\n","protected":false},"author":1,"featured_media":0,"parent":22,"menu_order":20,"comment_status":"closed","ping_status":"closed","template":"page-templates\/side-menu.php","meta":{"_bbp_topic_count":0,"_bbp_reply_count":0,"_bbp_total_topic_count":0,"_bbp_total_reply_count":0,"_bbp_voice_count":0,"_bbp_anonymous_reply_count":0,"_bbp_topic_count_hidden":0,"_bbp_reply_count_hidden":0,"_bbp_forum_subforum_count":0,"footnotes":""},"class_list":["post-26","page","type-page","status-publish","hentry"],"post_mailing_queue_ids":[],"_links":{"self":[{"href":"https:\/\/agora.xtec.cat\/ceipgueraudeliost\/wp-json\/wp\/v2\/pages\/26","targetHints":{"allow":["GET"]}}],"collection":[{"href":"https:\/\/agora.xtec.cat\/ceipgueraudeliost\/wp-json\/wp\/v2\/pages"}],"about":[{"href":"https:\/\/agora.xtec.cat\/ceipgueraudeliost\/wp-json\/wp\/v2\/types\/page"}],"author":[{"embeddable":true,"href":"https:\/\/agora.xtec.cat\/ceipgueraudeliost\/wp-json\/wp\/v2\/users\/1"}],"replies":[{"embeddable":true,"href":"https:\/\/agora.xtec.cat\/ceipgueraudeliost\/wp-json\/wp\/v2\/comments?post=26"}],"version-history":[{"count":3,"href":"https:\/\/agora.xtec.cat\/ceipgueraudeliost\/wp-json\/wp\/v2\/pages\/26\/revisions"}],"predecessor-version":[{"id":1902,"href":"https:\/\/agora.xtec.cat\/ceipgueraudeliost\/wp-json\/wp\/v2\/pages\/26\/revisions\/1902"}],"up":[{"embeddable":true,"href":"https:\/\/agora.xtec.cat\/ceipgueraudeliost\/wp-json\/wp\/v2\/pages\/22"}],"wp:attachment":[{"href":"https:\/\/agora.xtec.cat\/ceipgueraudeliost\/wp-json\/wp\/v2\/media?parent=26"}],"curies":[{"name":"wp","href":"https:\/\/api.w.org\/{rel}","templated":true}]}}