{"id":818,"date":"2018-05-02T20:26:52","date_gmt":"2018-05-02T18:26:52","guid":{"rendered":"http:\/\/agora.xtec.cat\/ceipgrasisoler\/?page_id=818"},"modified":"2021-11-25T10:52:20","modified_gmt":"2021-11-25T09:52:20","slug":"projecte-global-scholars","status":"publish","type":"page","link":"https:\/\/agora.xtec.cat\/ceipgrasisoler\/els-nostres-projectes\/projecte-global-scholars\/","title":{"rendered":"Projecte GLOBAL SCHOLARS"},"content":{"rendered":"<div>\n<div>\n<h5><strong>Ens plau comunicar-vos que la nostra escola participa, com cada any, en el projecte en llengua anglesa &#8220;Global Scholars&#8221;. \u00a0Es tracta del projecte internacional en qu\u00e8 el nostre alumnat de sis\u00e8 col\u00b7labora amb altres estudiants d&#8217;escoles de diferents ciutats del m\u00f3n amb un fi com\u00fa: fer de les nostres ciutats espais futurs m\u00e9s sostenibles. Aquest projecte \u00e9s tot un repte tant per al nostre alumnat com per al professorat implicat i per al centre que adquireix un gran comprom\u00eds.<\/strong><\/h5>\n<h5>Global Scholars \u00e9s un dels projectes de Global Cities.<\/h5>\n<h5><a href=\"https:\/\/www.globalcities.org\/\" target=\"_blank\" rel=\"noopener\">M\u00c9S INFORMACI\u00d3<\/a><\/h5>\n<\/div>\n<h5>Qu\u00e8 \u00e9s Global Cities?<\/h5>\n<div>\n<p>\u00c9s un programa de Bloomberg Philantropies, organitzaci\u00f3 sense \u00e0nim de lucre amb seu a Nova York dedicada a establir connexions i afavorir el debat sobre temes d\u2019inter\u00e8s global entre ciutats d\u2019arreu del m\u00f3n.<\/p>\n<p>T\u00e9 com a objectiu connectar ciutats a trav\u00e9s d&#8217;una xarxa d&#8217;intercanvi d&#8217;informaci\u00f3 i bones pr\u00e0ctiques sobre temes d&#8217;actualitat que afecten les ciutats i desenvolupar la consci\u00e8ncia global entre els joves a trav\u00e9s de programes educatius interactius transnacionals.<\/p>\n<p>Global Scholars \u00e9s una iniciativa educativa internacional en l\u00ednia que connecta joves de 10 a 13 anys d\u2019escoles de ciutats d\u2019arreu del m\u00f3n i que els permet interactuar en angl\u00e8s sobre temes d\u2019inter\u00e8s global. Actualment participen en el programa unes cent trenta classes de trenta-dos ciutats d\u2019una vintena de pa\u00efsos.<\/p>\n<p><a href=\"https:\/\/www.globalcities.org\/global-scholars\" target=\"_blank\" rel=\"noopener\">GLOBAL SCHOLARS<\/a><\/p>\n<p>L\u2019objectiu pedag\u00f2gic del programa \u00e9s que els alumnes adquireixin una perspectiva m\u00e9s \u00e0mplia sobre el m\u00f3n globalitzat en qu\u00e8 viuen.<br \/>\nA partir d\u2019un curr\u00edculum com\u00fa i compartit per totes les escoles, els aprenents interactuen amb els seus international peers a trav\u00e9s d\u2019una aula virtual, comparteixen punts de vista, desenvolupen la consci\u00e8ncia global i reforcen compet\u00e8ncies clau per al segle XXI (pensament cr\u00edtic, creativitat, comunicaci\u00f3, col\u00b7laboraci\u00f3&#8230;)<\/p>\n<p>&nbsp;<\/p>\n<\/div>\n<\/div>\n<h5>Objectius del projecte:<\/h5>\n<h5><\/h5>\n<ul>\n<li>\n<h5>Ampliar les perspectives dels estudiants sobre temes globals cr\u00edtics perqu\u00e8 puguin pensar globalment i actuar localment (local-to-global).<\/h5>\n<\/li>\n<li>\n<h5>Adquirir coneixements sobre un tema d&#8217;inter\u00e8s mutu.<\/h5>\n<\/li>\n<\/ul>\n<ul>\n<li>\n<h5>Refor\u00e7ar les habilitats tecnol\u00f2giques que l\u2019alumnat necessita per tenir \u00e8xit en el segle XXI.<\/h5>\n<\/li>\n<\/ul>\n<ul>\n<li>\n<h5>Augmentar el domini de la tecnologia digital i facilitar la comunicaci\u00f3 virtual directa entre aules de diferents pa\u00efsos a trav\u00e9s dels f\u00f2rums de discussi\u00f3 en l\u00ednia i de projectes multim\u00e8dia (presentacions digitals, documents audiovisuals&#8230;).<\/h5>\n<\/li>\n<\/ul>\n<ul>\n<li>\n<h5>Promoure la pr\u00e0ctica de l\u2019angl\u00e8s.<\/h5>\n<\/li>\n<\/ul>\n<ul>\n<li>\n<h5>Desenvolupar habilitats de pensament cr\u00edtic.<\/h5>\n<\/li>\n<\/ul>\n","protected":false},"excerpt":{"rendered":"<p>Ens plau comunicar-vos que la nostra escola participa, com cada any, en el projecte en llengua anglesa &#8220;Global Scholars&#8221;. \u00a0Es tracta del projecte internacional en qu\u00e8 el nostre alumnat de sis\u00e8 col\u00b7labora amb altres estudiants d&#8217;escoles de diferents ciutats del m\u00f3n amb un fi com\u00fa:&hellip;  <a href=\"https:\/\/agora.xtec.cat\/ceipgrasisoler\/els-nostres-projectes\/projecte-global-scholars\/\" title=\"Read Projecte GLOBAL SCHOLARS\">Llegeix m\u00e9s\u00bb<\/a><\/p>\n","protected":false},"author":3,"featured_media":0,"parent":742,"menu_order":0,"comment_status":"closed","ping_status":"closed","template":"page-templates\/side-menu.php","meta":{"_bbp_topic_count":0,"_bbp_reply_count":0,"_bbp_total_topic_count":0,"_bbp_total_reply_count":0,"_bbp_voice_count":0,"_bbp_anonymous_reply_count":0,"_bbp_topic_count_hidden":0,"_bbp_reply_count_hidden":0,"_bbp_forum_subforum_count":0,"footnotes":""},"class_list":["post-818","page","type-page","status-publish","hentry"],"post_mailing_queue_ids":[],"_links":{"self":[{"href":"https:\/\/agora.xtec.cat\/ceipgrasisoler\/wp-json\/wp\/v2\/pages\/818","targetHints":{"allow":["GET"]}}],"collection":[{"href":"https:\/\/agora.xtec.cat\/ceipgrasisoler\/wp-json\/wp\/v2\/pages"}],"about":[{"href":"https:\/\/agora.xtec.cat\/ceipgrasisoler\/wp-json\/wp\/v2\/types\/page"}],"author":[{"embeddable":true,"href":"https:\/\/agora.xtec.cat\/ceipgrasisoler\/wp-json\/wp\/v2\/users\/3"}],"replies":[{"embeddable":true,"href":"https:\/\/agora.xtec.cat\/ceipgrasisoler\/wp-json\/wp\/v2\/comments?post=818"}],"version-history":[{"count":3,"href":"https:\/\/agora.xtec.cat\/ceipgrasisoler\/wp-json\/wp\/v2\/pages\/818\/revisions"}],"predecessor-version":[{"id":3441,"href":"https:\/\/agora.xtec.cat\/ceipgrasisoler\/wp-json\/wp\/v2\/pages\/818\/revisions\/3441"}],"up":[{"embeddable":true,"href":"https:\/\/agora.xtec.cat\/ceipgrasisoler\/wp-json\/wp\/v2\/pages\/742"}],"wp:attachment":[{"href":"https:\/\/agora.xtec.cat\/ceipgrasisoler\/wp-json\/wp\/v2\/media?parent=818"}],"curies":[{"name":"wp","href":"https:\/\/api.w.org\/{rel}","templated":true}]}}