{"id":805,"date":"2018-05-01T17:38:35","date_gmt":"2018-05-01T15:38:35","guid":{"rendered":"http:\/\/agora.xtec.cat\/ceipgrasisoler\/?page_id=805"},"modified":"2026-03-11T16:57:06","modified_gmt":"2026-03-11T15:57:06","slug":"calendari-de-sortides","status":"publish","type":"page","link":"https:\/\/agora.xtec.cat\/ceipgrasisoler\/calendari-i-dates-dinteres\/calendari-de-sortides\/","title":{"rendered":"Calendari de sortides curs 2025-2026"},"content":{"rendered":"<p><b>Sortides curs 25-26<\/b><\/p>\n<table style=\"width: 81.7312%; height: 771px;\">\n<tbody>\n<tr style=\"height: 33px;\">\n<td style=\"width: 104px; height: 33px;\"><b>DATA<\/b><\/td>\n<td style=\"width: 109px; height: 33px;\"><b>CURS<\/b><\/td>\n<td style=\"width: 393px; height: 33px;\"><b>ACTIVITAT<\/b><\/td>\n<td style=\"width: 264px; height: 33px;\"><b>LLOC<\/b><\/td>\n<\/tr>\n<tr style=\"height: 48px;\">\n<td style=\"width: 104px; height: 48px;\">1r trimestre<\/td>\n<td style=\"width: 109px; height: 48px;\">tots els cursos<\/td>\n<td style=\"width: 393px; height: 48px;\">Per concretar segons PROJECTE nom de la classe<\/td>\n<td style=\"width: 264px; height: 48px;\">Per concretar<\/td>\n<\/tr>\n<tr style=\"height: 48px;\">\n<td style=\"width: 104px; height: 48px;\"><span style=\"font-weight: 400;\">9 i 10 octubre<\/span><\/td>\n<td style=\"width: 109px; height: 48px;\"><span style=\"font-weight: 400;\">I4<\/span><\/td>\n<td style=\"width: 393px; height: 48px;\"><span style=\"font-weight: 400;\">Col\u00f2nies tardor<\/span><\/td>\n<td style=\"width: 264px; height: 48px;\"><span style=\"font-weight: 400;\">La Granja-Santa Maria de Palautordera<\/span><\/td>\n<\/tr>\n<tr style=\"height: 48px;\">\n<td style=\"width: 104px; height: 48px;\"><span style=\"font-weight: 400;\">8, 9 i 10\u00a0\u00a0<\/span><\/td>\n<td style=\"width: 109px; height: 48px;\"><span style=\"font-weight: 400;\">I5, 4tA-B i 5\u00e8.<\/span><\/td>\n<td style=\"width: 393px; height: 48px;\"><span style=\"font-weight: 400;\">Col\u00f2nies tardor<\/span><\/td>\n<td style=\"width: 264px; height: 48px;\"><span style=\"font-weight: 400;\">La Granja-Santa Maria de Palautordera<\/span><\/td>\n<\/tr>\n<tr style=\"height: 33px;\">\n<td style=\"width: 104px; height: 33px;\"><span style=\"font-weight: 400;\">18\/11\/25<\/span><\/td>\n<td style=\"width: 109px; height: 33px;\"><span style=\"font-weight: 400;\">Infantil\u00a0<\/span><\/td>\n<td style=\"width: 393px; height: 33px;\"><span style=\"font-weight: 400;\">Gran teatre del Liceu-Espectacle Miralls<\/span><\/td>\n<td style=\"width: 264px; height: 33px;\"><span style=\"font-weight: 400;\">Barcelona<\/span><\/td>\n<\/tr>\n<tr style=\"height: 33px;\">\n<td style=\"width: 104px; height: 33px;\"><span style=\"font-weight: 400;\">10\/12\/25<\/span><\/td>\n<td style=\"width: 109px; height: 33px;\"><span style=\"font-weight: 400;\">6\u00e8<\/span><\/td>\n<td style=\"width: 393px; height: 33px;\"><span style=\"font-weight: 400;\">Circ d&#8217;hivern -teatre 9 barris<\/span><\/td>\n<td style=\"width: 264px; height: 33px;\"><span style=\"font-weight: 400;\">Barcelona<\/span><\/td>\n<\/tr>\n<tr style=\"height: 48px;\">\n<td style=\"width: 104px; height: 48px;\"><span style=\"font-weight: 400;\">21\/01\/26<\/span><\/td>\n<td style=\"width: 109px; height: 48px;\"><span style=\"font-weight: 400;\">de 4t\u00a0 a 6\u00e8<\/span><\/td>\n<td style=\"width: 393px; height: 48px;\"><span style=\"font-weight: 400;\">Fabra i Coats-Festival FLIC d&#8217;arts i literatura infantil i juvenil&#8221;<\/span><\/td>\n<td style=\"width: 264px; height: 48px;\"><span style=\"font-weight: 400;\">Barcelona<\/span><\/td>\n<\/tr>\n<tr style=\"height: 33px;\">\n<td style=\"width: 104px; height: 33px;\"><span style=\"font-weight: 400;\">22\/01\/26<\/span><\/td>\n<td style=\"width: 109px; height: 33px;\"><span style=\"font-weight: 400;\">d&#8217;I3 a 3r <\/span><\/td>\n<td style=\"width: 393px; height: 33px;\"><span style=\"font-weight: 400;\">Espectacle de butxaca: Animalades i altres bestieses<\/span><\/td>\n<td style=\"width: 264px; height: 33px;\"><span style=\"font-weight: 400;\">Escola<\/span><\/td>\n<\/tr>\n<tr style=\"height: 33px;\">\n<td style=\"width: 104px; height: 33px;\"><span style=\"font-weight: 400;\">04\/03\/26<\/span><\/td>\n<td style=\"width: 109px; height: 33px;\"><span style=\"font-weight: 400;\">2n<\/span><\/td>\n<td style=\"width: 393px; height: 33px;\"><span style=\"font-weight: 400;\">La Rajoleta: El fanguet i la Terrisseta fan trencadissa<\/span><\/td>\n<td style=\"width: 264px; height: 33px;\"><span style=\"font-weight: 400;\">Esplugues<\/span><\/td>\n<\/tr>\n<tr style=\"height: 33px;\">\n<td style=\"width: 104px; height: 33px;\"><span style=\"font-weight: 400;\">05\/03\/26<\/span><\/td>\n<td style=\"width: 109px; height: 33px;\"><span style=\"font-weight: 400;\">I5 i 1r<\/span><\/td>\n<td style=\"width: 393px; height: 33px;\"><span style=\"font-weight: 400;\">La Rajoleta: El fanguet i la Terrisseta fan trencadissa<\/span><\/td>\n<td style=\"width: 264px; height: 33px;\"><span style=\"font-weight: 400;\">Esplugues<\/span><\/td>\n<\/tr>\n<tr style=\"height: 33px;\">\n<td style=\"width: 104px; height: 36px;\"><span style=\"font-weight: 400;\">11\/03\/25<\/span><\/td>\n<td style=\"width: 109px; height: 36px;\"><span style=\"font-weight: 400;\">3r i 4t A i B<\/span><\/td>\n<td style=\"width: 393px; height: 36px;\"><span style=\"font-weight: 400;\">Teatre Romea: Alicia al pa\u00eds dels m\u00f2bils<\/span><\/td>\n<td style=\"width: 264px; height: 36px;\"><span style=\"font-weight: 400;\">Barcelona<\/span><\/td>\n<\/tr>\n<tr style=\"height: 48px;\">\n<td style=\"width: 104px; height: 48px;\"><span style=\"font-weight: 400;\">19\/03\/26<\/span><\/td>\n<td style=\"width: 109px; height: 48px;\"><span style=\"font-weight: 400;\">I3, I4, I5, 1r i 2n<\/span><\/td>\n<td style=\"width: 393px; height: 48px;\"><span style=\"font-weight: 400;\">Teatre \u201cEl viatge dels colors\u201d<\/span><\/td>\n<td style=\"width: 264px; height: 48px;\"><span style=\"font-weight: 400;\">Esplugues de Llobregat<\/span><\/td>\n<\/tr>\n<tr>\n<td style=\"width: 104px;\"><span style=\"font-weight: 400;\">26\/03\/26<\/span><\/td>\n<td style=\"width: 109px;\"><span style=\"font-weight: 400;\">3r, 4tA, 4tB, 5\u00e8 i 6\u00e8<\/span><\/td>\n<td style=\"width: 393px;\"><span style=\"font-weight: 400;\">Teatre &#8220;Obra de teatre: \u201cQui s\u00f3c jo, mare?\u201d&#8221;<\/span><\/td>\n<td style=\"width: 264px;\"><span style=\"font-weight: 400;\">Esplugues de Llobregat<\/span><\/td>\n<\/tr>\n<tr style=\"height: 33px;\">\n<td style=\"width: 104px; height: 33px;\">28\/04\/26<\/td>\n<td style=\"width: 109px; height: 33px;\">5\u00e8<\/td>\n<td style=\"width: 393px; height: 33px;\"><span style=\"font-weight: 400;\">El cor de la ciutat: de Barcino a Barchinona<\/span><\/td>\n<td style=\"width: 264px; height: 33px;\"><span style=\"font-weight: 400;\">Barcelona<\/span><\/td>\n<\/tr>\n<tr style=\"height: 33px;\">\n<td style=\"width: 104px; height: 33px;\">28\/04\/26<\/td>\n<td style=\"width: 109px; height: 33px;\">6\u00e8<\/td>\n<td style=\"width: 393px; height: 33px;\">La Guerra Civil a Barceloa<\/td>\n<td style=\"width: 264px; height: 33px;\"><span style=\"font-weight: 400;\">Barcelona<\/span><\/td>\n<\/tr>\n<tr style=\"height: 33px;\">\n<td style=\"width: 104px; height: 33px;\">06\/05\/26<\/td>\n<td style=\"width: 109px; height: 33px;\">3r<\/td>\n<td style=\"width: 393px; height: 33px;\">Visita a les Coves de Salnitre<\/td>\n<td style=\"width: 264px; height: 33px;\">Collbat\u00f3<\/td>\n<\/tr>\n<tr style=\"height: 33px;\">\n<td style=\"width: 104px; height: 33px;\">07\/05\/26<\/td>\n<td style=\"width: 109px; height: 33px;\">I4<\/td>\n<td style=\"width: 393px; height: 33px;\">Descoberta del Delta del Llobregat amb Bioeduca<\/td>\n<td style=\"width: 264px; height: 33px;\">El Remolar-Viladecans<\/td>\n<\/tr>\n<tr style=\"height: 33px;\">\n<td style=\"width: 104px; height: 33px;\">12\/05\/26<\/td>\n<td style=\"width: 109px; height: 33px;\">I5<\/td>\n<td style=\"width: 393px; height: 33px;\">CRAM-centre recuperaci\u00f3 amfibis: Un mar d&#8217;esperan\u00e7a<\/td>\n<td style=\"width: 264px; height: 33px;\">El Prat de Llobregat<\/td>\n<\/tr>\n<tr style=\"height: 33px;\">\n<td style=\"width: 104px; height: 33px;\">13\/05\/26<\/td>\n<td style=\"width: 109px; height: 33px;\">4t A i B<\/td>\n<td style=\"width: 393px; height: 33px;\">Descoberta del bosc del Montseny<\/td>\n<td style=\"width: 264px; height: 33px;\">Riells del Montseny<\/td>\n<\/tr>\n<tr style=\"height: 33px;\">\n<td style=\"width: 104px; height: 33px;\">20\/05\/26<\/td>\n<td style=\"width: 109px; height: 33px;\">I3 i 1r<\/td>\n<td style=\"width: 393px; height: 33px;\">Coneixem Collserola<\/td>\n<td style=\"width: 264px; height: 33px;\">Vallvidrera<\/td>\n<\/tr>\n<tr style=\"height: 33px;\">\n<td style=\"width: 104px; height: 33px;\">10\/06\/26<\/td>\n<td style=\"width: 109px; height: 33px;\">I3 i I4<\/td>\n<td style=\"width: 393px; height: 33px;\"><span style=\"font-weight: 400;\">La fada dels colors i La Rajola Xerrameca<\/span><\/td>\n<td style=\"width: 264px; height: 33px;\">La Rajoleta-Esplugues<\/td>\n<\/tr>\n<tr style=\"height: 33px;\">\n<td style=\"width: 104px; height: 33px;\"><span style=\"font-weight: 400;\">3, 4 i 5 de juny<\/span><\/td>\n<td style=\"width: 109px; height: 33px;\"><span style=\"font-weight: 400;\">6\u00e8<\/span><\/td>\n<td style=\"width: 393px; height: 33px;\"><span style=\"font-weight: 400;\">Col\u00f2nies de mar: C\u00e0mping Caled\u00f2nia<\/span><\/td>\n<td style=\"width: 264px; height: 33px;\">Tamarit<\/td>\n<\/tr>\n<\/tbody>\n<\/table>\n<p>&nbsp;<\/p>\n","protected":false},"excerpt":{"rendered":"<p>Sortides curs 25-26<\/p>\n<p>DATA<br \/>\nCURS<br \/>\nACTIVITAT<br \/>\nLLOC<\/p>\n<p>1r trimestre<br \/>\ntots els cursos<br \/>\nPer concretar segons PROJECTE nom de la classe<br \/>\nPer concretar<\/p>\n<p>9 i 10 octubre<br \/>\nI4<br \/>\nCol\u00f2nies tardor<br \/>\nLa Granja-Santa Maria de Palautordera<\/p>\n<p>8, 9 i 10\u00a0\u00a0<br \/>\nI5, 4tA-B i 5\u00e8.<br \/>\nCol\u00f2nies tardor<br \/>\nLa Granja-Santa Maria de Palautordera<\/p>\n<p>18\/11\/25<br \/>\nInfantil\u00a0<br \/>\nGran teatre del Liceu-Espectacle Miralls<br \/>\nBarcelona<\/p>\n<p>10\/12\/25<br \/>\n6\u00e8<br \/>\nCirc d&#8217;hivern -teatre 9 barris<br \/>\nBarcelona<\/p>\n<p>21\/01\/26<br \/>\nde 4t\u00a0 a 6\u00e8<br \/>\nFabra i&hellip;  <a href=\"https:\/\/agora.xtec.cat\/ceipgrasisoler\/calendari-i-dates-dinteres\/calendari-de-sortides\/\" title=\"Read Calendari de sortides curs 2025-2026\">Llegeix m\u00e9s\u00bb<\/a><\/p>\n","protected":false},"author":3,"featured_media":0,"parent":808,"menu_order":0,"comment_status":"closed","ping_status":"closed","template":"page-templates\/side-menu.php","meta":{"_bbp_topic_count":0,"_bbp_reply_count":0,"_bbp_total_topic_count":0,"_bbp_total_reply_count":0,"_bbp_voice_count":0,"_bbp_anonymous_reply_count":0,"_bbp_topic_count_hidden":0,"_bbp_reply_count_hidden":0,"_bbp_forum_subforum_count":0,"footnotes":""},"class_list":["post-805","page","type-page","status-publish","hentry"],"post_mailing_queue_ids":[],"_links":{"self":[{"href":"https:\/\/agora.xtec.cat\/ceipgrasisoler\/wp-json\/wp\/v2\/pages\/805","targetHints":{"allow":["GET"]}}],"collection":[{"href":"https:\/\/agora.xtec.cat\/ceipgrasisoler\/wp-json\/wp\/v2\/pages"}],"about":[{"href":"https:\/\/agora.xtec.cat\/ceipgrasisoler\/wp-json\/wp\/v2\/types\/page"}],"author":[{"embeddable":true,"href":"https:\/\/agora.xtec.cat\/ceipgrasisoler\/wp-json\/wp\/v2\/users\/3"}],"replies":[{"embeddable":true,"href":"https:\/\/agora.xtec.cat\/ceipgrasisoler\/wp-json\/wp\/v2\/comments?post=805"}],"version-history":[{"count":8,"href":"https:\/\/agora.xtec.cat\/ceipgrasisoler\/wp-json\/wp\/v2\/pages\/805\/revisions"}],"predecessor-version":[{"id":9482,"href":"https:\/\/agora.xtec.cat\/ceipgrasisoler\/wp-json\/wp\/v2\/pages\/805\/revisions\/9482"}],"up":[{"embeddable":true,"href":"https:\/\/agora.xtec.cat\/ceipgrasisoler\/wp-json\/wp\/v2\/pages\/808"}],"wp:attachment":[{"href":"https:\/\/agora.xtec.cat\/ceipgrasisoler\/wp-json\/wp\/v2\/media?parent=805"}],"curies":[{"name":"wp","href":"https:\/\/api.w.org\/{rel}","templated":true}]}}