{"id":799,"date":"2018-05-01T17:23:28","date_gmt":"2018-05-01T15:23:28","guid":{"rendered":"http:\/\/agora.xtec.cat\/ceipgrasisoler\/?page_id=799"},"modified":"2026-01-18T17:29:25","modified_gmt":"2026-01-18T16:29:25","slug":"horaris","status":"publish","type":"page","link":"https:\/\/agora.xtec.cat\/ceipgrasisoler\/lescola\/horaris\/","title":{"rendered":"Atenci\u00f3 fam\u00edlies"},"content":{"rendered":"<div><span style=\"text-decoration: underline;\">Horari d&#8217;atenci\u00f3 fam\u00edlies amb tutores\/s i especialistes<\/span><\/div>\n<div>\n<div><\/div>\n<div><\/div>\n<div><\/div>\n<div>Dilluns de 12:30 a 13:30h: sereu convocats pel tutor\/a o mestres especialistes o podeu demanar hora a trav\u00e9s de l&#8217;agenda de l&#8217;alumne\/a.<\/div>\n<div><\/div>\n<div><\/div>\n<div><span style=\"text-decoration: underline;\">Vies de comunicaci\u00f3 de les fam\u00edlies amb l&#8217;Equip Directiu<\/span><\/div>\n<div><\/div>\n<div><\/div>\n<div><\/div>\n<ul style=\"list-style-type: disc;\">\n<li>Podeu comunicar-vos amb la directora, cap d&#8217;estudis i secretaria mitjan\u00e7ant el correu de l&#8217;escola a8017104@xtec.cat, trucant al 93 371 59 70 o demanant cita pr\u00e8via amb antelaci\u00f3.<\/li>\n<li>Horari d&#8217;atenci\u00f3 de direcci\u00f3: dilluns de 9 a 10h i dimecres de 15:00 a 16:30h.<\/li>\n<li>Horari d&#8217;atenci\u00f3 de secretaria:<\/li>\n<\/ul>\n<div>Horari d&#8217;atenci\u00f3 fam\u00edlies amb l&#8217;Administrativa<\/div>\n<div><\/div>\n<div><\/div>\n<div>Podeu comunicar-vos amb l&#8217;administrativa amb el correu\u00a0 de l&#8217;escola, per tel\u00e8fon o demanant cita pr\u00e8via.<\/div>\n<\/div>\n<div><\/div>\n<div><\/div>\n<div><\/div>\n","protected":false},"excerpt":{"rendered":"<p>Horari d&#8217;atenci\u00f3 fam\u00edlies amb tutores\/s i especialistes<\/p>\n<p>Dilluns de 12:30 a 13:30h: sereu convocats pel tutor\/a o mestres especialistes o podeu demanar hora a trav\u00e9s de l&#8217;agenda de l&#8217;alumne\/a.<\/p>\n<p>Vies de comunicaci\u00f3 de les fam\u00edlies amb l&#8217;Equip Directiu<\/p>\n<ul style=\"list-style-type: disc;\">\n<li>Podeu comunicar-vos amb la directora, cap d&#8217;estudis i&hellip;  <a href=\"https:\/\/agora.xtec.cat\/ceipgrasisoler\/lescola\/horaris\/\" title=\"Read Atenci\u00f3 fam\u00edlies\">Llegeix m\u00e9s\u00bb<\/a><br \/>\n","protected":false},"author":3,"featured_media":0,"parent":22,"menu_order":0,"comment_status":"closed","ping_status":"closed","template":"page-templates\/side-menu.php","meta":{"_bbp_topic_count":0,"_bbp_reply_count":0,"_bbp_total_topic_count":0,"_bbp_total_reply_count":0,"_bbp_voice_count":0,"_bbp_anonymous_reply_count":0,"_bbp_topic_count_hidden":0,"_bbp_reply_count_hidden":0,"_bbp_forum_subforum_count":0,"footnotes":""},"class_list":["post-799","page","type-page","status-publish","hentry"],"post_mailing_queue_ids":[],"_links":{"self":[{"href":"https:\/\/agora.xtec.cat\/ceipgrasisoler\/wp-json\/wp\/v2\/pages\/799","targetHints":{"allow":["GET"]}}],"collection":[{"href":"https:\/\/agora.xtec.cat\/ceipgrasisoler\/wp-json\/wp\/v2\/pages"}],"about":[{"href":"https:\/\/agora.xtec.cat\/ceipgrasisoler\/wp-json\/wp\/v2\/types\/page"}],"author":[{"embeddable":true,"href":"https:\/\/agora.xtec.cat\/ceipgrasisoler\/wp-json\/wp\/v2\/users\/3"}],"replies":[{"embeddable":true,"href":"https:\/\/agora.xtec.cat\/ceipgrasisoler\/wp-json\/wp\/v2\/comments?post=799"}],"version-history":[{"count":8,"href":"https:\/\/agora.xtec.cat\/ceipgrasisoler\/wp-json\/wp\/v2\/pages\/799\/revisions"}],"predecessor-version":[{"id":9314,"href":"https:\/\/agora.xtec.cat\/ceipgrasisoler\/wp-json\/wp\/v2\/pages\/799\/revisions\/9314"}],"up":[{"embeddable":true,"href":"https:\/\/agora.xtec.cat\/ceipgrasisoler\/wp-json\/wp\/v2\/pages\/22"}],"wp:attachment":[{"href":"https:\/\/agora.xtec.cat\/ceipgrasisoler\/wp-json\/wp\/v2\/media?parent=799"}],"curies":[{"name":"wp","href":"https:\/\/api.w.org\/{rel}","templated":true}]}}