{"id":769,"date":"2018-05-01T16:48:43","date_gmt":"2018-05-01T14:48:43","guid":{"rendered":"http:\/\/agora.xtec.cat\/ceipgrasisoler\/?page_id=769"},"modified":"2025-09-09T16:02:37","modified_gmt":"2025-09-09T14:02:37","slug":"padrins-de-lectura","status":"publish","type":"page","link":"https:\/\/agora.xtec.cat\/ceipgrasisoler\/els-nostres-projectes\/padrins-de-lectura\/","title":{"rendered":"Padrins i padrines de lectura"},"content":{"rendered":"<p align=\"justify\"><span lang=\"ca-ES\">Els i les alumnes de 5\u00e8 i 6\u00e8 fan de padrins\/es de lectura dels i les alumnes d<\/span><span lang=\"ca-ES\">e 1r i 2n que en seran els seus fillols i filloles. <\/span><span lang=\"ca-ES\">Cada alumne\/a de Cicle Inicial t\u00e9 el seu propi padr\u00ed\/na de Cicle Superior, aquesta relaci\u00f3 entre l&#8217;alumnat \u00e9s molt enriquidora i requereix d&#8217;una responsabilitat important per part de l&#8217;alumnat de 5\u00e8 i 6\u00e8, alhora, l&#8217;infant de 1r i 2n s&#8217;emmiralla en el seu padr\u00ed o padrina i li segueix els passos, fent que l&#8217;esfor\u00e7 i el progr\u00e9s del petit o petita es faci evident. L&#8217;alumnat de Cicle Superior \u00e9s l&#8217;encarregat de buscar la lectura adequada i de preparar-se-la abans per poder oferir una bona feina. Es crea un vincle especial i bonic entre ells i elles.<\/span><\/p>\n<p align=\"justify\">Els objectius principals de la proposta s\u00f3n els seg\u00fcents:<\/p>\n<ul>\n<li>Treballar diferents estrat\u00e8gies de lectura.<\/li>\n<li>Millorar el proc\u00e9s lector i motivar a l\u2019alumnat en el gust per la lectura.<\/li>\n<li>Educar en la responsabilitat \u00a0 tant a l\u2019alumnat petit com al m\u00e9s gran, establint un comprom\u00eds seri\u00f3s de col\u00b7laboraci\u00f3 i ajuda.<\/li>\n<li>Prendre consci\u00e8ncia dels progressos i dificultats \u00a0del propi proc\u00e9s d\u2019aprenentatge de la lectura.<\/li>\n<li>Generar vincles emocionals entre l\u2019alumnat que afavoreixen un bon clima de relaci\u00f3 a l\u2019escola i amb les fam\u00edlies.<\/li>\n<\/ul>\n","protected":false},"excerpt":{"rendered":"<p>Els i les alumnes de 5\u00e8 i 6\u00e8 fan de padrins\/es de lectura dels i les alumnes de 1r i 2n que en seran els seus fillols i filloles. Cada alumne\/a de Cicle Inicial t\u00e9 el seu propi padr\u00ed\/na de Cicle Superior, aquesta relaci\u00f3 entre&hellip;  <a href=\"https:\/\/agora.xtec.cat\/ceipgrasisoler\/els-nostres-projectes\/padrins-de-lectura\/\" title=\"Read Padrins i padrines de lectura\">Llegeix m\u00e9s\u00bb<\/a><\/p>\n","protected":false},"author":3,"featured_media":0,"parent":742,"menu_order":0,"comment_status":"closed","ping_status":"closed","template":"page-templates\/side-menu.php","meta":{"_bbp_topic_count":0,"_bbp_reply_count":0,"_bbp_total_topic_count":0,"_bbp_total_reply_count":0,"_bbp_voice_count":0,"_bbp_anonymous_reply_count":0,"_bbp_topic_count_hidden":0,"_bbp_reply_count_hidden":0,"_bbp_forum_subforum_count":0,"footnotes":""},"class_list":["post-769","page","type-page","status-publish","hentry"],"post_mailing_queue_ids":[],"_links":{"self":[{"href":"https:\/\/agora.xtec.cat\/ceipgrasisoler\/wp-json\/wp\/v2\/pages\/769","targetHints":{"allow":["GET"]}}],"collection":[{"href":"https:\/\/agora.xtec.cat\/ceipgrasisoler\/wp-json\/wp\/v2\/pages"}],"about":[{"href":"https:\/\/agora.xtec.cat\/ceipgrasisoler\/wp-json\/wp\/v2\/types\/page"}],"author":[{"embeddable":true,"href":"https:\/\/agora.xtec.cat\/ceipgrasisoler\/wp-json\/wp\/v2\/users\/3"}],"replies":[{"embeddable":true,"href":"https:\/\/agora.xtec.cat\/ceipgrasisoler\/wp-json\/wp\/v2\/comments?post=769"}],"version-history":[{"count":5,"href":"https:\/\/agora.xtec.cat\/ceipgrasisoler\/wp-json\/wp\/v2\/pages\/769\/revisions"}],"predecessor-version":[{"id":8485,"href":"https:\/\/agora.xtec.cat\/ceipgrasisoler\/wp-json\/wp\/v2\/pages\/769\/revisions\/8485"}],"up":[{"embeddable":true,"href":"https:\/\/agora.xtec.cat\/ceipgrasisoler\/wp-json\/wp\/v2\/pages\/742"}],"wp:attachment":[{"href":"https:\/\/agora.xtec.cat\/ceipgrasisoler\/wp-json\/wp\/v2\/media?parent=769"}],"curies":[{"name":"wp","href":"https:\/\/api.w.org\/{rel}","templated":true}]}}