{"id":765,"date":"2018-05-01T16:46:44","date_gmt":"2018-05-01T14:46:44","guid":{"rendered":"http:\/\/agora.xtec.cat\/ceipgrasisoler\/?page_id=765"},"modified":"2021-08-02T17:05:26","modified_gmt":"2021-08-02T15:05:26","slug":"esmorzar-saludable","status":"publish","type":"page","link":"https:\/\/agora.xtec.cat\/ceipgrasisoler\/els-nostres-projectes\/esmorzar-saludable\/","title":{"rendered":"Esmorzar saludable"},"content":{"rendered":"<p><span style=\"font-weight: 400;\">Dimecres \u00e9s el dia de la FRUITA, apostem per uns esmorzars m\u00e9s saludables, m\u00e9s nutritius i sans. Eduquem per uns bons h\u00e0bits en l\u2019alimentaci\u00f3. <\/span><span style=\"font-weight: 400;\">No es pot<\/span> <span style=\"font-weight: 400;\">portar pastisseria embassada industrial, ni l\u00e0ctics, ni sucs<\/span><span style=\"font-weight: 400;\">. <\/span><b>Es poden portar petits entrepans, fruita (dimecres important portar-ne), fruits secs o cereals integrals.<\/b><\/p>\n<p><span style=\"font-weight: 400;\">L\u2019esmorzar \u00e9s un dels \u00e0pats m\u00e9s importants del dia. \u00c9s necessari que els alumnes es<\/span><span style=\"font-weight: 400;\">morzin b\u00e9 a casa, abans d\u2019entrar a l\u2019escola a les 9h, \u00e9s necessari per assegurar el rendiment acad\u00e8mic fins l\u2019hora de l\u2019esbarjo.<\/span><\/p>\n","protected":false},"excerpt":{"rendered":"<p>Dimecres \u00e9s el dia de la FRUITA, apostem per uns esmorzars m\u00e9s saludables, m\u00e9s nutritius i sans. Eduquem per uns bons h\u00e0bits en l\u2019alimentaci\u00f3. No es pot portar pastisseria embassada industrial, ni l\u00e0ctics, ni sucs. Es poden portar petits entrepans, fruita (dimecres important portar-ne), fruits&hellip;  <a href=\"https:\/\/agora.xtec.cat\/ceipgrasisoler\/els-nostres-projectes\/esmorzar-saludable\/\" title=\"Read Esmorzar saludable\">Llegeix m\u00e9s\u00bb<\/a><\/p>\n","protected":false},"author":3,"featured_media":0,"parent":742,"menu_order":0,"comment_status":"closed","ping_status":"closed","template":"page-templates\/side-menu.php","meta":{"_bbp_topic_count":0,"_bbp_reply_count":0,"_bbp_total_topic_count":0,"_bbp_total_reply_count":0,"_bbp_voice_count":0,"_bbp_anonymous_reply_count":0,"_bbp_topic_count_hidden":0,"_bbp_reply_count_hidden":0,"_bbp_forum_subforum_count":0,"footnotes":""},"class_list":["post-765","page","type-page","status-publish","hentry"],"post_mailing_queue_ids":[],"_links":{"self":[{"href":"https:\/\/agora.xtec.cat\/ceipgrasisoler\/wp-json\/wp\/v2\/pages\/765","targetHints":{"allow":["GET"]}}],"collection":[{"href":"https:\/\/agora.xtec.cat\/ceipgrasisoler\/wp-json\/wp\/v2\/pages"}],"about":[{"href":"https:\/\/agora.xtec.cat\/ceipgrasisoler\/wp-json\/wp\/v2\/types\/page"}],"author":[{"embeddable":true,"href":"https:\/\/agora.xtec.cat\/ceipgrasisoler\/wp-json\/wp\/v2\/users\/3"}],"replies":[{"embeddable":true,"href":"https:\/\/agora.xtec.cat\/ceipgrasisoler\/wp-json\/wp\/v2\/comments?post=765"}],"version-history":[{"count":3,"href":"https:\/\/agora.xtec.cat\/ceipgrasisoler\/wp-json\/wp\/v2\/pages\/765\/revisions"}],"predecessor-version":[{"id":3150,"href":"https:\/\/agora.xtec.cat\/ceipgrasisoler\/wp-json\/wp\/v2\/pages\/765\/revisions\/3150"}],"up":[{"embeddable":true,"href":"https:\/\/agora.xtec.cat\/ceipgrasisoler\/wp-json\/wp\/v2\/pages\/742"}],"wp:attachment":[{"href":"https:\/\/agora.xtec.cat\/ceipgrasisoler\/wp-json\/wp\/v2\/media?parent=765"}],"curies":[{"name":"wp","href":"https:\/\/api.w.org\/{rel}","templated":true}]}}