{"id":756,"date":"2018-05-01T16:44:22","date_gmt":"2018-05-01T14:44:22","guid":{"rendered":"http:\/\/agora.xtec.cat\/ceipgrasisoler\/?page_id=756"},"modified":"2021-08-02T17:45:28","modified_gmt":"2021-08-02T15:45:28","slug":"projecte-lescola-sona","status":"publish","type":"page","link":"https:\/\/agora.xtec.cat\/ceipgrasisoler\/els-nostres-projectes\/projecte-lescola-sona\/","title":{"rendered":"Projecte L&#8217;Escola Sona"},"content":{"rendered":"<p>L\u2019Ajuntament d\u2019Esplugues, a trav\u00e9s de l\u2019Escola Municipal de M\u00fasica, fa possible que\u00a0 al Gras i Soler continuem amb el projecte anomenat \u201cL\u2019escola sona\u201d.<\/p>\n<p>En aquest projecte es treballa la formaci\u00f3 musical i el foment<img loading=\"lazy\" decoding=\"async\" class=\"size-medium wp-image-1130 alignright\" src=\"https:\/\/agora.xtec.cat\/ceipgrasisoler\/wp-content\/uploads\/usu1692\/2019\/01\/IMG_1311-300x224.jpg\" alt=\"\" width=\"300\" height=\"224\" srcset=\"https:\/\/agora.xtec.cat\/ceipgrasisoler\/wp-content\/uploads\/usu1692\/2019\/01\/IMG_1311-300x224.jpg 300w, https:\/\/agora.xtec.cat\/ceipgrasisoler\/wp-content\/uploads\/usu1692\/2019\/01\/IMG_1311-768x574.jpg 768w, https:\/\/agora.xtec.cat\/ceipgrasisoler\/wp-content\/uploads\/usu1692\/2019\/01\/IMG_1311-1024x765.jpg 1024w, https:\/\/agora.xtec.cat\/ceipgrasisoler\/wp-content\/uploads\/usu1692\/2019\/01\/IMG_1311-200x150.jpg 200w\" sizes=\"auto, (max-width: 300px) 100vw, 300px\" \/> de la pr\u00e0ctica musical en grup, cosa que el fa molt atractiu. Es porta a terme amb el grup de tercer d\u2019educaci\u00f3 prim\u00e0ria.<\/p>\n<p>Cada infant disposa del seu propi instrument, proporcionat per l\u2019Escola de M\u00fasica. En el nostre cas utilitzarem instruments de vent (saxofons, trompetes, clarinets, trombons de vares&#8230;). Cada alumne disposar\u00e0 d\u2019una embocadura o broquet propi que desar\u00e0 en una carmanyola per tal de no poder ser compartit.<\/p>\n<p>Les sessions s\u00f3n dirigides per professors de l\u2019escola Municipal de M\u00fasica, amb la col\u00b7laboraci\u00f3 i suport del mestre especialista de m\u00fasica i la direcci\u00f3 del Centre. En aquestes sessions es prioritza la pr\u00e0ctica de l\u2019instrument, el gust de saber fer i escoltar m\u00fasica.<\/p>\n<p>Les sessions s\u00f3n setmanals i es fan amb l\u2019objectiu de fer un concert a final de curs per tal de veure els progressos magn\u00edfics que ha fet l&#8217;alumnat. \u00c9s una activitat que fomenta la il\u00b7lusi\u00f3 i la pr\u00e0ctica de la m\u00fasica deixant de banda, en aquest cas, la teoria, fet que promou molt m\u00e9s el gust per aquest \u00e0rea.<\/p>\n<p>&nbsp;<\/p>\n","protected":false},"excerpt":{"rendered":"<p>L\u2019Ajuntament d\u2019Esplugues, a trav\u00e9s de l\u2019Escola Municipal de M\u00fasica, fa possible que\u00a0 al Gras i Soler continuem amb el projecte anomenat \u201cL\u2019escola sona\u201d.<br \/>\nEn aquest projecte es treballa la formaci\u00f3 musical i el foment de la pr\u00e0ctica musical en grup, cosa que el fa molt atractiu.&hellip;  <a href=\"https:\/\/agora.xtec.cat\/ceipgrasisoler\/els-nostres-projectes\/projecte-lescola-sona\/\" title=\"Read Projecte L&#8217;Escola Sona\">Llegeix m\u00e9s\u00bb<\/a><\/p>\n","protected":false},"author":3,"featured_media":0,"parent":742,"menu_order":0,"comment_status":"closed","ping_status":"closed","template":"page-templates\/side-menu.php","meta":{"_bbp_topic_count":0,"_bbp_reply_count":0,"_bbp_total_topic_count":0,"_bbp_total_reply_count":0,"_bbp_voice_count":0,"_bbp_anonymous_reply_count":0,"_bbp_topic_count_hidden":0,"_bbp_reply_count_hidden":0,"_bbp_forum_subforum_count":0,"footnotes":""},"class_list":["post-756","page","type-page","status-publish","hentry"],"post_mailing_queue_ids":[],"_links":{"self":[{"href":"https:\/\/agora.xtec.cat\/ceipgrasisoler\/wp-json\/wp\/v2\/pages\/756","targetHints":{"allow":["GET"]}}],"collection":[{"href":"https:\/\/agora.xtec.cat\/ceipgrasisoler\/wp-json\/wp\/v2\/pages"}],"about":[{"href":"https:\/\/agora.xtec.cat\/ceipgrasisoler\/wp-json\/wp\/v2\/types\/page"}],"author":[{"embeddable":true,"href":"https:\/\/agora.xtec.cat\/ceipgrasisoler\/wp-json\/wp\/v2\/users\/3"}],"replies":[{"embeddable":true,"href":"https:\/\/agora.xtec.cat\/ceipgrasisoler\/wp-json\/wp\/v2\/comments?post=756"}],"version-history":[{"count":3,"href":"https:\/\/agora.xtec.cat\/ceipgrasisoler\/wp-json\/wp\/v2\/pages\/756\/revisions"}],"predecessor-version":[{"id":3156,"href":"https:\/\/agora.xtec.cat\/ceipgrasisoler\/wp-json\/wp\/v2\/pages\/756\/revisions\/3156"}],"up":[{"embeddable":true,"href":"https:\/\/agora.xtec.cat\/ceipgrasisoler\/wp-json\/wp\/v2\/pages\/742"}],"wp:attachment":[{"href":"https:\/\/agora.xtec.cat\/ceipgrasisoler\/wp-json\/wp\/v2\/media?parent=756"}],"curies":[{"name":"wp","href":"https:\/\/api.w.org\/{rel}","templated":true}]}}