{"id":746,"date":"2018-05-01T13:15:48","date_gmt":"2018-05-01T11:15:48","guid":{"rendered":"http:\/\/agora.xtec.cat\/ceipgrasisoler\/?page_id=746"},"modified":"2024-02-16T12:31:40","modified_gmt":"2024-02-16T11:31:40","slug":"projecte-hort-i-salut","status":"publish","type":"page","link":"https:\/\/agora.xtec.cat\/ceipgrasisoler\/els-nostres-projectes\/projecte-hort-i-salut\/","title":{"rendered":"Projecte Hort"},"content":{"rendered":"<div>Ja fa uns anys que vam engegar el projecte de l&#8217;hort amb els infants d&#8217;Infantil. Despr\u00e9s ens vam anar engrescant i<\/div>\n<div><\/div>\n<div>vam voler fer-ho m\u00e9s gran. Els nens i nenes de prim\u00e0ria tamb\u00e9 volien tenir i treballar l&#8217;hort. A principi de curs fem<\/div>\n<div><\/div>\n<div>una visita al viver i comprem les verdures de temporada que tenen i que m\u00e9s tard, plantarem a les nostres taules<\/div>\n<div><\/div>\n<div>d&#8217;hort urb\u00e0. Tamb\u00e9 comprem terra, adob i llavors, amb tot aix\u00f2 i les ganes i empenta que surt de dins, ens disposem<\/div>\n<div><\/div>\n<div>a plantar i a cuidar amb molt d&#8217;amor els nostre hortet. Creiem que \u00e9s una gran eina educativa per als nens i les<\/div>\n<div><\/div>\n<div>nenes.<\/div>\n<div><\/div>\n<div>Els objectius que ens proposem amb aquest petit projecte s\u00f3n els seg\u00fcents:<\/div>\n<div><\/div>\n<div>-Apropar els alumnes de l\u2019escola a l\u2019entorn i aprofundir en conceptes de sostenibilitat, ecologia i medi ambient.<\/div>\n<div><\/div>\n<div>-Fer conscients que tenir una alimentaci\u00f3 saludable, juntament amb la pr\u00e0ctica de l&#8217;esport f\u00edsic, ens aporta benestar<\/div>\n<div><\/div>\n<div>f\u00edsica i mental.<\/div>\n<div><\/div>\n<div>-Con\u00e8ixer diferents verdures i hortalisses.<\/div>\n<div><\/div>\n<div>-Con\u00e8ixer quines s\u00f3n\u00a0 les plantes remeieres.<\/div>\n<div><\/div>\n<div>-Aprendre a plantar i\u00a0 tenir cura de l&#8217;hort a trav\u00e9s dels valors propis de l&#8217;activitat.<\/div>\n<div><\/div>\n<div>-Aprendre a treballar en equip, a dialogar, a respectar-nos.<\/div>\n<div><\/div>\n<div>-Con\u00e8ixer i tastar diferents receptes amb la nostra pr\u00f2pia collita.<\/div>\n<div><\/div>\n<div><\/div>\n<div><\/div>\n<div><\/div>\n<div><\/div>\n<div><\/div>\n","protected":false},"excerpt":{"rendered":"<p>Ja fa uns anys que vam engegar el projecte de l&#8217;hort amb els infants d&#8217;Infantil. Despr\u00e9s ens vam anar engrescant i<\/p>\n<p>vam voler fer-ho m\u00e9s gran. Els nens i nenes de prim\u00e0ria tamb\u00e9 volien tenir i treballar l&#8217;hort. A principi de curs fem<\/p>\n<p>una visita al viver&hellip;  <a href=\"https:\/\/agora.xtec.cat\/ceipgrasisoler\/els-nostres-projectes\/projecte-hort-i-salut\/\" title=\"Read Projecte Hort\">Llegeix m\u00e9s\u00bb<\/a><\/p>\n","protected":false},"author":3,"featured_media":0,"parent":742,"menu_order":0,"comment_status":"closed","ping_status":"closed","template":"","meta":{"_bbp_topic_count":0,"_bbp_reply_count":0,"_bbp_total_topic_count":0,"_bbp_total_reply_count":0,"_bbp_voice_count":0,"_bbp_anonymous_reply_count":0,"_bbp_topic_count_hidden":0,"_bbp_reply_count_hidden":0,"_bbp_forum_subforum_count":0,"footnotes":""},"class_list":["post-746","page","type-page","status-publish","hentry"],"post_mailing_queue_ids":[],"_links":{"self":[{"href":"https:\/\/agora.xtec.cat\/ceipgrasisoler\/wp-json\/wp\/v2\/pages\/746","targetHints":{"allow":["GET"]}}],"collection":[{"href":"https:\/\/agora.xtec.cat\/ceipgrasisoler\/wp-json\/wp\/v2\/pages"}],"about":[{"href":"https:\/\/agora.xtec.cat\/ceipgrasisoler\/wp-json\/wp\/v2\/types\/page"}],"author":[{"embeddable":true,"href":"https:\/\/agora.xtec.cat\/ceipgrasisoler\/wp-json\/wp\/v2\/users\/3"}],"replies":[{"embeddable":true,"href":"https:\/\/agora.xtec.cat\/ceipgrasisoler\/wp-json\/wp\/v2\/comments?post=746"}],"version-history":[{"count":3,"href":"https:\/\/agora.xtec.cat\/ceipgrasisoler\/wp-json\/wp\/v2\/pages\/746\/revisions"}],"predecessor-version":[{"id":3155,"href":"https:\/\/agora.xtec.cat\/ceipgrasisoler\/wp-json\/wp\/v2\/pages\/746\/revisions\/3155"}],"up":[{"embeddable":true,"href":"https:\/\/agora.xtec.cat\/ceipgrasisoler\/wp-json\/wp\/v2\/pages\/742"}],"wp:attachment":[{"href":"https:\/\/agora.xtec.cat\/ceipgrasisoler\/wp-json\/wp\/v2\/media?parent=746"}],"curies":[{"name":"wp","href":"https:\/\/api.w.org\/{rel}","templated":true}]}}