{"id":704,"date":"2018-04-22T18:59:03","date_gmt":"2018-04-22T16:59:03","guid":{"rendered":"http:\/\/agora.xtec.cat\/ceipgrasisoler\/?page_id=704"},"modified":"2025-07-17T20:45:25","modified_gmt":"2025-07-17T18:45:25","slug":"normativa","status":"publish","type":"page","link":"https:\/\/agora.xtec.cat\/ceipgrasisoler\/serveis\/menjador\/normativa\/","title":{"rendered":"Informacions de l&#8217;espai menjador"},"content":{"rendered":"<p><b>Servei gestionat per l\u2019AFA<\/b><span style=\"font-weight: 400;\">\u00a0<\/span><\/p>\n<ul>\n<li style=\"font-weight: 400;\" aria-level=\"1\"><span style=\"font-weight: 400;\">\u00a0\u00a0<\/span><span style=\"font-weight: 400;\">Menjador escolar<\/span><span style=\"font-weight: 400;\">: L\u2019AFA dirigeix el servei de menjador mitjan\u00e7ant l\u2019empresa \u201c<\/span><span style=\"font-weight: 400;\">Com a casa\u201d<\/span><span style=\"font-weight: 400;\">, amb cuina pr\u00f2pia al centre.\u00a0<\/span><\/li>\n<\/ul>\n<p><span style=\"font-weight: 400;\">Preus del servei de menjador:<\/span><\/p>\n<ul>\n<li style=\"font-weight: 400;\" aria-level=\"1\"><span style=\"font-weight: 400;\">Usuari fix: 7,20 \u20ac<\/span><\/li>\n<li style=\"font-weight: 400;\" aria-level=\"1\"><span style=\"font-weight: 400;\">Usuari espor\u00e0dic: 7,80 \u20ac\u00a0<\/span><\/li>\n<\/ul>\n<p><span style=\"font-weight: 400;\">Personal i monitoratge de menjador:<\/span><\/p>\n<p><span style=\"font-weight: 400;\">Cuiner: Gabriel Beltran<\/span><\/p>\n<p><span style=\"font-weight: 400;\">Ajudant de cuina: Julia Cendrero<\/span><\/p>\n<p><span style=\"font-weight: 400;\">Coordinadora de menjador: Cata Loaiza<\/span><\/p>\n<p><span style=\"font-weight: 400;\">Monitoratge distribu\u00eft per cursos.<\/span><\/p>\n<p><span style=\"font-weight: 400;\">Es pot fer \u00fas del menjador de forma espor\u00e0dica avisant abans de les 10 h de mat\u00ed.<\/span><\/p>\n<p>&nbsp;<\/p>\n<p>&nbsp;<\/p>\n<p>&nbsp;<\/p>\n<p>&nbsp;<\/p>\n","protected":false},"excerpt":{"rendered":"<p>Servei gestionat per l\u2019AFA\u00a0<\/p>\n<ul>\n<li style=\"font-weight: 400;\" aria-level=\"1\">\u00a0\u00a0Menjador escolar: L\u2019AFA dirigeix el servei de menjador mitjan\u00e7ant l\u2019empresa \u201cCom a casa\u201d, amb cuina pr\u00f2pia al centre.\u00a0<\/li>\n<\/ul>\n<p>Preus del servei de menjador:<\/p>\n<ul>\n<li style=\"font-weight: 400;\" aria-level=\"1\">Usuari fix: 7,20 \u20ac<\/li>\n<li style=\"font-weight: 400;\" aria-level=\"1\">Usuari espor\u00e0dic: 7,80 \u20ac\u00a0<\/li>\n<\/ul>\n<p>Personal i monitoratge de menjador:<br \/>\nCuiner: Gabriel&hellip;  <a href=\"https:\/\/agora.xtec.cat\/ceipgrasisoler\/serveis\/menjador\/normativa\/\" title=\"Read Informacions de l&#8217;espai menjador\">Llegeix m\u00e9s\u00bb<\/a><\/p>\n","protected":false},"author":1,"featured_media":0,"parent":639,"menu_order":0,"comment_status":"closed","ping_status":"closed","template":"page-templates\/side-menu.php","meta":{"_bbp_topic_count":0,"_bbp_reply_count":0,"_bbp_total_topic_count":0,"_bbp_total_reply_count":0,"_bbp_voice_count":0,"_bbp_anonymous_reply_count":0,"_bbp_topic_count_hidden":0,"_bbp_reply_count_hidden":0,"_bbp_forum_subforum_count":0,"footnotes":""},"class_list":["post-704","page","type-page","status-publish","hentry"],"post_mailing_queue_ids":[],"_links":{"self":[{"href":"https:\/\/agora.xtec.cat\/ceipgrasisoler\/wp-json\/wp\/v2\/pages\/704","targetHints":{"allow":["GET"]}}],"collection":[{"href":"https:\/\/agora.xtec.cat\/ceipgrasisoler\/wp-json\/wp\/v2\/pages"}],"about":[{"href":"https:\/\/agora.xtec.cat\/ceipgrasisoler\/wp-json\/wp\/v2\/types\/page"}],"author":[{"embeddable":true,"href":"https:\/\/agora.xtec.cat\/ceipgrasisoler\/wp-json\/wp\/v2\/users\/1"}],"replies":[{"embeddable":true,"href":"https:\/\/agora.xtec.cat\/ceipgrasisoler\/wp-json\/wp\/v2\/comments?post=704"}],"version-history":[{"count":4,"href":"https:\/\/agora.xtec.cat\/ceipgrasisoler\/wp-json\/wp\/v2\/pages\/704\/revisions"}],"predecessor-version":[{"id":8455,"href":"https:\/\/agora.xtec.cat\/ceipgrasisoler\/wp-json\/wp\/v2\/pages\/704\/revisions\/8455"}],"up":[{"embeddable":true,"href":"https:\/\/agora.xtec.cat\/ceipgrasisoler\/wp-json\/wp\/v2\/pages\/639"}],"wp:attachment":[{"href":"https:\/\/agora.xtec.cat\/ceipgrasisoler\/wp-json\/wp\/v2\/media?parent=704"}],"curies":[{"name":"wp","href":"https:\/\/api.w.org\/{rel}","templated":true}]}}