{"id":702,"date":"2018-04-22T18:58:16","date_gmt":"2018-04-22T16:58:16","guid":{"rendered":"http:\/\/agora.xtec.cat\/ceipgrasisoler\/?page_id=702"},"modified":"2024-07-11T17:22:26","modified_gmt":"2024-07-11T15:22:26","slug":"fundacio-futur","status":"publish","type":"page","link":"https:\/\/agora.xtec.cat\/ceipgrasisoler\/serveis\/menjador\/fundacio-futur\/","title":{"rendered":"Com a casa"},"content":{"rendered":"<p><span style=\"text-decoration: underline;\"><span style=\"font-weight: 400;\">AL MENJADOR CUINEM CASOL\u00c0, MENGEM \u201cCOM A CASA\u201d<\/span><\/span><\/p>\n<p><span style=\"font-weight: 400;\">INSCRIPCIONS MENJADOR CURS 2022-23<\/span><\/p>\n<ul>\n<li style=\"font-weight: 400;\" aria-level=\"1\"><span style=\"font-weight: 400;\">Per fer l\u2019inscripci\u00f3:https:\/\/comacasamenjadors.cat\/families\u00a0<\/span><\/li>\n<\/ul>\n<p><span style=\"font-weight: 400;\">Us demanar\u00e0 un usuari i contrasenya que s\u00f3n els seg\u00fcents.\u00a0<\/span><\/p>\n<p><span style=\"font-weight: 400;\">USUARI: <\/span><span style=\"font-weight: 400;\">GSOLER<\/span><span style=\"font-weight: 400;\"> CONTRASENYA: <\/span><span style=\"font-weight: 400;\">SOLER<\/span><\/p>\n<p><span style=\"font-weight: 400;\">\u00a0\u00a0\u00a0\u00a0\u00a0En aquesta web tamb\u00e9 podeu consultar els men\u00fas mensuals.<\/span><\/p>\n<p>&nbsp;<\/p>\n<p><span style=\"font-weight: 400;\">NORMATIVA DEL MENJADOR ESCOLAR<\/span><\/p>\n<p>&nbsp;<\/p>\n<ul>\n<li style=\"font-weight: 400;\" aria-level=\"1\"><span style=\"font-weight: 400;\">Al\u00b7l\u00e8rgies i\/o intoler\u00e0ncies: \u00c9s necessari presentar un informe m\u00e8dic a la coordinadora per poder adaptar el men\u00fa als infants.<\/span><\/li>\n<li style=\"font-weight: 400;\" aria-level=\"1\"><span style=\"font-weight: 400;\">Dieta o situacions de necessitat puntual: S\u2019ha de trucar a la coordinadora el mateix dia de 9h a 10h.<\/span><\/li>\n<li style=\"font-weight: 400;\" aria-level=\"1\"><span style=\"font-weight: 400;\">\u00das espor\u00e0dic del menjador: Heu d\u2019avisar a la coordinadora via tel\u00e8fon, correu electr\u00f2nic o WhatsApp abans de les 10h del mat\u00ed.<\/span><\/li>\n<li style=\"font-weight: 400;\" aria-level=\"1\"><span style=\"font-weight: 400;\">Abs\u00e8ncia puntual d\u2019alumnes fixes: Si puntualment un infant no pot assistir al menjador, heu d\u2019avisar a la coordinadora via tel\u00e8fon, correu electr\u00f2nic o WhatsApp abans de les 10h del mat\u00ed. Les abs\u00e8ncies puntuals es cobren a: 3,20\u20ac.<\/span><\/li>\n<li style=\"font-weight: 400;\" aria-level=\"1\"><span style=\"font-weight: 400;\">Dies d\u2019excursi\u00f3: Es prepara picnic (2 entrepans, fruita i aigua). Les fam\u00edlies rebreu un Dinantia una setmana abans, amb dos dies de termini per a respondre, amb l&#8217;opci\u00f3 de demanar pic-nic o no per les excursions. Si no es fa \u00fas del servei de pic-nic es descomptar\u00e0 la part corresponent al menjar(3,20\u20ac)<\/span><\/li>\n<li style=\"font-weight: 400;\" aria-level=\"1\"><span style=\"font-weight: 400;\">Dies de col\u00f2nies: Es retornar\u00e0 el 100% dels dies de menjador.<\/span><\/li>\n<li style=\"font-weight: 400;\" aria-level=\"1\"><span style=\"font-weight: 400;\">Baixes del servei: S\u2019han de comunicar 15 dies abans de produir-se la baixa.<\/span><\/li>\n<li style=\"font-weight: 400;\" aria-level=\"1\"><span style=\"font-weight: 400;\">Forma de pagament: Es pot realitzar per domiciliaci\u00f3 banc\u00e0ria o Lyra (passarel\u00b7la de pagament segura). Els rebuts no pagats en el per\u00edode establert tindran un rec\u00e0rrec de 4\u20ac.<\/span><\/li>\n<li style=\"font-weight: 400;\" aria-level=\"1\"><span style=\"font-weight: 400;\">Per\u00edode de pagament: A m\u00e9s ven\u00e7ut, tant els usuaris fixes com els espor\u00e0dics.<\/span><\/li>\n<li style=\"font-weight: 400;\" aria-level=\"1\"><span style=\"font-weight: 400;\">Rebuts pendents: Si el rebut d\u2019un mes est\u00e0 pendent s\u2019haur\u00e0 de posar al corrent abans del dia 15 del mes seg\u00fcent, si no l\u2019infant no podr\u00e0 fer \u00fas del servei.<\/span><\/li>\n<\/ul>\n<p>&nbsp;<\/p>\n<ul>\n<li style=\"font-weight: 400;\" aria-level=\"1\"><span style=\"font-weight: 400;\">Convocat\u00f2ries de vaga: Si durant una convocat\u00f2ria de vaga el servei de menjador continua funcionant i un infant no en vol fer \u00fas, es retornar\u00e0 la part corresponent al menjar(3,16\u20ac)<\/span><\/li>\n<\/ul>\n<p>&nbsp;<\/p>\n<p><span style=\"font-weight: 400;\">COMUNICACI\u00d3 AMB LA COORDINADORA<\/span><\/p>\n<p>&nbsp;<\/p>\n<p><b>Coordinadora<\/b><span style=\"font-weight: 400;\">: Catalina<\/span><\/p>\n<p><b>Tel\u00e8fon i WhatsApp del menjador<\/b><span style=\"font-weight: 400;\">: 661-001-803\u00a0<\/span><\/p>\n<p><b>Correu del menjador:<\/b><span style=\"font-weight: 400;\"> menjadorgrasisoler@gmail.com\u00a0<\/span><\/p>\n<p><b>Dinantia:<\/b><span style=\"font-weight: 400;\"> CATA COORD. MENJADOR<\/span><\/p>\n<p><b>Horari atenci\u00f3: <\/b><span style=\"font-weight: 400;\">9h a 10h<\/span><\/p>\n<ul>\n<li><strong>Preus del servei de menjador:<\/strong><\/li>\n<\/ul>\n<p><b>Preus usuari fix: <\/b><span style=\"font-weight: 400;\">6,90\u20ac<\/span><\/p>\n<p><b>\u00das espor\u00e0dic: <\/b><span style=\"font-weight: 400;\">7,50\u20ac<\/span><\/p>\n<ul>\n<li aria-level=\"1\"><b>Preus Acollida matinal:<\/b><\/li>\n<\/ul>\n<p><span style=\"font-weight: 400;\">o<\/span> <span style=\"font-weight: 400;\">\u00a0\u00a0<\/span><span style=\"font-weight: 400;\">Usuari fix de 8 h a 9 h: 29 \u20ac mensuals<\/span><\/p>\n<p><span style=\"font-weight: 400;\">o<\/span><span style=\"font-weight: 400;\"> \u00a0 <\/span><span style=\"font-weight: 400;\">Usuari fix de 8:30 h a 9 h: 14 \u20ac mensuals<\/span><\/p>\n<p><span style=\"font-weight: 400;\">o<\/span><span style=\"font-weight: 400;\"> \u00a0 <\/span><span style=\"font-weight: 400;\">Usuari espor\u00e0dic de 8 h a 9 h: 3 \u20ac per dia<\/span><\/p>\n<p><span style=\"font-weight: 400;\">o<\/span><span style=\"font-weight: 400;\"> \u00a0 <\/span><span style=\"font-weight: 400;\">Usuari espor\u00e0dic de 8:30 h a 9 h: 2 \u20ac per dia<\/span><\/p>\n","protected":false},"excerpt":{"rendered":"<p>AL MENJADOR CUINEM CASOL\u00c0, MENGEM \u201cCOM A CASA\u201d<br \/>\nINSCRIPCIONS MENJADOR CURS 2022-23<\/p>\n<ul>\n<li style=\"font-weight: 400;\" aria-level=\"1\">Per fer l\u2019inscripci\u00f3:https:\/\/comacasamenjadors.cat\/families\u00a0<\/li>\n<\/ul>\n<p>Us demanar\u00e0 un usuari i contrasenya que s\u00f3n els seg\u00fcents.\u00a0<br \/>\nUSUARI: GSOLER CONTRASENYA: SOLER<br \/>\n\u00a0\u00a0\u00a0\u00a0\u00a0En aquesta web tamb\u00e9 podeu consultar els men\u00fas mensuals.<br \/>\n&nbsp;<br \/>\nNORMATIVA DEL MENJADOR ESCOLAR<br \/>\n&nbsp;<\/p>\n<ul>\n<li style=\"font-weight: 400;\" aria-level=\"1\">Al\u00b7l\u00e8rgies i\/o intoler\u00e0ncies: \u00c9s&hellip;  <a href=\"https:\/\/agora.xtec.cat\/ceipgrasisoler\/serveis\/menjador\/fundacio-futur\/\" title=\"Read Com a casa\">Llegeix m\u00e9s\u00bb<\/a><br \/>\n","protected":false},"author":1,"featured_media":0,"parent":639,"menu_order":0,"comment_status":"closed","ping_status":"closed","template":"page-templates\/side-menu.php","meta":{"_bbp_topic_count":0,"_bbp_reply_count":0,"_bbp_total_topic_count":0,"_bbp_total_reply_count":0,"_bbp_voice_count":0,"_bbp_anonymous_reply_count":0,"_bbp_topic_count_hidden":0,"_bbp_reply_count_hidden":0,"_bbp_forum_subforum_count":0,"footnotes":""},"class_list":["post-702","page","type-page","status-publish","hentry"],"post_mailing_queue_ids":[],"_links":{"self":[{"href":"https:\/\/agora.xtec.cat\/ceipgrasisoler\/wp-json\/wp\/v2\/pages\/702","targetHints":{"allow":["GET"]}}],"collection":[{"href":"https:\/\/agora.xtec.cat\/ceipgrasisoler\/wp-json\/wp\/v2\/pages"}],"about":[{"href":"https:\/\/agora.xtec.cat\/ceipgrasisoler\/wp-json\/wp\/v2\/types\/page"}],"author":[{"embeddable":true,"href":"https:\/\/agora.xtec.cat\/ceipgrasisoler\/wp-json\/wp\/v2\/users\/1"}],"replies":[{"embeddable":true,"href":"https:\/\/agora.xtec.cat\/ceipgrasisoler\/wp-json\/wp\/v2\/comments?post=702"}],"version-history":[{"count":4,"href":"https:\/\/agora.xtec.cat\/ceipgrasisoler\/wp-json\/wp\/v2\/pages\/702\/revisions"}],"predecessor-version":[{"id":6288,"href":"https:\/\/agora.xtec.cat\/ceipgrasisoler\/wp-json\/wp\/v2\/pages\/702\/revisions\/6288"}],"up":[{"embeddable":true,"href":"https:\/\/agora.xtec.cat\/ceipgrasisoler\/wp-json\/wp\/v2\/pages\/639"}],"wp:attachment":[{"href":"https:\/\/agora.xtec.cat\/ceipgrasisoler\/wp-json\/wp\/v2\/media?parent=702"}],"curies":[{"name":"wp","href":"https:\/\/api.w.org\/{rel}","templated":true}]}}