{"id":5543,"date":"2023-08-10T17:39:29","date_gmt":"2023-08-10T15:39:29","guid":{"rendered":"https:\/\/agora.xtec.cat\/ceipgrasisoler\/?page_id=5543"},"modified":"2023-08-10T17:43:20","modified_gmt":"2023-08-10T15:43:20","slug":"infadimed","status":"publish","type":"page","link":"https:\/\/agora.xtec.cat\/ceipgrasisoler\/infadimed\/","title":{"rendered":"INFADIMED A I3 I I4"},"content":{"rendered":"<p><strong>INFADIMED<\/strong>\u00a0\u00e9s un programa dut a terme per infermeres d\u2019atenci\u00f3 prim\u00e0ria que promou la dieta mediterr\u00e0nia entre els alumnes d\u2019educaci\u00f3 infantil i prim\u00e0ria, en el nostre cas hem comen\u00e7at amb els nens i nenes d\u2019I3 i cada curs avan\u00e7arem un curs m\u00e9s fins arribar a treballar-ho amb tots els cursos.\u00a0 L\u2019objectiu del programa \u00e9s donar eines als infants perqu\u00e8 puguin decidir el que \u00e9s m\u00e9s benefici\u00f3s per a la seva salut. A difer\u00e8ncia d\u2019altres programes d\u2019educaci\u00f3 nutricional, INFADIMED ha utilitzat un canal transmissor innovador en aquest tipus d\u2019intervenci\u00f3: ha creat una s\u00e8rie de dibuixos animats amb un personatge central que \u00e9s l\u2019encarregat d\u2019explicar als nens els beneficis d\u2019un estil de vida saludable, el Capit\u00e0 Vitamines, el nou superheroi dels nens.<\/p>\n<p>El programa no nom\u00e9s ha incidit positivament en la prevalen\u00e7a del sobrep\u00e8s infantil, si no que tamb\u00e9 ha ajudat a modificar saludablement els h\u00e0bits alimentaris entre els participants. El consum de fruites i vegetals ha augmentat de manera considerable.<\/p>\n<p>Durant unes 5 sessions durant el curs, dues infermeres de CAP Llu\u00eds Millet, visitaran als infants i realitzaran aquests tallers tan i tan necessaris.<\/p>\n<p>&nbsp;<\/p>\n","protected":false},"excerpt":{"rendered":"<p>INFADIMED\u00a0\u00e9s un programa dut a terme per infermeres d\u2019atenci\u00f3 prim\u00e0ria que promou la dieta mediterr\u00e0nia entre els alumnes d\u2019educaci\u00f3 infantil i prim\u00e0ria, en el nostre cas hem comen\u00e7at amb els nens i nenes d\u2019I3 i cada curs avan\u00e7arem un curs m\u00e9s fins arribar a treballar-ho&hellip;  <a href=\"https:\/\/agora.xtec.cat\/ceipgrasisoler\/infadimed\/\" title=\"Read INFADIMED A I3 I I4\">Llegeix m\u00e9s\u00bb<\/a><\/p>\n","protected":false},"author":6,"featured_media":0,"parent":0,"menu_order":0,"comment_status":"closed","ping_status":"closed","template":"","meta":{"_bbp_topic_count":0,"_bbp_reply_count":0,"_bbp_total_topic_count":0,"_bbp_total_reply_count":0,"_bbp_voice_count":0,"_bbp_anonymous_reply_count":0,"_bbp_topic_count_hidden":0,"_bbp_reply_count_hidden":0,"_bbp_forum_subforum_count":0,"footnotes":""},"class_list":["post-5543","page","type-page","status-publish","hentry"],"post_mailing_queue_ids":[],"_links":{"self":[{"href":"https:\/\/agora.xtec.cat\/ceipgrasisoler\/wp-json\/wp\/v2\/pages\/5543","targetHints":{"allow":["GET"]}}],"collection":[{"href":"https:\/\/agora.xtec.cat\/ceipgrasisoler\/wp-json\/wp\/v2\/pages"}],"about":[{"href":"https:\/\/agora.xtec.cat\/ceipgrasisoler\/wp-json\/wp\/v2\/types\/page"}],"author":[{"embeddable":true,"href":"https:\/\/agora.xtec.cat\/ceipgrasisoler\/wp-json\/wp\/v2\/users\/6"}],"replies":[{"embeddable":true,"href":"https:\/\/agora.xtec.cat\/ceipgrasisoler\/wp-json\/wp\/v2\/comments?post=5543"}],"version-history":[{"count":3,"href":"https:\/\/agora.xtec.cat\/ceipgrasisoler\/wp-json\/wp\/v2\/pages\/5543\/revisions"}],"predecessor-version":[{"id":5549,"href":"https:\/\/agora.xtec.cat\/ceipgrasisoler\/wp-json\/wp\/v2\/pages\/5543\/revisions\/5549"}],"wp:attachment":[{"href":"https:\/\/agora.xtec.cat\/ceipgrasisoler\/wp-json\/wp\/v2\/media?parent=5543"}],"curies":[{"name":"wp","href":"https:\/\/api.w.org\/{rel}","templated":true}]}}