{"id":5492,"date":"2023-07-21T18:09:17","date_gmt":"2023-07-21T16:09:17","guid":{"rendered":"https:\/\/agora.xtec.cat\/ceipgrasisoler\/?page_id=5492"},"modified":"2023-12-10T17:12:58","modified_gmt":"2023-12-10T16:12:58","slug":"xarxa-de-competencies-2","status":"publish","type":"page","link":"https:\/\/agora.xtec.cat\/ceipgrasisoler\/xarxa-de-competencies-2\/","title":{"rendered":"Xarxa de Compet\u00e8ncies"},"content":{"rendered":"<h1 class=\"entry-title\"><\/h1>\n<div class=\"entry-content\">\n<p><span style=\"font-weight: 400;\">Formarem part, per primera vegada, en un <\/span><b>programa d&#8217;Innovaci\u00f3 Pedag\u00f2gica,<\/b><span style=\"font-weight: 400;\"> en aquest cas, a la Xarxa de Compet\u00e8ncies. Formar-hi part ens donar\u00e0 l&#8217;oportunitat de treballar amb un grup ampli de docents d&#8217;altres centres, que ens reunirem peri\u00f2dicament per reflexionar i actuar per a transformar l&#8217;escola en un espai que afavoreixi l&#8217;aprenentatge, fomentant l&#8217;intercanvi d&#8217;experi\u00e8ncies i la creaci\u00f3 de sabers compartits. Formarem part d&#8217;aquest grup impulsor, 5 mestres del claustre i assistirem a les trobades pedag\u00f2giques la directora i la mestra d&#8217; I4. Si voleu m\u00e9s informaci\u00f3 piqueu<\/span><a href=\"https:\/\/projectes.xtec.cat\/xarxacb\/presentacio\/\"> <span style=\"font-weight: 400;\">aqu\u00ed<\/span><\/a><span style=\"font-weight: 400;\">.<\/span><\/p>\n<h5>\u00a0Un petit retall del qu\u00e8 \u00e9s i qu\u00e8 representa estar a la Xarxa:<\/h5>\n<p>&nbsp;<\/p>\n<h5><strong>\u00ab20 anys treballant per la millora dels aprenentatges de tots els alumnes!\u00bb<\/strong><\/h5>\n<h5><\/h5>\n<h5><strong>Qui som?<\/strong><\/h5>\n<p>La Xarxa de Compet\u00e8ncies B\u00e0siques est\u00e0 formada per un grup de docents que reflexionen i actuen en equip per transformar l\u2019escola en un espai que afavoreixi l\u2019aprenentatge.<\/p>\n<h5><strong>Qu\u00e8 fem?<\/strong><\/h5>\n<ul>\n<li>Promovem la creaci\u00f3 d\u2019espais pedag\u00f2gics en el si dels centres per apoderar els equips docents.<\/li>\n<li>Fomentem l\u2019intercanvi d\u2019experi\u00e8ncies i la creaci\u00f3 de sabers compartits.<\/li>\n<li>Compartim un modalitat de formaci\u00f3 docent entre iguals i en xarxa, per millorar els aprenentatges de l\u2019alumnat.<\/li>\n<\/ul>\n<h5><strong>Per qu\u00e8 ho fem?<\/strong><\/h5>\n<ul>\n<li>Perqu\u00e8 volem afavorir que tots els alumnes aprenguin m\u00e9s i millor.<\/li>\n<li>Perqu\u00e8 creiem que l\u2019alumne ha de ser el protagonista del seu aprenentatge.<\/li>\n<li>Perqu\u00e8 entenem l\u2019avaluaci\u00f3 com un proc\u00e9s \u00fatil per aprendre.<\/li>\n<li>Perqu\u00e8 sabem que treballant en equip s\u2019apr\u00e8n m\u00e9s i millor.<\/li>\n<li>Perqu\u00e8, en un m\u00f3n global, s\u2019ha d\u2019afavorir l\u2019adquisici\u00f3 d\u2019aprenentatges aut\u00e8ntics, no fragmentats.<br \/>\n<h5><strong><img loading=\"lazy\" decoding=\"async\" class=\"wp-image-8861 alignright\" src=\"https:\/\/projectes.xtec.cat\/xarxacb\/wp-content\/uploads\/usu1277\/2021\/08\/logo-petit-blanc-xcb.jpg\" alt=\"\" width=\"73\" height=\"75\" \/><\/strong><\/h5>\n<\/li>\n<li>Perqu\u00e8, en un m\u00f3n canviant, volem fomentar la iniciativa, l\u2019esperit cr\u00edtic, la creativitat i el gust per aprendre.<\/li>\n<li>Perqu\u00e8 volem que els nostres alumnes siguin competents per continuar aprenent al llarg de tota la vida.<\/li>\n<li>Perqu\u00e8 sabem que cada alumne \u00e9s \u00fanic i tenim altes expectatives per a tots i cadascun d\u2019ells.<\/li>\n<\/ul>\n<\/div>\n","protected":false},"excerpt":{"rendered":"<p>Formarem part, per primera vegada, en un programa d&#8217;Innovaci\u00f3 Pedag\u00f2gica, en aquest cas, a la Xarxa de Compet\u00e8ncies. Formar-hi part ens donar\u00e0 l&#8217;oportunitat de treballar amb un grup ampli de docents d&#8217;altres centres, que ens reunirem peri\u00f2dicament per reflexionar i actuar per a transformar l&#8217;escola&hellip;  <a href=\"https:\/\/agora.xtec.cat\/ceipgrasisoler\/xarxa-de-competencies-2\/\" title=\"Read Xarxa de Compet\u00e8ncies\">Llegeix m\u00e9s\u00bb<\/a><\/p>\n","protected":false},"author":6,"featured_media":0,"parent":0,"menu_order":0,"comment_status":"closed","ping_status":"closed","template":"","meta":{"_bbp_topic_count":0,"_bbp_reply_count":0,"_bbp_total_topic_count":0,"_bbp_total_reply_count":0,"_bbp_voice_count":0,"_bbp_anonymous_reply_count":0,"_bbp_topic_count_hidden":0,"_bbp_reply_count_hidden":0,"_bbp_forum_subforum_count":0,"footnotes":""},"class_list":["post-5492","page","type-page","status-publish","hentry"],"post_mailing_queue_ids":[],"_links":{"self":[{"href":"https:\/\/agora.xtec.cat\/ceipgrasisoler\/wp-json\/wp\/v2\/pages\/5492","targetHints":{"allow":["GET"]}}],"collection":[{"href":"https:\/\/agora.xtec.cat\/ceipgrasisoler\/wp-json\/wp\/v2\/pages"}],"about":[{"href":"https:\/\/agora.xtec.cat\/ceipgrasisoler\/wp-json\/wp\/v2\/types\/page"}],"author":[{"embeddable":true,"href":"https:\/\/agora.xtec.cat\/ceipgrasisoler\/wp-json\/wp\/v2\/users\/6"}],"replies":[{"embeddable":true,"href":"https:\/\/agora.xtec.cat\/ceipgrasisoler\/wp-json\/wp\/v2\/comments?post=5492"}],"version-history":[{"count":4,"href":"https:\/\/agora.xtec.cat\/ceipgrasisoler\/wp-json\/wp\/v2\/pages\/5492\/revisions"}],"predecessor-version":[{"id":5821,"href":"https:\/\/agora.xtec.cat\/ceipgrasisoler\/wp-json\/wp\/v2\/pages\/5492\/revisions\/5821"}],"wp:attachment":[{"href":"https:\/\/agora.xtec.cat\/ceipgrasisoler\/wp-json\/wp\/v2\/media?parent=5492"}],"curies":[{"name":"wp","href":"https:\/\/api.w.org\/{rel}","templated":true}]}}