{"id":5400,"date":"2023-05-30T13:44:11","date_gmt":"2023-05-30T11:44:11","guid":{"rendered":"https:\/\/agora.xtec.cat\/ceipgrasisoler\/?page_id=5400"},"modified":"2023-05-30T13:56:23","modified_gmt":"2023-05-30T11:56:23","slug":"comunicacio","status":"publish","type":"page","link":"https:\/\/agora.xtec.cat\/ceipgrasisoler\/lescola\/diagnosi\/cultura-digital\/comunicacio\/","title":{"rendered":"Comunicaci\u00f3"},"content":{"rendered":"<table>\n<tbody>\n<tr>\n<td><b>COMUNICACI\u00d3 INTERNA<\/b><\/td>\n<td><b>COMUNICACI\u00d3 EXTERNA<\/b><\/td>\n<\/tr>\n<tr>\n<td><span style=\"font-weight: 400;\">Comunicacions i informacions dins la comunitat educativa amb l\u2019objectiu de compartir el que s\u2019est\u00e0 fent.<\/span><\/p>\n<ul>\n<li style=\"list-style-type: none;\">\n<ul>\n<li style=\"font-weight: 400;\" aria-level=\"1\"><b>Personal docent i PAS<\/b><span style=\"font-weight: 400;\">: dinantia, correu corporatiu, correu xtec, whatsapp oficial<\/span><\/li>\n<\/ul>\n<\/li>\n<li aria-level=\"1\"><b>Fam\u00edlies: <\/b><span style=\"font-weight: 400;\">dinantia<\/span><\/li>\n<\/ul>\n<\/td>\n<td><span style=\"font-weight: 400;\">Comunicacions del centre cap a l\u2019entorn fora de l\u2019escola per donar a con\u00e8ixer el centre.<\/span><\/p>\n<p><span style=\"font-weight: 400;\">Blog, web centre, instagram, twitter<\/span><\/td>\n<\/tr>\n<\/tbody>\n<\/table>\n<ul>\n<li aria-level=\"1\"><b>DINANTIA:<\/b> <span style=\"font-weight: 400;\">L\u2019escola utilitza la plataforma <\/span><b>DINANTIA<\/b><span style=\"font-weight: 400;\">, una aplicaci\u00f3 de comunicaci\u00f3 per web i m\u00f2bil per comunicar-se amb les fam\u00edlies i entre l\u2019equip docent. \u00c9s un sistema de comunicaci\u00f3 bidireccional instantani, es poden respondre els missatges i poden escriure tant els docents com les fam\u00edlies. S\u2019utilitza per enviar informacions generals, recordatoris, sortides i tamb\u00e9 per comunicacions individuals. \u00c9s una via oficial de comunicaci\u00f3 i cal consultar-la di\u00e0riament.<\/span><\/li>\n<\/ul>\n<ul>\n<li style=\"list-style-type: none;\">\n<ul>\n<li style=\"list-style-type: none;\">\n<ul>\n<li style=\"font-weight: 400;\" aria-level=\"2\"><span style=\"font-weight: 400;\">Fam\u00edlies: Es prioritza la comunicaci\u00f3 amb les fam\u00edlies per via dinantia. Des de l\u2019escola se\u2019ls envia una invitaci\u00f3 per registrar-se amb un correu i cal crear una contrasenya per poder accedir. Cada membre de la fam\u00edlia o tutors apareix assignat a un\/a alumne\/a amb el rol \u201cpare\u201d, \u201cmare\u201d o \u201caltre\u201d. Quan s\u2019envi\u00ef un dinantia a les fam\u00edlies a nivell de grup (organitzaci\u00f3 festes i altres q\u00fcestions generals) s\u2019haur\u00e0 d\u2019enviar c\u00f2pia a l\u2019equip directiu.<\/span><\/li>\n<li style=\"font-weight: 400;\" aria-level=\"2\"><span style=\"font-weight: 400;\">Equip docent i monitoratge: El dinantia tamb\u00e9 s&#8217;utilitza per a comunicacions entre l\u2019equip docent: informacions generals, recordatoris, convocat\u00f2ries de claustre o cicles i per comunicacions individuals entre mestres.\u00a0\u00a0<\/span><\/li>\n<\/ul>\n<\/li>\n<\/ul>\n<\/li>\n<\/ul>\n<ul>\n<li aria-level=\"1\"><b>CORREU:<\/b><span style=\"font-weight: 400;\">\u00a0<\/span><\/li>\n<\/ul>\n<ul>\n<li style=\"list-style-type: none;\">\n<ul>\n<li style=\"list-style-type: none;\">\n<ul>\n<li style=\"font-weight: 400;\" aria-level=\"2\"><span style=\"font-weight: 400;\">L\u2019escola t\u00e9 un domini propi @escolagrasisoler.cat i crea i gestiona els comptes per a cada docent. <\/span><span style=\"font-weight: 400;\">S\u2019utilitza per a compartir informacions entre el professorat:<\/span><\/li>\n<\/ul>\n<\/li>\n<\/ul>\n<\/li>\n<\/ul>\n<ul>\n<li aria-level=\"3\"><span style=\"font-weight: 400;\">Es comparteixen al drive les programacions, projectes d\u2019escola (activitats inici projecte, producte final, col.laboracions&#8230;), comissions i altres.<\/span><\/li>\n<\/ul>\n<ul>\n<li style=\"list-style-type: none;\">\n<ul>\n<li style=\"list-style-type: none;\">\n<ul>\n<li style=\"font-weight: 400;\" aria-level=\"2\"><span style=\"font-weight: 400;\">Correu personal xtec, per<\/span><span style=\"font-weight: 400;\"> informacions d\u2019inter\u00e8s i comunicacions com:<\/span><\/li>\n<\/ul>\n<\/li>\n<\/ul>\n<\/li>\n<\/ul>\n<ul>\n<li aria-level=\"3\"><span style=\"font-weight: 400;\">Formacions<\/span><\/li>\n<\/ul>\n<ul>\n<li aria-level=\"3\"><span style=\"font-weight: 400;\">Documents de centre<\/span><\/li>\n<\/ul>\n<ul>\n<li style=\"list-style-type: none;\">\n<ul>\n<li style=\"list-style-type: none;\">\n<ul>\n<li style=\"font-weight: 400;\" aria-level=\"3\"><span style=\"font-weight: 400;\">Documents organitzatius\u00a0<\/span><\/li>\n<li style=\"font-weight: 400;\" aria-level=\"3\"><span style=\"font-weight: 400;\">Coordinacions externes<\/span><\/li>\n<\/ul>\n<\/li>\n<li style=\"font-weight: 400;\" aria-level=\"2\"><span style=\"font-weight: 400;\">Correu alumnat: A cicle mitj\u00e0 i cicle superior es crea un correu corporatiu d\u2019escola personal (nomcognom@escolagrasicoler.cat) que permet accedir al classroom i fer diverses activitats proposades.<\/span><\/li>\n<\/ul>\n<\/li>\n<\/ul>\n<ul>\n<li aria-level=\"1\"><b>CLASSROOM (EVA)<\/b><\/li>\n<\/ul>\n<ul>\n<li style=\"list-style-type: none;\">\n<ul>\n<li style=\"list-style-type: none;\">\n<ul>\n<li style=\"font-weight: 400;\" aria-level=\"2\"><span style=\"font-weight: 400;\">La plataforma d\u2019aprenentatge que utilitza la nostra escola (EVA) \u00e9s el Classroom on es necessita un compte de correu electr\u00f2nic per poder utilitzar-la a partir de 3r de prim\u00e0ria fins a 6\u00e8. Els alumnes que m\u00e9s utilitzen aquesta eina s\u00f3n els de cicle superior on entren di\u00e0riament per revisar si tenen alguna tasca pendent tot i que se\u2019ls avisa pr\u00e8viament.\u00a0<\/span><\/li>\n<li style=\"font-weight: 400;\" aria-level=\"2\"><span style=\"font-weight: 400;\">L\u2019alumnat realitza la tasca i la penja al classroom per tal de ser corregit pel professorat. Altrament se li pot fer feedback amb nota de veu o amb la r\u00fabrica pre establerta pel mestra\/e.<\/span><\/li>\n<\/ul>\n<\/li>\n<\/ul>\n<\/li>\n<\/ul>\n<ul>\n<li aria-level=\"1\"><b>P\u00c0GINA WEB: <\/b><span style=\"font-weight: 400;\">L\u2019escola disposa d\u2019un portal web (<\/span><b>https:\/\/agora.xtec.cat\/ceipgrasisoler\/) <\/b><span style=\"font-weight: 400;\">el qual s\u2019actualitza constanment. Es penjaran al web del centre les not\u00edcies i informacions m\u00e9s rellevants, visites externes, taller, sortides, col\u00f2nies, etc. Es faran aquestes entrades de direcci\u00f3. L\u2019alumnat que no tingui autoritzaci\u00f3 no podr\u00e0 sortir al web. En aquest cas els infants s\u00ed que poden veure\u2019s sempre i quan tinguin l\u2019autoritzaci\u00f3 signada.\u00a0<\/span><\/li>\n<\/ul>\n<ul>\n<li aria-level=\"1\"><b>BLOG: <\/b><span style=\"font-weight: 400;\">S\u2019acorda fer entrada al blog cada 15 dies. Ser\u00e0 la manera que les fam\u00edlies vegin la vida del centre i les activitats, projectes i altres experi\u00e8ncies m\u00e9s rellevants que fan els seus fills i filles. Els blogs tenen contrasenya que es facilitar\u00e0 a les fam\u00edlies. Cada vegada que es faci entrada al blog, s\u2019enviar\u00e0 un dinantia a la fam\u00edlia comunicant que ja tenen el blog a punt per veure.<\/span><\/li>\n<\/ul>\n<ul>\n<li style=\"font-weight: 400;\" aria-level=\"1\"><b>XARXES SOCIALS:<\/b><span style=\"font-weight: 400;\"> Les dues xarxes socials estan vinculades i es comparteixen les mateixes publicacions.<\/span>\n<ul>\n<li style=\"font-weight: 400;\" aria-level=\"2\"><span style=\"font-weight: 400;\">Instagram: Es fa \u00fas d\u2019instagram per publicar imatges i explicacions d\u2019activitats destacades, projectes, activitats esportives, art\u00edstiques, sortides, tallers, col\u00f2nies i per compartir altres not\u00edcies que considerem rellevants relacionades amb el m\u00f3n educatiu. No poden sortir les cares dels infants en aquesta xarxa. L\u2019usuari d\u2019instagram \u00e9s @escola_gras_i_soler<\/span><\/li>\n<li style=\"font-weight: 400;\" aria-level=\"2\"><span style=\"font-weight: 400;\">Twitter: Es fa \u00fas de twitter per publicar imatges i explicacions d\u2019activitats destacades, projectes, activitats esportives, art\u00edstiques, sortides, tallers, col\u00f2nies i per compartir altres not\u00edcies que considerem rellevants relacionades amb el m\u00f3n educatiu. No poden sortir les cares dels infants en aquesta xarxa. L\u2019usuari de twitter \u00e9s @grasisoler\u00a0<\/span><\/li>\n<li style=\"font-weight: 400;\" aria-level=\"2\"><span style=\"font-weight: 400;\">Cal tenir en compte algunes consideracions per un bon funcionament:<\/span>\n<ul>\n<li style=\"font-weight: 400;\" aria-level=\"3\"><span style=\"font-weight: 400;\">Representar de manera equitativa tots els cursos de la comunitat.<\/span><\/li>\n<li style=\"font-weight: 400;\" aria-level=\"3\"><span style=\"font-weight: 400;\">El text ha d\u2019explicar de manera entenedora i atractiva l\u2019activitat que es mostra.<\/span><\/li>\n<li style=\"font-weight: 400;\" aria-level=\"3\"><span style=\"font-weight: 400;\">No poden sortir cares de l\u2019alumnat i cal tenir en compte l\u2019autoritzaci\u00f3 dels drets d\u2019imatges dels infants en les xarxes socials.<\/span><\/li>\n<li style=\"font-weight: 400;\" aria-level=\"3\"><span style=\"font-weight: 400;\">Cal tenir en compte l\u2019est\u00e8tica.<\/span><\/li>\n<\/ul>\n<\/li>\n<\/ul>\n<\/li>\n<li style=\"font-weight: 400;\" aria-level=\"1\"><b>WHATSAPP INTERN OFICIAL<\/b><span style=\"font-weight: 400;\">: <\/span><span style=\"font-weight: 400;\">L\u2019equip directiu gestiona un grup de whatsapp<\/span> <span style=\"font-weight: 400;\">oficial on nom\u00e9s poden escriure de forma unidireccional les diverses informacions per enviar al claustre.<\/span><\/li>\n<\/ul>\n","protected":false},"excerpt":{"rendered":"<p>COMUNICACI\u00d3 INTERNA<br \/>\nCOMUNICACI\u00d3 EXTERNA<\/p>\n<p>Comunicacions i informacions dins la comunitat educativa amb l\u2019objectiu de compartir el que s\u2019est\u00e0 fent.<\/p>\n<ul>\n<li style=\"list-style-type: none;\">\n<ul>\n<li style=\"font-weight: 400;\" aria-level=\"1\">Personal docent i PAS: dinantia, correu corporatiu, correu xtec, whatsapp oficial<\/li>\n<\/ul>\n<\/li>\n<li aria-level=\"1\">Fam\u00edlies: dinantia<\/li>\n<\/ul>\n<p>Comunicacions del centre cap a l\u2019entorn fora de l\u2019escola per donar a&hellip;  <a href=\"https:\/\/agora.xtec.cat\/ceipgrasisoler\/lescola\/diagnosi\/cultura-digital\/comunicacio\/\" title=\"Read Comunicaci\u00f3\">Llegeix m\u00e9s\u00bb<\/a><\/p>\n","protected":false},"author":3,"featured_media":0,"parent":4171,"menu_order":20,"comment_status":"closed","ping_status":"closed","template":"page-templates\/side-menu.php","meta":{"_bbp_topic_count":0,"_bbp_reply_count":0,"_bbp_total_topic_count":0,"_bbp_total_reply_count":0,"_bbp_voice_count":0,"_bbp_anonymous_reply_count":0,"_bbp_topic_count_hidden":0,"_bbp_reply_count_hidden":0,"_bbp_forum_subforum_count":0,"footnotes":""},"class_list":["post-5400","page","type-page","status-publish","hentry"],"post_mailing_queue_ids":[],"_links":{"self":[{"href":"https:\/\/agora.xtec.cat\/ceipgrasisoler\/wp-json\/wp\/v2\/pages\/5400","targetHints":{"allow":["GET"]}}],"collection":[{"href":"https:\/\/agora.xtec.cat\/ceipgrasisoler\/wp-json\/wp\/v2\/pages"}],"about":[{"href":"https:\/\/agora.xtec.cat\/ceipgrasisoler\/wp-json\/wp\/v2\/types\/page"}],"author":[{"embeddable":true,"href":"https:\/\/agora.xtec.cat\/ceipgrasisoler\/wp-json\/wp\/v2\/users\/3"}],"replies":[{"embeddable":true,"href":"https:\/\/agora.xtec.cat\/ceipgrasisoler\/wp-json\/wp\/v2\/comments?post=5400"}],"version-history":[{"count":2,"href":"https:\/\/agora.xtec.cat\/ceipgrasisoler\/wp-json\/wp\/v2\/pages\/5400\/revisions"}],"predecessor-version":[{"id":5410,"href":"https:\/\/agora.xtec.cat\/ceipgrasisoler\/wp-json\/wp\/v2\/pages\/5400\/revisions\/5410"}],"up":[{"embeddable":true,"href":"https:\/\/agora.xtec.cat\/ceipgrasisoler\/wp-json\/wp\/v2\/pages\/4171"}],"wp:attachment":[{"href":"https:\/\/agora.xtec.cat\/ceipgrasisoler\/wp-json\/wp\/v2\/media?parent=5400"}],"curies":[{"name":"wp","href":"https:\/\/api.w.org\/{rel}","templated":true}]}}