{"id":5399,"date":"2023-05-30T13:33:08","date_gmt":"2023-05-30T11:33:08","guid":{"rendered":"https:\/\/agora.xtec.cat\/ceipgrasisoler\/?page_id=5399"},"modified":"2023-05-30T13:56:43","modified_gmt":"2023-05-30T11:56:43","slug":"documentacio-basica","status":"publish","type":"page","link":"https:\/\/agora.xtec.cat\/ceipgrasisoler\/lescola\/diagnosi\/cultura-digital\/documentacio-basica\/","title":{"rendered":"Documentaci\u00f3 b\u00e0sica"},"content":{"rendered":"<p><span class=\"C9DxTc \">La cultura digital apareix en pr\u00e0cticament tots els documents b\u00e0sics del centre. A continuaci\u00f3,\u00a0<\/span><span class=\"C9DxTc \">s&#8217;assenyalen<\/span><span class=\"C9DxTc \">\u00a0els aspectes m\u00e9s importants de\u00a0<\/span><span class=\"C9DxTc \">cadascun<\/span><span class=\"C9DxTc \">\u00a0d&#8217;ells.<\/span><\/p>\n<table style=\"height: 32px; width: 52.8653%; border-collapse: collapse; border-color: #89f0cf; background-color: #89f0cf;\">\n<tbody>\n<tr style=\"height: 32px;\">\n<td style=\"width: 100%; height: 32px; text-align: center;\">\n<h2><strong>PEC<\/strong><\/h2>\n<\/td>\n<\/tr>\n<\/tbody>\n<\/table>\n<p>&nbsp;<\/p>\n<table style=\"height: 32px; width: 52.8653%; border-collapse: collapse; border-color: #f5bc76; background-color: #f5bc76;\">\n<tbody>\n<tr style=\"height: 32px;\">\n<td style=\"width: 100%; height: 32px; text-align: center;\">\n<h2><strong>NOFC<\/strong><\/h2>\n<\/td>\n<\/tr>\n<\/tbody>\n<\/table>\n<p>&nbsp;<\/p>\n<p>Aquests documents estan en proc\u00e9s de revisi\u00f3 i actualitzaci\u00f3.<\/p>\n","protected":false},"excerpt":{"rendered":"<p>La cultura digital apareix en pr\u00e0cticament tots els documents b\u00e0sics del centre. A continuaci\u00f3,\u00a0s&#8217;assenyalen\u00a0els aspectes m\u00e9s importants de\u00a0cadascun\u00a0d&#8217;ells.<\/p>\n<p>PEC<\/p>\n<p>&nbsp;<\/p>\n<p>NOFC<\/p>\n<p>&nbsp;<br \/>\nAquests documents estan en proc\u00e9s de revisi\u00f3 i actualitzaci\u00f3.<\/p>\n","protected":false},"author":3,"featured_media":0,"parent":4171,"menu_order":10,"comment_status":"closed","ping_status":"closed","template":"page-templates\/side-menu.php","meta":{"_bbp_topic_count":0,"_bbp_reply_count":0,"_bbp_total_topic_count":0,"_bbp_total_reply_count":0,"_bbp_voice_count":0,"_bbp_anonymous_reply_count":0,"_bbp_topic_count_hidden":0,"_bbp_reply_count_hidden":0,"_bbp_forum_subforum_count":0,"footnotes":""},"class_list":["post-5399","page","type-page","status-publish","hentry"],"post_mailing_queue_ids":[],"_links":{"self":[{"href":"https:\/\/agora.xtec.cat\/ceipgrasisoler\/wp-json\/wp\/v2\/pages\/5399","targetHints":{"allow":["GET"]}}],"collection":[{"href":"https:\/\/agora.xtec.cat\/ceipgrasisoler\/wp-json\/wp\/v2\/pages"}],"about":[{"href":"https:\/\/agora.xtec.cat\/ceipgrasisoler\/wp-json\/wp\/v2\/types\/page"}],"author":[{"embeddable":true,"href":"https:\/\/agora.xtec.cat\/ceipgrasisoler\/wp-json\/wp\/v2\/users\/3"}],"replies":[{"embeddable":true,"href":"https:\/\/agora.xtec.cat\/ceipgrasisoler\/wp-json\/wp\/v2\/comments?post=5399"}],"version-history":[{"count":1,"href":"https:\/\/agora.xtec.cat\/ceipgrasisoler\/wp-json\/wp\/v2\/pages\/5399\/revisions"}],"predecessor-version":[{"id":5402,"href":"https:\/\/agora.xtec.cat\/ceipgrasisoler\/wp-json\/wp\/v2\/pages\/5399\/revisions\/5402"}],"up":[{"embeddable":true,"href":"https:\/\/agora.xtec.cat\/ceipgrasisoler\/wp-json\/wp\/v2\/pages\/4171"}],"wp:attachment":[{"href":"https:\/\/agora.xtec.cat\/ceipgrasisoler\/wp-json\/wp\/v2\/media?parent=5399"}],"curies":[{"name":"wp","href":"https:\/\/api.w.org\/{rel}","templated":true}]}}