{"id":4750,"date":"2022-06-03T16:25:58","date_gmt":"2022-06-03T14:25:58","guid":{"rendered":"https:\/\/agora.xtec.cat\/ceipgrasisoler\/?page_id=4750"},"modified":"2023-02-28T13:06:45","modified_gmt":"2023-02-28T12:06:45","slug":"objectius","status":"publish","type":"page","link":"https:\/\/agora.xtec.cat\/ceipgrasisoler\/lescola\/diagnosi\/part-estrategica\/objectius\/","title":{"rendered":"Objectius"},"content":{"rendered":"<p>Despr\u00e9s de realitzar la diagnosi, per poder concretar els objectius de l\u2019EDC, cal determinar la visi\u00f3 del centre en l\u2019\u00e0mbit digital i tenir en compte els objectius del PEC i del projecte de direcci\u00f3, sense perdre de vista els objectius del\u00a0PEDC. La conjunci\u00f3 d\u2019aquests aspectes determinar\u00e0 els objectius de l\u2019EDC.<\/p>\n<p><img decoding=\"async\" class=\"aligncenter\" src=\"https:\/\/projectes.xtec.cat\/edc-suport\/wp-content\/uploads\/usu2435\/2021\/03\/img_EDC_graph_04-1024x637-1.png\" alt=\"Objectius de l'EDC\" \/><\/p>\n<p>&nbsp;<\/p>\n<table style=\"width: 100%; border-collapse: collapse; background-color: #115d69;\">\n<tbody>\n<tr>\n<td style=\"width: 100%;\">OBJECTIUS<\/td>\n<\/tr>\n<\/tbody>\n<\/table>\n<ol>\n<li>Fomentar l&#8217;autonomia digital del profesorat i la seva correcta aplicaci\u00f3 a les aules.<\/li>\n<\/ol>\n<p>2.Empoderar els infants en relaci\u00f3 a l&#8217;\u00e0mbit tecnol\u00f2gic pel seu desenvolupament de la compet\u00e8ncia digital.<\/p>\n<p>3.Millorar l&#8217;acollida de les families per acompanyar l&#8217;infant en l&#8217;educaci\u00f3 digital.<\/p>\n<p>&nbsp;<\/p>\n<table style=\"width: 100%; border-collapse: collapse; background-color: #115d69;\">\n<tbody>\n<tr>\n<td style=\"width: 100%;\">TEMPORITZACI\u00d3 I INDICADORS<\/td>\n<\/tr>\n<\/tbody>\n<\/table>\n<p><iframe loading=\"lazy\" src=\"https:\/\/docs.google.com\/spreadsheets\/d\/e\/2PACX-1vQK7VoSM4UHd_JIXOlh6b1rN-7A0iWgRJ_FcdRlR_Hf3KIMpK0ibq2p6wHe0lcRNKosKiXS8uNej0fq\/pubhtml?widget=true&amp;headers=false\" width=\"100%\" height=\"350\"><span data-mce-type=\"bookmark\" style=\"display: inline-block; width: 0px; overflow: hidden; line-height: 0;\" class=\"mce_SELRES_start\">\ufeff<\/span><\/iframe><\/p>\n","protected":false},"excerpt":{"rendered":"<p>Despr\u00e9s de realitzar la diagnosi, per poder concretar els objectius de l\u2019EDC, cal determinar la visi\u00f3 del centre en l\u2019\u00e0mbit digital i tenir en compte els objectius del PEC i del projecte de direcci\u00f3, sense perdre de vista els objectius del\u00a0PEDC. La conjunci\u00f3 d\u2019aquests aspectes&hellip;  <a href=\"https:\/\/agora.xtec.cat\/ceipgrasisoler\/lescola\/diagnosi\/part-estrategica\/objectius\/\" title=\"Read Objectius\">Llegeix m\u00e9s\u00bb<\/a><\/p>\n","protected":false},"author":6,"featured_media":0,"parent":4168,"menu_order":0,"comment_status":"closed","ping_status":"closed","template":"page-templates\/side-menu.php","meta":{"_bbp_topic_count":0,"_bbp_reply_count":0,"_bbp_total_topic_count":0,"_bbp_total_reply_count":0,"_bbp_voice_count":0,"_bbp_anonymous_reply_count":0,"_bbp_topic_count_hidden":0,"_bbp_reply_count_hidden":0,"_bbp_forum_subforum_count":0,"footnotes":""},"class_list":["post-4750","page","type-page","status-publish","hentry"],"post_mailing_queue_ids":[],"_links":{"self":[{"href":"https:\/\/agora.xtec.cat\/ceipgrasisoler\/wp-json\/wp\/v2\/pages\/4750","targetHints":{"allow":["GET"]}}],"collection":[{"href":"https:\/\/agora.xtec.cat\/ceipgrasisoler\/wp-json\/wp\/v2\/pages"}],"about":[{"href":"https:\/\/agora.xtec.cat\/ceipgrasisoler\/wp-json\/wp\/v2\/types\/page"}],"author":[{"embeddable":true,"href":"https:\/\/agora.xtec.cat\/ceipgrasisoler\/wp-json\/wp\/v2\/users\/6"}],"replies":[{"embeddable":true,"href":"https:\/\/agora.xtec.cat\/ceipgrasisoler\/wp-json\/wp\/v2\/comments?post=4750"}],"version-history":[{"count":3,"href":"https:\/\/agora.xtec.cat\/ceipgrasisoler\/wp-json\/wp\/v2\/pages\/4750\/revisions"}],"predecessor-version":[{"id":5252,"href":"https:\/\/agora.xtec.cat\/ceipgrasisoler\/wp-json\/wp\/v2\/pages\/4750\/revisions\/5252"}],"up":[{"embeddable":true,"href":"https:\/\/agora.xtec.cat\/ceipgrasisoler\/wp-json\/wp\/v2\/pages\/4168"}],"wp:attachment":[{"href":"https:\/\/agora.xtec.cat\/ceipgrasisoler\/wp-json\/wp\/v2\/media?parent=4750"}],"curies":[{"name":"wp","href":"https:\/\/api.w.org\/{rel}","templated":true}]}}