{"id":4171,"date":"2022-04-29T15:26:31","date_gmt":"2022-04-29T13:26:31","guid":{"rendered":"https:\/\/agora.xtec.cat\/ceipgrasisoler\/?page_id=4171"},"modified":"2023-05-30T13:57:46","modified_gmt":"2023-05-30T11:57:46","slug":"cultura-digital","status":"publish","type":"page","link":"https:\/\/agora.xtec.cat\/ceipgrasisoler\/lescola\/diagnosi\/cultura-digital\/","title":{"rendered":"Cultura Digital"},"content":{"rendered":"<p>El document de l\u2019EDC ser\u00e0 la refer\u00e8ncia del centre en l\u2019\u00e0mbit de tecnologies digitals. Per tant, \u00e9s important que aquest document tamb\u00e9 reculli\u00a0la gesti\u00f3 di\u00e0ria de l\u2019organitzaci\u00f3 digital del centre. Qu\u00e8 est\u00e0 fent el centre en temes digitals? Quines accions el centre ja t\u00e9 consolidades i funcionen?<\/p>\n<p><img loading=\"lazy\" decoding=\"async\" class=\"aligncenter size-medium wp-image-4807\" src=\"https:\/\/agora.xtec.cat\/ceipgrasisoler\/wp-content\/uploads\/usu1692\/2022\/07\/WEB-300x214.png\" alt=\"\" width=\"300\" height=\"214\" srcset=\"https:\/\/agora.xtec.cat\/ceipgrasisoler\/wp-content\/uploads\/usu1692\/2022\/07\/WEB-300x214.png 300w, https:\/\/agora.xtec.cat\/ceipgrasisoler\/wp-content\/uploads\/usu1692\/2022\/07\/WEB.png 768w\" sizes=\"auto, (max-width: 300px) 100vw, 300px\" \/><\/p>\n<p>&nbsp;<\/p>\n<p>&nbsp;<\/p>\n<table style=\"height: 32px; width: 100%; border-collapse: collapse; border-color: #0f0f0f; background-color: #e6c675; border-style: solid;\">\n<tbody>\n<tr style=\"height: 32px;\">\n<td style=\"width: 20%; height: 32px; text-align: center;\"><a href=\"https:\/\/agora.xtec.cat\/ceipgrasisoler\/lescola\/diagnosi\/cultura-digital\/documentacio-basica\/\"><strong>DOCUMENTACI\u00d3 B\u00c0SICA<\/strong><\/a><\/td>\n<td style=\"width: 20%; height: 32px; text-align: center;\"><a href=\"https:\/\/agora.xtec.cat\/ceipgrasisoler\/lescola\/diagnosi\/cultura-digital\/comunicacio\/\"><strong>COMUNICACI\u00d3<\/strong><\/a><\/td>\n<td style=\"width: 20%; height: 32px; text-align: center;\"><a href=\"https:\/\/agora.xtec.cat\/ceipgrasisoler\/lescola\/diagnosi\/cultura-digital\/inventari\/\"><strong>INVENTARI<\/strong><\/a><\/td>\n<td style=\"width: 20%; height: 32px; text-align: center;\"><a href=\"https:\/\/agora.xtec.cat\/ceipgrasisoler\/lescola\/diagnosi\/cultura-digital\/eva-del-centre\/\"><strong>EVA DEL CENTRE<\/strong><\/a><\/td>\n<td style=\"width: 20%; height: 32px; text-align: center;\"><a href=\"https:\/\/agora.xtec.cat\/ceipgrasisoler\/lescola\/diagnosi\/cultura-digital\/competencia-digital\/\"><strong>COMPET\u00c8NCIA DIGITAL<\/strong><\/a><\/td>\n<\/tr>\n<\/tbody>\n<\/table>\n","protected":false},"excerpt":{"rendered":"<p>El document de l\u2019EDC ser\u00e0 la refer\u00e8ncia del centre en l\u2019\u00e0mbit de tecnologies digitals. Per tant, \u00e9s important que aquest document tamb\u00e9 reculli\u00a0la gesti\u00f3 di\u00e0ria de l\u2019organitzaci\u00f3 digital del centre. Qu\u00e8 est\u00e0 fent el centre en temes digitals? Quines accions el centre ja t\u00e9 consolidades&hellip;  <a href=\"https:\/\/agora.xtec.cat\/ceipgrasisoler\/lescola\/diagnosi\/cultura-digital\/\" title=\"Read Cultura Digital\">Llegeix m\u00e9s\u00bb<\/a><\/p>\n","protected":false},"author":6,"featured_media":0,"parent":4164,"menu_order":0,"comment_status":"closed","ping_status":"closed","template":"page-templates\/side-menu.php","meta":{"_bbp_topic_count":0,"_bbp_reply_count":0,"_bbp_total_topic_count":0,"_bbp_total_reply_count":0,"_bbp_voice_count":0,"_bbp_anonymous_reply_count":0,"_bbp_topic_count_hidden":0,"_bbp_reply_count_hidden":0,"_bbp_forum_subforum_count":0,"footnotes":""},"class_list":["post-4171","page","type-page","status-publish","hentry"],"post_mailing_queue_ids":[],"_links":{"self":[{"href":"https:\/\/agora.xtec.cat\/ceipgrasisoler\/wp-json\/wp\/v2\/pages\/4171","targetHints":{"allow":["GET"]}}],"collection":[{"href":"https:\/\/agora.xtec.cat\/ceipgrasisoler\/wp-json\/wp\/v2\/pages"}],"about":[{"href":"https:\/\/agora.xtec.cat\/ceipgrasisoler\/wp-json\/wp\/v2\/types\/page"}],"author":[{"embeddable":true,"href":"https:\/\/agora.xtec.cat\/ceipgrasisoler\/wp-json\/wp\/v2\/users\/6"}],"replies":[{"embeddable":true,"href":"https:\/\/agora.xtec.cat\/ceipgrasisoler\/wp-json\/wp\/v2\/comments?post=4171"}],"version-history":[{"count":3,"href":"https:\/\/agora.xtec.cat\/ceipgrasisoler\/wp-json\/wp\/v2\/pages\/4171\/revisions"}],"predecessor-version":[{"id":5425,"href":"https:\/\/agora.xtec.cat\/ceipgrasisoler\/wp-json\/wp\/v2\/pages\/4171\/revisions\/5425"}],"up":[{"embeddable":true,"href":"https:\/\/agora.xtec.cat\/ceipgrasisoler\/wp-json\/wp\/v2\/pages\/4164"}],"wp:attachment":[{"href":"https:\/\/agora.xtec.cat\/ceipgrasisoler\/wp-json\/wp\/v2\/media?parent=4171"}],"curies":[{"name":"wp","href":"https:\/\/api.w.org\/{rel}","templated":true}]}}