{"id":4168,"date":"2022-04-29T15:25:07","date_gmt":"2022-04-29T13:25:07","guid":{"rendered":"https:\/\/agora.xtec.cat\/ceipgrasisoler\/?page_id=4168"},"modified":"2023-02-28T13:31:23","modified_gmt":"2023-02-28T12:31:23","slug":"part-estrategica","status":"publish","type":"page","link":"https:\/\/agora.xtec.cat\/ceipgrasisoler\/lescola\/diagnosi\/part-estrategica\/","title":{"rendered":"Part Estrat\u00e8gica"},"content":{"rendered":"<p>L\u2019EDC \u00e9s un document viu i obert que ha de permetre recollir i organitzar les accions en mat\u00e8ria de tecnologia i compet\u00e8ncia digital que el centre ja realitza, replantejar-les i millorar-les per aconseguir els objectius que es proposin. L\u2019EDC ha de ser una eina \u00fatil i real per al desplegament de la compet\u00e8ncia digital de l\u2019alumnat, del professorat i del mateix centre.<\/p>\n<p>Seguint les indicacions del document on es defineix l\u2019EDC,\u00a0 s\u2019ha estructurat aquesta part en 4 fases que es presenten a continuaci\u00f3. Per poder consultar-les seleccioneu la fase que voleu veure<\/p>\n<p>&nbsp;<\/p>\n<table style=\"width: 100%; border-collapse: collapse;\">\n<tbody>\n<tr>\n<td style=\"text-align: center; width: 3px;\"><a href=\"https:\/\/agora.xtec.cat\/ceipgrasisoler\/lescola\/diagnosi\/part-estrategica\/diagnosi\/\">DIAGNOSI<\/a><\/td>\n<td style=\"text-align: center; width: 3px;\"><a href=\"https:\/\/agora.xtec.cat\/ceipgrasisoler\/lescola\/diagnosi\/part-estrategica\/objectius\/\">OBJECTIUS<\/a><\/td>\n<td style=\"text-align: center; width: 3px;\"><a href=\"https:\/\/agora.xtec.cat\/ceipgrasisoler\/lescola\/diagnosi\/part-estrategica\/avaluacio\/\" target=\"_blank\" rel=\"noopener\">PLANIFICACI\u00d3<\/a><\/td>\n<td style=\"text-align: center; width: 3px;\"><a href=\"https:\/\/agora.xtec.cat\/ceipgrasisoler\/lescola\/diagnosi\/part-estrategica\/avaluacio-i-millora\/\">AVALUACI\u00d3 I MILLORA<\/a><\/td>\n<\/tr>\n<\/tbody>\n<\/table>\n<p>&nbsp;<\/p>\n<p>&nbsp;<\/p>\n","protected":false},"excerpt":{"rendered":"<p>L\u2019EDC \u00e9s un document viu i obert que ha de permetre recollir i organitzar les accions en mat\u00e8ria de tecnologia i compet\u00e8ncia digital que el centre ja realitza, replantejar-les i millorar-les per aconseguir els objectius que es proposin. L\u2019EDC ha de ser una eina \u00fatil&hellip;  <a href=\"https:\/\/agora.xtec.cat\/ceipgrasisoler\/lescola\/diagnosi\/part-estrategica\/\" title=\"Read Part Estrat\u00e8gica\">Llegeix m\u00e9s\u00bb<\/a><\/p>\n","protected":false},"author":6,"featured_media":0,"parent":4164,"menu_order":0,"comment_status":"closed","ping_status":"closed","template":"page-templates\/side-menu.php","meta":{"_bbp_topic_count":0,"_bbp_reply_count":0,"_bbp_total_topic_count":0,"_bbp_total_reply_count":0,"_bbp_voice_count":0,"_bbp_anonymous_reply_count":0,"_bbp_topic_count_hidden":0,"_bbp_reply_count_hidden":0,"_bbp_forum_subforum_count":0,"footnotes":""},"class_list":["post-4168","page","type-page","status-publish","hentry"],"post_mailing_queue_ids":[],"_links":{"self":[{"href":"https:\/\/agora.xtec.cat\/ceipgrasisoler\/wp-json\/wp\/v2\/pages\/4168","targetHints":{"allow":["GET"]}}],"collection":[{"href":"https:\/\/agora.xtec.cat\/ceipgrasisoler\/wp-json\/wp\/v2\/pages"}],"about":[{"href":"https:\/\/agora.xtec.cat\/ceipgrasisoler\/wp-json\/wp\/v2\/types\/page"}],"author":[{"embeddable":true,"href":"https:\/\/agora.xtec.cat\/ceipgrasisoler\/wp-json\/wp\/v2\/users\/6"}],"replies":[{"embeddable":true,"href":"https:\/\/agora.xtec.cat\/ceipgrasisoler\/wp-json\/wp\/v2\/comments?post=4168"}],"version-history":[{"count":4,"href":"https:\/\/agora.xtec.cat\/ceipgrasisoler\/wp-json\/wp\/v2\/pages\/4168\/revisions"}],"predecessor-version":[{"id":5258,"href":"https:\/\/agora.xtec.cat\/ceipgrasisoler\/wp-json\/wp\/v2\/pages\/4168\/revisions\/5258"}],"up":[{"embeddable":true,"href":"https:\/\/agora.xtec.cat\/ceipgrasisoler\/wp-json\/wp\/v2\/pages\/4164"}],"wp:attachment":[{"href":"https:\/\/agora.xtec.cat\/ceipgrasisoler\/wp-json\/wp\/v2\/media?parent=4168"}],"curies":[{"name":"wp","href":"https:\/\/api.w.org\/{rel}","templated":true}]}}