{"id":36,"date":"2014-09-18T12:33:11","date_gmt":"2014-09-18T10:33:11","guid":{"rendered":"http:\/\/agora.xtec.cat\/ceipgrasisoler\/?page_id=36"},"modified":"2025-09-30T11:49:48","modified_gmt":"2025-09-30T09:49:48","slug":"qui-som","status":"publish","type":"page","link":"https:\/\/agora.xtec.cat\/ceipgrasisoler\/lescola\/qui-som\/","title":{"rendered":"Equip Hum\u00e0"},"content":{"rendered":"<p>&nbsp;<\/p>\n<table style=\"width: 31.5152%;\">\n<tbody>\n<tr>\n<td style=\"width: 111.825%;\" colspan=\"2\"><b>EQUIP DIRECTIU<\/b><\/td>\n<\/tr>\n<tr>\n<td style=\"width: 45.5285%;\"><b>Directora<\/b><\/td>\n<td style=\"width: 66.2962%;\"><span style=\"font-weight: 400;\">Montse Castell\u00f3<\/span><\/td>\n<\/tr>\n<tr>\n<td style=\"width: 45.5285%;\"><b>Cap d\u2019Estudis<\/b><\/td>\n<td style=\"width: 66.2962%;\">Serezade Moreno<\/td>\n<\/tr>\n<tr>\n<td style=\"width: 45.5285%;\"><b>Secret\u00e0ria<\/b><\/td>\n<td style=\"width: 66.2962%;\"><span style=\"font-weight: 400;\">Joana Mart\u00ednez<\/span><\/td>\n<\/tr>\n<\/tbody>\n<\/table>\n<p><span style=\"font-weight: 400;\">\u00a0\u00a0\u00a0\u00a0\u00a0\u00a0\u00a0\u00a0\u00a0\u00a0<\/span><\/p>\n<table style=\"width: 31.862%; height: 344px;\">\n<thead>\n<tr style=\"height: 32px;\">\n<th style=\"height: 32px;\"><b>NIVELL<\/b><\/th>\n<th style=\"height: 32px;\"><b>TUTORES<\/b><\/th>\n<\/tr>\n<\/thead>\n<tbody>\n<tr>\n<td><b>I3<\/b><\/td>\n<td><span style=\"font-weight: 400;\">Conxi Mor\u00f3n<\/span><\/td>\n<\/tr>\n<tr style=\"height: 33px;\">\n<td style=\"height: 33px;\"><b>I4<\/b><\/td>\n<td style=\"height: 33px;\"><span style=\"font-weight: 400;\">Patri Dur\u00e1n<\/span><\/td>\n<\/tr>\n<tr style=\"height: 33px;\">\n<td style=\"height: 33px;\"><b>I5<\/b><\/td>\n<td style=\"height: 33px;\"><span style=\"font-weight: 400;\">Lali Font i Sara Fern\u00e1ndez <\/span><\/td>\n<\/tr>\n<tr style=\"height: 33px;\">\n<td style=\"height: 33px;\"><b>1r<\/b><\/td>\n<td style=\"height: 33px;\"><span style=\"font-weight: 400;\">N\u00faria Gispert<\/span><\/td>\n<\/tr>\n<tr style=\"height: 33px;\">\n<td style=\"height: 33px;\"><strong>2n<\/strong><\/td>\n<td style=\"height: 33px;\"><span style=\"font-weight: 400;\">N\u00faria Ruiz<\/span><\/td>\n<\/tr>\n<tr>\n<td><b>3r\u00a0<\/b><\/td>\n<td><span style=\"font-weight: 400;\">Maite Franch<\/span><\/td>\n<\/tr>\n<tr style=\"height: 33px;\">\n<td style=\"height: 33px;\"><b>4t A<\/b><\/td>\n<td style=\"height: 33px;\"><span style=\"font-weight: 400;\">Bea Venegas<\/span><\/td>\n<\/tr>\n<tr style=\"height: 33px;\">\n<td style=\"height: 33px;\"><b>4t B<\/b><\/td>\n<td style=\"height: 33px;\">Amada Parr\u00f3n<\/td>\n<\/tr>\n<tr style=\"height: 33px;\">\n<td style=\"height: 33px;\"><b>5\u00e8<\/b><\/td>\n<td style=\"height: 33px;\">Daniel Aragon\u00e9s<\/td>\n<\/tr>\n<tr style=\"height: 33px;\">\n<td style=\"height: 33px;\"><b>6\u00e8<\/b><\/td>\n<td style=\"height: 33px;\">Arantxa Gab\u00e1s<\/td>\n<\/tr>\n<\/tbody>\n<\/table>\n<p>&nbsp;<\/p>\n<table style=\"width: 74.4957%;\">\n<tbody>\n<tr>\n<td style=\"width: 42.0849%;\"><b>ESPECIALITATS I REFOR\u00c7OS<\/b><\/td>\n<td style=\"width: 63.0467%;\"><b>MESTRES<\/b><\/td>\n<\/tr>\n<tr>\n<td style=\"width: 42.0849%;\"><b>M\u00fasica<\/b><\/td>\n<td style=\"width: 63.0467%;\">Sara Vallmaj\u00f3<\/td>\n<\/tr>\n<tr>\n<td style=\"width: 42.0849%;\"><b>Educaci\u00f3 F\u00edsica<\/b><\/td>\n<td style=\"width: 63.0467%;\">Daniel S\u00e1nchez<\/td>\n<\/tr>\n<tr>\n<td style=\"width: 42.0849%;\"><b>Llengua anglesa\u00a0<\/b><\/td>\n<td style=\"width: 63.0467%;\">Esther Lumbreras<\/td>\n<\/tr>\n<tr>\n<td style=\"width: 42.0849%;\"><b>Castell\u00e0<\/b><\/td>\n<td style=\"width: 63.0467%;\"><span style=\"font-weight: 400;\">Joana Mart\u00ednez (1r, 2n i 3r) i Sara Vallmaj\u00f3 (4t, 5\u00e8 i 6\u00e8)<\/span><\/td>\n<\/tr>\n<tr>\n<td style=\"width: 42.0849%;\"><b>Atenci\u00f3 a la diversitat<\/b><\/td>\n<td style=\"width: 63.0467%;\">Ana Carayol<\/td>\n<\/tr>\n<tr>\n<td style=\"width: 42.0849%;\"><b>Aula d&#8217;acollida\u00a0<\/b><\/td>\n<td style=\"width: 63.0467%;\">Joaqu\u00edn S\u00e1nchez<\/td>\n<\/tr>\n<tr>\n<td style=\"width: 42.0849%;\"><b>Religi\u00f3 i suports<\/b><\/td>\n<td style=\"width: 63.0467%;\"><span style=\"font-weight: 400;\">Mica Bl\u00e1quez<\/span><\/td>\n<\/tr>\n<tr>\n<td style=\"width: 42.0849%;\"><b>Suport infantil<\/b><\/td>\n<td style=\"width: 63.0467%;\">Serezade Moreno<\/td>\n<\/tr>\n<tr>\n<td style=\"width: 42.0849%;\"><b>Suports prim\u00e0ria<\/b><\/td>\n<td style=\"width: 63.0467%;\">Montse Castell\u00f3<\/td>\n<\/tr>\n<\/tbody>\n<\/table>\n<p>&nbsp;<\/p>\n<table>\n<tbody>\n<tr>\n<td colspan=\"2\"><b>PERSONAL D\u2019ADMINISTRACI\u00d3 I SERVEIS (PAS)<\/b><\/td>\n<\/tr>\n<tr>\n<td><b>Administrativa\u00a0<\/b><\/td>\n<td>Manoli Mart\u00ednez<\/td>\n<\/tr>\n<tr>\n<td><b>Conserge<\/b><\/td>\n<td><span style=\"font-weight: 400;\">Gon\u00e7al Blaya<\/span><\/td>\n<\/tr>\n<tr>\n<td colspan=\"2\"><b>PERSONAL D\u2019ATENCI\u00d3 EDUCATIVA (PAE)<\/b><\/td>\n<\/tr>\n<tr>\n<td><b>TEI<\/b><\/td>\n<td>Nela Fern\u00e1ndez<\/td>\n<\/tr>\n<tr>\n<td colspan=\"2\"><b>AUXILIAR D\u2019EDUCACI\u00d3 ESPECIAL (VETLLADORA)<\/b><\/td>\n<\/tr>\n<tr>\n<td style=\"text-align: center;\" colspan=\"2\">Regina Moreno<\/td>\n<\/tr>\n<\/tbody>\n<\/table>\n<p>&nbsp;<\/p>\n<table>\n<tbody>\n<tr>\n<td colspan=\"2\"><b>ESPAI DE MIGDIA I SERVEI DE NETEJA<\/b><\/td>\n<\/tr>\n<tr>\n<td><b>Coordinadora de Menjador<\/b><\/td>\n<td><span style=\"font-weight: 400;\">Catalina Loaiza<\/span><\/td>\n<\/tr>\n<tr>\n<td><b>Cuiner i suport cuina<\/b><\/td>\n<td><span style=\"font-weight: 400;\">Gabriel Beltr\u00e1n i Julia Cendrero<\/span><\/td>\n<\/tr>\n<tr>\n<td><b>Feineres<\/b><\/td>\n<td><span style=\"font-weight: 400;\">Montse Cabanillas i Vilma Rioja<\/span><\/td>\n<\/tr>\n<\/tbody>\n<\/table>\n<p>&nbsp;<\/p>\n<table style=\"width: 66.1717%; height: 274px;\">\n<tbody>\n<tr style=\"height: 32px;\">\n<td style=\"height: 32px; width: 106.262%;\" colspan=\"2\"><b>COORDINADORES I COORDINADOR<\/b><\/td>\n<\/tr>\n<tr style=\"height: 32px;\">\n<td style=\"height: 32px; width: 78.453%;\"><b>Coordinadora de Cicle Infantil i Inicial<\/b><\/td>\n<td style=\"height: 32px; width: 27.8085%;\">N\u00faria Ruiz<\/td>\n<\/tr>\n<tr style=\"height: 48px;\">\n<td style=\"height: 48px; width: 78.453%;\"><b>Coordinadora de Cicle Mitj\u00e0 i Superior<\/b><\/td>\n<td style=\"height: 48px; width: 27.8085%;\"><span style=\"font-weight: 400;\">Arantxa Gab\u00e1s<\/span><\/td>\n<\/tr>\n<tr style=\"height: 32px;\">\n<td style=\"height: 32px; width: 78.453%;\"><b>Coordinador digital<\/b><\/td>\n<td style=\"height: 32px; width: 27.8085%;\">Daniel S\u00e1nchez<\/td>\n<\/tr>\n<tr style=\"height: 32px;\">\n<td style=\"height: 32px; width: 78.453%;\"><b>Coordinadora LIC<\/b><\/td>\n<td style=\"height: 32px; width: 27.8085%;\">Sara Vallmaj\u00f3<\/td>\n<\/tr>\n<tr>\n<td style=\"width: 78.453%;\"><b>Coordinadora Riscos Laborals<\/b><\/td>\n<td style=\"width: 27.8085%;\">N\u00faria Gispert<\/td>\n<\/tr>\n<tr style=\"height: 48px;\">\n<td style=\"height: 48px; width: 78.453%;\"><b>Coordinadora coeducaci\u00f3, conviv\u00e8ncia i benestar de l\u2019alumne\u00a0<\/b><\/td>\n<td style=\"height: 48px; width: 27.8085%;\"><span style=\"font-weight: 400;\">Bea\u00a0 Venegas\u00a0<\/span><\/td>\n<\/tr>\n<\/tbody>\n<\/table>\n<p>&nbsp;<\/p>\n<p>&nbsp;<\/p>\n<p>&nbsp;<\/p>\n","protected":false},"excerpt":{"rendered":"<p>&nbsp;<\/p>\n<p>EQUIP DIRECTIU<\/p>\n<p>Directora<br \/>\nMontse Castell\u00f3<\/p>\n<p>Cap d\u2019Estudis<br \/>\nSerezade Moreno<\/p>\n<p>Secret\u00e0ria<br \/>\nJoana Mart\u00ednez<\/p>\n<p>\u00a0\u00a0\u00a0\u00a0\u00a0\u00a0\u00a0\u00a0\u00a0\u00a0<\/p>\n<p>NIVELL<br \/>\nTUTORES<\/p>\n<p>I3<br \/>\nConxi Mor\u00f3n<\/p>\n<p>I4<br \/>\nPatri Dur\u00e1n<\/p>\n<p>I5<br \/>\nLali Font i Sara Fern\u00e1ndez <\/p>\n<p>1r<br \/>\nN\u00faria Gispert<\/p>\n<p>2n<br \/>\nN\u00faria Ruiz<\/p>\n<p>3r\u00a0<br \/>\nMaite Franch<\/p>\n<p>4t A<br \/>\nBea Venegas<\/p>\n<p>4t B<br \/>\nAmada Parr\u00f3n<\/p>\n<p>5\u00e8<br \/>\nDaniel Aragon\u00e9s<\/p>\n<p>6\u00e8<br \/>\nArantxa Gab\u00e1s<\/p>\n<p>&nbsp;<\/p>\n<p>ESPECIALITATS I REFOR\u00c7OS<br \/>\nMESTRES<\/p>\n<p>M\u00fasica<br \/>\nSara Vallmaj\u00f3<\/p>\n<p>Educaci\u00f3 F\u00edsica<br \/>\nDaniel S\u00e1nchez<\/p>\n<p>Llengua anglesa\u00a0<br \/>\nEsther Lumbreras<\/p>\n<p>Castell\u00e0<br \/>\nJoana Mart\u00ednez (1r, 2n i 3r) i Sara Vallmaj\u00f3 (4t, 5\u00e8 i 6\u00e8)<\/p>\n<p>Atenci\u00f3 a la diversitat<br \/>\nAna Carayol<\/p>\n<p>Aula&hellip;  <a href=\"https:\/\/agora.xtec.cat\/ceipgrasisoler\/lescola\/qui-som\/\" title=\"Read Equip Hum\u00e0\">Llegeix m\u00e9s\u00bb<\/a><\/p>\n","protected":false},"author":1,"featured_media":0,"parent":22,"menu_order":20,"comment_status":"closed","ping_status":"closed","template":"page-templates\/side-menu.php","meta":{"_bbp_topic_count":0,"_bbp_reply_count":0,"_bbp_total_topic_count":0,"_bbp_total_reply_count":0,"_bbp_voice_count":0,"_bbp_anonymous_reply_count":0,"_bbp_topic_count_hidden":0,"_bbp_reply_count_hidden":0,"_bbp_forum_subforum_count":0,"footnotes":""},"class_list":["post-36","page","type-page","status-publish","hentry"],"post_mailing_queue_ids":[],"_links":{"self":[{"href":"https:\/\/agora.xtec.cat\/ceipgrasisoler\/wp-json\/wp\/v2\/pages\/36","targetHints":{"allow":["GET"]}}],"collection":[{"href":"https:\/\/agora.xtec.cat\/ceipgrasisoler\/wp-json\/wp\/v2\/pages"}],"about":[{"href":"https:\/\/agora.xtec.cat\/ceipgrasisoler\/wp-json\/wp\/v2\/types\/page"}],"author":[{"embeddable":true,"href":"https:\/\/agora.xtec.cat\/ceipgrasisoler\/wp-json\/wp\/v2\/users\/1"}],"replies":[{"embeddable":true,"href":"https:\/\/agora.xtec.cat\/ceipgrasisoler\/wp-json\/wp\/v2\/comments?post=36"}],"version-history":[{"count":8,"href":"https:\/\/agora.xtec.cat\/ceipgrasisoler\/wp-json\/wp\/v2\/pages\/36\/revisions"}],"predecessor-version":[{"id":8521,"href":"https:\/\/agora.xtec.cat\/ceipgrasisoler\/wp-json\/wp\/v2\/pages\/36\/revisions\/8521"}],"up":[{"embeddable":true,"href":"https:\/\/agora.xtec.cat\/ceipgrasisoler\/wp-json\/wp\/v2\/pages\/22"}],"wp:attachment":[{"href":"https:\/\/agora.xtec.cat\/ceipgrasisoler\/wp-json\/wp\/v2\/media?parent=36"}],"curies":[{"name":"wp","href":"https:\/\/api.w.org\/{rel}","templated":true}]}}