{"id":3170,"date":"2021-08-02T18:37:45","date_gmt":"2021-08-02T16:37:45","guid":{"rendered":"https:\/\/agora.xtec.cat\/ceipgrasisoler\/?page_id=3170"},"modified":"2024-07-05T12:51:14","modified_gmt":"2024-07-05T10:51:14","slug":"programa-lecxit","status":"publish","type":"page","link":"https:\/\/agora.xtec.cat\/ceipgrasisoler\/els-nostres-projectes\/programa-lecxit\/","title":{"rendered":"Programa LECXIT"},"content":{"rendered":"<p><b>Programa <\/b><a href=\"https:\/\/lecxit.cat\/\"><b>LECXIT<\/b><\/a><b>:<\/b> \u00a0<span style=\"font-weight: 400;\">Enguany continuem amb aquesta activitat de la Fundaci\u00f3 Bofill.<\/span> <span style=\"font-weight: 400;\">Destinem la proposta a l\u2019alumnat de 4t de prim\u00e0ria. <\/span><span style=\"font-weight: 400;\">\u00a0<\/span><span style=\"font-weight: 400;\">\u00c9s un programa que t\u00e9 per objectiu incrementar l&#8217;\u00e8xit educatiu dels infants a trav\u00e9s de la millora de la comprensi\u00f3 lectora<\/span><span style=\"font-weight: 400;\">. Es realitzar\u00e0 en\u00a0 horari extraescolar. Cada infant proposat tindr\u00e0 un mentor o mentora volunt\u00e0ria que treballar\u00e0 amb aquest nen o nena.\u00a0<\/span><\/p>\n<p>Lecxit \u00e9s un programa de la\u00a0<a href=\"https:\/\/fundaciobofill.cat\/\" target=\"_blank\" rel=\"noreferrer noopener\" aria-label=\" (s'obre en una nova pestanya)\">Fundaci\u00f3 Bofill<\/a>\u00a0que t\u00e9 per objectiu impulsar l\u2019\u00e8xit educatiu a trav\u00e9s de la millora de la comprensi\u00f3 lectora. Des del projecte tenim el repte de garantir que tot l&#8217;alumnat finalitzi l&#8217;etapa de prim\u00e0ria amb un nivell de compet\u00e8ncia lectora que els asseguri el seu desenvolupament educatiu i social.<\/p>\n<p>Per fer-ho comptem amb una xarxa de 238 centres educatius, biblioteques i entitats socials on m\u00e9s de 1.636 voluntaris acompanyen individualment a un infant per a esdevenir un lector orgull\u00f3s, segur, entusiasmat\u00a0amb l&#8217;aprenentatge i preparat per a l&#8217;\u00e8xit educatiu.<\/p>\n<p>Lecxit tamb\u00e9 ofereix orientacions i materials a les fam\u00edlies per implicar-les en la millora dels h\u00e0bits lectors i\u00a0 es coordina amb els centres educatius per triar els infants que m\u00e9s necessiten participar en el projecte.<\/p>\n","protected":false},"excerpt":{"rendered":"<p>Programa <a href=\"https:\/\/lecxit.cat\/\">LECXIT<\/a>: \u00a0Enguany continuem amb aquesta activitat de la Fundaci\u00f3 Bofill. Destinem la proposta a l\u2019alumnat de 4t de prim\u00e0ria. \u00a0\u00c9s un programa que t\u00e9 per objectiu incrementar l&#8217;\u00e8xit educatiu dels infants a trav\u00e9s de la millora de la comprensi\u00f3 lectora. Es realitzar\u00e0 en\u00a0&hellip;  <a href=\"https:\/\/agora.xtec.cat\/ceipgrasisoler\/els-nostres-projectes\/programa-lecxit\/\" title=\"Read Programa LECXIT\">Llegeix m\u00e9s\u00bb<\/a><\/p>\n","protected":false},"author":6,"featured_media":0,"parent":742,"menu_order":0,"comment_status":"closed","ping_status":"closed","template":"","meta":{"_bbp_topic_count":0,"_bbp_reply_count":0,"_bbp_total_topic_count":0,"_bbp_total_reply_count":0,"_bbp_voice_count":0,"_bbp_anonymous_reply_count":0,"_bbp_topic_count_hidden":0,"_bbp_reply_count_hidden":0,"_bbp_forum_subforum_count":0,"footnotes":""},"class_list":["post-3170","page","type-page","status-publish","hentry"],"post_mailing_queue_ids":[],"_links":{"self":[{"href":"https:\/\/agora.xtec.cat\/ceipgrasisoler\/wp-json\/wp\/v2\/pages\/3170","targetHints":{"allow":["GET"]}}],"collection":[{"href":"https:\/\/agora.xtec.cat\/ceipgrasisoler\/wp-json\/wp\/v2\/pages"}],"about":[{"href":"https:\/\/agora.xtec.cat\/ceipgrasisoler\/wp-json\/wp\/v2\/types\/page"}],"author":[{"embeddable":true,"href":"https:\/\/agora.xtec.cat\/ceipgrasisoler\/wp-json\/wp\/v2\/users\/6"}],"replies":[{"embeddable":true,"href":"https:\/\/agora.xtec.cat\/ceipgrasisoler\/wp-json\/wp\/v2\/comments?post=3170"}],"version-history":[{"count":3,"href":"https:\/\/agora.xtec.cat\/ceipgrasisoler\/wp-json\/wp\/v2\/pages\/3170\/revisions"}],"predecessor-version":[{"id":6286,"href":"https:\/\/agora.xtec.cat\/ceipgrasisoler\/wp-json\/wp\/v2\/pages\/3170\/revisions\/6286"}],"up":[{"embeddable":true,"href":"https:\/\/agora.xtec.cat\/ceipgrasisoler\/wp-json\/wp\/v2\/pages\/742"}],"wp:attachment":[{"href":"https:\/\/agora.xtec.cat\/ceipgrasisoler\/wp-json\/wp\/v2\/media?parent=3170"}],"curies":[{"name":"wp","href":"https:\/\/api.w.org\/{rel}","templated":true}]}}