{"id":26,"date":"2014-09-18T12:24:32","date_gmt":"2014-09-18T10:24:32","guid":{"rendered":"http:\/\/agora.xtec.cat\/ceipgrasisoler\/?page_id=26"},"modified":"2023-08-09T17:08:52","modified_gmt":"2023-08-09T15:08:52","slug":"historia","status":"publish","type":"page","link":"https:\/\/agora.xtec.cat\/ceipgrasisoler\/lescola\/historia\/","title":{"rendered":"Breu hist\u00f2ria i traject\u00f2ria de la nostra escola"},"content":{"rendered":"<p>La nostra escola es va inaugurar el juliol de 1.975 despr\u00e9s de que l&#8217;any 1.970 s&#8217;aprov\u00e9s la<em> Llei General d&#8217;Educaci\u00f3<\/em> que donava acc\u00e9s a l&#8217;ensenyament gratu\u00eft i obligatori de les nenes i els nens dels 6 fins als 14 anys.<\/p>\n<p>El nom de l\u2019escola prov\u00e9 d&#8217;un matrimoni de mestres de nom, Josep Gras i Salvadora Soler, que van cedir els terrenys per poder construir una escola, la que \u00e9s avui la nostra Escola Gras i Soler.<\/p>\n<p>Actualment \u00e9s una escola d&#8217;una l\u00ednia, amb alumnes des dels 3 fins als 12 anys.<\/p>\n<p>Actualment la comunitat educativa del Gras i Soler est\u00e0 formada per 210 alumnes, 21 mestres, una TEI (t\u00e8cnica educaci\u00f3 infantil), una vetlladora, 8 monitores de menjador, un cuiner, una ajudant de cuina, personal PAS (un conserge i una administrativa), dues treballadores del servei de neteja i les representant de l&#8217;AFA i la resta de fam\u00edlies de l&#8217;escola.<\/p>\n<p>Des de fa un temps el centre est\u00e0 experimentant canvis metodol\u00f2gics centrant-nos en el treball per projectes, fent \u00e8mfasi en el treball cooperatiu, l\u2019esperit cr\u00edtic, l\u2019organitzaci\u00f3 personal i la inquietud i curiositat per aprendre, fent de l\u2019alumnat el protagonista del seu aprenentatge.<\/p>\n<p>Treballem a trav\u00e9s del treball per projectes a tots els nivells fomentant el treball en equip, la investigaci\u00f3 i la recerca, enfocant l&#8217;aprenentatge en un fer significatiu i que connecti amb el m\u00f3n dels infants. Els m\u00e9s petits treballem a trav\u00e9s d&#8217;Ambients d&#8217;Aprenentatge, contes i jocs per tal que puguin investigar i ser creatius, interactuar, relacionar-se i comunicar-se. Tots aquest prop\u00f2sits posats en marxa sempre tenint com a punt principal i imprescindible el benestar emocional de l\u2019 infant, la seva realitat, les seves relacions i vincles. Creiem fermament que sense serenor, sense bones relacions, sense un bon estat emocional no hi pot haver aprenentatge, \u00e9s per aquesta ra\u00f3 que s&#8217;estableixen activitats sistem\u00e0tiques de relaxaci\u00f3 per tal d&#8217;afavorir la concentraci\u00f3 i la conviv\u00e8ncia al centre. Tamb\u00e9 dediquem una sessi\u00f3 a la setmana a fer tutoria individualitzada, tutories d\u2019aula per treballar la cohesi\u00f3 de grup, una sessi\u00f3 de valors per donar elements i moment de conversa a l&#8217;alumnat perqu\u00e8 siguin capa\u00e7os de viure plenament i de manera feli\u00e7 i perqu\u00e8 puguin contribuir al seu benestar personal i al dels qui els envolten.<\/p>\n<p>Volem garantir la innovaci\u00f3 educativa en el nostre centre, actualitzar-nos a cada moment sempre amb l&#8217;objectiu de beneficiar i millorar l&#8217;aprenentatge i el creixement personal dels nostres infants. L&#8217;equip de mestres ens formem per poder donar resposta a aquesta voluntat de canvi. Estem obertes a les opinions, idees i propostes tant del nostre alumnat com de les seves fam\u00edlies. Per un bon projecte educatiu cal confian\u00e7a i anar tots i totes en la mateixa direcci\u00f3 i en aquest sentit hi posem tots i totes,\u00a0 els nostres esfor\u00e7os i il\u00b7lusions.<\/p>\n<p>&nbsp;<\/p>\n<p><a href=\"https:\/\/agora.xtec.cat\/ceipgrasisoler\/wp-content\/uploads\/usu1692\/2021\/08\/20210618_093340-e1627904157319.jpg\"><img loading=\"lazy\" decoding=\"async\" class=\"alignnone wp-image-3140 size-large\" src=\"https:\/\/agora.xtec.cat\/ceipgrasisoler\/wp-content\/uploads\/usu1692\/2021\/08\/20210618_093340-e1627904157319-1024x686.jpg\" alt=\"\" width=\"1024\" height=\"686\" srcset=\"https:\/\/agora.xtec.cat\/ceipgrasisoler\/wp-content\/uploads\/usu1692\/2021\/08\/20210618_093340-e1627904157319-1024x686.jpg 1024w, https:\/\/agora.xtec.cat\/ceipgrasisoler\/wp-content\/uploads\/usu1692\/2021\/08\/20210618_093340-e1627904157319-300x201.jpg 300w, https:\/\/agora.xtec.cat\/ceipgrasisoler\/wp-content\/uploads\/usu1692\/2021\/08\/20210618_093340-e1627904157319-768x514.jpg 768w, https:\/\/agora.xtec.cat\/ceipgrasisoler\/wp-content\/uploads\/usu1692\/2021\/08\/20210618_093340-e1627904157319.jpg 1053w\" sizes=\"auto, (max-width: 1024px) 100vw, 1024px\" \/><\/a><\/p>\n<p>&nbsp;<\/p>\n<p>&nbsp;<\/p>\n","protected":false},"excerpt":{"rendered":"<p>La nostra escola es va inaugurar el juliol de 1.975 despr\u00e9s de que l&#8217;any 1.970 s&#8217;aprov\u00e9s la Llei General d&#8217;Educaci\u00f3 que donava acc\u00e9s a l&#8217;ensenyament gratu\u00eft i obligatori de les nenes i els nens dels 6 fins als 14 anys.<br \/>\nEl nom de l\u2019escola prov\u00e9 d&#8217;un&hellip;  <a href=\"https:\/\/agora.xtec.cat\/ceipgrasisoler\/lescola\/historia\/\" title=\"Read Breu hist\u00f2ria i traject\u00f2ria de la nostra escola\">Llegeix m\u00e9s\u00bb<\/a><\/p>\n","protected":false},"author":1,"featured_media":0,"parent":22,"menu_order":70,"comment_status":"closed","ping_status":"closed","template":"page-templates\/side-menu.php","meta":{"_bbp_topic_count":0,"_bbp_reply_count":0,"_bbp_total_topic_count":0,"_bbp_total_reply_count":0,"_bbp_voice_count":0,"_bbp_anonymous_reply_count":0,"_bbp_topic_count_hidden":0,"_bbp_reply_count_hidden":0,"_bbp_forum_subforum_count":0,"footnotes":""},"class_list":["post-26","page","type-page","status-publish","hentry"],"post_mailing_queue_ids":[],"_links":{"self":[{"href":"https:\/\/agora.xtec.cat\/ceipgrasisoler\/wp-json\/wp\/v2\/pages\/26","targetHints":{"allow":["GET"]}}],"collection":[{"href":"https:\/\/agora.xtec.cat\/ceipgrasisoler\/wp-json\/wp\/v2\/pages"}],"about":[{"href":"https:\/\/agora.xtec.cat\/ceipgrasisoler\/wp-json\/wp\/v2\/types\/page"}],"author":[{"embeddable":true,"href":"https:\/\/agora.xtec.cat\/ceipgrasisoler\/wp-json\/wp\/v2\/users\/1"}],"replies":[{"embeddable":true,"href":"https:\/\/agora.xtec.cat\/ceipgrasisoler\/wp-json\/wp\/v2\/comments?post=26"}],"version-history":[{"count":5,"href":"https:\/\/agora.xtec.cat\/ceipgrasisoler\/wp-json\/wp\/v2\/pages\/26\/revisions"}],"predecessor-version":[{"id":8122,"href":"https:\/\/agora.xtec.cat\/ceipgrasisoler\/wp-json\/wp\/v2\/pages\/26\/revisions\/8122"}],"up":[{"embeddable":true,"href":"https:\/\/agora.xtec.cat\/ceipgrasisoler\/wp-json\/wp\/v2\/pages\/22"}],"wp:attachment":[{"href":"https:\/\/agora.xtec.cat\/ceipgrasisoler\/wp-json\/wp\/v2\/media?parent=26"}],"curies":[{"name":"wp","href":"https:\/\/api.w.org\/{rel}","templated":true}]}}