{"id":1273,"date":"2019-03-18T19:45:03","date_gmt":"2019-03-18T18:45:03","guid":{"rendered":"http:\/\/agora.xtec.cat\/ceipgrasisoler\/?page_id=1273"},"modified":"2019-03-23T19:26:40","modified_gmt":"2019-03-23T18:26:40","slug":"preinscripcio","status":"publish","type":"page","link":"https:\/\/agora.xtec.cat\/ceipgrasisoler\/preinscripcio\/","title":{"rendered":"PREINSCRIPCI\u00d3 CURS 2019-2020"},"content":{"rendered":"<h3 style=\"text-align: left;\"><a href=\"http:\/\/queestudiar.gencat.cat\/ca\/preinscripcio\/estudis\/obligatoris\/info-general\/\" target=\"_blank\" rel=\"noopener\"><span style=\"color: #800080;\"><strong><span style=\"color: #ff9900;\">PREINSCRIPCI\u00d3 CURS 2019-2020<\/span><\/strong><\/span><\/a><\/h3>\n<p>&nbsp;<\/p>\n<p>Els terminis de presentaci\u00f3 de<span style=\"text-decoration: underline;\"><span style=\"color: #ff9900;\"> <a style=\"color: #ff9900; text-decoration: underline;\" href=\"http:\/\/ensenyament.gencat.cat\/ca\/tramits\/tramits-temes\/20483_preinscripcio_escolar?moda=1\">sol\u00b7licituds <\/a><\/span><\/span>previstos s\u00f3n del <strong>29 de mar\u00e7\u00a0al 9 d\u2019abril.<\/strong><\/p>\n<p>Qu\u00e8 cal portar:<\/p>\n<ul>\n<li style=\"text-align: justify;\">Sol\u00b7licitud de preinscripci\u00f3 degudament omplerta.<\/li>\n<li style=\"text-align: justify;\">Original i fotoc\u00f2pia del llibre de fam\u00edlia o altres documents relatius a la filiaci\u00f3.<\/li>\n<li style=\"text-align: justify;\">Original i fotoc\u00f2pia del DNI, NIE o Passaport del pare i mare de l&#8217;alumne\/a.<\/li>\n<li style=\"text-align: justify;\">Original i fotoc\u00f2pia del DNI o passaport de l&#8217;alumne\/a.<\/li>\n<li style=\"text-align: justify;\">Certificat de conviv\u00e8cia de l&#8217;Ajuntament d&#8217;Esplugues en cas que l&#8217;adre\u00e7a del DNI no es correspongui amb l&#8217;actual.<\/li>\n<li style=\"text-align: justify;\">Original i fotoc\u00f2pia de la targeta sanit\u00e0ria (TIS)<\/li>\n<li>Original i fotoc\u00f2pia d&#8217;altra documentaci\u00f3 relativa als efectes del barem (fam\u00edlia nombrosa, monoparental,&#8230;)<\/li>\n<\/ul>\n","protected":false},"excerpt":{"rendered":"<p><a href=\"http:\/\/queestudiar.gencat.cat\/ca\/preinscripcio\/estudis\/obligatoris\/info-general\/\" target=\"_blank\" rel=\"noopener\">PREINSCRIPCI\u00d3 CURS 2019-2020<\/a><br \/>\n&nbsp;<br \/>\nEls terminis de presentaci\u00f3 de <a style=\"color: #ff9900; text-decoration: underline;\" href=\"http:\/\/ensenyament.gencat.cat\/ca\/tramits\/tramits-temes\/20483_preinscripcio_escolar?moda=1\">sol\u00b7licituds <\/a>previstos s\u00f3n del 29 de mar\u00e7\u00a0al 9 d\u2019abril.<br \/>\nQu\u00e8 cal portar:<\/p>\n<ul>\n<li style=\"text-align: justify;\">Sol\u00b7licitud de preinscripci\u00f3 degudament omplerta.<\/li>\n<li style=\"text-align: justify;\">Original i fotoc\u00f2pia del llibre de fam\u00edlia o altres documents relatius a&hellip;  <a href=\"https:\/\/agora.xtec.cat\/ceipgrasisoler\/preinscripcio\/\" title=\"Read PREINSCRIPCI\u00d3 CURS 2019-2020\">Llegeix m\u00e9s\u00bb<\/a><br \/>\n","protected":false},"author":3,"featured_media":0,"parent":0,"menu_order":0,"comment_status":"closed","ping_status":"closed","template":"","meta":{"_bbp_topic_count":0,"_bbp_reply_count":0,"_bbp_total_topic_count":0,"_bbp_total_reply_count":0,"_bbp_voice_count":0,"_bbp_anonymous_reply_count":0,"_bbp_topic_count_hidden":0,"_bbp_reply_count_hidden":0,"_bbp_forum_subforum_count":0,"footnotes":""},"class_list":["post-1273","page","type-page","status-publish","hentry"],"post_mailing_queue_ids":[],"_links":{"self":[{"href":"https:\/\/agora.xtec.cat\/ceipgrasisoler\/wp-json\/wp\/v2\/pages\/1273","targetHints":{"allow":["GET"]}}],"collection":[{"href":"https:\/\/agora.xtec.cat\/ceipgrasisoler\/wp-json\/wp\/v2\/pages"}],"about":[{"href":"https:\/\/agora.xtec.cat\/ceipgrasisoler\/wp-json\/wp\/v2\/types\/page"}],"author":[{"embeddable":true,"href":"https:\/\/agora.xtec.cat\/ceipgrasisoler\/wp-json\/wp\/v2\/users\/3"}],"replies":[{"embeddable":true,"href":"https:\/\/agora.xtec.cat\/ceipgrasisoler\/wp-json\/wp\/v2\/comments?post=1273"}],"version-history":[{"count":3,"href":"https:\/\/agora.xtec.cat\/ceipgrasisoler\/wp-json\/wp\/v2\/pages\/1273\/revisions"}],"predecessor-version":[{"id":1298,"href":"https:\/\/agora.xtec.cat\/ceipgrasisoler\/wp-json\/wp\/v2\/pages\/1273\/revisions\/1298"}],"wp:attachment":[{"href":"https:\/\/agora.xtec.cat\/ceipgrasisoler\/wp-json\/wp\/v2\/media?parent=1273"}],"curies":[{"name":"wp","href":"https:\/\/api.w.org\/{rel}","templated":true}]}}