{"id":1166,"date":"2019-01-29T13:33:01","date_gmt":"2019-01-29T12:33:01","guid":{"rendered":"http:\/\/agora.xtec.cat\/ceipgrasisoler\/?page_id=1166"},"modified":"2022-10-17T20:01:37","modified_gmt":"2022-10-17T18:01:37","slug":"cantania","status":"publish","type":"page","link":"https:\/\/agora.xtec.cat\/ceipgrasisoler\/els-nostres-projectes\/cantania\/","title":{"rendered":"Cant\u00e0nia"},"content":{"rendered":"<p><span style=\"font-weight: 400;\">Formem part del projecte <\/span><a href=\"https:\/\/www.auditori.cat\/ca\/cantania-_cat\"><span style=\"font-weight: 400;\">Cant\u00e0nia<\/span><\/a><span style=\"font-weight: 400;\"> on participen nens i nenes de tot Catalunya, en el nostre cas seran els nois i noies de\u00a0 5\u00e8 i 6\u00e8 de prim\u00e0ria que enguany realitzaran l\u2019activitat.<\/span><\/p>\n<p>El\u00a0 curs 2018-2019 va ser el primer cop que vam participar en aquest gran Projecte. Ens vam estrenar amb l&#8217;obra &#8220;A de Brossa&#8221; amb la que ens v\u00e0rem apropar a la figura d&#8217;aquest gran artista.<\/p>\n<p>El curs 2019-2020 l&#8217;obra es va anomenar &#8220;Virtual&#8221; amb m\u00fasica d&#8217;\u00d2scar Pe\u00f1arroya i text de C\u00e8sar Aparicio. Vam treballar-la amb molta il\u00b7lusi\u00f3 per\u00f2 l&#8217;aturada de les classes a causa de la pand\u00e8mia va fer impossible dur-la a terme. Aix\u00f2 s\u00ed, els alumnes van gaudir molt amb l&#8217;aprenentatge de les can\u00e7ons i coreografies treballades fins al mes de mar\u00e7.<\/p>\n<p>El curs 2020-2021 l&#8217;activitat es va realitzar en format virtual per\u00f2 en aquest cas, per q\u00fcestions internes,\u00a0 no hi vam participar.<\/p>\n<p><span style=\"font-weight: 400;\">L&#8217;equip de mestres per\u00f2, veiem que \u00e9s una experi\u00e8ncia art\u00edstica fant\u00e0stica que requereix d\u2019una formaci\u00f3 externa per part de l\u2019especialista de m\u00fasica, i tot i que requereix d&#8217;una gran organitzaci\u00f3 i esfor\u00e7, representa un projecte tan gratificant per totes bandes que, despr\u00e9s de dos cursos aturats, la reprendrem. L\u2019activitat es treballa durant tot el curs i es conclou amb una gran cantada final, en condicions de normalitat,\u00a0 a l\u2019Auditori de Barcelona.\u00a0<\/span><\/p>\n<p><span style=\"font-weight: 400;\">Amb moltes ganes i il\u00b7lusi\u00f3 tornem a posar fil a l&#8217;agulla!!<\/span><\/p>\n","protected":false},"excerpt":{"rendered":"<p>Formem part del projecte <a href=\"https:\/\/www.auditori.cat\/ca\/cantania-_cat\">Cant\u00e0nia<\/a> on participen nens i nenes de tot Catalunya, en el nostre cas seran els nois i noies de\u00a0 5\u00e8 i 6\u00e8 de prim\u00e0ria que enguany realitzaran l\u2019activitat.<br \/>\nEl\u00a0 curs 2018-2019 va ser el primer cop que vam participar en aquest&hellip;  <a href=\"https:\/\/agora.xtec.cat\/ceipgrasisoler\/els-nostres-projectes\/cantania\/\" title=\"Read Cant\u00e0nia\">Llegeix m\u00e9s\u00bb<\/a><\/p>\n","protected":false},"author":1,"featured_media":0,"parent":742,"menu_order":0,"comment_status":"closed","ping_status":"closed","template":"","meta":{"_bbp_topic_count":0,"_bbp_reply_count":0,"_bbp_total_topic_count":0,"_bbp_total_reply_count":0,"_bbp_voice_count":0,"_bbp_anonymous_reply_count":0,"_bbp_topic_count_hidden":0,"_bbp_reply_count_hidden":0,"_bbp_forum_subforum_count":0,"footnotes":""},"class_list":["post-1166","page","type-page","status-publish","hentry"],"post_mailing_queue_ids":[],"_links":{"self":[{"href":"https:\/\/agora.xtec.cat\/ceipgrasisoler\/wp-json\/wp\/v2\/pages\/1166","targetHints":{"allow":["GET"]}}],"collection":[{"href":"https:\/\/agora.xtec.cat\/ceipgrasisoler\/wp-json\/wp\/v2\/pages"}],"about":[{"href":"https:\/\/agora.xtec.cat\/ceipgrasisoler\/wp-json\/wp\/v2\/types\/page"}],"author":[{"embeddable":true,"href":"https:\/\/agora.xtec.cat\/ceipgrasisoler\/wp-json\/wp\/v2\/users\/1"}],"replies":[{"embeddable":true,"href":"https:\/\/agora.xtec.cat\/ceipgrasisoler\/wp-json\/wp\/v2\/comments?post=1166"}],"version-history":[{"count":4,"href":"https:\/\/agora.xtec.cat\/ceipgrasisoler\/wp-json\/wp\/v2\/pages\/1166\/revisions"}],"predecessor-version":[{"id":4863,"href":"https:\/\/agora.xtec.cat\/ceipgrasisoler\/wp-json\/wp\/v2\/pages\/1166\/revisions\/4863"}],"up":[{"embeddable":true,"href":"https:\/\/agora.xtec.cat\/ceipgrasisoler\/wp-json\/wp\/v2\/pages\/742"}],"wp:attachment":[{"href":"https:\/\/agora.xtec.cat\/ceipgrasisoler\/wp-json\/wp\/v2\/media?parent=1166"}],"curies":[{"name":"wp","href":"https:\/\/api.w.org\/{rel}","templated":true}]}}