{"id":73,"date":"2014-09-18T14:01:51","date_gmt":"2014-09-18T14:01:51","guid":{"rendered":"http:\/\/agora.xtec.cat\/ceipgranullarius\/?page_id=73"},"modified":"2023-02-10T20:53:09","modified_gmt":"2023-02-10T19:53:09","slug":"menjador-escolar","status":"publish","type":"page","link":"https:\/\/agora.xtec.cat\/ceipgranullarius\/serveis\/menjador-escolar\/","title":{"rendered":"Menjador escolar"},"content":{"rendered":"<p>A l\u2019escola dinen cada dia al voltant de 180 nens i nenes.<\/p>\n<p><strong>Tenim cuina pr\u00f2pia<\/strong>, on cada dia es prepara el dinar. Una empresa contractada per l\u2019escola s\u2019encarrega de tots els aspectes relacionats amb aquest servei.\u00a0 Dins l\u2019espai compr\u00e8s entre les 12:30 h del migdia i les 15:00 h de la tarda aquest alumnat est\u00e0 at\u00e8s per un equip de monitores i monitors. Despr\u00e9s de dinar, els infants de I3 fan una petita migdiada&#8230;<\/p>\n<p>Com \u00e9s preceptiu, tant les instal.lacions de la cuina com el menjar passen, peri\u00f2dicament, an\u00e0lisis fito-sanitaris per un laboratori independent.<\/p>\n<p><a href=\"http:\/\/www.7itria.cat\/index.php\/families\/menus.html\">Podeu consultar els men\u00fas disponibles en la web de l&#8217;empresa.<\/a><\/p>\n","protected":false},"excerpt":{"rendered":"<p>A l\u2019escola dinen cada dia al voltant de 180 nens i nenes.<br \/>\nTenim cuina pr\u00f2pia, on cada dia es prepara el dinar. Una empresa contractada per l\u2019escola s\u2019encarrega de tots els aspectes relacionats amb aquest servei.\u00a0 Dins l\u2019espai compr\u00e8s entre les 12:30 h del migdia i&hellip;  <a href=\"https:\/\/agora.xtec.cat\/ceipgranullarius\/serveis\/menjador-escolar\/\" title=\"Read Menjador escolar\">Llegeix m\u00e9s\u00bb<\/a><\/p>\n","protected":false},"author":2,"featured_media":0,"parent":66,"menu_order":30,"comment_status":"closed","ping_status":"closed","template":"page-templates\/side-menu.php","meta":{"_bbp_topic_count":0,"_bbp_reply_count":0,"_bbp_total_topic_count":0,"_bbp_total_reply_count":0,"_bbp_voice_count":0,"_bbp_anonymous_reply_count":0,"_bbp_topic_count_hidden":0,"_bbp_reply_count_hidden":0,"_bbp_forum_subforum_count":0,"footnotes":""},"class_list":["post-73","page","type-page","status-publish","hentry"],"post_mailing_queue_ids":[],"_links":{"self":[{"href":"https:\/\/agora.xtec.cat\/ceipgranullarius\/wp-json\/wp\/v2\/pages\/73","targetHints":{"allow":["GET"]}}],"collection":[{"href":"https:\/\/agora.xtec.cat\/ceipgranullarius\/wp-json\/wp\/v2\/pages"}],"about":[{"href":"https:\/\/agora.xtec.cat\/ceipgranullarius\/wp-json\/wp\/v2\/types\/page"}],"author":[{"embeddable":true,"href":"https:\/\/agora.xtec.cat\/ceipgranullarius\/wp-json\/wp\/v2\/users\/2"}],"replies":[{"embeddable":true,"href":"https:\/\/agora.xtec.cat\/ceipgranullarius\/wp-json\/wp\/v2\/comments?post=73"}],"version-history":[{"count":3,"href":"https:\/\/agora.xtec.cat\/ceipgranullarius\/wp-json\/wp\/v2\/pages\/73\/revisions"}],"predecessor-version":[{"id":3342,"href":"https:\/\/agora.xtec.cat\/ceipgranullarius\/wp-json\/wp\/v2\/pages\/73\/revisions\/3342"}],"up":[{"embeddable":true,"href":"https:\/\/agora.xtec.cat\/ceipgranullarius\/wp-json\/wp\/v2\/pages\/66"}],"wp:attachment":[{"href":"https:\/\/agora.xtec.cat\/ceipgranullarius\/wp-json\/wp\/v2\/media?parent=73"}],"curies":[{"name":"wp","href":"https:\/\/api.w.org\/{rel}","templated":true}]}}