{"id":64,"date":"2014-09-18T12:39:08","date_gmt":"2014-09-18T12:39:08","guid":{"rendered":"http:\/\/agora.xtec.cat\/ceipgranullarius\/?page_id=64"},"modified":"2023-11-29T18:32:29","modified_gmt":"2023-11-29T17:32:29","slug":"projecte-educatiu","status":"publish","type":"page","link":"https:\/\/agora.xtec.cat\/ceipgranullarius\/projecte-educatiu\/","title":{"rendered":"Projectes"},"content":{"rendered":"<p style=\"text-align: justify;\"><strong>Un recurs que ofereix un aprenentatge significatiu<\/strong><\/p>\n<p style=\"text-align: justify;\">El treball per projectes ofereix l&#8217;oportunitat de treballar de manera globalitzada i fer-ho de forma motivadora, vivencial i significativa. A cada nivell es fan <strong>3 projectes espec\u00edfics al llarg del curs<\/strong>, treballant aspectes que afavoreixen la descoberta de tot el que ens envolta i es fan amb la finalitat de respondre aquelles inquietuds que ens desperten els diferents temes. Aquesta metodologia potencia el treball cooperatiu i respecta el ritme d&#8217;aprenentatge individual de cadasc\u00fa, desenvolupant al m\u00e0xim les pr\u00f2pies capacitats i potencialitats.<\/p>\n<p style=\"text-align: justify;\">Tamb\u00e9 realitzem de forma transversal diferents projectes que defineixen el nostre Projecte Educatiu, entre els quals destaquem el <strong>Projecte Batega<\/strong> que desenvolupa l&#8217;educaci\u00f3 emocional i les pr\u00e0ctiques restauratives i el <strong>Projecte GEP<\/strong> que desenvolupa la llengua anglesa en \u00e0rees no ling\u00fc\u00edstiques.<\/p>\n","protected":false},"excerpt":{"rendered":"<p>Un recurs que ofereix un aprenentatge significatiu<br \/>\nEl treball per projectes ofereix l&#8217;oportunitat de treballar de manera globalitzada i fer-ho de forma motivadora, vivencial i significativa. A cada nivell es fan 3 projectes espec\u00edfics al llarg del curs, treballant aspectes que afavoreixen la descoberta de tot&hellip;  <a href=\"https:\/\/agora.xtec.cat\/ceipgranullarius\/projecte-educatiu\/\" title=\"Read Projectes\">Llegeix m\u00e9s\u00bb<\/a><\/p>\n","protected":false},"author":2,"featured_media":0,"parent":0,"menu_order":0,"comment_status":"closed","ping_status":"closed","template":"page-templates\/side-menu.php","meta":{"_bbp_topic_count":0,"_bbp_reply_count":0,"_bbp_total_topic_count":0,"_bbp_total_reply_count":0,"_bbp_voice_count":0,"_bbp_anonymous_reply_count":0,"_bbp_topic_count_hidden":0,"_bbp_reply_count_hidden":0,"_bbp_forum_subforum_count":0,"footnotes":""},"class_list":["post-64","page","type-page","status-publish","hentry"],"post_mailing_queue_ids":[],"_links":{"self":[{"href":"https:\/\/agora.xtec.cat\/ceipgranullarius\/wp-json\/wp\/v2\/pages\/64","targetHints":{"allow":["GET"]}}],"collection":[{"href":"https:\/\/agora.xtec.cat\/ceipgranullarius\/wp-json\/wp\/v2\/pages"}],"about":[{"href":"https:\/\/agora.xtec.cat\/ceipgranullarius\/wp-json\/wp\/v2\/types\/page"}],"author":[{"embeddable":true,"href":"https:\/\/agora.xtec.cat\/ceipgranullarius\/wp-json\/wp\/v2\/users\/2"}],"replies":[{"embeddable":true,"href":"https:\/\/agora.xtec.cat\/ceipgranullarius\/wp-json\/wp\/v2\/comments?post=64"}],"version-history":[{"count":4,"href":"https:\/\/agora.xtec.cat\/ceipgranullarius\/wp-json\/wp\/v2\/pages\/64\/revisions"}],"predecessor-version":[{"id":4010,"href":"https:\/\/agora.xtec.cat\/ceipgranullarius\/wp-json\/wp\/v2\/pages\/64\/revisions\/4010"}],"wp:attachment":[{"href":"https:\/\/agora.xtec.cat\/ceipgranullarius\/wp-json\/wp\/v2\/media?parent=64"}],"curies":[{"name":"wp","href":"https:\/\/api.w.org\/{rel}","templated":true}]}}