{"id":1202,"date":"2019-12-02T15:32:31","date_gmt":"2019-12-02T14:32:31","guid":{"rendered":"http:\/\/agora.xtec.cat\/ceipgranullarius\/?page_id=1202"},"modified":"2025-12-15T14:33:01","modified_gmt":"2025-12-15T13:33:01","slug":"documents-de-centre","status":"publish","type":"page","link":"https:\/\/agora.xtec.cat\/ceipgranullarius\/lescola\/documents-de-centre\/","title":{"rendered":"Documents de Centre"},"content":{"rendered":"<p><span style=\"font-family: inherit; font-size: 1em;\">Aquests documents s\u00f3n p\u00fablics i es poden descarregar lliurement.<\/span><\/p>\n<p><strong>AUTORITZACIONS:<\/strong><\/p>\n<ul>\n<li><a style=\"font-family: inherit; font-size: 1em;\" href=\"https:\/\/agora.xtec.cat\/ceipgranullarius\/wp-content\/uploads\/usu769\/2023\/06\/CARTA-COMPROMIS-GRANULLARIUS.docx.pdf\">Carta comprom\u00eds<\/a><\/li>\n<li><a style=\"font-family: inherit; font-size: 1em;\" href=\"https:\/\/agora.xtec.cat\/ceipgranullarius\/wp-content\/uploads\/usu769\/2023\/06\/SORTIDES.docx.pdf\">Autoritzaci\u00f3 sortides<\/a><\/li>\n<li><a href=\"https:\/\/agora.xtec.cat\/ceipgranullarius\/wp-content\/uploads\/usu769\/2023\/10\/DRETS-IMATGE-22-23.docx.pdf\">Autoritzaci\u00f3 Drets d&#8217;Imatge<\/a><\/li>\n<li><a href=\"https:\/\/agora.xtec.cat\/ceipgranullarius\/wp-content\/uploads\/usu769\/2023\/09\/DELEGACIO-RECOLLIDA-3.pdf\">Autoritzaci\u00f3 de recollida<\/a><\/li>\n<li><a href=\"https:\/\/agora.xtec.cat\/ceipgranullarius\/wp-content\/uploads\/usu769\/2023\/09\/RECOLLIDA-MENORS-DEDAT.docx.pdf\">Delegaci\u00f3 de recollida a menors d&#8217;edat<\/a><\/li>\n<li><a href=\"https:\/\/agora.xtec.cat\/ceipgranullarius\/wp-content\/uploads\/usu769\/2024\/05\/Autoritzacio-paracetamol.docx.pdf\">Autoritzaci\u00f3 administraci\u00f3 paracetamol<\/a><\/li>\n<li><a href=\"https:\/\/agora.xtec.cat\/ceipgranullarius\/wp-content\/uploads\/usu769\/2023\/06\/CORREU-ELECTRONIC.pdf\">Autoritzaci\u00f3 correu electr\u00f2nic<\/a><\/li>\n<li><a href=\"https:\/\/agora.xtec.cat\/ceipgranullarius\/wp-content\/uploads\/usu769\/2023\/06\/AUTORITZACIO-PROFESSIONALS-EXTERNS-1.pdf\">Autoritzaci\u00f3 EAP i professionals externs<\/a><\/li>\n<li><a href=\"https:\/\/agora.xtec.cat\/ceipgranullarius\/wp-content\/uploads\/usu769\/2023\/05\/MEDICAMENTS.docx.pdf\">Administraci\u00f3 de medicaments (antibi\u00f2tics, xarops&#8230;)<\/a><\/li>\n<li><a href=\"https:\/\/agora.xtec.cat\/ceipgranullarius\/wp-content\/uploads\/usu769\/2024\/09\/Annex-2-Sol.licitud-i-autoritzacio.pdf\">Autoritzaci\u00f3 medicaments en cas d&#8217;al\u00b7l\u00e8rgia<\/a><\/li>\n<li><a href=\"https:\/\/agora.xtec.cat\/ceipgranullarius\/wp-content\/uploads\/usu769\/2023\/05\/JUSTIFICACIO-FALTA-ASSISTENCIA.docx.pdf\">Justificant faltes d&#8217;assist\u00e8ncia<\/a><\/li>\n<li><a href=\"https:\/\/agora.xtec.cat\/ceipgranullarius\/wp-content\/uploads\/usu769\/2023\/05\/SORTIR-SOLS.pdf\">Autoritzaci\u00f3 per sortir sol\/a &#8211; CM i CS<\/a><\/li>\n<li><a href=\"https:\/\/agora.xtec.cat\/ceipgranullarius\/wp-content\/uploads\/usu769\/2023\/10\/Autoritzacio-us-de-serveis-i-recursos-digitals-a-Internet.pdf\">Autoritzaci\u00f3 \u00fas de serveis i recursos digitals a Internet<\/a><\/li>\n<li><a href=\"https:\/\/agora.xtec.cat\/ceipgranullarius\/wp-content\/uploads\/usu769\/2023\/05\/US-PATINET.docx-1.pdf\">Comprom\u00eds d&#8217;utilitzaci\u00f3 de l&#8217;aparcament de bicicletes i patinets<\/a><\/li>\n<li><a href=\"https:\/\/agora.xtec.cat\/ceipgranullarius\/wp-content\/uploads\/usu769\/2025\/01\/2.-MOBILS-RELLOTGES-CARTA-COMPROMIS_.docx.pdf\">Comprom\u00eds tel\u00e8fon m\u00f2bil o rellotge intel\u00b7ligent (nom\u00e9s en casos excepcionals i justificats)<\/a><\/li>\n<\/ul>\n<p><strong>DOCUMENTS DE CENTRE:<\/strong><\/p>\n<ul>\n<li><a href=\"https:\/\/drive.google.com\/file\/d\/1sKtbGHWVCiClZWFhj0NMNInuJgA1LPoE\/view?usp=sharing\">Actualitzaci\u00f3 Projecte de Direcci\u00f3 2022-2026<\/a><\/li>\n<li><a href=\"https:\/\/agora.xtec.cat\/ceipgranullarius\/wp-content\/uploads\/usu769\/2020\/01\/Projecte-Ling\u00fc\u00edstic-Centre-PLC.pdf\">Projecte Ling\u00fc\u00edstic Centre (PLC) 2020<\/a>.<\/li>\n<li><a href=\"http:\/\/agora.xtec.cat\/ceipgranullarius\/wp-content\/uploads\/usu769\/2018\/03\/Projecte-de-Direcci\u00f3_Escola-Granullarius-2017-21.pdf\">Projecte de direcci\u00f3 2018-22.<\/a><\/li>\n<li><a href=\"https:\/\/agora.xtec.cat\/ceipgranullarius\/wp-content\/uploads\/usu769\/2019\/12\/Projecte-Educatiu-de-Centre-PEC.pdf\">Projecte Educatiu de Centre.<\/a><\/li>\n<li><a href=\"https:\/\/agora.xtec.cat\/ceipgranullarius\/wp-content\/uploads\/usu769\/2019\/12\/Normes-dorganitzaci\u00f3-i-funcionament-de-centre-NOFC.pdf\">Normes d&#8217;Organitzaci\u00f3 i Funcionament.<\/a><\/li>\n<\/ul>\n<p><strong>DOCUMENTS DEL CURS ACTUAL:<\/strong><\/p>\n<ul>\n<li style=\"list-style-type: none;\">\n<ul>\n<li><a href=\"https:\/\/agora.xtec.cat\/ceipgranullarius\/wp-content\/uploads\/usu769\/2025\/12\/2025-26-GRANULLARIUS-PGA-_-MA-1-1.xlsx\">Programaci\u00f3 General Anual 2025-2026<\/a><\/li>\n<li><a href=\"https:\/\/agora.xtec.cat\/ceipgranullarius\/wp-content\/uploads\/usu769\/2025\/02\/WEB-PLA-ACCIO-24-25.pdf\">Pla d&#8217;acci\u00f3 pel 2n curs del Programa d&#8217;innovaci\u00f3 ERG<\/a><\/li>\n<li><a href=\"https:\/\/agora.xtec.cat\/ceipgranullarius\/wp-content\/uploads\/usu769\/2025\/03\/Dades-del-pressupost-2.pdf\">Pressupost 2025<\/a><\/li>\n<\/ul>\n<\/li>\n<\/ul>\n<p>&nbsp;<\/p>\n","protected":false},"excerpt":{"rendered":"<p>Aquests documents s\u00f3n p\u00fablics i es poden descarregar lliurement.<br \/>\nAUTORITZACIONS:<\/p>\n<ul>\n<li><a style=\"font-family: inherit; font-size: 1em;\" href=\"https:\/\/agora.xtec.cat\/ceipgranullarius\/wp-content\/uploads\/usu769\/2023\/06\/CARTA-COMPROMIS-GRANULLARIUS.docx.pdf\">Carta comprom\u00eds<\/a><\/li>\n<li><a style=\"font-family: inherit; font-size: 1em;\" href=\"https:\/\/agora.xtec.cat\/ceipgranullarius\/wp-content\/uploads\/usu769\/2023\/06\/SORTIDES.docx.pdf\">Autoritzaci\u00f3 sortides<\/a><\/li>\n<li><a href=\"https:\/\/agora.xtec.cat\/ceipgranullarius\/wp-content\/uploads\/usu769\/2023\/10\/DRETS-IMATGE-22-23.docx.pdf\">Autoritzaci\u00f3 Drets d&#8217;Imatge<\/a><\/li>\n<li><a href=\"https:\/\/agora.xtec.cat\/ceipgranullarius\/wp-content\/uploads\/usu769\/2023\/09\/DELEGACIO-RECOLLIDA-3.pdf\">Autoritzaci\u00f3 de recollida<\/a><\/li>\n<li><a href=\"https:\/\/agora.xtec.cat\/ceipgranullarius\/wp-content\/uploads\/usu769\/2023\/09\/RECOLLIDA-MENORS-DEDAT.docx.pdf\">Delegaci\u00f3 de recollida a menors d&#8217;edat<\/a><\/li>\n<li><a href=\"https:\/\/agora.xtec.cat\/ceipgranullarius\/wp-content\/uploads\/usu769\/2024\/05\/Autoritzacio-paracetamol.docx.pdf\">Autoritzaci\u00f3 administraci\u00f3 paracetamol<\/a><\/li>\n<li><a href=\"https:\/\/agora.xtec.cat\/ceipgranullarius\/wp-content\/uploads\/usu769\/2023\/06\/CORREU-ELECTRONIC.pdf\">Autoritzaci\u00f3 correu electr\u00f2nic<\/a><\/li>\n<li><a href=\"https:\/\/agora.xtec.cat\/ceipgranullarius\/wp-content\/uploads\/usu769\/2023\/06\/AUTORITZACIO-PROFESSIONALS-EXTERNS-1.pdf\">Autoritzaci\u00f3 EAP i professionals externs<\/a><\/li>\n<li><a href=\"https:\/\/agora.xtec.cat\/ceipgranullarius\/wp-content\/uploads\/usu769\/2023\/05\/MEDICAMENTS.docx.pdf\">Administraci\u00f3&hellip;  <a href=\"https:\/\/agora.xtec.cat\/ceipgranullarius\/lescola\/documents-de-centre\/\" title=\"Read Documents de Centre\">Llegeix m\u00e9s\u00bb<\/a><br \/>\n","protected":false},"author":1,"featured_media":0,"parent":22,"menu_order":5,"comment_status":"closed","ping_status":"closed","template":"page-templates\/side-menu.php","meta":{"_bbp_topic_count":0,"_bbp_reply_count":0,"_bbp_total_topic_count":0,"_bbp_total_reply_count":0,"_bbp_voice_count":0,"_bbp_anonymous_reply_count":0,"_bbp_topic_count_hidden":0,"_bbp_reply_count_hidden":0,"_bbp_forum_subforum_count":0,"footnotes":""},"class_list":["post-1202","page","type-page","status-publish","hentry"],"post_mailing_queue_ids":[],"_links":{"self":[{"href":"https:\/\/agora.xtec.cat\/ceipgranullarius\/wp-json\/wp\/v2\/pages\/1202","targetHints":{"allow":["GET"]}}],"collection":[{"href":"https:\/\/agora.xtec.cat\/ceipgranullarius\/wp-json\/wp\/v2\/pages"}],"about":[{"href":"https:\/\/agora.xtec.cat\/ceipgranullarius\/wp-json\/wp\/v2\/types\/page"}],"author":[{"embeddable":true,"href":"https:\/\/agora.xtec.cat\/ceipgranullarius\/wp-json\/wp\/v2\/users\/1"}],"replies":[{"embeddable":true,"href":"https:\/\/agora.xtec.cat\/ceipgranullarius\/wp-json\/wp\/v2\/comments?post=1202"}],"version-history":[{"count":7,"href":"https:\/\/agora.xtec.cat\/ceipgranullarius\/wp-json\/wp\/v2\/pages\/1202\/revisions"}],"predecessor-version":[{"id":4673,"href":"https:\/\/agora.xtec.cat\/ceipgranullarius\/wp-json\/wp\/v2\/pages\/1202\/revisions\/4673"}],"up":[{"embeddable":true,"href":"https:\/\/agora.xtec.cat\/ceipgranullarius\/wp-json\/wp\/v2\/pages\/22"}],"wp:attachment":[{"href":"https:\/\/agora.xtec.cat\/ceipgranullarius\/wp-json\/wp\/v2\/media?parent=1202"}],"curies":[{"name":"wp","href":"https:\/\/api.w.org\/{rel}","templated":true}]}}