{"id":84,"date":"2014-09-18T14:11:31","date_gmt":"2014-09-18T12:11:31","guid":{"rendered":"http:\/\/agora.xtec.cat\/ceipgitanjali\/?page_id=84"},"modified":"2026-02-16T15:12:33","modified_gmt":"2026-02-16T14:12:33","slug":"activitats-extraescolars","status":"publish","type":"page","link":"https:\/\/agora.xtec.cat\/ceipgitanjali\/serveis-de-lescola\/activitats-extraescolars\/","title":{"rendered":"Activitats extraescolars"},"content":{"rendered":"<p>Totes les <a href=\"https:\/\/drive.google.com\/file\/d\/1KsgTJxHX0XWe8d18Z5rPGgmjJGaRToQc\/view?usp=sharing\" target=\"_blank\" rel=\"noopener\">activitats extraescolars<\/a>\u00a0i els casals en per\u00edodes de vacances estan gestionats directament per l\u2019AFA . L&#8217;empresa que porta a terme gran part d&#8217;aquestes activitats \u00e9s <a href=\"http:\/\/ambitescola.cat\/ae\/\" target=\"_blank\" rel=\"noopener noreferrer\">\u00c0MBIT ESCOLA.<\/a><\/p>\n<div>\n<h4>Activitats que s&#8217;ofereixen:<\/h4>\n<p><a href=\"https:\/\/drive.google.com\/file\/d\/1KsgTJxHX0XWe8d18Z5rPGgmjJGaRToQc\/view?usp=sharing\" target=\"_blank\" rel=\"noopener\"><img loading=\"lazy\" decoding=\"async\" class=\"alignnone  wp-image-11924\" src=\"https:\/\/agora.xtec.cat\/ceipgitanjali\/wp-content\/uploads\/usu1569\/2026\/02\/extra2526-300x160.png\" alt=\"\" width=\"403\" height=\"215\" srcset=\"https:\/\/agora.xtec.cat\/ceipgitanjali\/wp-content\/uploads\/usu1569\/2026\/02\/extra2526-300x160.png 300w, https:\/\/agora.xtec.cat\/ceipgitanjali\/wp-content\/uploads\/usu1569\/2026\/02\/extra2526-1024x545.png 1024w, https:\/\/agora.xtec.cat\/ceipgitanjali\/wp-content\/uploads\/usu1569\/2026\/02\/extra2526-768x409.png 768w, https:\/\/agora.xtec.cat\/ceipgitanjali\/wp-content\/uploads\/usu1569\/2026\/02\/extra2526.png 1156w\" sizes=\"auto, (max-width: 403px) 100vw, 403px\" \/><\/a><\/p>\n<ul>\n<li>Canguratge curt de 16.30 h a 17 h<\/li>\n<li>L\u2019activitat d\u2019Iniciaci\u00f3 al b\u00e0squet, tot i que la coordina i factura la Comissi\u00f3 d\u2019Extraescolars, est\u00e0 organitzada pel B\u00e0squet C\u00edrcol Cat\u00f2lic.<\/li>\n<\/ul>\n<h4>Espais<\/h4>\n<p>L\u2019espai on es desenvolupen les activitats es reparteixen entre l\u2019escola Gitanjali i\u00a0 l\u2019escola Jungfrau.<\/p>\n<ul>\n<li>A la nostra escola: Roda d\u2019Esports, Manualitats, M\u00fasica i Moviment, Iniciaci\u00f3 al b\u00e0squet, Dansa, Coral i Percussi\u00f3.<\/li>\n<li>A les instal\u00b7lacions de l\u2019escola Jungfrau: Tennis Taula, Patinatge, Karate, B\u00e0squet, Futbol, Fut-b\u00e0squet i Angl\u00e8s.<\/li>\n<li><span style=\"font-family: inherit; font-size: 1em;\">Piscina: a la piscina Municipal.<\/span><\/li>\n<\/ul>\n<p><span style=\"font-size: 14pt;\"><strong>Horaris<\/strong><\/span><\/p>\n<ul>\n<li>L\u2019horari de les activitats que es fan a la nostra escola s\u00f3n de les 16.30 fins 17.45 h. Entre les 16.30 i les 16.45 h, l&#8217;equip de monitoratge recullen als nens i nenes berenen, i cap a les 16.45 h, inicien l\u2019activitat.<\/li>\n<li>L\u2019horari de les activitats que es desenvolupen a l\u2019escola Jungfrau comencen a les 17 h i acaben a les 18 h. En aquest cas l&#8217;equip de monitoratge venen a recollir als nens i nenes a les 16.30 i els porten fins a l\u2019escola Jungfrau.<\/li>\n<li>Algunes activitats de cursos m\u00e9s avan\u00e7ats (b\u00e0squet i futbol de 5\u00e8-6\u00e8) poden tenir l\u2019horari de 18.15 a 19.15 h.<\/li>\n<\/ul>\n<p><span style=\"font-size: 14pt;\"><strong>Inscripcions<\/strong><\/span><\/p>\n<ul>\n<li>Les inscripcions es fan al juny i al setembre. Els inscrits al juny tenen la possibilitat d\u2019iniciar les activitats el mateix dia que comencen l\u2019escola al setembre. I els inscrits al setembre ho fan a l\u2019octubre.<\/li>\n<li>Unes setmanes abans de finalitzar el curs s\u2019informa d\u2019on i quan poder fer la inscripci\u00f3 i les condicions de facturaci\u00f3.<\/li>\n<\/ul>\n<p>&nbsp;<\/p>\n<\/div>\n","protected":false},"excerpt":{"rendered":"<p>Totes les activitats extraescolars\u00a0i els casals en per\u00edodes de vacances estan gestionats directament per l\u2019AFA . L&#8217;empresa que porta a terme gran part d&#8217;aquestes activitats \u00e9s \u00c0MBIT ESCOLA. Activitats que s&#8217;ofereixen: Canguratge curt de 16.30 h a 17 h L\u2019activitat d\u2019Iniciaci\u00f3 al b\u00e0squet, tot i que la coordina i factura la Comissi\u00f3 d\u2019Extraescolars, est\u00e0 organitzada [&hellip;]<\/p>\n","protected":false},"author":1,"featured_media":0,"parent":11861,"menu_order":60,"comment_status":"closed","ping_status":"closed","template":"","meta":{"_bbp_topic_count":0,"_bbp_reply_count":0,"_bbp_total_topic_count":0,"_bbp_total_reply_count":0,"_bbp_voice_count":0,"_bbp_anonymous_reply_count":0,"_bbp_topic_count_hidden":0,"_bbp_reply_count_hidden":0,"_bbp_forum_subforum_count":0,"site-sidebar-layout":"default","site-content-layout":"","ast-site-content-layout":"default","site-content-style":"default","site-sidebar-style":"default","ast-global-header-display":"","ast-banner-title-visibility":"","ast-main-header-display":"","ast-hfb-above-header-display":"","ast-hfb-below-header-display":"","ast-hfb-mobile-header-display":"","site-post-title":"","ast-breadcrumbs-content":"","ast-featured-img":"","footer-sml-layout":"","theme-transparent-header-meta":"default","adv-header-id-meta":"","stick-header-meta":"","header-above-stick-meta":"","header-main-stick-meta":"","header-below-stick-meta":"","astra-migrate-meta-layouts":"set","ast-page-background-enabled":"default","ast-page-background-meta":{"desktop":{"background-color":"var(--ast-global-color-4)","background-image":"","background-repeat":"repeat","background-position":"center center","background-size":"auto","background-attachment":"scroll","background-type":"","background-media":"","overlay-type":"","overlay-color":"","overlay-opacity":"","overlay-gradient":""},"tablet":{"background-color":"","background-image":"","background-repeat":"repeat","background-position":"center center","background-size":"auto","background-attachment":"scroll","background-type":"","background-media":"","overlay-type":"","overlay-color":"","overlay-opacity":"","overlay-gradient":""},"mobile":{"background-color":"","background-image":"","background-repeat":"repeat","background-position":"center center","background-size":"auto","background-attachment":"scroll","background-type":"","background-media":"","overlay-type":"","overlay-color":"","overlay-opacity":"","overlay-gradient":""}},"ast-content-background-meta":{"desktop":{"background-color":"var(--ast-global-color-5)","background-image":"","background-repeat":"repeat","background-position":"center center","background-size":"auto","background-attachment":"scroll","background-type":"","background-media":"","overlay-type":"","overlay-color":"","overlay-opacity":"","overlay-gradient":""},"tablet":{"background-color":"var(--ast-global-color-5)","background-image":"","background-repeat":"repeat","background-position":"center center","background-size":"auto","background-attachment":"scroll","background-type":"","background-media":"","overlay-type":"","overlay-color":"","overlay-opacity":"","overlay-gradient":""},"mobile":{"background-color":"var(--ast-global-color-5)","background-image":"","background-repeat":"repeat","background-position":"center center","background-size":"auto","background-attachment":"scroll","background-type":"","background-media":"","overlay-type":"","overlay-color":"","overlay-opacity":"","overlay-gradient":""}},"footnotes":""},"class_list":["post-84","page","type-page","status-publish","hentry"],"post_mailing_queue_ids":[],"_links":{"self":[{"href":"https:\/\/agora.xtec.cat\/ceipgitanjali\/wp-json\/wp\/v2\/pages\/84","targetHints":{"allow":["GET"]}}],"collection":[{"href":"https:\/\/agora.xtec.cat\/ceipgitanjali\/wp-json\/wp\/v2\/pages"}],"about":[{"href":"https:\/\/agora.xtec.cat\/ceipgitanjali\/wp-json\/wp\/v2\/types\/page"}],"author":[{"embeddable":true,"href":"https:\/\/agora.xtec.cat\/ceipgitanjali\/wp-json\/wp\/v2\/users\/1"}],"replies":[{"embeddable":true,"href":"https:\/\/agora.xtec.cat\/ceipgitanjali\/wp-json\/wp\/v2\/comments?post=84"}],"version-history":[{"count":7,"href":"https:\/\/agora.xtec.cat\/ceipgitanjali\/wp-json\/wp\/v2\/pages\/84\/revisions"}],"predecessor-version":[{"id":11925,"href":"https:\/\/agora.xtec.cat\/ceipgitanjali\/wp-json\/wp\/v2\/pages\/84\/revisions\/11925"}],"up":[{"embeddable":true,"href":"https:\/\/agora.xtec.cat\/ceipgitanjali\/wp-json\/wp\/v2\/pages\/11861"}],"wp:attachment":[{"href":"https:\/\/agora.xtec.cat\/ceipgitanjali\/wp-json\/wp\/v2\/media?parent=84"}],"curies":[{"name":"wp","href":"https:\/\/api.w.org\/{rel}","templated":true}]}}