{"id":77,"date":"2014-09-18T14:05:08","date_gmt":"2014-09-18T13:05:08","guid":{"rendered":"http:\/\/agora.xtec.cat\/ceipgitanjali\/?page_id=77"},"modified":"2026-02-16T15:31:39","modified_gmt":"2026-02-16T14:31:39","slug":"acollida","status":"publish","type":"page","link":"https:\/\/agora.xtec.cat\/ceipgitanjali\/serveis-de-lescola\/acollida\/","title":{"rendered":"Servei d&#8217;acollida matinal"},"content":{"rendered":"<p>Els serveis d&#8217;acollida s\u00f3n serveis que ofereix l&#8217;AFA per a les fam\u00edlies que necessiten portar els infants fora de l&#8217;horari\u00a0 habitual de l&#8217;escola.<\/p>\n<p>Al servei de mat\u00ed \u00e9s el SAM (servei d&#8217;acollida matinal) us hi podeu apuntar de manera fixa o espor\u00e0dica.<\/p>\n<p><strong>Tel\u00e8fon: \u00a0<\/strong>TOTAPUNT 662031948 (de 8 a 10 h)<\/p>\n<p>Del servei d\u2019acollida matinal en podeu fer \u00fas en qualsevol moment entre les 7:50 i les 9:00 hores del mat\u00ed.<\/p>\n<p><a href=\"https:\/\/picasaweb.google.com\/112165735456130087104\/000GITANJALIAMServeisAcollida#5682298467981368498\"><img loading=\"lazy\" decoding=\"async\" class=\"alignleft\" src=\"https:\/\/lh3.googleusercontent.com\/-ZaPoGGI_7S4\/TtuUWbvGnLI\/AAAAAAAAAMM\/8nk20GcEUx0\/s400\/servei_SAM-1.jpg\" width=\"210\" height=\"140\" border=\"0\" \/><\/a>En arribar al Servei d&#8217;Acollida Matinal els nens i nenes poden esmorzar.<\/p>\n<p>Els m\u00e9s petits i petites tenen l&#8217;opci\u00f3 de jugar amb jocs de taula (trencaclosques, construccions, etc.), pintar i tamb\u00e9 sortir al pati a jugar a partir de les 8:30 h aproximadament i sempre que les condicions meteorol\u00f2giques ho permetin.<\/p>\n<p>L&#8217;alumnat de prim\u00e0ria pot per fer tasques, llegir, repassar &#8230;\u00a0 A partir de les 8:30 h aproximadament poden jugar a l&#8217;exterior.<\/p>\n<h4><span style=\"font-size: 12pt;\">Modalitats i preus<\/span><\/h4>\n<ul>\n<li>1 dia a la setmana: 12 \u20ac\/mes<\/li>\n<li>1 dia a la setmana, mitja hora: 6 \u20ac\/mes<\/li>\n<li>2 dies a la setmana: 24 \u20ac<\/li>\n<li>2 dies a la setmana, mitja hora: 12 \u20ac\/mes<\/li>\n<li>3 dies a la setmana: 28 \u20ac<\/li>\n<li>3 dies a la setmana, mitja hora: 14 \u20ac\/mes<\/li>\n<li>4 dies a la setmana: 33 \u20ac\/mes<\/li>\n<li>4 dies a la setmana, mitja hora: 16 \u20ac\/mes<\/li>\n<li>5 dies a la setmana, 1h: 36 \u20ac\/mes<\/li>\n<li>5 dies a la setmana, mitja hora: 18 \u20ac\/mes<\/li>\n<li>Espor\u00e0dics: 4 \u20ac\/dia<\/li>\n<li>Espor\u00e0dics, mitja hora: 2 \u20ac\/dia<\/li>\n<\/ul>\n","protected":false},"excerpt":{"rendered":"<p>Els serveis d&#8217;acollida s\u00f3n serveis que ofereix l&#8217;AFA per a les fam\u00edlies que necessiten portar els infants fora de l&#8217;horari\u00a0 habitual de l&#8217;escola. Al servei de mat\u00ed \u00e9s el SAM (servei d&#8217;acollida matinal) us hi podeu apuntar de manera fixa o espor\u00e0dica. Tel\u00e8fon: \u00a0TOTAPUNT 662031948 (de 8 a 10 h) Del servei d\u2019acollida matinal en [&hellip;]<\/p>\n","protected":false},"author":1,"featured_media":0,"parent":11861,"menu_order":20,"comment_status":"closed","ping_status":"closed","template":"","meta":{"_bbp_topic_count":0,"_bbp_reply_count":0,"_bbp_total_topic_count":0,"_bbp_total_reply_count":0,"_bbp_voice_count":0,"_bbp_anonymous_reply_count":0,"_bbp_topic_count_hidden":0,"_bbp_reply_count_hidden":0,"_bbp_forum_subforum_count":0,"site-sidebar-layout":"default","site-content-layout":"","ast-site-content-layout":"default","site-content-style":"default","site-sidebar-style":"default","ast-global-header-display":"","ast-banner-title-visibility":"","ast-main-header-display":"","ast-hfb-above-header-display":"","ast-hfb-below-header-display":"","ast-hfb-mobile-header-display":"","site-post-title":"","ast-breadcrumbs-content":"","ast-featured-img":"","footer-sml-layout":"","theme-transparent-header-meta":"default","adv-header-id-meta":"","stick-header-meta":"","header-above-stick-meta":"","header-main-stick-meta":"","header-below-stick-meta":"","astra-migrate-meta-layouts":"set","ast-page-background-enabled":"default","ast-page-background-meta":{"desktop":{"background-color":"var(--ast-global-color-4)","background-image":"","background-repeat":"repeat","background-position":"center center","background-size":"auto","background-attachment":"scroll","background-type":"","background-media":"","overlay-type":"","overlay-color":"","overlay-opacity":"","overlay-gradient":""},"tablet":{"background-color":"","background-image":"","background-repeat":"repeat","background-position":"center center","background-size":"auto","background-attachment":"scroll","background-type":"","background-media":"","overlay-type":"","overlay-color":"","overlay-opacity":"","overlay-gradient":""},"mobile":{"background-color":"","background-image":"","background-repeat":"repeat","background-position":"center center","background-size":"auto","background-attachment":"scroll","background-type":"","background-media":"","overlay-type":"","overlay-color":"","overlay-opacity":"","overlay-gradient":""}},"ast-content-background-meta":{"desktop":{"background-color":"var(--ast-global-color-5)","background-image":"","background-repeat":"repeat","background-position":"center center","background-size":"auto","background-attachment":"scroll","background-type":"","background-media":"","overlay-type":"","overlay-color":"","overlay-opacity":"","overlay-gradient":""},"tablet":{"background-color":"var(--ast-global-color-5)","background-image":"","background-repeat":"repeat","background-position":"center center","background-size":"auto","background-attachment":"scroll","background-type":"","background-media":"","overlay-type":"","overlay-color":"","overlay-opacity":"","overlay-gradient":""},"mobile":{"background-color":"var(--ast-global-color-5)","background-image":"","background-repeat":"repeat","background-position":"center center","background-size":"auto","background-attachment":"scroll","background-type":"","background-media":"","overlay-type":"","overlay-color":"","overlay-opacity":"","overlay-gradient":""}},"footnotes":""},"class_list":["post-77","page","type-page","status-publish","hentry"],"post_mailing_queue_ids":[],"_links":{"self":[{"href":"https:\/\/agora.xtec.cat\/ceipgitanjali\/wp-json\/wp\/v2\/pages\/77","targetHints":{"allow":["GET"]}}],"collection":[{"href":"https:\/\/agora.xtec.cat\/ceipgitanjali\/wp-json\/wp\/v2\/pages"}],"about":[{"href":"https:\/\/agora.xtec.cat\/ceipgitanjali\/wp-json\/wp\/v2\/types\/page"}],"author":[{"embeddable":true,"href":"https:\/\/agora.xtec.cat\/ceipgitanjali\/wp-json\/wp\/v2\/users\/1"}],"replies":[{"embeddable":true,"href":"https:\/\/agora.xtec.cat\/ceipgitanjali\/wp-json\/wp\/v2\/comments?post=77"}],"version-history":[{"count":7,"href":"https:\/\/agora.xtec.cat\/ceipgitanjali\/wp-json\/wp\/v2\/pages\/77\/revisions"}],"predecessor-version":[{"id":11940,"href":"https:\/\/agora.xtec.cat\/ceipgitanjali\/wp-json\/wp\/v2\/pages\/77\/revisions\/11940"}],"up":[{"embeddable":true,"href":"https:\/\/agora.xtec.cat\/ceipgitanjali\/wp-json\/wp\/v2\/pages\/11861"}],"wp:attachment":[{"href":"https:\/\/agora.xtec.cat\/ceipgitanjali\/wp-json\/wp\/v2\/media?parent=77"}],"curies":[{"name":"wp","href":"https:\/\/api.w.org\/{rel}","templated":true}]}}